{"id":97,"date":"2025-09-10T15:36:38","date_gmt":"2025-09-10T15:36:38","guid":{"rendered":"https:\/\/geomas.com\/?page_id=97"},"modified":"2025-12-17T08:39:11","modified_gmt":"2025-12-17T08:39:11","slug":"geomembranlar","status":"publish","type":"page","link":"https:\/\/geomas.com\/en\/urunler\/geosentetik\/geomembranlar\/","title":{"rendered":"Geomembrane"},"content":{"rendered":"<div data-elementor-type=\"wp-page\" data-elementor-id=\"97\" class=\"elementor elementor-97\" data-elementor-settings=\"{&quot;element_pack_global_tooltip_width&quot;:{&quot;unit&quot;:&quot;px&quot;,&quot;size&quot;:&quot;&quot;,&quot;sizes&quot;:[]},&quot;element_pack_global_tooltip_width_tablet&quot;:{&quot;unit&quot;:&quot;px&quot;,&quot;size&quot;:&quot;&quot;,&quot;sizes&quot;:[]},&quot;element_pack_global_tooltip_width_mobile&quot;:{&quot;unit&quot;:&quot;px&quot;,&quot;size&quot;:&quot;&quot;,&quot;sizes&quot;:[]},&quot;element_pack_global_tooltip_padding&quot;:{&quot;unit&quot;:&quot;px&quot;,&quot;top&quot;:&quot;&quot;,&quot;right&quot;:&quot;&quot;,&quot;bottom&quot;:&quot;&quot;,&quot;left&quot;:&quot;&quot;,&quot;isLinked&quot;:true},&quot;element_pack_global_tooltip_padding_tablet&quot;:{&quot;unit&quot;:&quot;px&quot;,&quot;top&quot;:&quot;&quot;,&quot;right&quot;:&quot;&quot;,&quot;bottom&quot;:&quot;&quot;,&quot;left&quot;:&quot;&quot;,&quot;isLinked&quot;:true},&quot;element_pack_global_tooltip_padding_mobile&quot;:{&quot;unit&quot;:&quot;px&quot;,&quot;top&quot;:&quot;&quot;,&quot;right&quot;:&quot;&quot;,&quot;bottom&quot;:&quot;&quot;,&quot;left&quot;:&quot;&quot;,&quot;isLinked&quot;:true},&quot;element_pack_global_tooltip_border_radius&quot;:{&quot;unit&quot;:&quot;px&quot;,&quot;top&quot;:&quot;&quot;,&quot;right&quot;:&quot;&quot;,&quot;bottom&quot;:&quot;&quot;,&quot;left&quot;:&quot;&quot;,&quot;isLinked&quot;:true},&quot;element_pack_global_tooltip_border_radius_tablet&quot;:{&quot;unit&quot;:&quot;px&quot;,&quot;top&quot;:&quot;&quot;,&quot;right&quot;:&quot;&quot;,&quot;bottom&quot;:&quot;&quot;,&quot;left&quot;:&quot;&quot;,&quot;isLinked&quot;:true},&quot;element_pack_global_tooltip_border_radius_mobile&quot;:{&quot;unit&quot;:&quot;px&quot;,&quot;top&quot;:&quot;&quot;,&quot;right&quot;:&quot;&quot;,&quot;bottom&quot;:&quot;&quot;,&quot;left&quot;:&quot;&quot;,&quot;isLinked&quot;:true}}\" data-elementor-post-type=\"page\">\n\t\t\t\t<div class=\"elementor-element elementor-element-6382f361 e-flex e-con-boxed e-con e-parent\" data-id=\"6382f361\" data-element_type=\"container\">\n\t\t\t\t\t<div class=\"e-con-inner\">\n\t\t\t\t<div class=\"elementor-element elementor-element-c0c3cb7 elementor-widget elementor-widget-breadcrumbs\" data-id=\"c0c3cb7\" data-element_type=\"widget\" data-widget_type=\"breadcrumbs.default\">\n\t\t\t\t<div class=\"elementor-widget-container\">\n\t\t\t\t\t<nav aria-label=\"breadcrumbs\" class=\"rank-math-breadcrumb\"><p><span class=\"last\">Homepage<\/span><\/p><\/nav>\t\t\t\t<\/div>\n\t\t\t\t<\/div>\n\t\t\t\t\t<\/div>\n\t\t\t\t<\/div>\n\t\t<div class=\"elementor-element elementor-element-222609db e-flex e-con-boxed e-con e-parent\" data-id=\"222609db\" data-element_type=\"container\">\n\t\t\t\t\t<div class=\"e-con-inner\">\n\t\t\t\t<div class=\"elementor-element elementor-element-463a5a60 elementor-widget elementor-widget-image\" data-id=\"463a5a60\" data-element_type=\"widget\" data-widget_type=\"image.default\">\n\t\t\t\t\t\t\t\t\t\t\t\t\t\t\t<img decoding=\"async\" width=\"1520\" height=\"370\" src=\"https:\/\/geomas.com\/wp-content\/uploads\/2025\/09\/geoliner-hmt-puruzlu-geomembran-1.jpg\" class=\"attachment-full size-full wp-image-849\" alt=\"\" srcset=\"https:\/\/geomas.com\/wp-content\/uploads\/2025\/09\/geoliner-hmt-puruzlu-geomembran-1.jpg 1520w, https:\/\/geomas.com\/wp-content\/uploads\/2025\/09\/geoliner-hmt-puruzlu-geomembran-1-300x73.jpg 300w, https:\/\/geomas.com\/wp-content\/uploads\/2025\/09\/geoliner-hmt-puruzlu-geomembran-1-1024x249.jpg 1024w, https:\/\/geomas.com\/wp-content\/uploads\/2025\/09\/geoliner-hmt-puruzlu-geomembran-1-768x187.jpg 768w, https:\/\/geomas.com\/wp-content\/uploads\/2025\/09\/geoliner-hmt-puruzlu-geomembran-1-18x4.jpg 18w, https:\/\/geomas.com\/wp-content\/uploads\/2025\/09\/geoliner-hmt-puruzlu-geomembran-1-650x158.jpg 650w\" sizes=\"(max-width: 1520px) 100vw, 1520px\" \/>\t\t\t\t\t\t\t\t\t\t\t\t\t\t\t<\/div>\n\t\t\t\t\t<\/div>\n\t\t\t\t<\/div>\n\t\t<div class=\"elementor-element elementor-element-51bbaeab e-flex e-con-boxed e-con e-parent\" data-id=\"51bbaeab\" data-element_type=\"container\">\n\t\t\t\t\t<div class=\"e-con-inner\">\n\t\t<div class=\"elementor-element elementor-element-2b6a5b76 e-con-full e-flex e-con e-child\" data-id=\"2b6a5b76\" data-element_type=\"container\" data-settings=\"{&quot;background_background&quot;:&quot;classic&quot;}\">\n\t\t\t\t<div class=\"elementor-element elementor-element-1983c61d elementor-widget elementor-widget-heading\" data-id=\"1983c61d\" data-element_type=\"widget\" data-widget_type=\"heading.default\">\n\t\t\t\t\t<h1 class=\"elementor-heading-title elementor-size-default\">Geomembrane<\/h1>\t\t\t\t<\/div>\n\t\t\t\t<div class=\"elementor-element elementor-element-7755bca4 elementor-widget elementor-widget-text-editor\" data-id=\"7755bca4\" data-element_type=\"widget\" data-widget_type=\"text-editor.default\">\n\t\t\t\t\t\t\t\t\t<div class=\"uk-width-1-2@m uk-margin-auto uk-text-center category-text\"><div class=\"uk-margin-remove-last-child\"><div class=\"uk-width-1-2@m uk-margin-auto uk-text-center category-text\"><div><div class=\"uk-margin-remove-last-child\"><p>Geomembranes are durable, waterproof membranes made from high-density and low-density polyethylene materials. These materials provide waterproofing in various construction projects by preventing the passage of water. High-density polyethylene (HDPE) geomembranes have superior properties in terms of hardness and strength, while low-density polyethylene (LDPE) geomembranes provide greater flexibility. The use of these materials is widespread in dams, storage areas, treatment plants, and other water retention or protection structures. Geomembranes have important functions such as environmental protection, conservation of water resources, and increasing the durability of construction projects by preventing water seepage.<\/p><\/div><\/div><\/div><\/div><\/div>\t\t\t\t\t\t\t\t<\/div>\n\t\t\t\t<\/div>\n\t\t\t\t\t<\/div>\n\t\t\t\t<\/div>\n\t\t<div class=\"elementor-element elementor-element-42e8bfef e-con-full e-flex e-con e-child\" data-id=\"42e8bfef\" data-element_type=\"container\">\n\t\t<div class=\"elementor-element elementor-element-203c5646 e-con-full e-flex e-con e-child\" data-id=\"203c5646\" data-element_type=\"container\">\n\t\t\t\t<div class=\"elementor-element elementor-element-2835204c elementor-position-top elementor-widget elementor-widget-image-box\" data-id=\"2835204c\" data-element_type=\"widget\" data-widget_type=\"image-box.default\">\n\t\t\t\t\t<div class=\"elementor-image-box-wrapper\"><figure class=\"elementor-image-box-img\"><a href=\"\/en\/urunler\/geosentetik\/geomembranlar\/hdpe-geomembrane\/\" tabindex=\"-1\"><img decoding=\"async\" width=\"2560\" height=\"1706\" src=\"https:\/\/geomas.com\/wp-content\/uploads\/2025\/11\/Geomembran_11zon-scaled.jpg\" class=\"attachment-full size-full wp-image-2553\" alt=\"\" srcset=\"https:\/\/geomas.com\/wp-content\/uploads\/2025\/11\/Geomembran_11zon-scaled.jpg 2560w, https:\/\/geomas.com\/wp-content\/uploads\/2025\/11\/Geomembran_11zon-300x200.jpg 300w, https:\/\/geomas.com\/wp-content\/uploads\/2025\/11\/Geomembran_11zon-1024x682.jpg 1024w, https:\/\/geomas.com\/wp-content\/uploads\/2025\/11\/Geomembran_11zon-768x512.jpg 768w, https:\/\/geomas.com\/wp-content\/uploads\/2025\/11\/Geomembran_11zon-1536x1024.jpg 1536w, https:\/\/geomas.com\/wp-content\/uploads\/2025\/11\/Geomembran_11zon-2048x1365.jpg 2048w, https:\/\/geomas.com\/wp-content\/uploads\/2025\/11\/Geomembran_11zon-18x12.jpg 18w, https:\/\/geomas.com\/wp-content\/uploads\/2025\/11\/Geomembran_11zon-650x433.jpg 650w\" sizes=\"(max-width: 2560px) 100vw, 2560px\" \/><\/a><\/figure><div class=\"elementor-image-box-content\"><h3 class=\"elementor-image-box-title\"><a href=\"\/en\/urunler\/geosentetik\/geomembranlar\/hdpe-geomembrane\/\"> GeoLiner HDS<\/a><\/h3><p class=\"elementor-image-box-description\">Geomembranes are used for surface protection and insulation; high-density polyethylene...<\/p><\/div><\/div>\t\t\t\t<\/div>\n\t\t\t\t<\/div>\n\t\t<div class=\"elementor-element elementor-element-83cfa17 e-con-full e-flex e-con e-child\" data-id=\"83cfa17\" data-element_type=\"container\">\n\t\t\t\t<div class=\"elementor-element elementor-element-bf20ed1 elementor-position-top elementor-widget elementor-widget-image-box\" data-id=\"bf20ed1\" data-element_type=\"widget\" data-widget_type=\"image-box.default\">\n\t\t\t\t\t<div class=\"elementor-image-box-wrapper\"><figure class=\"elementor-image-box-img\"><a href=\"\/en\/urunler\/geosentetik\/geomembranlar\/geoliner-hds-geomembran\/\" tabindex=\"-1\"><img decoding=\"async\" width=\"2560\" height=\"1706\" src=\"https:\/\/geomas.com\/wp-content\/uploads\/2025\/11\/Geomembran_11zon-scaled.jpg\" class=\"attachment-full size-full wp-image-2553\" alt=\"\" srcset=\"https:\/\/geomas.com\/wp-content\/uploads\/2025\/11\/Geomembran_11zon-scaled.jpg 2560w, https:\/\/geomas.com\/wp-content\/uploads\/2025\/11\/Geomembran_11zon-300x200.jpg 300w, https:\/\/geomas.com\/wp-content\/uploads\/2025\/11\/Geomembran_11zon-1024x682.jpg 1024w, https:\/\/geomas.com\/wp-content\/uploads\/2025\/11\/Geomembran_11zon-768x512.jpg 768w, https:\/\/geomas.com\/wp-content\/uploads\/2025\/11\/Geomembran_11zon-1536x1024.jpg 1536w, https:\/\/geomas.com\/wp-content\/uploads\/2025\/11\/Geomembran_11zon-2048x1365.jpg 2048w, https:\/\/geomas.com\/wp-content\/uploads\/2025\/11\/Geomembran_11zon-18x12.jpg 18w, https:\/\/geomas.com\/wp-content\/uploads\/2025\/11\/Geomembran_11zon-650x433.jpg 650w\" sizes=\"(max-width: 2560px) 100vw, 2560px\" \/><\/a><\/figure><div class=\"elementor-image-box-content\"><h3 class=\"elementor-image-box-title\"><a href=\"\/en\/urunler\/geosentetik\/geomembranlar\/geoliner-hds-geomembran\/\"> GeoLiner HMT<\/a><\/h3><p class=\"elementor-image-box-description\">Geomembranes are used for surface protection and insulation; high-density polyethylene...<\/p><\/div><\/div>\t\t\t\t<\/div>\n\t\t\t\t<\/div>\n\t\t<div class=\"elementor-element elementor-element-9720bf6 e-con-full e-flex e-con e-child\" data-id=\"9720bf6\" data-element_type=\"container\">\n\t\t\t\t<div class=\"elementor-element elementor-element-8162c5a elementor-position-top elementor-widget elementor-widget-image-box\" data-id=\"8162c5a\" data-element_type=\"widget\" data-widget_type=\"image-box.default\">\n\t\t\t\t\t<div class=\"elementor-image-box-wrapper\"><figure class=\"elementor-image-box-img\"><a href=\"\/en\/urunler\/geosentetik\/geomembranlar\/geoliner-hdt\/\" tabindex=\"-1\"><img decoding=\"async\" width=\"2560\" height=\"1706\" src=\"https:\/\/geomas.com\/wp-content\/uploads\/2025\/11\/Geomembran_11zon-scaled.jpg\" class=\"attachment-full size-full wp-image-2553\" alt=\"\" srcset=\"https:\/\/geomas.com\/wp-content\/uploads\/2025\/11\/Geomembran_11zon-scaled.jpg 2560w, https:\/\/geomas.com\/wp-content\/uploads\/2025\/11\/Geomembran_11zon-300x200.jpg 300w, https:\/\/geomas.com\/wp-content\/uploads\/2025\/11\/Geomembran_11zon-1024x682.jpg 1024w, https:\/\/geomas.com\/wp-content\/uploads\/2025\/11\/Geomembran_11zon-768x512.jpg 768w, https:\/\/geomas.com\/wp-content\/uploads\/2025\/11\/Geomembran_11zon-1536x1024.jpg 1536w, https:\/\/geomas.com\/wp-content\/uploads\/2025\/11\/Geomembran_11zon-2048x1365.jpg 2048w, https:\/\/geomas.com\/wp-content\/uploads\/2025\/11\/Geomembran_11zon-18x12.jpg 18w, https:\/\/geomas.com\/wp-content\/uploads\/2025\/11\/Geomembran_11zon-650x433.jpg 650w\" sizes=\"(max-width: 2560px) 100vw, 2560px\" \/><\/a><\/figure><div class=\"elementor-image-box-content\"><h3 class=\"elementor-image-box-title\"><a href=\"\/en\/urunler\/geosentetik\/geomembranlar\/geoliner-hdt\/\"> GeoLiner HDT<\/a><\/h3><p class=\"elementor-image-box-description\">Geomembranes are used for surface protection and insulation; high-density polyethylene...<\/p><\/div><\/div>\t\t\t\t<\/div>\n\t\t\t\t<\/div>\n\t\t\t\t<\/div>\n\t\t<div class=\"elementor-element elementor-element-77c0e9f e-con-full e-flex e-con e-child\" data-id=\"77c0e9f\" data-element_type=\"container\">\n\t\t<div class=\"elementor-element elementor-element-d411cbe e-con-full e-flex e-con e-child\" data-id=\"d411cbe\" data-element_type=\"container\">\n\t\t\t\t<div class=\"elementor-element elementor-element-54db57e elementor-position-top elementor-widget elementor-widget-image-box\" data-id=\"54db57e\" data-element_type=\"widget\" data-widget_type=\"image-box.default\">\n\t\t\t\t\t<div class=\"elementor-image-box-wrapper\"><figure class=\"elementor-image-box-img\"><a href=\"\/en\/urunler\/geosentetik\/geomembranlar\/geoliner-lds\/\" tabindex=\"-1\"><img decoding=\"async\" width=\"2560\" height=\"1706\" src=\"https:\/\/geomas.com\/wp-content\/uploads\/2025\/11\/Geomembran_11zon-scaled.jpg\" class=\"attachment-full size-full wp-image-2553\" alt=\"\" srcset=\"https:\/\/geomas.com\/wp-content\/uploads\/2025\/11\/Geomembran_11zon-scaled.jpg 2560w, https:\/\/geomas.com\/wp-content\/uploads\/2025\/11\/Geomembran_11zon-300x200.jpg 300w, https:\/\/geomas.com\/wp-content\/uploads\/2025\/11\/Geomembran_11zon-1024x682.jpg 1024w, https:\/\/geomas.com\/wp-content\/uploads\/2025\/11\/Geomembran_11zon-768x512.jpg 768w, https:\/\/geomas.com\/wp-content\/uploads\/2025\/11\/Geomembran_11zon-1536x1024.jpg 1536w, https:\/\/geomas.com\/wp-content\/uploads\/2025\/11\/Geomembran_11zon-2048x1365.jpg 2048w, https:\/\/geomas.com\/wp-content\/uploads\/2025\/11\/Geomembran_11zon-18x12.jpg 18w, https:\/\/geomas.com\/wp-content\/uploads\/2025\/11\/Geomembran_11zon-650x433.jpg 650w\" sizes=\"(max-width: 2560px) 100vw, 2560px\" \/><\/a><\/figure><div class=\"elementor-image-box-content\"><h3 class=\"elementor-image-box-title\"><a href=\"\/en\/urunler\/geosentetik\/geomembranlar\/geoliner-lds\/\"> LDS GeoLiner<\/a><\/h3><p class=\"elementor-image-box-description\">Geomembranes are used for surface protection and insulation; high-density polyethylene...<\/p><\/div><\/div>\t\t\t\t<\/div>\n\t\t\t\t<\/div>\n\t\t<div class=\"elementor-element elementor-element-1af1b93 e-con-full e-flex e-con e-child\" data-id=\"1af1b93\" data-element_type=\"container\">\n\t\t\t\t<div class=\"elementor-element elementor-element-be628de elementor-position-top elementor-widget elementor-widget-image-box\" data-id=\"be628de\" data-element_type=\"widget\" data-widget_type=\"image-box.default\">\n\t\t\t\t\t<div class=\"elementor-image-box-wrapper\"><figure class=\"elementor-image-box-img\"><a href=\"\/en\/urunler\/geosentetik\/geomembranlar\/geoliner-ldt\/\" tabindex=\"-1\"><img decoding=\"async\" width=\"2560\" height=\"1706\" src=\"https:\/\/geomas.com\/wp-content\/uploads\/2025\/11\/Geomembran_11zon-scaled.jpg\" class=\"attachment-full size-full wp-image-2553\" alt=\"\" srcset=\"https:\/\/geomas.com\/wp-content\/uploads\/2025\/11\/Geomembran_11zon-scaled.jpg 2560w, https:\/\/geomas.com\/wp-content\/uploads\/2025\/11\/Geomembran_11zon-300x200.jpg 300w, https:\/\/geomas.com\/wp-content\/uploads\/2025\/11\/Geomembran_11zon-1024x682.jpg 1024w, https:\/\/geomas.com\/wp-content\/uploads\/2025\/11\/Geomembran_11zon-768x512.jpg 768w, https:\/\/geomas.com\/wp-content\/uploads\/2025\/11\/Geomembran_11zon-1536x1024.jpg 1536w, https:\/\/geomas.com\/wp-content\/uploads\/2025\/11\/Geomembran_11zon-2048x1365.jpg 2048w, https:\/\/geomas.com\/wp-content\/uploads\/2025\/11\/Geomembran_11zon-18x12.jpg 18w, https:\/\/geomas.com\/wp-content\/uploads\/2025\/11\/Geomembran_11zon-650x433.jpg 650w\" sizes=\"(max-width: 2560px) 100vw, 2560px\" \/><\/a><\/figure><div class=\"elementor-image-box-content\"><h3 class=\"elementor-image-box-title\"><a href=\"\/en\/urunler\/geosentetik\/geomembranlar\/geoliner-ldt\/\"> GeoLiner LDT<\/a><\/h3><p class=\"elementor-image-box-description\">Geomembranes are used for surface protection and insulation; high-density polyethylene...<\/p><\/div><\/div>\t\t\t\t<\/div>\n\t\t\t\t<\/div>\n\t\t<div class=\"elementor-element elementor-element-cecf7ad e-con-full e-flex e-con e-child\" data-id=\"cecf7ad\" data-element_type=\"container\">\n\t\t\t\t<div class=\"elementor-element elementor-element-7d6f6c1 elementor-position-top elementor-widget elementor-widget-image-box\" data-id=\"7d6f6c1\" data-element_type=\"widget\" data-widget_type=\"image-box.default\">\n\t\t\t\t\t<div class=\"elementor-image-box-wrapper\"><figure class=\"elementor-image-box-img\"><a href=\"\/en\/urunler\/geosentetik\/geomembranlar\/geoliner-lmt\/\" tabindex=\"-1\"><img decoding=\"async\" width=\"2560\" height=\"1706\" src=\"https:\/\/geomas.com\/wp-content\/uploads\/2025\/11\/Geomembran_11zon-scaled.jpg\" class=\"attachment-full size-full wp-image-2553\" alt=\"\" srcset=\"https:\/\/geomas.com\/wp-content\/uploads\/2025\/11\/Geomembran_11zon-scaled.jpg 2560w, https:\/\/geomas.com\/wp-content\/uploads\/2025\/11\/Geomembran_11zon-300x200.jpg 300w, https:\/\/geomas.com\/wp-content\/uploads\/2025\/11\/Geomembran_11zon-1024x682.jpg 1024w, https:\/\/geomas.com\/wp-content\/uploads\/2025\/11\/Geomembran_11zon-768x512.jpg 768w, https:\/\/geomas.com\/wp-content\/uploads\/2025\/11\/Geomembran_11zon-1536x1024.jpg 1536w, https:\/\/geomas.com\/wp-content\/uploads\/2025\/11\/Geomembran_11zon-2048x1365.jpg 2048w, https:\/\/geomas.com\/wp-content\/uploads\/2025\/11\/Geomembran_11zon-18x12.jpg 18w, https:\/\/geomas.com\/wp-content\/uploads\/2025\/11\/Geomembran_11zon-650x433.jpg 650w\" sizes=\"(max-width: 2560px) 100vw, 2560px\" \/><\/a><\/figure><div class=\"elementor-image-box-content\"><h3 class=\"elementor-image-box-title\"><a href=\"\/en\/urunler\/geosentetik\/geomembranlar\/geoliner-lmt\/\"> GeoLiner LMT<\/a><\/h3><p class=\"elementor-image-box-description\">Geomembranes are used for surface protection and insulation; high-density polyethylene...<\/p><\/div><\/div>\t\t\t\t<\/div>\n\t\t\t\t<\/div>\n\t\t\t\t<\/div>\n\t\t\t\t<\/div>","protected":false},"excerpt":{"rendered":"<p>Geomembranlar Geomembran malzemeler, y\u00fcksek yo\u011funluklu ve d\u00fc\u015f\u00fck yo\u011funluklu polietilen malzemeden \u00fcretilen dayan\u0131kl\u0131 su ge\u00e7irmez membranlard\u0131r. Bu malzemeler, suyun ge\u00e7i\u015fini engelleyerek \u00e7e\u015fitli in\u015faat [&hellip;]<\/p>","protected":false},"author":1,"featured_media":0,"parent":77,"menu_order":0,"comment_status":"closed","ping_status":"closed","template":"","meta":{"footnotes":""},"class_list":["post-97","page","type-page","status-publish","hentry"],"_links":{"self":[{"href":"https:\/\/geomas.com\/en\/wp-json\/wp\/v2\/pages\/97","targetHints":{"allow":["GET"]}}],"collection":[{"href":"https:\/\/geomas.com\/en\/wp-json\/wp\/v2\/pages"}],"about":[{"href":"https:\/\/geomas.com\/en\/wp-json\/wp\/v2\/types\/page"}],"author":[{"embeddable":true,"href":"https:\/\/geomas.com\/en\/wp-json\/wp\/v2\/users\/1"}],"replies":[{"embeddable":true,"href":"https:\/\/geomas.com\/en\/wp-json\/wp\/v2\/comments?post=97"}],"version-history":[{"count":10,"href":"https:\/\/geomas.com\/en\/wp-json\/wp\/v2\/pages\/97\/revisions"}],"predecessor-version":[{"id":3582,"href":"https:\/\/geomas.com\/en\/wp-json\/wp\/v2\/pages\/97\/revisions\/3582"}],"up":[{"embeddable":true,"href":"https:\/\/geomas.com\/en\/wp-json\/wp\/v2\/pages\/77"}],"wp:attachment":[{"href":"https:\/\/geomas.com\/en\/wp-json\/wp\/v2\/media?parent=97"}],"curies":[{"name":"wp","href":"https:\/\/api.w.org\/{rel}","templated":true}]}}