{"id":91,"date":"2025-09-10T15:35:36","date_gmt":"2025-09-10T15:35:36","guid":{"rendered":"https:\/\/geomas.com\/?page_id=91"},"modified":"2025-12-17T08:38:05","modified_gmt":"2025-12-17T08:38:05","slug":"orgulu-geotekstiller","status":"publish","type":"page","link":"https:\/\/geomas.com\/en\/urunler\/geosentetik\/orgulu-geotekstiller\/","title":{"rendered":"Woven Geotextile"},"content":{"rendered":"<div data-elementor-type=\"wp-page\" data-elementor-id=\"91\" class=\"elementor elementor-91\" data-elementor-settings=\"{&quot;element_pack_global_tooltip_width&quot;:{&quot;unit&quot;:&quot;px&quot;,&quot;size&quot;:&quot;&quot;,&quot;sizes&quot;:[]},&quot;element_pack_global_tooltip_width_tablet&quot;:{&quot;unit&quot;:&quot;px&quot;,&quot;size&quot;:&quot;&quot;,&quot;sizes&quot;:[]},&quot;element_pack_global_tooltip_width_mobile&quot;:{&quot;unit&quot;:&quot;px&quot;,&quot;size&quot;:&quot;&quot;,&quot;sizes&quot;:[]},&quot;element_pack_global_tooltip_padding&quot;:{&quot;unit&quot;:&quot;px&quot;,&quot;top&quot;:&quot;&quot;,&quot;right&quot;:&quot;&quot;,&quot;bottom&quot;:&quot;&quot;,&quot;left&quot;:&quot;&quot;,&quot;isLinked&quot;:true},&quot;element_pack_global_tooltip_padding_tablet&quot;:{&quot;unit&quot;:&quot;px&quot;,&quot;top&quot;:&quot;&quot;,&quot;right&quot;:&quot;&quot;,&quot;bottom&quot;:&quot;&quot;,&quot;left&quot;:&quot;&quot;,&quot;isLinked&quot;:true},&quot;element_pack_global_tooltip_padding_mobile&quot;:{&quot;unit&quot;:&quot;px&quot;,&quot;top&quot;:&quot;&quot;,&quot;right&quot;:&quot;&quot;,&quot;bottom&quot;:&quot;&quot;,&quot;left&quot;:&quot;&quot;,&quot;isLinked&quot;:true},&quot;element_pack_global_tooltip_border_radius&quot;:{&quot;unit&quot;:&quot;px&quot;,&quot;top&quot;:&quot;&quot;,&quot;right&quot;:&quot;&quot;,&quot;bottom&quot;:&quot;&quot;,&quot;left&quot;:&quot;&quot;,&quot;isLinked&quot;:true},&quot;element_pack_global_tooltip_border_radius_tablet&quot;:{&quot;unit&quot;:&quot;px&quot;,&quot;top&quot;:&quot;&quot;,&quot;right&quot;:&quot;&quot;,&quot;bottom&quot;:&quot;&quot;,&quot;left&quot;:&quot;&quot;,&quot;isLinked&quot;:true},&quot;element_pack_global_tooltip_border_radius_mobile&quot;:{&quot;unit&quot;:&quot;px&quot;,&quot;top&quot;:&quot;&quot;,&quot;right&quot;:&quot;&quot;,&quot;bottom&quot;:&quot;&quot;,&quot;left&quot;:&quot;&quot;,&quot;isLinked&quot;:true}}\" data-elementor-post-type=\"page\">\n\t\t\t\t<div class=\"elementor-element elementor-element-629515fa e-flex e-con-boxed e-con e-parent\" data-id=\"629515fa\" data-element_type=\"container\">\n\t\t\t\t\t<div class=\"e-con-inner\">\n\t\t\t\t<div class=\"elementor-element elementor-element-1a05d2d7 elementor-widget elementor-widget-breadcrumbs\" data-id=\"1a05d2d7\" data-element_type=\"widget\" data-widget_type=\"breadcrumbs.default\">\n\t\t\t\t<div class=\"elementor-widget-container\">\n\t\t\t\t\t<nav aria-label=\"breadcrumbs\" class=\"rank-math-breadcrumb\"><p><span class=\"last\">Homepage<\/span><\/p><\/nav>\t\t\t\t<\/div>\n\t\t\t\t<\/div>\n\t\t\t\t\t<\/div>\n\t\t\t\t<\/div>\n\t\t<div class=\"elementor-element elementor-element-4962dca6 e-flex e-con-boxed e-con e-parent\" data-id=\"4962dca6\" data-element_type=\"container\">\n\t\t\t\t\t<div class=\"e-con-inner\">\n\t\t\t\t<div class=\"elementor-element elementor-element-31777c6a elementor-widget elementor-widget-image\" data-id=\"31777c6a\" data-element_type=\"widget\" data-widget_type=\"image.default\">\n\t\t\t\t\t\t\t\t\t\t\t\t\t\t\t<img decoding=\"async\" width=\"1520\" height=\"370\" src=\"https:\/\/geomas.com\/wp-content\/uploads\/2025\/09\/enka_087.jpg\" class=\"attachment-full size-full wp-image-842\" alt=\"\" srcset=\"https:\/\/geomas.com\/wp-content\/uploads\/2025\/09\/enka_087.jpg 1520w, https:\/\/geomas.com\/wp-content\/uploads\/2025\/09\/enka_087-300x73.jpg 300w, https:\/\/geomas.com\/wp-content\/uploads\/2025\/09\/enka_087-1024x249.jpg 1024w, https:\/\/geomas.com\/wp-content\/uploads\/2025\/09\/enka_087-768x187.jpg 768w, https:\/\/geomas.com\/wp-content\/uploads\/2025\/09\/enka_087-18x4.jpg 18w, https:\/\/geomas.com\/wp-content\/uploads\/2025\/09\/enka_087-650x158.jpg 650w\" sizes=\"(max-width: 1520px) 100vw, 1520px\" \/>\t\t\t\t\t\t\t\t\t\t\t\t\t\t\t<\/div>\n\t\t\t\t\t<\/div>\n\t\t\t\t<\/div>\n\t\t<div class=\"elementor-element elementor-element-40e6ff53 e-flex e-con-boxed e-con e-parent\" data-id=\"40e6ff53\" data-element_type=\"container\">\n\t\t\t\t\t<div class=\"e-con-inner\">\n\t\t<div class=\"elementor-element elementor-element-57fea2c7 e-con-full e-flex e-con e-child\" data-id=\"57fea2c7\" data-element_type=\"container\" data-settings=\"{&quot;background_background&quot;:&quot;classic&quot;}\">\n\t\t\t\t<div class=\"elementor-element elementor-element-47d46938 elementor-widget elementor-widget-heading\" data-id=\"47d46938\" data-element_type=\"widget\" data-widget_type=\"heading.default\">\n\t\t\t\t\t<h1 class=\"elementor-heading-title elementor-size-default\">Woven Geotextile<\/h1>\t\t\t\t<\/div>\n\t\t\t\t<div class=\"elementor-element elementor-element-55044ea9 elementor-widget elementor-widget-text-editor\" data-id=\"55044ea9\" data-element_type=\"widget\" data-widget_type=\"text-editor.default\">\n\t\t\t\t\t\t\t\t\t<div class=\"uk-width-1-2@m uk-margin-auto uk-text-center category-text\"><div class=\"uk-margin-remove-last-child\"><div class=\"uk-width-1-2@m uk-margin-auto uk-text-center category-text\"><div><div class=\"uk-margin-remove-last-child\"><p>Y\u00fcksek mukavemetli %100 saf polipropilen liflerin i\u011fnelenmesi ve \u0131s\u0131l i\u015flem g\u00f6rmesiyle olu\u015fturulan \u00f6rg\u00fcs\u00fcz geotekstil malzemeler, \u00e7e\u015fitli projelerde kullan\u0131lan dayan\u0131kl\u0131 \u00fcr\u00fcnlerdir. Bu malzemeler, arazi ve iklim ko\u015fullar\u0131na uyum sa\u011flamak \u00fczere istenilen teknik \u00f6zelliklerde \u00fcretilebilir. Is\u0131l i\u015flem g\u00f6rm\u00fc\u015f \u00f6rg\u00fcs\u00fcz geotekstil malzemeler, y\u00fcksek mukavemet sa\u011flayan %100 saf polipropilen liflerin i\u011fneleme y\u00f6ntemiyle birle\u015ftirilmesiyle elde edilir. Bu i\u015flem, malzemenin daha sa\u011flam ve dayan\u0131kl\u0131 hale gelmesini sa\u011flar.<\/p><\/div><\/div><\/div><\/div><\/div>\t\t\t\t\t\t\t\t<\/div>\n\t\t\t\t<\/div>\n\t\t\t\t\t<\/div>\n\t\t\t\t<\/div>\n\t\t<div class=\"elementor-element elementor-element-424e6d4b e-con-full e-flex e-con e-child\" data-id=\"424e6d4b\" data-element_type=\"container\">\n\t\t<div class=\"elementor-element elementor-element-1635360e e-con-full e-flex e-con e-child\" data-id=\"1635360e\" data-element_type=\"container\">\n\t\t\t\t<div class=\"elementor-element elementor-element-67354238 elementor-position-top elementor-widget elementor-widget-image-box\" data-id=\"67354238\" data-element_type=\"widget\" data-widget_type=\"image-box.default\">\n\t\t\t\t\t<div class=\"elementor-image-box-wrapper\"><figure class=\"elementor-image-box-img\"><a href=\"\/en\/urunler\/geosentetik\/orgulu-geotekstiller\/hightex-pet\/\" tabindex=\"-1\"><img decoding=\"async\" width=\"2560\" height=\"1707\" src=\"https:\/\/geomas.com\/wp-content\/uploads\/2025\/11\/HighTex-PET_11zon-1-scaled.jpg\" class=\"attachment-full size-full wp-image-2546\" alt=\"\" srcset=\"https:\/\/geomas.com\/wp-content\/uploads\/2025\/11\/HighTex-PET_11zon-1-scaled.jpg 2560w, https:\/\/geomas.com\/wp-content\/uploads\/2025\/11\/HighTex-PET_11zon-1-300x200.jpg 300w, https:\/\/geomas.com\/wp-content\/uploads\/2025\/11\/HighTex-PET_11zon-1-1024x683.jpg 1024w, https:\/\/geomas.com\/wp-content\/uploads\/2025\/11\/HighTex-PET_11zon-1-768x512.jpg 768w, https:\/\/geomas.com\/wp-content\/uploads\/2025\/11\/HighTex-PET_11zon-1-1536x1024.jpg 1536w, https:\/\/geomas.com\/wp-content\/uploads\/2025\/11\/HighTex-PET_11zon-1-2048x1365.jpg 2048w, https:\/\/geomas.com\/wp-content\/uploads\/2025\/11\/HighTex-PET_11zon-1-18x12.jpg 18w, https:\/\/geomas.com\/wp-content\/uploads\/2025\/11\/HighTex-PET_11zon-1-650x433.jpg 650w\" sizes=\"(max-width: 2560px) 100vw, 2560px\" \/><\/a><\/figure><div class=\"elementor-image-box-content\"><h3 class=\"elementor-image-box-title\"><a href=\"\/en\/urunler\/geosentetik\/orgulu-geotekstiller\/hightex-pet\/\"> HighTex PET<\/a><\/h3><p class=\"elementor-image-box-description\">HighTex products are made from high-strength special multifilament polyester fibers in the weaving direction and in the weaving direction...<\/p><\/div><\/div>\t\t\t\t<\/div>\n\t\t\t\t<\/div>\n\t\t<div class=\"elementor-element elementor-element-1c36fa12 e-con-full e-flex e-con e-child\" data-id=\"1c36fa12\" data-element_type=\"container\">\n\t\t\t\t<div class=\"elementor-element elementor-element-e2f1d92 elementor-position-top elementor-widget elementor-widget-image-box\" data-id=\"e2f1d92\" data-element_type=\"widget\" data-widget_type=\"image-box.default\">\n\t\t\t\t\t<div class=\"elementor-image-box-wrapper\"><figure class=\"elementor-image-box-img\"><a href=\"\/en\/urunler\/geosentetik\/orgulu-geotekstiller\/hightex-pp\/\" tabindex=\"-1\"><img decoding=\"async\" width=\"2560\" height=\"1707\" src=\"https:\/\/geomas.com\/wp-content\/uploads\/2025\/11\/HighTex-PP_11zon-scaled.jpg\" class=\"attachment-full size-full wp-image-2541\" alt=\"\" srcset=\"https:\/\/geomas.com\/wp-content\/uploads\/2025\/11\/HighTex-PP_11zon-scaled.jpg 2560w, https:\/\/geomas.com\/wp-content\/uploads\/2025\/11\/HighTex-PP_11zon-300x200.jpg 300w, https:\/\/geomas.com\/wp-content\/uploads\/2025\/11\/HighTex-PP_11zon-1024x683.jpg 1024w, https:\/\/geomas.com\/wp-content\/uploads\/2025\/11\/HighTex-PP_11zon-768x512.jpg 768w, https:\/\/geomas.com\/wp-content\/uploads\/2025\/11\/HighTex-PP_11zon-1536x1024.jpg 1536w, https:\/\/geomas.com\/wp-content\/uploads\/2025\/11\/HighTex-PP_11zon-2048x1365.jpg 2048w, https:\/\/geomas.com\/wp-content\/uploads\/2025\/11\/HighTex-PP_11zon-18x12.jpg 18w, https:\/\/geomas.com\/wp-content\/uploads\/2025\/11\/HighTex-PP_11zon-650x433.jpg 650w\" sizes=\"(max-width: 2560px) 100vw, 2560px\" \/><\/a><\/figure><div class=\"elementor-image-box-content\"><h3 class=\"elementor-image-box-title\"><a href=\"\/en\/urunler\/geosentetik\/orgulu-geotekstiller\/hightex-pp\/\"> HighTex PP<\/a><\/h3><p class=\"elementor-image-box-description\">HighTex products are made from high-strength special multifilament polyester fibers woven in the weft direction...<\/p><\/div><\/div>\t\t\t\t<\/div>\n\t\t\t\t<\/div>\n\t\t\t\t<\/div>\n\t\t\t\t<\/div>","protected":false},"excerpt":{"rendered":"<p>Y\u00fcksek mukavemetli %100 saf polipropilen liflerin i\u011fnelenmesi ve \u0131s\u0131l i\u015flem g\u00f6rmesiyle olu\u015fturulan \u00f6rg\u00fcs\u00fcz geotekstil malzemeler, \u00e7e\u015fitli projelerde kullan\u0131lan dayan\u0131kl\u0131 \u00fcr\u00fcnlerdir. Bu malzemeler, [&hellip;]<\/p>","protected":false},"author":1,"featured_media":0,"parent":77,"menu_order":0,"comment_status":"closed","ping_status":"closed","template":"","meta":{"footnotes":""},"class_list":["post-91","page","type-page","status-publish","hentry"],"_links":{"self":[{"href":"https:\/\/geomas.com\/en\/wp-json\/wp\/v2\/pages\/91","targetHints":{"allow":["GET"]}}],"collection":[{"href":"https:\/\/geomas.com\/en\/wp-json\/wp\/v2\/pages"}],"about":[{"href":"https:\/\/geomas.com\/en\/wp-json\/wp\/v2\/types\/page"}],"author":[{"embeddable":true,"href":"https:\/\/geomas.com\/en\/wp-json\/wp\/v2\/users\/1"}],"replies":[{"embeddable":true,"href":"https:\/\/geomas.com\/en\/wp-json\/wp\/v2\/comments?post=91"}],"version-history":[{"count":13,"href":"https:\/\/geomas.com\/en\/wp-json\/wp\/v2\/pages\/91\/revisions"}],"predecessor-version":[{"id":3576,"href":"https:\/\/geomas.com\/en\/wp-json\/wp\/v2\/pages\/91\/revisions\/3576"}],"up":[{"embeddable":true,"href":"https:\/\/geomas.com\/en\/wp-json\/wp\/v2\/pages\/77"}],"wp:attachment":[{"href":"https:\/\/geomas.com\/en\/wp-json\/wp\/v2\/media?parent=91"}],"curies":[{"name":"wp","href":"https:\/\/api.w.org\/{rel}","templated":true}]}}