{"id":83,"date":"2025-09-10T15:34:26","date_gmt":"2025-09-10T15:34:26","guid":{"rendered":"https:\/\/geomas.com\/?page_id=83"},"modified":"2026-02-02T14:22:22","modified_gmt":"2026-02-02T14:22:22","slug":"orgusuz-geotekstil","status":"publish","type":"page","link":"https:\/\/geomas.com\/en\/urunler\/geosentetik\/orgusuz-geotekstil\/","title":{"rendered":"Nonwoven Geotextile"},"content":{"rendered":"<div data-elementor-type=\"wp-page\" data-elementor-id=\"83\" class=\"elementor elementor-83\" data-elementor-settings=\"{&quot;element_pack_global_tooltip_width&quot;:{&quot;unit&quot;:&quot;px&quot;,&quot;size&quot;:&quot;&quot;,&quot;sizes&quot;:[]},&quot;element_pack_global_tooltip_width_tablet&quot;:{&quot;unit&quot;:&quot;px&quot;,&quot;size&quot;:&quot;&quot;,&quot;sizes&quot;:[]},&quot;element_pack_global_tooltip_width_mobile&quot;:{&quot;unit&quot;:&quot;px&quot;,&quot;size&quot;:&quot;&quot;,&quot;sizes&quot;:[]},&quot;element_pack_global_tooltip_padding&quot;:{&quot;unit&quot;:&quot;px&quot;,&quot;top&quot;:&quot;&quot;,&quot;right&quot;:&quot;&quot;,&quot;bottom&quot;:&quot;&quot;,&quot;left&quot;:&quot;&quot;,&quot;isLinked&quot;:true},&quot;element_pack_global_tooltip_padding_tablet&quot;:{&quot;unit&quot;:&quot;px&quot;,&quot;top&quot;:&quot;&quot;,&quot;right&quot;:&quot;&quot;,&quot;bottom&quot;:&quot;&quot;,&quot;left&quot;:&quot;&quot;,&quot;isLinked&quot;:true},&quot;element_pack_global_tooltip_padding_mobile&quot;:{&quot;unit&quot;:&quot;px&quot;,&quot;top&quot;:&quot;&quot;,&quot;right&quot;:&quot;&quot;,&quot;bottom&quot;:&quot;&quot;,&quot;left&quot;:&quot;&quot;,&quot;isLinked&quot;:true},&quot;element_pack_global_tooltip_border_radius&quot;:{&quot;unit&quot;:&quot;px&quot;,&quot;top&quot;:&quot;&quot;,&quot;right&quot;:&quot;&quot;,&quot;bottom&quot;:&quot;&quot;,&quot;left&quot;:&quot;&quot;,&quot;isLinked&quot;:true},&quot;element_pack_global_tooltip_border_radius_tablet&quot;:{&quot;unit&quot;:&quot;px&quot;,&quot;top&quot;:&quot;&quot;,&quot;right&quot;:&quot;&quot;,&quot;bottom&quot;:&quot;&quot;,&quot;left&quot;:&quot;&quot;,&quot;isLinked&quot;:true},&quot;element_pack_global_tooltip_border_radius_mobile&quot;:{&quot;unit&quot;:&quot;px&quot;,&quot;top&quot;:&quot;&quot;,&quot;right&quot;:&quot;&quot;,&quot;bottom&quot;:&quot;&quot;,&quot;left&quot;:&quot;&quot;,&quot;isLinked&quot;:true}}\" data-elementor-post-type=\"page\">\n\t\t\t\t<div class=\"elementor-element elementor-element-76289c1 e-flex e-con-boxed e-con e-parent\" data-id=\"76289c1\" data-element_type=\"container\">\n\t\t\t\t\t<div class=\"e-con-inner\">\n\t\t\t\t<div class=\"elementor-element elementor-element-34180c33 elementor-widget elementor-widget-breadcrumbs\" data-id=\"34180c33\" data-element_type=\"widget\" data-widget_type=\"breadcrumbs.default\">\n\t\t\t\t<div class=\"elementor-widget-container\">\n\t\t\t\t\t<nav aria-label=\"breadcrumbs\" class=\"rank-math-breadcrumb\"><p><span class=\"last\">Homepage<\/span><\/p><\/nav>\t\t\t\t<\/div>\n\t\t\t\t<\/div>\n\t\t\t\t\t<\/div>\n\t\t\t\t<\/div>\n\t\t<div class=\"elementor-element elementor-element-290460cd e-flex e-con-boxed e-con e-parent\" data-id=\"290460cd\" data-element_type=\"container\">\n\t\t\t\t\t<div class=\"e-con-inner\">\n\t\t\t\t<div class=\"elementor-element elementor-element-9eb550f elementor-widget elementor-widget-image\" data-id=\"9eb550f\" data-element_type=\"widget\" data-widget_type=\"image.default\">\n\t\t\t\t\t\t\t\t\t\t\t\t\t\t\t<img decoding=\"async\" width=\"1520\" height=\"370\" src=\"https:\/\/geomas.com\/wp-content\/uploads\/2025\/11\/enka_087-2.jpg\" class=\"attachment-full size-full wp-image-2962\" alt=\"\" srcset=\"https:\/\/geomas.com\/wp-content\/uploads\/2025\/11\/enka_087-2.jpg 1520w, https:\/\/geomas.com\/wp-content\/uploads\/2025\/11\/enka_087-2-300x73.jpg 300w, https:\/\/geomas.com\/wp-content\/uploads\/2025\/11\/enka_087-2-1024x249.jpg 1024w, https:\/\/geomas.com\/wp-content\/uploads\/2025\/11\/enka_087-2-768x187.jpg 768w, https:\/\/geomas.com\/wp-content\/uploads\/2025\/11\/enka_087-2-18x4.jpg 18w, https:\/\/geomas.com\/wp-content\/uploads\/2025\/11\/enka_087-2-650x158.jpg 650w\" sizes=\"(max-width: 1520px) 100vw, 1520px\" \/>\t\t\t\t\t\t\t\t\t\t\t\t\t\t\t<\/div>\n\t\t\t\t\t<\/div>\n\t\t\t\t<\/div>\n\t\t<div class=\"elementor-element elementor-element-6b24a96d e-flex e-con-boxed e-con e-parent\" data-id=\"6b24a96d\" data-element_type=\"container\">\n\t\t\t\t\t<div class=\"e-con-inner\">\n\t\t<div class=\"elementor-element elementor-element-6e35542a e-con-full e-flex e-con e-child\" data-id=\"6e35542a\" data-element_type=\"container\" data-settings=\"{&quot;background_background&quot;:&quot;classic&quot;}\">\n\t\t\t\t<div class=\"elementor-element elementor-element-fc23505 elementor-widget elementor-widget-heading\" data-id=\"fc23505\" data-element_type=\"widget\" data-widget_type=\"heading.default\">\n\t\t\t\t\t<h1 class=\"elementor-heading-title elementor-size-default\">Nonwoven Geotextile<\/h1>\t\t\t\t<\/div>\n\t\t\t\t<div class=\"elementor-element elementor-element-1bb4d249 elementor-widget elementor-widget-text-editor\" data-id=\"1bb4d249\" data-element_type=\"widget\" data-widget_type=\"text-editor.default\">\n\t\t\t\t\t\t\t\t\t<div class=\"uk-width-1-2@m uk-margin-auto uk-text-center category-text\"><div class=\"uk-margin-remove-last-child\"><div class=\"uk-width-1-2@m uk-margin-auto uk-text-center category-text\"><div class=\"uk-margin-remove-last-child\"><div class=\"uk-width-1-2@m uk-margin-auto uk-text-center category-text\"><div><div class=\"uk-margin-remove-last-child\"><p>Y\u00fcksek mukavemetli %100 saf polipropilen liflerin i\u011fnelenmesi ve \u0131s\u0131l i\u015flem g\u00f6rmesiyle olu\u015fturulan \u00f6rg\u00fcs\u00fcz geotekstil malzemeler, \u00e7e\u015fitli projelerde kullan\u0131lan dayan\u0131kl\u0131 \u00fcr\u00fcnlerdir. Bu malzemeler, arazi ve iklim ko\u015fullar\u0131na uyum sa\u011flamak \u00fczere istenilen teknik \u00f6zelliklerde \u00fcretilebilir. Is\u0131l i\u015flem g\u00f6rm\u00fc\u015f \u00f6rg\u00fcs\u00fcz geotekstil malzemeler, y\u00fcksek mukavemet sa\u011flayan %100 saf polipropilen liflerin i\u011fneleme y\u00f6ntemiyle birle\u015ftirilmesiyle elde edilir. Bu i\u015flem, malzemenin daha sa\u011flam ve dayan\u0131kl\u0131 hale gelmesini sa\u011flar.<\/p><\/div><\/div><\/div><\/div><\/div><\/div><\/div>\t\t\t\t\t\t\t\t<\/div>\n\t\t\t\t<\/div>\n\t\t\t\t\t<\/div>\n\t\t\t\t<\/div>\n\t\t<div class=\"elementor-element elementor-element-7dfa5c9b e-con-full e-flex e-con e-child\" data-id=\"7dfa5c9b\" data-element_type=\"container\">\n\t\t<div class=\"elementor-element elementor-element-5f232a2a e-con-full e-flex e-con e-child\" data-id=\"5f232a2a\" data-element_type=\"container\">\n\t\t\t\t<div class=\"elementor-element elementor-element-5fb46a5b elementor-position-top elementor-widget elementor-widget-image-box\" data-id=\"5fb46a5b\" data-element_type=\"widget\" data-widget_type=\"image-box.default\">\n\t\t\t\t\t<div class=\"elementor-image-box-wrapper\"><figure class=\"elementor-image-box-img\"><a href=\"\/en\/urunler\/geosentetik\/orgusuz-geotekstil\/techtex-c\/\" tabindex=\"-1\"><img decoding=\"async\" width=\"2560\" height=\"1707\" src=\"https:\/\/geomas.com\/wp-content\/uploads\/2025\/11\/TechTex-C_11zon-scaled.jpg\" class=\"attachment-full size-full wp-image-2479\" alt=\"\" srcset=\"https:\/\/geomas.com\/wp-content\/uploads\/2025\/11\/TechTex-C_11zon-scaled.jpg 2560w, https:\/\/geomas.com\/wp-content\/uploads\/2025\/11\/TechTex-C_11zon-300x200.jpg 300w, https:\/\/geomas.com\/wp-content\/uploads\/2025\/11\/TechTex-C_11zon-1024x683.jpg 1024w, https:\/\/geomas.com\/wp-content\/uploads\/2025\/11\/TechTex-C_11zon-768x512.jpg 768w, https:\/\/geomas.com\/wp-content\/uploads\/2025\/11\/TechTex-C_11zon-1536x1024.jpg 1536w, https:\/\/geomas.com\/wp-content\/uploads\/2025\/11\/TechTex-C_11zon-2048x1365.jpg 2048w, https:\/\/geomas.com\/wp-content\/uploads\/2025\/11\/TechTex-C_11zon-18x12.jpg 18w, https:\/\/geomas.com\/wp-content\/uploads\/2025\/11\/TechTex-C_11zon-650x433.jpg 650w\" sizes=\"(max-width: 2560px) 100vw, 2560px\" \/><\/a><\/figure><div class=\"elementor-image-box-content\"><h3 class=\"elementor-image-box-title\"><a href=\"\/en\/urunler\/geosentetik\/orgusuz-geotekstil\/techtex-c\/\">TechTex C<\/a><\/h3><p class=\"elementor-image-box-description\">TechTex C, y\u00fcksek mukavvemetli %100 saf polipropilen liflerin i\u011fnelenmesi ile meydana gelen...\n<\/p><\/div><\/div>\t\t\t\t<\/div>\n\t\t\t\t<\/div>\n\t\t<div class=\"elementor-element elementor-element-6c7716a e-con-full e-flex e-con e-child\" data-id=\"6c7716a\" data-element_type=\"container\">\n\t\t\t\t<div class=\"elementor-element elementor-element-df8dae3 elementor-position-top elementor-widget elementor-widget-image-box\" data-id=\"df8dae3\" data-element_type=\"widget\" data-widget_type=\"image-box.default\">\n\t\t\t\t\t<div class=\"elementor-image-box-wrapper\"><figure class=\"elementor-image-box-img\"><a href=\"\/en\/urunler\/geosentetik\/orgusuz-geotekstil\/techtex-uv\/\" tabindex=\"-1\"><img decoding=\"async\" width=\"2560\" height=\"1707\" src=\"https:\/\/geomas.com\/wp-content\/uploads\/2025\/11\/TechTex-C_11zon-scaled.jpg\" class=\"attachment-full size-full wp-image-2479\" alt=\"\" srcset=\"https:\/\/geomas.com\/wp-content\/uploads\/2025\/11\/TechTex-C_11zon-scaled.jpg 2560w, https:\/\/geomas.com\/wp-content\/uploads\/2025\/11\/TechTex-C_11zon-300x200.jpg 300w, https:\/\/geomas.com\/wp-content\/uploads\/2025\/11\/TechTex-C_11zon-1024x683.jpg 1024w, https:\/\/geomas.com\/wp-content\/uploads\/2025\/11\/TechTex-C_11zon-768x512.jpg 768w, https:\/\/geomas.com\/wp-content\/uploads\/2025\/11\/TechTex-C_11zon-1536x1024.jpg 1536w, https:\/\/geomas.com\/wp-content\/uploads\/2025\/11\/TechTex-C_11zon-2048x1365.jpg 2048w, https:\/\/geomas.com\/wp-content\/uploads\/2025\/11\/TechTex-C_11zon-18x12.jpg 18w, https:\/\/geomas.com\/wp-content\/uploads\/2025\/11\/TechTex-C_11zon-650x433.jpg 650w\" sizes=\"(max-width: 2560px) 100vw, 2560px\" \/><\/a><\/figure><div class=\"elementor-image-box-content\"><h3 class=\"elementor-image-box-title\"><a href=\"\/en\/urunler\/geosentetik\/orgusuz-geotekstil\/techtex-uv\/\">TechTex UV<\/a><\/h3><p class=\"elementor-image-box-description\">TechTex UV, y\u00fcksek mukavvemetli %100 saf polipropilen liflerin i\u011fnelenmesi ile meydana gelen...<\/p><\/div><\/div>\t\t\t\t<\/div>\n\t\t\t\t<\/div>\n\t\t<div class=\"elementor-element elementor-element-6f9c183e e-con-full e-flex e-con e-child\" data-id=\"6f9c183e\" data-element_type=\"container\">\n\t\t\t\t<div class=\"elementor-element elementor-element-4d5fc097 elementor-position-top elementor-widget elementor-widget-image-box\" data-id=\"4d5fc097\" data-element_type=\"widget\" data-widget_type=\"image-box.default\">\n\t\t\t\t\t<div class=\"elementor-image-box-wrapper\"><figure class=\"elementor-image-box-img\"><a href=\"\/en\/urunler\/geosentetik\/orgusuz-geotekstil\/techtex-p\/\" tabindex=\"-1\"><img decoding=\"async\" width=\"2560\" height=\"1707\" src=\"https:\/\/geomas.com\/wp-content\/uploads\/2025\/11\/TechTex-C_11zon-scaled.jpg\" class=\"attachment-full size-full wp-image-2479\" alt=\"\" srcset=\"https:\/\/geomas.com\/wp-content\/uploads\/2025\/11\/TechTex-C_11zon-scaled.jpg 2560w, https:\/\/geomas.com\/wp-content\/uploads\/2025\/11\/TechTex-C_11zon-300x200.jpg 300w, https:\/\/geomas.com\/wp-content\/uploads\/2025\/11\/TechTex-C_11zon-1024x683.jpg 1024w, https:\/\/geomas.com\/wp-content\/uploads\/2025\/11\/TechTex-C_11zon-768x512.jpg 768w, https:\/\/geomas.com\/wp-content\/uploads\/2025\/11\/TechTex-C_11zon-1536x1024.jpg 1536w, https:\/\/geomas.com\/wp-content\/uploads\/2025\/11\/TechTex-C_11zon-2048x1365.jpg 2048w, https:\/\/geomas.com\/wp-content\/uploads\/2025\/11\/TechTex-C_11zon-18x12.jpg 18w, https:\/\/geomas.com\/wp-content\/uploads\/2025\/11\/TechTex-C_11zon-650x433.jpg 650w\" sizes=\"(max-width: 2560px) 100vw, 2560px\" \/><\/a><\/figure><div class=\"elementor-image-box-content\"><h3 class=\"elementor-image-box-title\"><a href=\"\/en\/urunler\/geosentetik\/orgusuz-geotekstil\/techtex-p\/\">TechTex P<\/a><\/h3><p class=\"elementor-image-box-description\">TechTex P, y\u00fcksek mukavvemetli %100 saf polipropilen liflerin i\u011fnelenmesi ile meydana gelen \u0131s\u0131l...\n<\/p><\/div><\/div>\t\t\t\t<\/div>\n\t\t\t\t<\/div>\n\t\t<div class=\"elementor-element elementor-element-5baf868 e-con-full e-flex e-con e-child\" data-id=\"5baf868\" data-element_type=\"container\">\n\t\t\t\t<div class=\"elementor-element elementor-element-3be46e0 elementor-position-top elementor-widget elementor-widget-image-box\" data-id=\"3be46e0\" data-element_type=\"widget\" data-widget_type=\"image-box.default\">\n\t\t\t\t\t<div class=\"elementor-image-box-wrapper\"><figure class=\"elementor-image-box-img\"><a href=\"\/en\/urunler\/geosentetik\/orgusuz-geotekstil\/geotex-c-techtex\/\" tabindex=\"-1\"><img decoding=\"async\" width=\"2560\" height=\"1707\" src=\"https:\/\/geomas.com\/wp-content\/uploads\/2025\/11\/TechTex-C_11zon-scaled.jpg\" class=\"attachment-full size-full wp-image-2479\" alt=\"\" srcset=\"https:\/\/geomas.com\/wp-content\/uploads\/2025\/11\/TechTex-C_11zon-scaled.jpg 2560w, https:\/\/geomas.com\/wp-content\/uploads\/2025\/11\/TechTex-C_11zon-300x200.jpg 300w, https:\/\/geomas.com\/wp-content\/uploads\/2025\/11\/TechTex-C_11zon-1024x683.jpg 1024w, https:\/\/geomas.com\/wp-content\/uploads\/2025\/11\/TechTex-C_11zon-768x512.jpg 768w, https:\/\/geomas.com\/wp-content\/uploads\/2025\/11\/TechTex-C_11zon-1536x1024.jpg 1536w, https:\/\/geomas.com\/wp-content\/uploads\/2025\/11\/TechTex-C_11zon-2048x1365.jpg 2048w, https:\/\/geomas.com\/wp-content\/uploads\/2025\/11\/TechTex-C_11zon-18x12.jpg 18w, https:\/\/geomas.com\/wp-content\/uploads\/2025\/11\/TechTex-C_11zon-650x433.jpg 650w\" sizes=\"(max-width: 2560px) 100vw, 2560px\" \/><\/a><\/figure><div class=\"elementor-image-box-content\"><h3 class=\"elementor-image-box-title\"><a href=\"\/en\/urunler\/geosentetik\/orgusuz-geotekstil\/geotex-c-techtex\/\">Geotex C<\/a><\/h3><p class=\"elementor-image-box-description\">Geotex C, y\u00fcksek mukavvemetli %100 saf polipropilen liflerin i\u011fnelenmesi ile meydana gelen \u0131s\u0131l..\n<\/p><\/div><\/div>\t\t\t\t<\/div>\n\t\t\t\t<\/div>\n\t\t<div class=\"elementor-element elementor-element-879d980 e-con-full e-flex e-con e-child\" data-id=\"879d980\" data-element_type=\"container\">\n\t\t\t\t<div class=\"elementor-element elementor-element-1afb5e0 elementor-position-top elementor-widget elementor-widget-image-box\" data-id=\"1afb5e0\" data-element_type=\"widget\" data-widget_type=\"image-box.default\">\n\t\t\t\t\t<div class=\"elementor-image-box-wrapper\"><figure class=\"elementor-image-box-img\"><a href=\"\/en\/urunler\/geosentetik\/orgusuz-geotekstil\/geotex-bc-techtex\/\" tabindex=\"-1\"><img decoding=\"async\" width=\"2560\" height=\"1707\" src=\"https:\/\/geomas.com\/wp-content\/uploads\/2025\/11\/TechTex-BC_11zon-scaled.jpg\" class=\"attachment-full size-full wp-image-2488\" alt=\"\" srcset=\"https:\/\/geomas.com\/wp-content\/uploads\/2025\/11\/TechTex-BC_11zon-scaled.jpg 2560w, https:\/\/geomas.com\/wp-content\/uploads\/2025\/11\/TechTex-BC_11zon-300x200.jpg 300w, https:\/\/geomas.com\/wp-content\/uploads\/2025\/11\/TechTex-BC_11zon-1024x683.jpg 1024w, https:\/\/geomas.com\/wp-content\/uploads\/2025\/11\/TechTex-BC_11zon-768x512.jpg 768w, https:\/\/geomas.com\/wp-content\/uploads\/2025\/11\/TechTex-BC_11zon-1536x1024.jpg 1536w, https:\/\/geomas.com\/wp-content\/uploads\/2025\/11\/TechTex-BC_11zon-2048x1365.jpg 2048w, https:\/\/geomas.com\/wp-content\/uploads\/2025\/11\/TechTex-BC_11zon-18x12.jpg 18w, https:\/\/geomas.com\/wp-content\/uploads\/2025\/11\/TechTex-BC_11zon-650x433.jpg 650w\" sizes=\"(max-width: 2560px) 100vw, 2560px\" \/><\/a><\/figure><div class=\"elementor-image-box-content\"><h3 class=\"elementor-image-box-title\"><a href=\"\/en\/urunler\/geosentetik\/orgusuz-geotekstil\/geotex-bc-techtex\/\">Geotex BC<\/a><\/h3><p class=\"elementor-image-box-description\">Geotex BC, y\u00fcksek mukavvemetli %100 saf polipropilen liflerin i\u011fnelenmesi ile meydana gelen \u0131s\u0131l...<\/p><\/div><\/div>\t\t\t\t<\/div>\n\t\t\t\t<\/div>\n\t\t\t\t<\/div>\n\t\t\t\t<\/div>","protected":false},"excerpt":{"rendered":"<p>\u00d6rg\u00fcs\u00fcz Geotekstil Y\u00fcksek mukavemetli %100 saf polipropilen liflerin i\u011fnelenmesi ve \u0131s\u0131l i\u015flem g\u00f6rmesiyle olu\u015fturulan \u00f6rg\u00fcs\u00fcz geotekstil malzemeler, \u00e7e\u015fitli projelerde kullan\u0131lan dayan\u0131kl\u0131 \u00fcr\u00fcnlerdir. [&hellip;]<\/p>","protected":false},"author":1,"featured_media":0,"parent":77,"menu_order":0,"comment_status":"closed","ping_status":"closed","template":"","meta":{"footnotes":""},"class_list":["post-83","page","type-page","status-publish","hentry"],"_links":{"self":[{"href":"https:\/\/geomas.com\/en\/wp-json\/wp\/v2\/pages\/83","targetHints":{"allow":["GET"]}}],"collection":[{"href":"https:\/\/geomas.com\/en\/wp-json\/wp\/v2\/pages"}],"about":[{"href":"https:\/\/geomas.com\/en\/wp-json\/wp\/v2\/types\/page"}],"author":[{"embeddable":true,"href":"https:\/\/geomas.com\/en\/wp-json\/wp\/v2\/users\/1"}],"replies":[{"embeddable":true,"href":"https:\/\/geomas.com\/en\/wp-json\/wp\/v2\/comments?post=83"}],"version-history":[{"count":19,"href":"https:\/\/geomas.com\/en\/wp-json\/wp\/v2\/pages\/83\/revisions"}],"predecessor-version":[{"id":3699,"href":"https:\/\/geomas.com\/en\/wp-json\/wp\/v2\/pages\/83\/revisions\/3699"}],"up":[{"embeddable":true,"href":"https:\/\/geomas.com\/en\/wp-json\/wp\/v2\/pages\/77"}],"wp:attachment":[{"href":"https:\/\/geomas.com\/en\/wp-json\/wp\/v2\/media?parent=83"}],"curies":[{"name":"wp","href":"https:\/\/api.w.org\/{rel}","templated":true}]}}