{"id":77,"date":"2025-09-10T15:32:35","date_gmt":"2025-09-10T15:32:35","guid":{"rendered":"https:\/\/geomas.com\/?page_id=77"},"modified":"2025-12-17T08:41:26","modified_gmt":"2025-12-17T08:41:26","slug":"geosentetik","status":"publish","type":"page","link":"https:\/\/geomas.com\/en\/urunler\/geosentetik\/","title":{"rendered":"Geosynthetics"},"content":{"rendered":"<div data-elementor-type=\"wp-page\" data-elementor-id=\"77\" class=\"elementor elementor-77\" data-elementor-settings=\"{&quot;element_pack_global_tooltip_width&quot;:{&quot;unit&quot;:&quot;px&quot;,&quot;size&quot;:&quot;&quot;,&quot;sizes&quot;:[]},&quot;element_pack_global_tooltip_width_tablet&quot;:{&quot;unit&quot;:&quot;px&quot;,&quot;size&quot;:&quot;&quot;,&quot;sizes&quot;:[]},&quot;element_pack_global_tooltip_width_mobile&quot;:{&quot;unit&quot;:&quot;px&quot;,&quot;size&quot;:&quot;&quot;,&quot;sizes&quot;:[]},&quot;element_pack_global_tooltip_padding&quot;:{&quot;unit&quot;:&quot;px&quot;,&quot;top&quot;:&quot;&quot;,&quot;right&quot;:&quot;&quot;,&quot;bottom&quot;:&quot;&quot;,&quot;left&quot;:&quot;&quot;,&quot;isLinked&quot;:true},&quot;element_pack_global_tooltip_padding_tablet&quot;:{&quot;unit&quot;:&quot;px&quot;,&quot;top&quot;:&quot;&quot;,&quot;right&quot;:&quot;&quot;,&quot;bottom&quot;:&quot;&quot;,&quot;left&quot;:&quot;&quot;,&quot;isLinked&quot;:true},&quot;element_pack_global_tooltip_padding_mobile&quot;:{&quot;unit&quot;:&quot;px&quot;,&quot;top&quot;:&quot;&quot;,&quot;right&quot;:&quot;&quot;,&quot;bottom&quot;:&quot;&quot;,&quot;left&quot;:&quot;&quot;,&quot;isLinked&quot;:true},&quot;element_pack_global_tooltip_border_radius&quot;:{&quot;unit&quot;:&quot;px&quot;,&quot;top&quot;:&quot;&quot;,&quot;right&quot;:&quot;&quot;,&quot;bottom&quot;:&quot;&quot;,&quot;left&quot;:&quot;&quot;,&quot;isLinked&quot;:true},&quot;element_pack_global_tooltip_border_radius_tablet&quot;:{&quot;unit&quot;:&quot;px&quot;,&quot;top&quot;:&quot;&quot;,&quot;right&quot;:&quot;&quot;,&quot;bottom&quot;:&quot;&quot;,&quot;left&quot;:&quot;&quot;,&quot;isLinked&quot;:true},&quot;element_pack_global_tooltip_border_radius_mobile&quot;:{&quot;unit&quot;:&quot;px&quot;,&quot;top&quot;:&quot;&quot;,&quot;right&quot;:&quot;&quot;,&quot;bottom&quot;:&quot;&quot;,&quot;left&quot;:&quot;&quot;,&quot;isLinked&quot;:true}}\" data-elementor-post-type=\"page\">\n\t\t\t\t<div class=\"elementor-element elementor-element-4177fe5 e-flex e-con-boxed e-con e-parent\" data-id=\"4177fe5\" data-element_type=\"container\">\n\t\t\t\t\t<div class=\"e-con-inner\">\n\t\t\t\t<div class=\"elementor-element elementor-element-25a4779 elementor-widget elementor-widget-breadcrumbs\" data-id=\"25a4779\" data-element_type=\"widget\" data-widget_type=\"breadcrumbs.default\">\n\t\t\t\t<div class=\"elementor-widget-container\">\n\t\t\t\t\t<nav aria-label=\"breadcrumbs\" class=\"rank-math-breadcrumb\"><p><span class=\"last\">Homepage<\/span><\/p><\/nav>\t\t\t\t<\/div>\n\t\t\t\t<\/div>\n\t\t\t\t\t<\/div>\n\t\t\t\t<\/div>\n\t\t<div class=\"elementor-element elementor-element-4ee580c e-flex e-con-boxed e-con e-parent\" data-id=\"4ee580c\" data-element_type=\"container\">\n\t\t\t\t\t<div class=\"e-con-inner\">\n\t\t\t\t<div class=\"elementor-element elementor-element-de296c2 elementor-widget elementor-widget-image\" data-id=\"de296c2\" data-element_type=\"widget\" data-widget_type=\"image.default\">\n\t\t\t\t\t\t\t\t\t\t\t\t\t\t\t<img decoding=\"async\" width=\"1520\" height=\"370\" src=\"https:\/\/geomas.com\/wp-content\/uploads\/2025\/09\/geosenteti-kler.jpg\" class=\"attachment-full size-full wp-image-766\" alt=\"\" srcset=\"https:\/\/geomas.com\/wp-content\/uploads\/2025\/09\/geosenteti-kler.jpg 1520w, https:\/\/geomas.com\/wp-content\/uploads\/2025\/09\/geosenteti-kler-300x73.jpg 300w, https:\/\/geomas.com\/wp-content\/uploads\/2025\/09\/geosenteti-kler-1024x249.jpg 1024w, https:\/\/geomas.com\/wp-content\/uploads\/2025\/09\/geosenteti-kler-768x187.jpg 768w, https:\/\/geomas.com\/wp-content\/uploads\/2025\/09\/geosenteti-kler-18x4.jpg 18w, https:\/\/geomas.com\/wp-content\/uploads\/2025\/09\/geosenteti-kler-650x158.jpg 650w\" sizes=\"(max-width: 1520px) 100vw, 1520px\" \/>\t\t\t\t\t\t\t\t\t\t\t\t\t\t\t<\/div>\n\t\t\t\t\t<\/div>\n\t\t\t\t<\/div>\n\t\t<div class=\"elementor-element elementor-element-66e8b09 e-flex e-con-boxed e-con e-parent\" data-id=\"66e8b09\" data-element_type=\"container\">\n\t\t\t\t\t<div class=\"e-con-inner\">\n\t\t<div class=\"elementor-element elementor-element-014b18a e-con-full e-flex e-con e-child\" data-id=\"014b18a\" data-element_type=\"container\" data-settings=\"{&quot;background_background&quot;:&quot;classic&quot;}\">\n\t\t\t\t<div class=\"elementor-element elementor-element-fce5097 elementor-widget elementor-widget-heading\" data-id=\"fce5097\" data-element_type=\"widget\" data-widget_type=\"heading.default\">\n\t\t\t\t\t<h1 class=\"elementor-heading-title elementor-size-default\">Geosynthetics<\/h1>\t\t\t\t<\/div>\n\t\t\t\t<div class=\"elementor-element elementor-element-9176909 elementor-widget elementor-widget-text-editor\" data-id=\"9176909\" data-element_type=\"widget\" data-widget_type=\"text-editor.default\">\n\t\t\t\t\t\t\t\t\t<div class=\"uk-width-1-2@m uk-margin-auto uk-text-center category-text\"><div class=\"uk-margin-remove-last-child\"><div class=\"uk-width-1-2@m uk-margin-auto uk-text-center category-text\"><div><div class=\"uk-margin-remove-last-child\"><p>Geosynthetics is the general name for textile and composite products used in engineering as an alternative to traditional methods. These products are made by combining polymer materials such as polypropylene (PP), polyester (PET), and polyethylene with natural sodium bentonite minerals. Frequently used in civil engineering, these materials are preferred to solve situations that cannot be resolved with traditional methods in challenging projects in a more economical and effective way. Geosynthetics are examined in five main categories: geosynthetic clay liners, geotextiles, geogrids, geomembranes, and geocomposites. These products offer effective and innovative solutions, particularly in civil engineering projects.<\/p><\/div><\/div><\/div><\/div><\/div>\t\t\t\t\t\t\t\t<\/div>\n\t\t\t\t<\/div>\n\t\t\t\t\t<\/div>\n\t\t\t\t<\/div>\n\t\t<div class=\"elementor-element elementor-element-0414484 e-con-full e-flex e-con e-child\" data-id=\"0414484\" data-element_type=\"container\">\n\t\t<div class=\"elementor-element elementor-element-923f5ff e-con-full e-flex e-con e-child\" data-id=\"923f5ff\" data-element_type=\"container\">\n\t\t\t\t<div class=\"elementor-element elementor-element-45159fa elementor-position-top elementor-widget elementor-widget-image-box\" data-id=\"45159fa\" data-element_type=\"widget\" data-widget_type=\"image-box.default\">\n\t\t\t\t\t<div class=\"elementor-image-box-wrapper\"><figure class=\"elementor-image-box-img\"><a href=\"\/en\/urunler\/geosentetik\/geosentetik-kil-ortu\/\" tabindex=\"-1\"><img decoding=\"async\" width=\"358\" height=\"167\" src=\"https:\/\/geomas.com\/wp-content\/uploads\/2025\/09\/gcl_380x174-1-e1764147749559.jpg\" class=\"attachment-full size-full wp-image-348\" alt=\"Geosentetik Kil \u00d6rt\u00fc\u200b\" srcset=\"https:\/\/geomas.com\/wp-content\/uploads\/2025\/09\/gcl_380x174-1-e1764147749559.jpg 358w, https:\/\/geomas.com\/wp-content\/uploads\/2025\/09\/gcl_380x174-1-e1764147749559-300x140.jpg 300w, https:\/\/geomas.com\/wp-content\/uploads\/2025\/09\/gcl_380x174-1-e1764147749559-18x8.jpg 18w\" sizes=\"(max-width: 358px) 100vw, 358px\" \/><\/a><\/figure><div class=\"elementor-image-box-content\"><h3 class=\"elementor-image-box-title\"><a href=\"\/en\/urunler\/geosentetik\/geosentetik-kil-ortu\/\">Geosynthetic Clay Cover<\/a><\/h3><p class=\"elementor-image-box-description\">Geosynthetic clay drapes, high strength geotextile materials...<\/p><\/div><\/div>\t\t\t\t<\/div>\n\t\t\t\t<\/div>\n\t\t<div class=\"elementor-element elementor-element-ac49eef e-con-full e-flex e-con e-child\" data-id=\"ac49eef\" data-element_type=\"container\">\n\t\t\t\t<div class=\"elementor-element elementor-element-5a4b0b6 elementor-position-top elementor-widget elementor-widget-image-box\" data-id=\"5a4b0b6\" data-element_type=\"widget\" data-widget_type=\"image-box.default\">\n\t\t\t\t\t<div class=\"elementor-image-box-wrapper\"><figure class=\"elementor-image-box-img\"><a href=\"\/en\/urunler\/geosentetik\/ozel-geosentetikler\/\" tabindex=\"-1\"><img decoding=\"async\" width=\"380\" height=\"174\" src=\"https:\/\/geomas.com\/wp-content\/uploads\/2025\/09\/geotekstil-silte-2_380x174-1.jpg\" class=\"attachment-full size-full wp-image-350\" alt=\"\" srcset=\"https:\/\/geomas.com\/wp-content\/uploads\/2025\/09\/geotekstil-silte-2_380x174-1.jpg 380w, https:\/\/geomas.com\/wp-content\/uploads\/2025\/09\/geotekstil-silte-2_380x174-1-300x137.jpg 300w, https:\/\/geomas.com\/wp-content\/uploads\/2025\/09\/geotekstil-silte-2_380x174-1-18x8.jpg 18w\" sizes=\"(max-width: 380px) 100vw, 380px\" \/><\/a><\/figure><div class=\"elementor-image-box-content\"><h3 class=\"elementor-image-box-title\"><a href=\"\/en\/urunler\/geosentetik\/ozel-geosentetikler\/\">Special Geosynthetics<\/a><\/h3><p class=\"elementor-image-box-description\">Water creeks and river beds to stretch the glide produced by...<\/p><\/div><\/div>\t\t\t\t<\/div>\n\t\t\t\t<\/div>\n\t\t<div class=\"elementor-element elementor-element-5d11e23 e-con-full e-flex e-con e-child\" data-id=\"5d11e23\" data-element_type=\"container\">\n\t\t\t\t<div class=\"elementor-element elementor-element-0ef5934 elementor-position-top elementor-widget elementor-widget-image-box\" data-id=\"0ef5934\" data-element_type=\"widget\" data-widget_type=\"image-box.default\">\n\t\t\t\t\t<div class=\"elementor-image-box-wrapper\"><figure class=\"elementor-image-box-img\"><a href=\"\/en\/urunler\/geosentetik\/geogridler\/\" tabindex=\"-1\"><img decoding=\"async\" width=\"380\" height=\"174\" src=\"https:\/\/geomas.com\/wp-content\/uploads\/2025\/09\/enkagrid-max40_380x174-1.jpg\" class=\"attachment-full size-full wp-image-767\" alt=\"\" srcset=\"https:\/\/geomas.com\/wp-content\/uploads\/2025\/09\/enkagrid-max40_380x174-1.jpg 380w, https:\/\/geomas.com\/wp-content\/uploads\/2025\/09\/enkagrid-max40_380x174-1-300x137.jpg 300w, https:\/\/geomas.com\/wp-content\/uploads\/2025\/09\/enkagrid-max40_380x174-1-18x8.jpg 18w\" sizes=\"(max-width: 380px) 100vw, 380px\" \/><\/a><\/figure><div class=\"elementor-image-box-content\"><h3 class=\"elementor-image-box-title\"><a href=\"\/en\/urunler\/geosentetik\/geogridler\/\">Geogrid<\/a><\/h3><p class=\"elementor-image-box-description\">Geogrid products are geosynthetics used to reinforce soils, asphalt, and similar materials...<\/p><\/div><\/div>\t\t\t\t<\/div>\n\t\t\t\t<\/div>\n\t\t<div class=\"elementor-element elementor-element-2bec95b e-con-full e-flex e-con e-child\" data-id=\"2bec95b\" data-element_type=\"container\">\n\t\t\t\t<div class=\"elementor-element elementor-element-7484b00 elementor-position-top elementor-widget elementor-widget-image-box\" data-id=\"7484b00\" data-element_type=\"widget\" data-widget_type=\"image-box.default\">\n\t\t\t\t\t<div class=\"elementor-image-box-wrapper\"><figure class=\"elementor-image-box-img\"><a href=\"\/en\/urunler\/geosentetik\/orgusuz-geotekstil\/\" tabindex=\"-1\"><img decoding=\"async\" width=\"380\" height=\"174\" src=\"https:\/\/geomas.com\/wp-content\/uploads\/2025\/09\/orgusuz-geotekstil_380x174-1.jpg\" class=\"attachment-full size-full wp-image-432\" alt=\"\u00d6rg\u00fcs\u00fcz Geotekstil\" srcset=\"https:\/\/geomas.com\/wp-content\/uploads\/2025\/09\/orgusuz-geotekstil_380x174-1.jpg 380w, https:\/\/geomas.com\/wp-content\/uploads\/2025\/09\/orgusuz-geotekstil_380x174-1-300x137.jpg 300w, https:\/\/geomas.com\/wp-content\/uploads\/2025\/09\/orgusuz-geotekstil_380x174-1-18x8.jpg 18w\" sizes=\"(max-width: 380px) 100vw, 380px\" \/><\/a><\/figure><div class=\"elementor-image-box-content\"><h3 class=\"elementor-image-box-title\"><a href=\"\/en\/urunler\/geosentetik\/orgusuz-geotekstil\/\">Nonwoven Geotextile<\/a><\/h3><p class=\"elementor-image-box-description\">High strength 100% pure polypropylene fibers ignelenme is...<\/p><\/div><\/div>\t\t\t\t<\/div>\n\t\t\t\t<\/div>\n\t\t\t\t<\/div>\n\t\t<div class=\"elementor-element elementor-element-952c03b e-con-full e-flex e-con e-child\" data-id=\"952c03b\" data-element_type=\"container\">\n\t\t<div class=\"elementor-element elementor-element-dd6a870 e-con-full e-flex e-con e-child\" data-id=\"dd6a870\" data-element_type=\"container\">\n\t\t\t\t<div class=\"elementor-element elementor-element-72a79bb elementor-position-top elementor-widget elementor-widget-image-box\" data-id=\"72a79bb\" data-element_type=\"widget\" data-widget_type=\"image-box.default\">\n\t\t\t\t\t<div class=\"elementor-image-box-wrapper\"><figure class=\"elementor-image-box-img\"><a href=\"\/en\/urunler\/geosentetik\/orgulu-geotekstiller\/\" tabindex=\"-1\"><img decoding=\"async\" width=\"380\" height=\"174\" src=\"https:\/\/geomas.com\/wp-content\/uploads\/2025\/09\/orgulu-geotekstil_380x174.jpg\" class=\"attachment-full size-full wp-image-431\" alt=\"\u00d6rg\u00fcl\u00fc Geotekstiller\" srcset=\"https:\/\/geomas.com\/wp-content\/uploads\/2025\/09\/orgulu-geotekstil_380x174.jpg 380w, https:\/\/geomas.com\/wp-content\/uploads\/2025\/09\/orgulu-geotekstil_380x174-300x137.jpg 300w, https:\/\/geomas.com\/wp-content\/uploads\/2025\/09\/orgulu-geotekstil_380x174-18x8.jpg 18w\" sizes=\"(max-width: 380px) 100vw, 380px\" \/><\/a><\/figure><div class=\"elementor-image-box-content\"><h3 class=\"elementor-image-box-title\"><a href=\"\/en\/urunler\/geosentetik\/orgulu-geotekstiller\/\">Woven Geotextile<\/a><\/h3><p class=\"elementor-image-box-description\">Braided polypropylene or polyester, geotextile materials typically...<\/p><\/div><\/div>\t\t\t\t<\/div>\n\t\t\t\t<\/div>\n\t\t<div class=\"elementor-element elementor-element-9663c04 e-con-full e-flex e-con e-child\" data-id=\"9663c04\" data-element_type=\"container\">\n\t\t\t\t<div class=\"elementor-element elementor-element-cddfd39 elementor-position-top elementor-widget elementor-widget-image-box\" data-id=\"cddfd39\" data-element_type=\"widget\" data-widget_type=\"image-box.default\">\n\t\t\t\t\t<div class=\"elementor-image-box-wrapper\"><figure class=\"elementor-image-box-img\"><a href=\"\/en\/urunler\/geosentetik\/geomembranlar\/\" tabindex=\"-1\"><img decoding=\"async\" width=\"384\" height=\"174\" src=\"https:\/\/geomas.com\/wp-content\/uploads\/2025\/09\/iki-yuzu-puruzlu_380x174.jpg\" class=\"attachment-full size-full wp-image-436\" alt=\"\" srcset=\"https:\/\/geomas.com\/wp-content\/uploads\/2025\/09\/iki-yuzu-puruzlu_380x174.jpg 384w, https:\/\/geomas.com\/wp-content\/uploads\/2025\/09\/iki-yuzu-puruzlu_380x174-300x136.jpg 300w, https:\/\/geomas.com\/wp-content\/uploads\/2025\/09\/iki-yuzu-puruzlu_380x174-18x8.jpg 18w\" sizes=\"(max-width: 384px) 100vw, 384px\" \/><\/a><\/figure><div class=\"elementor-image-box-content\"><h3 class=\"elementor-image-box-title\"><a href=\"\/en\/urunler\/geosentetik\/geomembranlar\/\">Geomembrane<\/a><\/h3><p class=\"elementor-image-box-description\">Geomembrane materials, high-density and low-density...<\/p><\/div><\/div>\t\t\t\t<\/div>\n\t\t\t\t<\/div>\n\t\t<div class=\"elementor-element elementor-element-50878c1 e-con-full e-flex e-con e-child\" data-id=\"50878c1\" data-element_type=\"container\">\n\t\t\t\t<div class=\"elementor-element elementor-element-492a4fa elementor-position-top elementor-widget elementor-widget-image-box\" data-id=\"492a4fa\" data-element_type=\"widget\" data-widget_type=\"image-box.default\">\n\t\t\t\t\t<div class=\"elementor-image-box-wrapper\"><figure class=\"elementor-image-box-img\"><a href=\"\/en\/urunler\/geosentetik\/erozyon-kontrol-ortuleri\/\" tabindex=\"-1\"><img decoding=\"async\" width=\"380\" height=\"174\" src=\"https:\/\/geomas.com\/wp-content\/uploads\/2025\/09\/geomat_380x174.jpg\" class=\"attachment-full size-full wp-image-435\" alt=\"\" srcset=\"https:\/\/geomas.com\/wp-content\/uploads\/2025\/09\/geomat_380x174.jpg 380w, https:\/\/geomas.com\/wp-content\/uploads\/2025\/09\/geomat_380x174-300x137.jpg 300w, https:\/\/geomas.com\/wp-content\/uploads\/2025\/09\/geomat_380x174-18x8.jpg 18w\" sizes=\"(max-width: 380px) 100vw, 380px\" \/><\/a><\/figure><div class=\"elementor-image-box-content\"><h3 class=\"elementor-image-box-title\"><a href=\"\/en\/urunler\/geosentetik\/erozyon-kontrol-ortuleri\/\">Erosion Control Blankets<\/a><\/h3><p class=\"elementor-image-box-description\">Products GeoMat, geosynthetic erosion control blankets are used as products.<\/p><\/div><\/div>\t\t\t\t<\/div>\n\t\t\t\t<\/div>\n\t\t<div class=\"elementor-element elementor-element-45b834b e-con-full e-flex e-con e-child\" data-id=\"45b834b\" data-element_type=\"container\">\n\t\t\t\t<div class=\"elementor-element elementor-element-5c648ca elementor-position-top elementor-widget elementor-widget-image-box\" data-id=\"5c648ca\" data-element_type=\"widget\" data-widget_type=\"image-box.default\">\n\t\t\t\t\t<div class=\"elementor-image-box-wrapper\"><figure class=\"elementor-image-box-img\"><a href=\"\/en\/urunler\/geosentetik\/drenaj-geokompozitleri\/\" tabindex=\"-1\"><img decoding=\"async\" width=\"380\" height=\"174\" src=\"https:\/\/geomas.com\/wp-content\/uploads\/2025\/09\/geodrain-net_380x174.jpg\" class=\"attachment-full size-full wp-image-434\" alt=\"Drenaj Geokompozitleri\" srcset=\"https:\/\/geomas.com\/wp-content\/uploads\/2025\/09\/geodrain-net_380x174.jpg 380w, https:\/\/geomas.com\/wp-content\/uploads\/2025\/09\/geodrain-net_380x174-300x137.jpg 300w, https:\/\/geomas.com\/wp-content\/uploads\/2025\/09\/geodrain-net_380x174-18x8.jpg 18w\" sizes=\"(max-width: 380px) 100vw, 380px\" \/><\/a><\/figure><div class=\"elementor-image-box-content\"><h3 class=\"elementor-image-box-title\"><a href=\"\/en\/urunler\/geosentetik\/drenaj-geokompozitleri\/\">The Drainage Composite<\/a><\/h3><p class=\"elementor-image-box-description\">During the construction of the structure, natural or artificial means from a place of water by...<\/p><\/div><\/div>\t\t\t\t<\/div>\n\t\t\t\t<\/div>\n\t\t\t\t<\/div>\n\t\t<div class=\"elementor-element elementor-element-2e25993 e-con-full e-flex e-con e-child\" data-id=\"2e25993\" data-element_type=\"container\">\n\t\t<div class=\"elementor-element elementor-element-cd66e28 e-con-full e-flex e-con e-child\" data-id=\"cd66e28\" data-element_type=\"container\">\n\t\t\t\t<div class=\"elementor-element elementor-element-7ebd355 elementor-position-top elementor-widget elementor-widget-image-box\" data-id=\"7ebd355\" data-element_type=\"widget\" data-widget_type=\"image-box.default\">\n\t\t\t\t\t<div class=\"elementor-image-box-wrapper\"><figure class=\"elementor-image-box-img\"><a href=\"\/en\/urunler\/geosentetik\/geosentetik-tupler\/\" tabindex=\"-1\"><img decoding=\"async\" width=\"380\" height=\"174\" src=\"https:\/\/geomas.com\/wp-content\/uploads\/2025\/09\/geodrain-tube_380x174.jpg\" class=\"attachment-full size-full wp-image-433\" alt=\"\" srcset=\"https:\/\/geomas.com\/wp-content\/uploads\/2025\/09\/geodrain-tube_380x174.jpg 380w, https:\/\/geomas.com\/wp-content\/uploads\/2025\/09\/geodrain-tube_380x174-300x137.jpg 300w, https:\/\/geomas.com\/wp-content\/uploads\/2025\/09\/geodrain-tube_380x174-18x8.jpg 18w\" sizes=\"(max-width: 380px) 100vw, 380px\" \/><\/a><\/figure><div class=\"elementor-image-box-content\"><h3 class=\"elementor-image-box-title\"><a href=\"\/en\/urunler\/geosentetik\/geosentetik-tupler\/\">Geosynthetic Tubes<\/a><\/h3><p class=\"elementor-image-box-description\">In waste disposal, the transportation of liquid waste from one place to another is always...<\/p><\/div><\/div>\t\t\t\t<\/div>\n\t\t\t\t<\/div>\n\t\t\t\t<\/div>\n\t\t\t\t<\/div>","protected":false},"excerpt":{"rendered":"<p>Geosentetik Geosentetik, m\u00fchendislik alan\u0131nda geleneksel y\u00f6ntemlerin yerine kullan\u0131lan tekstil ve kompozit \u00fcr\u00fcnlerin genel ad\u0131d\u0131r. Bu \u00fcr\u00fcnler, polipropilen (PP), polyester (PET), polietilen gibi [&hellip;]<\/p>","protected":false},"author":1,"featured_media":0,"parent":55,"menu_order":0,"comment_status":"closed","ping_status":"closed","template":"","meta":{"footnotes":""},"class_list":["post-77","page","type-page","status-publish","hentry"],"_links":{"self":[{"href":"https:\/\/geomas.com\/en\/wp-json\/wp\/v2\/pages\/77","targetHints":{"allow":["GET"]}}],"collection":[{"href":"https:\/\/geomas.com\/en\/wp-json\/wp\/v2\/pages"}],"about":[{"href":"https:\/\/geomas.com\/en\/wp-json\/wp\/v2\/types\/page"}],"author":[{"embeddable":true,"href":"https:\/\/geomas.com\/en\/wp-json\/wp\/v2\/users\/1"}],"replies":[{"embeddable":true,"href":"https:\/\/geomas.com\/en\/wp-json\/wp\/v2\/comments?post=77"}],"version-history":[{"count":34,"href":"https:\/\/geomas.com\/en\/wp-json\/wp\/v2\/pages\/77\/revisions"}],"predecessor-version":[{"id":3597,"href":"https:\/\/geomas.com\/en\/wp-json\/wp\/v2\/pages\/77\/revisions\/3597"}],"up":[{"embeddable":true,"href":"https:\/\/geomas.com\/en\/wp-json\/wp\/v2\/pages\/55"}],"wp:attachment":[{"href":"https:\/\/geomas.com\/en\/wp-json\/wp\/v2\/media?parent=77"}],"curies":[{"name":"wp","href":"https:\/\/api.w.org\/{rel}","templated":true}]}}