{"id":71,"date":"2025-09-10T15:27:02","date_gmt":"2025-09-10T15:27:02","guid":{"rendered":"https:\/\/geomas.com\/?page_id=71"},"modified":"2026-02-18T11:57:23","modified_gmt":"2026-02-18T11:57:23","slug":"geogridler","status":"publish","type":"page","link":"https:\/\/geomas.com\/en\/urunler\/geosentetik\/geogridler\/","title":{"rendered":"Geogrid"},"content":{"rendered":"<div data-elementor-type=\"wp-page\" data-elementor-id=\"71\" class=\"elementor elementor-71\" data-elementor-settings=\"{&quot;element_pack_global_tooltip_width&quot;:{&quot;unit&quot;:&quot;px&quot;,&quot;size&quot;:&quot;&quot;,&quot;sizes&quot;:[]},&quot;element_pack_global_tooltip_width_tablet&quot;:{&quot;unit&quot;:&quot;px&quot;,&quot;size&quot;:&quot;&quot;,&quot;sizes&quot;:[]},&quot;element_pack_global_tooltip_width_mobile&quot;:{&quot;unit&quot;:&quot;px&quot;,&quot;size&quot;:&quot;&quot;,&quot;sizes&quot;:[]},&quot;element_pack_global_tooltip_padding&quot;:{&quot;unit&quot;:&quot;px&quot;,&quot;top&quot;:&quot;&quot;,&quot;right&quot;:&quot;&quot;,&quot;bottom&quot;:&quot;&quot;,&quot;left&quot;:&quot;&quot;,&quot;isLinked&quot;:true},&quot;element_pack_global_tooltip_padding_tablet&quot;:{&quot;unit&quot;:&quot;px&quot;,&quot;top&quot;:&quot;&quot;,&quot;right&quot;:&quot;&quot;,&quot;bottom&quot;:&quot;&quot;,&quot;left&quot;:&quot;&quot;,&quot;isLinked&quot;:true},&quot;element_pack_global_tooltip_padding_mobile&quot;:{&quot;unit&quot;:&quot;px&quot;,&quot;top&quot;:&quot;&quot;,&quot;right&quot;:&quot;&quot;,&quot;bottom&quot;:&quot;&quot;,&quot;left&quot;:&quot;&quot;,&quot;isLinked&quot;:true},&quot;element_pack_global_tooltip_border_radius&quot;:{&quot;unit&quot;:&quot;px&quot;,&quot;top&quot;:&quot;&quot;,&quot;right&quot;:&quot;&quot;,&quot;bottom&quot;:&quot;&quot;,&quot;left&quot;:&quot;&quot;,&quot;isLinked&quot;:true},&quot;element_pack_global_tooltip_border_radius_tablet&quot;:{&quot;unit&quot;:&quot;px&quot;,&quot;top&quot;:&quot;&quot;,&quot;right&quot;:&quot;&quot;,&quot;bottom&quot;:&quot;&quot;,&quot;left&quot;:&quot;&quot;,&quot;isLinked&quot;:true},&quot;element_pack_global_tooltip_border_radius_mobile&quot;:{&quot;unit&quot;:&quot;px&quot;,&quot;top&quot;:&quot;&quot;,&quot;right&quot;:&quot;&quot;,&quot;bottom&quot;:&quot;&quot;,&quot;left&quot;:&quot;&quot;,&quot;isLinked&quot;:true}}\" data-elementor-post-type=\"page\">\n\t\t\t\t<div class=\"elementor-element elementor-element-559f461 e-flex e-con-boxed e-con e-parent\" data-id=\"559f461\" data-element_type=\"container\">\n\t\t\t\t\t<div class=\"e-con-inner\">\n\t\t\t\t<div class=\"elementor-element elementor-element-d296d5e elementor-widget elementor-widget-breadcrumbs\" data-id=\"d296d5e\" data-element_type=\"widget\" data-widget_type=\"breadcrumbs.default\">\n\t\t\t\t<div class=\"elementor-widget-container\">\n\t\t\t\t\t<nav aria-label=\"breadcrumbs\" class=\"rank-math-breadcrumb\"><p><span class=\"last\">Homepage<\/span><\/p><\/nav>\t\t\t\t<\/div>\n\t\t\t\t<\/div>\n\t\t\t\t\t<\/div>\n\t\t\t\t<\/div>\n\t\t<div class=\"elementor-element elementor-element-e935827 e-flex e-con-boxed e-con e-parent\" data-id=\"e935827\" data-element_type=\"container\">\n\t\t\t\t\t<div class=\"e-con-inner\">\n\t\t\t\t<div class=\"elementor-element elementor-element-9ff2f59 elementor-widget elementor-widget-image\" data-id=\"9ff2f59\" data-element_type=\"widget\" data-widget_type=\"image.default\">\n\t\t\t\t\t\t\t\t\t\t\t\t\t\t\t<img decoding=\"async\" width=\"1520\" height=\"370\" src=\"https:\/\/geomas.com\/wp-content\/uploads\/2025\/12\/enkagrid-max-1-1.png\" class=\"attachment-full size-full wp-image-3050\" alt=\"\" srcset=\"https:\/\/geomas.com\/wp-content\/uploads\/2025\/12\/enkagrid-max-1-1.png 1520w, https:\/\/geomas.com\/wp-content\/uploads\/2025\/12\/enkagrid-max-1-1-300x73.png 300w, https:\/\/geomas.com\/wp-content\/uploads\/2025\/12\/enkagrid-max-1-1-1024x249.png 1024w, https:\/\/geomas.com\/wp-content\/uploads\/2025\/12\/enkagrid-max-1-1-768x187.png 768w, https:\/\/geomas.com\/wp-content\/uploads\/2025\/12\/enkagrid-max-1-1-18x4.png 18w, https:\/\/geomas.com\/wp-content\/uploads\/2025\/12\/enkagrid-max-1-1-650x158.png 650w\" sizes=\"(max-width: 1520px) 100vw, 1520px\" \/>\t\t\t\t\t\t\t\t\t\t\t\t\t\t\t<\/div>\n\t\t\t\t\t<\/div>\n\t\t\t\t<\/div>\n\t\t<div class=\"elementor-element elementor-element-071dfa9 e-flex e-con-boxed e-con e-parent\" data-id=\"071dfa9\" data-element_type=\"container\">\n\t\t\t\t\t<div class=\"e-con-inner\">\n\t\t<div class=\"elementor-element elementor-element-dbca4a8 e-con-full e-flex e-con e-child\" data-id=\"dbca4a8\" data-element_type=\"container\" data-settings=\"{&quot;background_background&quot;:&quot;classic&quot;}\">\n\t\t\t\t<div class=\"elementor-element elementor-element-0bf59ba elementor-widget elementor-widget-heading\" data-id=\"0bf59ba\" data-element_type=\"widget\" data-widget_type=\"heading.default\">\n\t\t\t\t\t<h1 class=\"elementor-heading-title elementor-size-default\">Geogrid<\/h1>\t\t\t\t<\/div>\n\t\t\t\t<div class=\"elementor-element elementor-element-6abdef7 elementor-widget elementor-widget-text-editor\" data-id=\"6abdef7\" data-element_type=\"widget\" data-widget_type=\"text-editor.default\">\n\t\t\t\t\t\t\t\t\t<div class=\"uk-width-1-2@m uk-margin-auto uk-text-center category-text\"><div class=\"uk-margin-remove-last-child\"><div class=\"uk-width-1-2@m uk-margin-auto uk-text-center category-text\"><div class=\"uk-margin-remove-last-child\"><div class=\"uk-width-1-2@m uk-margin-auto uk-text-center category-text\"><div><div class=\"uk-margin-remove-last-child\"><p>Geogrid products are geosynthetic materials used to reinforce soils, asphalt, and similar materials. Geogrids are typically used to reinforce retaining walls as well as the foundation or sub-base beneath roads or structures. Compared to soil, geogrids are strong in terms of tension. This allows them to transfer forces acting on the soil over a wider area and counteract the stresses, thereby increasing the soil's bearing capacity. Geogrids are usually made from polymer materials such as polyester, polyvinyl alcohol, polyethylene, or polypropylene. Geogrids can be woven or knitted from yarns, or welded from material strips using heat or lasers.<\/p><\/div><\/div><\/div><\/div><\/div><\/div><\/div>\t\t\t\t\t\t\t\t<\/div>\n\t\t\t\t<\/div>\n\t\t\t\t\t<\/div>\n\t\t\t\t<\/div>\n\t\t<div class=\"elementor-element elementor-element-deb4370 e-con-full e-flex e-con e-child\" data-id=\"deb4370\" data-element_type=\"container\">\n\t\t<div class=\"elementor-element elementor-element-cbb91e8 e-con-full e-flex e-con e-child\" data-id=\"cbb91e8\" data-element_type=\"container\">\n\t\t\t\t<div class=\"elementor-element elementor-element-ed206df elementor-position-top elementor-widget elementor-widget-image-box\" data-id=\"ed206df\" data-element_type=\"widget\" data-widget_type=\"image-box.default\">\n\t\t\t\t\t<div class=\"elementor-image-box-wrapper\"><figure class=\"elementor-image-box-img\"><a href=\"\/en\/urunler\/geosentetik\/geogridler\/techgrid-m\/\" tabindex=\"-1\"><img decoding=\"async\" width=\"870\" height=\"460\" src=\"https:\/\/geomas.com\/wp-content\/uploads\/2025\/09\/techgrid-m.jpg\" class=\"attachment-full size-full wp-image-1020\" alt=\"\" srcset=\"https:\/\/geomas.com\/wp-content\/uploads\/2025\/09\/techgrid-m.jpg 870w, https:\/\/geomas.com\/wp-content\/uploads\/2025\/09\/techgrid-m-300x159.jpg 300w, https:\/\/geomas.com\/wp-content\/uploads\/2025\/09\/techgrid-m-768x406.jpg 768w, https:\/\/geomas.com\/wp-content\/uploads\/2025\/09\/techgrid-m-18x10.jpg 18w, https:\/\/geomas.com\/wp-content\/uploads\/2025\/09\/techgrid-m-650x344.jpg 650w\" sizes=\"(max-width: 870px) 100vw, 870px\" \/><\/a><\/figure><div class=\"elementor-image-box-content\"><h3 class=\"elementor-image-box-title\"><a href=\"\/en\/urunler\/geosentetik\/geogridler\/techgrid-m\/\"> TechGrid M<\/a><\/h3><p class=\"elementor-image-box-description\">TechGrid\u00a9 has a proven track record in soil reinforcement...\n<\/p><\/div><\/div>\t\t\t\t<\/div>\n\t\t\t\t<\/div>\n\t\t<div class=\"elementor-element elementor-element-105a3c6 e-con-full e-flex e-con e-child\" data-id=\"105a3c6\" data-element_type=\"container\">\n\t\t\t\t<div class=\"elementor-element elementor-element-648cf33 elementor-position-top elementor-widget elementor-widget-image-box\" data-id=\"648cf33\" data-element_type=\"widget\" data-widget_type=\"image-box.default\">\n\t\t\t\t\t<div class=\"elementor-image-box-wrapper\"><figure class=\"elementor-image-box-img\"><a href=\"\/en\/urunler\/geosentetik\/geogridler\/techgrid-d\/\" tabindex=\"-1\"><img decoding=\"async\" width=\"870\" height=\"460\" src=\"https:\/\/geomas.com\/wp-content\/uploads\/2025\/10\/techgrid-d-2.jpg\" class=\"attachment-full size-full wp-image-1423\" alt=\"\" srcset=\"https:\/\/geomas.com\/wp-content\/uploads\/2025\/10\/techgrid-d-2.jpg 870w, https:\/\/geomas.com\/wp-content\/uploads\/2025\/10\/techgrid-d-2-300x159.jpg 300w, https:\/\/geomas.com\/wp-content\/uploads\/2025\/10\/techgrid-d-2-768x406.jpg 768w, https:\/\/geomas.com\/wp-content\/uploads\/2025\/10\/techgrid-d-2-18x10.jpg 18w, https:\/\/geomas.com\/wp-content\/uploads\/2025\/10\/techgrid-d-2-650x344.jpg 650w\" sizes=\"(max-width: 870px) 100vw, 870px\" \/><\/a><\/figure><div class=\"elementor-image-box-content\"><h3 class=\"elementor-image-box-title\"><a href=\"\/en\/urunler\/geosentetik\/geogridler\/techgrid-d\/\">TechGrid D<\/a><\/h3><p class=\"elementor-image-box-description\">TechGrid\u00a9 D is manufactured with high-strength polyester yarns...<\/p><\/div><\/div>\t\t\t\t<\/div>\n\t\t\t\t<\/div>\n\t\t<div class=\"elementor-element elementor-element-6ecca03 e-con-full e-flex e-con e-child\" data-id=\"6ecca03\" data-element_type=\"container\">\n\t\t\t\t<div class=\"elementor-element elementor-element-189c442 elementor-position-top elementor-widget elementor-widget-image-box\" data-id=\"189c442\" data-element_type=\"widget\" data-widget_type=\"image-box.default\">\n\t\t\t\t\t<div class=\"elementor-image-box-wrapper\"><figure class=\"elementor-image-box-img\"><a href=\"\/en\/urunler\/geosentetik\/geogridler\/techgrid-gfg\/\" tabindex=\"-1\"><img decoding=\"async\" width=\"1600\" height=\"813\" src=\"https:\/\/geomas.com\/wp-content\/uploads\/2025\/11\/TechGrid-GFG-1_11zon-scaled-1-e1764155576430.webp\" class=\"attachment-full size-full wp-image-2954\" alt=\"\" srcset=\"https:\/\/geomas.com\/wp-content\/uploads\/2025\/11\/TechGrid-GFG-1_11zon-scaled-1-e1764155576430.webp 1600w, https:\/\/geomas.com\/wp-content\/uploads\/2025\/11\/TechGrid-GFG-1_11zon-scaled-1-e1764155576430-300x152.webp 300w, https:\/\/geomas.com\/wp-content\/uploads\/2025\/11\/TechGrid-GFG-1_11zon-scaled-1-e1764155576430-1024x520.webp 1024w, https:\/\/geomas.com\/wp-content\/uploads\/2025\/11\/TechGrid-GFG-1_11zon-scaled-1-e1764155576430-768x390.webp 768w, https:\/\/geomas.com\/wp-content\/uploads\/2025\/11\/TechGrid-GFG-1_11zon-scaled-1-e1764155576430-1536x780.webp 1536w, https:\/\/geomas.com\/wp-content\/uploads\/2025\/11\/TechGrid-GFG-1_11zon-scaled-1-e1764155576430-18x9.webp 18w, https:\/\/geomas.com\/wp-content\/uploads\/2025\/11\/TechGrid-GFG-1_11zon-scaled-1-e1764155576430-650x330.webp 650w\" sizes=\"(max-width: 1600px) 100vw, 1600px\" \/><\/a><\/figure><div class=\"elementor-image-box-content\"><h3 class=\"elementor-image-box-title\"><a href=\"\/en\/urunler\/geosentetik\/geogridler\/techgrid-gfg\/\">TechGrid GFG<\/a><\/h3><p class=\"elementor-image-box-description\">TechGrid GFG, reinforced for strengthening asphalt roads...<\/p><\/div><\/div>\t\t\t\t<\/div>\n\t\t\t\t<\/div>\n\t\t<div class=\"elementor-element elementor-element-d396df4 e-con-full e-flex e-con e-child\" data-id=\"d396df4\" data-element_type=\"container\">\n\t\t\t\t<div class=\"elementor-element elementor-element-936240b elementor-position-top elementor-widget elementor-widget-image-box\" data-id=\"936240b\" data-element_type=\"widget\" data-widget_type=\"image-box.default\">\n\t\t\t\t\t<div class=\"elementor-image-box-wrapper\"><figure class=\"elementor-image-box-img\"><a href=\"\/en\/urunler\/geosentetik\/geogridler\/techgrid-gf\/\" tabindex=\"-1\"><img decoding=\"async\" width=\"1600\" height=\"813\" src=\"https:\/\/geomas.com\/wp-content\/uploads\/2025\/11\/TechGrid-GFG-1_11zon-scaled-1-e1764155576430.webp\" class=\"attachment-full size-full wp-image-2954\" alt=\"\" srcset=\"https:\/\/geomas.com\/wp-content\/uploads\/2025\/11\/TechGrid-GFG-1_11zon-scaled-1-e1764155576430.webp 1600w, https:\/\/geomas.com\/wp-content\/uploads\/2025\/11\/TechGrid-GFG-1_11zon-scaled-1-e1764155576430-300x152.webp 300w, https:\/\/geomas.com\/wp-content\/uploads\/2025\/11\/TechGrid-GFG-1_11zon-scaled-1-e1764155576430-1024x520.webp 1024w, https:\/\/geomas.com\/wp-content\/uploads\/2025\/11\/TechGrid-GFG-1_11zon-scaled-1-e1764155576430-768x390.webp 768w, https:\/\/geomas.com\/wp-content\/uploads\/2025\/11\/TechGrid-GFG-1_11zon-scaled-1-e1764155576430-1536x780.webp 1536w, https:\/\/geomas.com\/wp-content\/uploads\/2025\/11\/TechGrid-GFG-1_11zon-scaled-1-e1764155576430-18x9.webp 18w, https:\/\/geomas.com\/wp-content\/uploads\/2025\/11\/TechGrid-GFG-1_11zon-scaled-1-e1764155576430-650x330.webp 650w\" sizes=\"(max-width: 1600px) 100vw, 1600px\" \/><\/a><\/figure><div class=\"elementor-image-box-content\"><h3 class=\"elementor-image-box-title\"><a href=\"\/en\/urunler\/geosentetik\/geogridler\/techgrid-gf\/\">TechGrid GF<\/a><\/h3><p class=\"elementor-image-box-description\">Geogrid, for reinforcing asphalt roads and increasing their durability...<\/p><\/div><\/div>\t\t\t\t<\/div>\n\t\t\t\t<\/div>\n\t\t\t\t<\/div>\n\t\t\t\t<\/div>","protected":false},"excerpt":{"rendered":"<p>Geogrid \u00fcr\u00fcnler topraklar, asfalt ve benzeri malzemeleri g\u00fc\u00e7lendirmek i\u00e7in kullan\u0131lan geosentetik malzemedir. Geogridler genellikle istinat duvarlar\u0131n\u0131n yan\u0131 s\u0131ra yollar\u0131n veya yap\u0131lar\u0131n alt\u0131ndaki [&hellip;]<\/p>","protected":false},"author":1,"featured_media":0,"parent":77,"menu_order":0,"comment_status":"closed","ping_status":"closed","template":"","meta":{"footnotes":""},"class_list":["post-71","page","type-page","status-publish","hentry"],"_links":{"self":[{"href":"https:\/\/geomas.com\/en\/wp-json\/wp\/v2\/pages\/71","targetHints":{"allow":["GET"]}}],"collection":[{"href":"https:\/\/geomas.com\/en\/wp-json\/wp\/v2\/pages"}],"about":[{"href":"https:\/\/geomas.com\/en\/wp-json\/wp\/v2\/types\/page"}],"author":[{"embeddable":true,"href":"https:\/\/geomas.com\/en\/wp-json\/wp\/v2\/users\/1"}],"replies":[{"embeddable":true,"href":"https:\/\/geomas.com\/en\/wp-json\/wp\/v2\/comments?post=71"}],"version-history":[{"count":7,"href":"https:\/\/geomas.com\/en\/wp-json\/wp\/v2\/pages\/71\/revisions"}],"predecessor-version":[{"id":3588,"href":"https:\/\/geomas.com\/en\/wp-json\/wp\/v2\/pages\/71\/revisions\/3588"}],"up":[{"embeddable":true,"href":"https:\/\/geomas.com\/en\/wp-json\/wp\/v2\/pages\/77"}],"wp:attachment":[{"href":"https:\/\/geomas.com\/en\/wp-json\/wp\/v2\/media?parent=71"}],"curies":[{"name":"wp","href":"https:\/\/api.w.org\/{rel}","templated":true}]}}