{"id":65,"date":"2025-09-10T15:22:26","date_gmt":"2025-09-10T15:22:26","guid":{"rendered":"https:\/\/geomas.com\/?page_id=65"},"modified":"2025-12-17T08:37:21","modified_gmt":"2025-12-17T08:37:21","slug":"ozel-geosentetikler","status":"publish","type":"page","link":"https:\/\/geomas.com\/en\/urunler\/geosentetik\/ozel-geosentetikler\/","title":{"rendered":"Special Geosynthetics"},"content":{"rendered":"<div data-elementor-type=\"wp-page\" data-elementor-id=\"65\" class=\"elementor elementor-65\" data-elementor-settings=\"{&quot;element_pack_global_tooltip_width&quot;:{&quot;unit&quot;:&quot;px&quot;,&quot;size&quot;:&quot;&quot;,&quot;sizes&quot;:[]},&quot;element_pack_global_tooltip_width_tablet&quot;:{&quot;unit&quot;:&quot;px&quot;,&quot;size&quot;:&quot;&quot;,&quot;sizes&quot;:[]},&quot;element_pack_global_tooltip_width_mobile&quot;:{&quot;unit&quot;:&quot;px&quot;,&quot;size&quot;:&quot;&quot;,&quot;sizes&quot;:[]},&quot;element_pack_global_tooltip_padding&quot;:{&quot;unit&quot;:&quot;px&quot;,&quot;top&quot;:&quot;&quot;,&quot;right&quot;:&quot;&quot;,&quot;bottom&quot;:&quot;&quot;,&quot;left&quot;:&quot;&quot;,&quot;isLinked&quot;:true},&quot;element_pack_global_tooltip_padding_tablet&quot;:{&quot;unit&quot;:&quot;px&quot;,&quot;top&quot;:&quot;&quot;,&quot;right&quot;:&quot;&quot;,&quot;bottom&quot;:&quot;&quot;,&quot;left&quot;:&quot;&quot;,&quot;isLinked&quot;:true},&quot;element_pack_global_tooltip_padding_mobile&quot;:{&quot;unit&quot;:&quot;px&quot;,&quot;top&quot;:&quot;&quot;,&quot;right&quot;:&quot;&quot;,&quot;bottom&quot;:&quot;&quot;,&quot;left&quot;:&quot;&quot;,&quot;isLinked&quot;:true},&quot;element_pack_global_tooltip_border_radius&quot;:{&quot;unit&quot;:&quot;px&quot;,&quot;top&quot;:&quot;&quot;,&quot;right&quot;:&quot;&quot;,&quot;bottom&quot;:&quot;&quot;,&quot;left&quot;:&quot;&quot;,&quot;isLinked&quot;:true},&quot;element_pack_global_tooltip_border_radius_tablet&quot;:{&quot;unit&quot;:&quot;px&quot;,&quot;top&quot;:&quot;&quot;,&quot;right&quot;:&quot;&quot;,&quot;bottom&quot;:&quot;&quot;,&quot;left&quot;:&quot;&quot;,&quot;isLinked&quot;:true},&quot;element_pack_global_tooltip_border_radius_mobile&quot;:{&quot;unit&quot;:&quot;px&quot;,&quot;top&quot;:&quot;&quot;,&quot;right&quot;:&quot;&quot;,&quot;bottom&quot;:&quot;&quot;,&quot;left&quot;:&quot;&quot;,&quot;isLinked&quot;:true}}\" data-elementor-post-type=\"page\">\n\t\t\t\t<div class=\"elementor-element elementor-element-4682b42b e-flex e-con-boxed e-con e-parent\" data-id=\"4682b42b\" data-element_type=\"container\">\n\t\t\t\t\t<div class=\"e-con-inner\">\n\t\t\t\t<div class=\"elementor-element elementor-element-21e2e837 elementor-widget elementor-widget-breadcrumbs\" data-id=\"21e2e837\" data-element_type=\"widget\" data-widget_type=\"breadcrumbs.default\">\n\t\t\t\t<div class=\"elementor-widget-container\">\n\t\t\t\t\t<nav aria-label=\"breadcrumbs\" class=\"rank-math-breadcrumb\"><p><span class=\"last\">Homepage<\/span><\/p><\/nav>\t\t\t\t<\/div>\n\t\t\t\t<\/div>\n\t\t\t\t\t<\/div>\n\t\t\t\t<\/div>\n\t\t<div class=\"elementor-element elementor-element-6994d452 e-flex e-con-boxed e-con e-parent\" data-id=\"6994d452\" data-element_type=\"container\">\n\t\t\t\t\t<div class=\"e-con-inner\">\n\t\t\t\t<div class=\"elementor-element elementor-element-1af5f8dd elementor-widget elementor-widget-image\" data-id=\"1af5f8dd\" data-element_type=\"widget\" data-widget_type=\"image.default\">\n\t\t\t\t\t\t\t\t\t\t\t\t\t\t\t<img decoding=\"async\" width=\"1520\" height=\"370\" src=\"https:\/\/geomas.com\/wp-content\/uploads\/2025\/09\/19052014837-enka-concrete-mattress-low-bonar.jpg\" class=\"attachment-full size-full wp-image-826\" alt=\"\" srcset=\"https:\/\/geomas.com\/wp-content\/uploads\/2025\/09\/19052014837-enka-concrete-mattress-low-bonar.jpg 1520w, https:\/\/geomas.com\/wp-content\/uploads\/2025\/09\/19052014837-enka-concrete-mattress-low-bonar-300x73.jpg 300w, https:\/\/geomas.com\/wp-content\/uploads\/2025\/09\/19052014837-enka-concrete-mattress-low-bonar-1024x249.jpg 1024w, https:\/\/geomas.com\/wp-content\/uploads\/2025\/09\/19052014837-enka-concrete-mattress-low-bonar-768x187.jpg 768w, https:\/\/geomas.com\/wp-content\/uploads\/2025\/09\/19052014837-enka-concrete-mattress-low-bonar-18x4.jpg 18w, https:\/\/geomas.com\/wp-content\/uploads\/2025\/09\/19052014837-enka-concrete-mattress-low-bonar-650x158.jpg 650w\" sizes=\"(max-width: 1520px) 100vw, 1520px\" \/>\t\t\t\t\t\t\t\t\t\t\t\t\t\t\t<\/div>\n\t\t\t\t\t<\/div>\n\t\t\t\t<\/div>\n\t\t<div class=\"elementor-element elementor-element-3e39334a e-flex e-con-boxed e-con e-parent\" data-id=\"3e39334a\" data-element_type=\"container\">\n\t\t\t\t\t<div class=\"e-con-inner\">\n\t\t<div class=\"elementor-element elementor-element-24a0cd2d e-con-full e-flex e-con e-child\" data-id=\"24a0cd2d\" data-element_type=\"container\" data-settings=\"{&quot;background_background&quot;:&quot;classic&quot;}\">\n\t\t\t\t<div class=\"elementor-element elementor-element-2eb87b9d elementor-widget elementor-widget-heading\" data-id=\"2eb87b9d\" data-element_type=\"widget\" data-widget_type=\"heading.default\">\n\t\t\t\t\t<h1 class=\"elementor-heading-title elementor-size-default\">Special Geosynthetics\n<\/h1>\t\t\t\t<\/div>\n\t\t\t\t<div class=\"elementor-element elementor-element-2c42fbda elementor-widget elementor-widget-text-editor\" data-id=\"2c42fbda\" data-element_type=\"widget\" data-widget_type=\"text-editor.default\">\n\t\t\t\t\t\t\t\t\t<div class=\"uk-width-1-2@m uk-margin-auto uk-text-center category-text\"><div class=\"uk-margin-remove-last-child\"><div class=\"uk-width-1-2@m uk-margin-auto uk-text-center category-text\"><div><div class=\"uk-margin-remove-last-child\"><p>Water creeks and river beds produced by high resistance to stretch and glide under the sea or on the coast of the sea showing oyulma specially developed to withstand geosynthetic materials, rare and important features that have solutions. This particular geosynthetic materials, erosion control, coastal protection, and the protection of directing the flow of water are used in applications such as underwater structures. The use of geosynthetic materials in this rare, erosion control streams and river beds, underwater structure, protection, coastal protection, and plays an important role in similar projects. Our team of experts will be happy to assist to deliver custom solutions to your needs.<\/p><\/div><\/div><\/div><\/div><\/div>\t\t\t\t\t\t\t\t<\/div>\n\t\t\t\t<\/div>\n\t\t\t\t\t<\/div>\n\t\t\t\t<\/div>\n\t\t<div class=\"elementor-element elementor-element-7ad5a273 e-con-full e-flex e-con e-child\" data-id=\"7ad5a273\" data-element_type=\"container\">\n\t\t<div class=\"elementor-element elementor-element-56f328c2 e-con-full e-flex e-con e-child\" data-id=\"56f328c2\" data-element_type=\"container\">\n\t\t\t\t<div class=\"elementor-element elementor-element-67346e4c elementor-widget__width-initial elementor-position-top elementor-widget elementor-widget-image-box\" data-id=\"67346e4c\" data-element_type=\"widget\" data-widget_type=\"image-box.default\">\n\t\t\t\t\t<div class=\"elementor-image-box-wrapper\"><figure class=\"elementor-image-box-img\"><a href=\"\/en\/urunler\/geosentetik\/ozel-geosentetikler\/sandmax\/\" tabindex=\"-1\"><img decoding=\"async\" width=\"360\" height=\"180\" src=\"https:\/\/geomas.com\/wp-content\/uploads\/2025\/09\/enka_103-1.jpg\" class=\"attachment-full size-full wp-image-746\" alt=\"\" srcset=\"https:\/\/geomas.com\/wp-content\/uploads\/2025\/09\/enka_103-1.jpg 360w, https:\/\/geomas.com\/wp-content\/uploads\/2025\/09\/enka_103-1-300x150.jpg 300w, https:\/\/geomas.com\/wp-content\/uploads\/2025\/09\/enka_103-1-18x9.jpg 18w\" sizes=\"(max-width: 360px) 100vw, 360px\" \/><\/a><\/figure><div class=\"elementor-image-box-content\"><h3 class=\"elementor-image-box-title\"><a href=\"\/en\/urunler\/geosentetik\/ozel-geosentetikler\/sandmax\/\">SandMax DCM<\/a><\/h3><p class=\"elementor-image-box-description\">SandMax DCM, challenging slopes, or for the protection of structures generated under field conditions developed...\n<\/p><\/div><\/div>\t\t\t\t<\/div>\n\t\t\t\t<\/div>\n\t\t<div class=\"elementor-element elementor-element-5ccabe8b e-con-full e-flex e-con e-child\" data-id=\"5ccabe8b\" data-element_type=\"container\">\n\t\t\t\t<div class=\"elementor-element elementor-element-718cfeb2 elementor-position-top elementor-widget elementor-widget-image-box\" data-id=\"718cfeb2\" data-element_type=\"widget\" data-widget_type=\"image-box.default\">\n\t\t\t\t\t<div class=\"elementor-image-box-wrapper\"><figure class=\"elementor-image-box-img\"><a href=\"\/en\/urunler\/geosentetik\/ozel-geosentetikler\/sandmax-bdu\/\" tabindex=\"-1\"><img decoding=\"async\" width=\"870\" height=\"439\" src=\"https:\/\/geomas.com\/wp-content\/uploads\/2025\/11\/geotekstil-silte-1-e1764156106605.webp\" class=\"attachment-full size-full wp-image-2958\" alt=\"\" srcset=\"https:\/\/geomas.com\/wp-content\/uploads\/2025\/11\/geotekstil-silte-1-e1764156106605.webp 870w, https:\/\/geomas.com\/wp-content\/uploads\/2025\/11\/geotekstil-silte-1-e1764156106605-300x151.webp 300w, https:\/\/geomas.com\/wp-content\/uploads\/2025\/11\/geotekstil-silte-1-e1764156106605-768x388.webp 768w, https:\/\/geomas.com\/wp-content\/uploads\/2025\/11\/geotekstil-silte-1-e1764156106605-18x9.webp 18w, https:\/\/geomas.com\/wp-content\/uploads\/2025\/11\/geotekstil-silte-1-e1764156106605-650x328.webp 650w\" sizes=\"(max-width: 870px) 100vw, 870px\" \/><\/a><\/figure><div class=\"elementor-image-box-content\"><h3 class=\"elementor-image-box-title\"><a href=\"\/en\/urunler\/geosentetik\/ozel-geosentetikler\/sandmax-bdu\/\">SandMax BDU<\/a><\/h3><p class=\"elementor-image-box-description\">SandMax BDU, polypropylene geotextile on top of the layer composed of two layers of fine aggregate inside...\n<\/p><\/div><\/div>\t\t\t\t<\/div>\n\t\t\t\t<\/div>\n\t\t\t\t<\/div>\n\t\t\t\t<\/div>","protected":false},"excerpt":{"rendered":"<p>\u00d6zel Geosentetikler Dere ve nehir yataklar\u0131nda suyun meydana getirdi\u011fi kayma gerilmelerine kar\u015f\u0131 y\u00fcksek diren\u00e7 g\u00f6steren ve deniz alt\u0131nda veya deniz k\u0131y\u0131s\u0131nda oyulmalara [&hellip;]<\/p>","protected":false},"author":1,"featured_media":0,"parent":77,"menu_order":0,"comment_status":"closed","ping_status":"closed","template":"","meta":{"footnotes":""},"class_list":["post-65","page","type-page","status-publish","hentry"],"_links":{"self":[{"href":"https:\/\/geomas.com\/en\/wp-json\/wp\/v2\/pages\/65","targetHints":{"allow":["GET"]}}],"collection":[{"href":"https:\/\/geomas.com\/en\/wp-json\/wp\/v2\/pages"}],"about":[{"href":"https:\/\/geomas.com\/en\/wp-json\/wp\/v2\/types\/page"}],"author":[{"embeddable":true,"href":"https:\/\/geomas.com\/en\/wp-json\/wp\/v2\/users\/1"}],"replies":[{"embeddable":true,"href":"https:\/\/geomas.com\/en\/wp-json\/wp\/v2\/comments?post=65"}],"version-history":[{"count":10,"href":"https:\/\/geomas.com\/en\/wp-json\/wp\/v2\/pages\/65\/revisions"}],"predecessor-version":[{"id":3570,"href":"https:\/\/geomas.com\/en\/wp-json\/wp\/v2\/pages\/65\/revisions\/3570"}],"up":[{"embeddable":true,"href":"https:\/\/geomas.com\/en\/wp-json\/wp\/v2\/pages\/77"}],"wp:attachment":[{"href":"https:\/\/geomas.com\/en\/wp-json\/wp\/v2\/media?parent=65"}],"curies":[{"name":"wp","href":"https:\/\/api.w.org\/{rel}","templated":true}]}}