{"id":55,"date":"2025-09-10T15:19:46","date_gmt":"2025-09-10T15:19:46","guid":{"rendered":"https:\/\/geomas.com\/?page_id=55"},"modified":"2025-11-26T10:36:55","modified_gmt":"2025-11-26T10:36:55","slug":"urunler","status":"publish","type":"page","link":"https:\/\/geomas.com\/en\/urunler\/","title":{"rendered":"Products"},"content":{"rendered":"<div data-elementor-type=\"wp-page\" data-elementor-id=\"55\" class=\"elementor elementor-55\" data-elementor-settings=\"{&quot;element_pack_global_tooltip_width&quot;:{&quot;unit&quot;:&quot;px&quot;,&quot;size&quot;:&quot;&quot;,&quot;sizes&quot;:[]},&quot;element_pack_global_tooltip_width_tablet&quot;:{&quot;unit&quot;:&quot;px&quot;,&quot;size&quot;:&quot;&quot;,&quot;sizes&quot;:[]},&quot;element_pack_global_tooltip_width_mobile&quot;:{&quot;unit&quot;:&quot;px&quot;,&quot;size&quot;:&quot;&quot;,&quot;sizes&quot;:[]},&quot;element_pack_global_tooltip_padding&quot;:{&quot;unit&quot;:&quot;px&quot;,&quot;top&quot;:&quot;&quot;,&quot;right&quot;:&quot;&quot;,&quot;bottom&quot;:&quot;&quot;,&quot;left&quot;:&quot;&quot;,&quot;isLinked&quot;:true},&quot;element_pack_global_tooltip_padding_tablet&quot;:{&quot;unit&quot;:&quot;px&quot;,&quot;top&quot;:&quot;&quot;,&quot;right&quot;:&quot;&quot;,&quot;bottom&quot;:&quot;&quot;,&quot;left&quot;:&quot;&quot;,&quot;isLinked&quot;:true},&quot;element_pack_global_tooltip_padding_mobile&quot;:{&quot;unit&quot;:&quot;px&quot;,&quot;top&quot;:&quot;&quot;,&quot;right&quot;:&quot;&quot;,&quot;bottom&quot;:&quot;&quot;,&quot;left&quot;:&quot;&quot;,&quot;isLinked&quot;:true},&quot;element_pack_global_tooltip_border_radius&quot;:{&quot;unit&quot;:&quot;px&quot;,&quot;top&quot;:&quot;&quot;,&quot;right&quot;:&quot;&quot;,&quot;bottom&quot;:&quot;&quot;,&quot;left&quot;:&quot;&quot;,&quot;isLinked&quot;:true},&quot;element_pack_global_tooltip_border_radius_tablet&quot;:{&quot;unit&quot;:&quot;px&quot;,&quot;top&quot;:&quot;&quot;,&quot;right&quot;:&quot;&quot;,&quot;bottom&quot;:&quot;&quot;,&quot;left&quot;:&quot;&quot;,&quot;isLinked&quot;:true},&quot;element_pack_global_tooltip_border_radius_mobile&quot;:{&quot;unit&quot;:&quot;px&quot;,&quot;top&quot;:&quot;&quot;,&quot;right&quot;:&quot;&quot;,&quot;bottom&quot;:&quot;&quot;,&quot;left&quot;:&quot;&quot;,&quot;isLinked&quot;:true}}\" data-elementor-post-type=\"page\">\n\t\t\t\t<div class=\"elementor-element elementor-element-cfa6f0c e-flex e-con-boxed e-con e-parent\" data-id=\"cfa6f0c\" data-element_type=\"container\">\n\t\t\t\t\t<div class=\"e-con-inner\">\n\t\t\t\t<div class=\"elementor-element elementor-element-c66900e elementor-widget elementor-widget-breadcrumbs\" data-id=\"c66900e\" data-element_type=\"widget\" data-widget_type=\"breadcrumbs.default\">\n\t\t\t\t<div class=\"elementor-widget-container\">\n\t\t\t\t\t<nav aria-label=\"breadcrumbs\" class=\"rank-math-breadcrumb\"><p><span class=\"last\">Homepage<\/span><\/p><\/nav>\t\t\t\t<\/div>\n\t\t\t\t<\/div>\n\t\t\t\t\t<\/div>\n\t\t\t\t<\/div>\n\t\t<div class=\"elementor-element elementor-element-f56bd16 e-flex e-con-boxed e-con e-parent\" data-id=\"f56bd16\" data-element_type=\"container\">\n\t\t\t\t\t<div class=\"e-con-inner\">\n\t\t\t\t<div class=\"elementor-element elementor-element-a8ef625 elementor-widget elementor-widget-heading\" data-id=\"a8ef625\" data-element_type=\"widget\" data-widget_type=\"heading.default\">\n\t\t\t\t\t<h2 class=\"elementor-heading-title elementor-size-default\">Products<\/h2>\t\t\t\t<\/div>\n\t\t\t\t<div class=\"elementor-element elementor-element-3379bcd elementor-widget__width-inherit elementor-widget-tablet__width-inherit elementor-widget-mobile__width-inherit elementor-widget elementor-widget-text-editor\" data-id=\"3379bcd\" data-element_type=\"widget\" data-widget_type=\"text-editor.default\">\n\t\t\t\t\t\t\t\t\t<div class=\"uk-grid uk-grid-medium uk-flex-center uk-text-center uk-grid-stack\">\n<div class=\"uk-width-1-2@m uk-first-column\">\n<p>Geomas Composite as for your construction projects top-level geosynthetic products we are proud to offer. Geosynthetic solutions, projects, economical, rapid, and sustainable by providing options to optimize the design. Our range of products, geosynthetic clay mats, geotextiles, are geogrid, drainage composites, includes innovative materials such as geomembrane and soil erosion control mats. This high quality materials were carefully selected in order to meet the specific needs of your project.<\/p>\n<\/div>\n<\/div>\t\t\t\t\t\t\t\t<\/div>\n\t\t\t\t<div class=\"elementor-element elementor-element-0986072 e-n-tabs-none elementor-widget elementor-widget-n-tabs\" data-id=\"0986072\" data-element_type=\"widget\" data-settings=\"{&quot;horizontal_scroll_mobile&quot;:&quot;enable&quot;,&quot;tabs_justify_horizontal&quot;:&quot;start&quot;,&quot;horizontal_scroll&quot;:&quot;disable&quot;}\" data-widget_type=\"nested-tabs.default\">\n\t\t\t\t\t\t\t<div class=\"e-n-tabs\" data-widget-number=\"9986162\" aria-label=\"Tabs. Items with open space and then escape with the cursor keys you can navigate between items and the items you can turn off.\">\n\t\t\t<div class=\"e-n-tabs-heading\" role=\"tablist\">\n\t\t\t\t\t<button id=\"e-n-tab-title-99861621\" class=\"e-n-tab-title\" aria-selected=\"true\" data-tab-index=\"1\" role=\"tab\" tabindex=\"0\" aria-controls=\"e-n-tab-content-99861621\" style=\"--n-tabs-title-order: 1;\">\n\t\t\t\t\t\t<span class=\"e-n-tab-title-text\">\n\t\t\t\tGeosynthetics\t\t\t<\/span>\n\t\t<\/button>\n\t\t\t\t<button id=\"e-n-tab-title-99861622\" class=\"e-n-tab-title\" aria-selected=\"false\" data-tab-index=\"2\" role=\"tab\" tabindex=\"-1\" aria-controls=\"e-n-tab-content-99861622\" style=\"--n-tabs-title-order: 2;\">\n\t\t\t\t\t\t<span class=\"e-n-tab-title-text\">\n\t\t\t\tWaterproofing\t\t\t<\/span>\n\t\t<\/button>\n\t\t\t\t\t<\/div>\n\t\t\t<div class=\"e-n-tabs-content\">\n\t\t\t\t<div id=\"e-n-tab-content-99861621\" role=\"tabpanel\" aria-labelledby=\"e-n-tab-title-99861621\" data-tab-index=\"1\" style=\"--n-tabs-title-order: 1;\" class=\"e-active elementor-element elementor-element-3630f21 e-con-full e-flex e-con e-child\" data-id=\"3630f21\" data-element_type=\"container\">\n\t\t<div class=\"elementor-element elementor-element-7c17ce8 e-con-full e-flex e-con e-child\" data-id=\"7c17ce8\" data-element_type=\"container\">\n\t\t<div class=\"elementor-element elementor-element-593b742 e-con-full e-flex e-con e-child\" data-id=\"593b742\" data-element_type=\"container\">\n\t\t\t\t<div class=\"elementor-element elementor-element-b7c0072 elementor-position-top elementor-widget elementor-widget-image-box\" data-id=\"b7c0072\" data-element_type=\"widget\" data-widget_type=\"image-box.default\">\n\t\t\t\t\t<div class=\"elementor-image-box-wrapper\"><figure class=\"elementor-image-box-img\"><a href=\"\/en\/urunler\/geosentetik\/geosentetik-kil-ortu\/\" tabindex=\"-1\"><img decoding=\"async\" src=\"https:\/\/geomas.com\/wp-content\/uploads\/elementor\/thumbs\/gcl_380x174-1-e1764147749559-rf9mxc9prawu0c5iweqiohcxxs9p6wnbo8s3c2esbg.jpg\" title=\"gcl_380x174 (1)\" alt=\"Geosentetik Kil \u00d6rt\u00fc\u200b\" loading=\"lazy\" \/><\/a><\/figure><div class=\"elementor-image-box-content\"><h4 class=\"elementor-image-box-title\"><a href=\"\/en\/urunler\/geosentetik\/geosentetik-kil-ortu\/\">Geosynthetic Clay Cover<\/a><\/h4><p class=\"elementor-image-box-description\">Geosynthetic clay drapes, high strength geotextile materials...<\/p><\/div><\/div>\t\t\t\t<\/div>\n\t\t\t\t<\/div>\n\t\t<div class=\"elementor-element elementor-element-9f70d2e e-con-full e-flex e-con e-child\" data-id=\"9f70d2e\" data-element_type=\"container\">\n\t\t\t\t<div class=\"elementor-element elementor-element-2e654c0 elementor-position-top elementor-widget elementor-widget-image-box\" data-id=\"2e654c0\" data-element_type=\"widget\" data-widget_type=\"image-box.default\">\n\t\t\t\t\t<div class=\"elementor-image-box-wrapper\"><figure class=\"elementor-image-box-img\"><a href=\"\/en\/urunler\/geosentetik\/ozel-geosentetikler\/\" tabindex=\"-1\"><img decoding=\"async\" src=\"https:\/\/geomas.com\/wp-content\/uploads\/elementor\/thumbs\/geotekstil-silte-2_380x174-1-rc8j9gw8ammg05jnh9kph8ka62itb0u7jno32bh8m4.jpg\" title=\"geotextile-mattress-2_380x174 (1)\" alt=\"geotekstil-\u015filte-2_380x174 (1)\" loading=\"lazy\" \/><\/a><\/figure><div class=\"elementor-image-box-content\"><h4 class=\"elementor-image-box-title\"><a href=\"\/en\/urunler\/geosentetik\/ozel-geosentetikler\/\">Special Geosynthetics<\/a><\/h4><p class=\"elementor-image-box-description\">Water creeks and river beds to stretch the glide produced by...<\/p><\/div><\/div>\t\t\t\t<\/div>\n\t\t\t\t<\/div>\n\t\t<div class=\"elementor-element elementor-element-3cd8ef1 e-con-full e-flex e-con e-child\" data-id=\"3cd8ef1\" data-element_type=\"container\">\n\t\t\t\t<div class=\"elementor-element elementor-element-5ae5c29 elementor-position-top elementor-widget elementor-widget-image-box\" data-id=\"5ae5c29\" data-element_type=\"widget\" data-widget_type=\"image-box.default\">\n\t\t\t\t\t<div class=\"elementor-image-box-wrapper\"><figure class=\"elementor-image-box-img\"><a href=\"\/en\/urunler\/geosentetik\/geosentetik-tupler\/\" tabindex=\"-1\"><img decoding=\"async\" src=\"https:\/\/geomas.com\/wp-content\/uploads\/elementor\/thumbs\/geogrid-20-1-e1764155267258-rf9sdmwczrmikr0uo9bqdy4bwkr6ndxcntchabd0ws.jpg\" title=\"geogrid-20 (1)\" alt=\"geogrid-20 (1)\" loading=\"lazy\" \/><\/a><\/figure><div class=\"elementor-image-box-content\"><h4 class=\"elementor-image-box-title\"><a href=\"\/en\/urunler\/geosentetik\/geosentetik-tupler\/\">Geogrid<\/a><\/h4><p class=\"elementor-image-box-description\">Geogrid, used in construction and infrastructure projects, high strength and durable...<\/p><\/div><\/div>\t\t\t\t<\/div>\n\t\t\t\t<\/div>\n\t\t<div class=\"elementor-element elementor-element-bcb107b e-con-full e-flex e-con e-child\" data-id=\"bcb107b\" data-element_type=\"container\">\n\t\t\t\t<div class=\"elementor-element elementor-element-662faf0 elementor-position-top elementor-widget elementor-widget-image-box\" data-id=\"662faf0\" data-element_type=\"widget\" data-widget_type=\"image-box.default\">\n\t\t\t\t\t<div class=\"elementor-image-box-wrapper\"><figure class=\"elementor-image-box-img\"><a href=\"\/en\/urunler\/geosentetik\/orgusuz-geotekstil\/\" tabindex=\"-1\"><img decoding=\"async\" src=\"https:\/\/geomas.com\/wp-content\/uploads\/elementor\/thumbs\/orgusuz-geotekstil_380x174-1-rc8j9gw8ammg05jnh9kph8ka62itb0u7jno32bh8m4.jpg\" title=\"orgusuz-geotekstil_380x174 (1)\" alt=\"\u00d6rg\u00fcs\u00fcz Geotekstil\" loading=\"lazy\" \/><\/a><\/figure><div class=\"elementor-image-box-content\"><h4 class=\"elementor-image-box-title\"><a href=\"\/en\/urunler\/geosentetik\/orgusuz-geotekstil\/\">Nonwoven Geotextile<\/a><\/h4><p class=\"elementor-image-box-description\">High strength 100% pure polypropylene fibers ignelenme is...<\/p><\/div><\/div>\t\t\t\t<\/div>\n\t\t\t\t<\/div>\n\t\t\t\t<\/div>\n\t\t<div class=\"elementor-element elementor-element-b0e7c8d e-con-full e-flex e-con e-child\" data-id=\"b0e7c8d\" data-element_type=\"container\">\n\t\t<div class=\"elementor-element elementor-element-9906069 e-con-full e-flex e-con e-child\" data-id=\"9906069\" data-element_type=\"container\">\n\t\t\t\t<div class=\"elementor-element elementor-element-2c883a0 elementor-position-top elementor-widget elementor-widget-image-box\" data-id=\"2c883a0\" data-element_type=\"widget\" data-widget_type=\"image-box.default\">\n\t\t\t\t\t<div class=\"elementor-image-box-wrapper\"><figure class=\"elementor-image-box-img\"><a href=\"\/en\/urunler\/geosentetik\/orgulu-geotekstiller\/\" tabindex=\"-1\"><img decoding=\"async\" src=\"https:\/\/geomas.com\/wp-content\/uploads\/elementor\/thumbs\/orgulu-geotekstil_380x174-rc8j9gw8ammg05jnh9kph8ka62itb0u7jno32bh8m4.jpg\" title=\"braided-geotekstil_380x174\" alt=\"\u00d6rg\u00fcl\u00fc Geotekstiller\" loading=\"lazy\" \/><\/a><\/figure><div class=\"elementor-image-box-content\"><h4 class=\"elementor-image-box-title\"><a href=\"\/en\/urunler\/geosentetik\/orgulu-geotekstiller\/\">Woven Geotextile<\/a><\/h4><p class=\"elementor-image-box-description\">Braided polypropylene or polyester, geotextile materials typically...<\/p><\/div><\/div>\t\t\t\t<\/div>\n\t\t\t\t<\/div>\n\t\t<div class=\"elementor-element elementor-element-58099dd e-con-full e-flex e-con e-child\" data-id=\"58099dd\" data-element_type=\"container\">\n\t\t\t\t<div class=\"elementor-element elementor-element-020b54e elementor-position-top elementor-widget elementor-widget-image-box\" data-id=\"020b54e\" data-element_type=\"widget\" data-widget_type=\"image-box.default\">\n\t\t\t\t\t<div class=\"elementor-image-box-wrapper\"><figure class=\"elementor-image-box-img\"><a href=\"\/en\/urunler\/geosentetik\/geomembranlar\/\" tabindex=\"-1\"><img decoding=\"async\" src=\"https:\/\/geomas.com\/wp-content\/uploads\/elementor\/thumbs\/iki-yuzu-puruzlu_380x174-rc8j9gw8ammg05jnh9kph8ka62itb0u7jno32bh8m4.jpg\" title=\"Two-Face&#039;s puruzlu_380x174\" alt=\"iki-y\u00fcz\u00fc-p\u00fcr\u00fczl\u00fc_380x174\" loading=\"lazy\" \/><\/a><\/figure><div class=\"elementor-image-box-content\"><h4 class=\"elementor-image-box-title\"><a href=\"\/en\/urunler\/geosentetik\/geomembranlar\/\">Geomembrane<\/a><\/h4><p class=\"elementor-image-box-description\">Geomembrane materials, high-density and low-density...<\/p><\/div><\/div>\t\t\t\t<\/div>\n\t\t\t\t<\/div>\n\t\t<div class=\"elementor-element elementor-element-8659b1b e-con-full e-flex e-con e-child\" data-id=\"8659b1b\" data-element_type=\"container\">\n\t\t\t\t<div class=\"elementor-element elementor-element-ef195ad elementor-position-top elementor-widget elementor-widget-image-box\" data-id=\"ef195ad\" data-element_type=\"widget\" data-widget_type=\"image-box.default\">\n\t\t\t\t\t<div class=\"elementor-image-box-wrapper\"><figure class=\"elementor-image-box-img\"><a href=\"\/en\/urunler\/geosentetik\/erozyon-kontrol-ortuleri\/\" tabindex=\"-1\"><img decoding=\"async\" src=\"https:\/\/geomas.com\/wp-content\/uploads\/elementor\/thumbs\/geomat_380x174-rc8j9gw8ammg05jnh9kph8ka62itb0u7jno32bh8m4.jpg\" title=\"geomat_380x174\" alt=\"geomat_380x174\" loading=\"lazy\" \/><\/a><\/figure><div class=\"elementor-image-box-content\"><h4 class=\"elementor-image-box-title\"><a href=\"\/en\/urunler\/geosentetik\/erozyon-kontrol-ortuleri\/\">Erosion Control Blankets<\/a><\/h4><p class=\"elementor-image-box-description\">Products GeoMat, geosynthetic erosion control blankets are used as products.<\/p><\/div><\/div>\t\t\t\t<\/div>\n\t\t\t\t<\/div>\n\t\t<div class=\"elementor-element elementor-element-8da4e1c e-con-full e-flex e-con e-child\" data-id=\"8da4e1c\" data-element_type=\"container\">\n\t\t\t\t<div class=\"elementor-element elementor-element-caf1cd5 elementor-position-top elementor-widget elementor-widget-image-box\" data-id=\"caf1cd5\" data-element_type=\"widget\" data-widget_type=\"image-box.default\">\n\t\t\t\t\t<div class=\"elementor-image-box-wrapper\"><figure class=\"elementor-image-box-img\"><a href=\"\/en\/urunler\/geosentetik\/drenaj-geokompozitleri\/\" tabindex=\"-1\"><img decoding=\"async\" src=\"https:\/\/geomas.com\/wp-content\/uploads\/elementor\/thumbs\/geodrain-net_380x174-rc8j9gw8ammg05jnh9kph8ka62itb0u7jno32bh8m4.jpg\" title=\"geodrain-net_380x174\" alt=\"Drenaj Geokompozitleri\" loading=\"lazy\" \/><\/a><\/figure><div class=\"elementor-image-box-content\"><h4 class=\"elementor-image-box-title\"><a href=\"\/en\/urunler\/geosentetik\/drenaj-geokompozitleri\/\">The Drainage Composite<\/a><\/h4><p class=\"elementor-image-box-description\">During the construction of the structure, natural or artificial means from a place of water by...<\/p><\/div><\/div>\t\t\t\t<\/div>\n\t\t\t\t<\/div>\n\t\t\t\t<\/div>\n\t\t\t\t<\/div>\n\t\t<div id=\"e-n-tab-content-99861622\" role=\"tabpanel\" aria-labelledby=\"e-n-tab-title-99861622\" data-tab-index=\"2\" style=\"--n-tabs-title-order: 2;\" class=\"elementor-element elementor-element-b89ccff e-con-full e-flex e-con e-child\" data-id=\"b89ccff\" data-element_type=\"container\">\n\t\t<div class=\"elementor-element elementor-element-4639c86 e-con-full e-flex e-con e-child\" data-id=\"4639c86\" data-element_type=\"container\">\n\t\t<div class=\"elementor-element elementor-element-03d447f e-con-full e-flex e-con e-child\" data-id=\"03d447f\" data-element_type=\"container\">\n\t\t\t\t<div class=\"elementor-element elementor-element-7d89f07 elementor-position-top elementor-widget elementor-widget-image-box\" data-id=\"7d89f07\" data-element_type=\"widget\" data-widget_type=\"image-box.default\">\n\t\t\t\t\t<div class=\"elementor-image-box-wrapper\"><figure class=\"elementor-image-box-img\"><a href=\"\/en\/urunler\/yalitim\/bentoshield-max-serisi\/\" tabindex=\"-1\"><img decoding=\"async\" src=\"https:\/\/geomas.com\/wp-content\/uploads\/elementor\/thumbs\/bentoshield-max-5_360x180-rc8j9gw8ammg05jnh9kph8ka62itb0u7jno32bh8m4.jpg\" title=\"bentoshield-max-5_360x180\" alt=\"bentoshield-max-5_360x180\" loading=\"lazy\" \/><\/a><\/figure><div class=\"elementor-image-box-content\"><h4 class=\"elementor-image-box-title\"><a href=\"\/en\/urunler\/yalitim\/bentoshield-max-serisi\/\">Bentoshield Max Series<\/a><\/h4><p class=\"elementor-image-box-description\">Bentoshield Max series, specifically for foundation and wall insulation...<\/p><\/div><\/div>\t\t\t\t<\/div>\n\t\t\t\t<\/div>\n\t\t<div class=\"elementor-element elementor-element-482eba6 e-con-full e-flex e-con e-child\" data-id=\"482eba6\" data-element_type=\"container\">\n\t\t\t\t<div class=\"elementor-element elementor-element-ade95f3 elementor-position-top elementor-widget elementor-widget-image-box\" data-id=\"ade95f3\" data-element_type=\"widget\" data-widget_type=\"image-box.default\">\n\t\t\t\t\t<div class=\"elementor-image-box-wrapper\"><figure class=\"elementor-image-box-img\"><a href=\"\/en\/urunler\/yalitim\/poliuretan-esasli-su-yalitim-urunleri\/\" tabindex=\"-1\"><img decoding=\"async\" src=\"https:\/\/geomas.com\/wp-content\/uploads\/elementor\/thumbs\/purtex_360x180-rc8j9gw8ammg05jnh9kph8ka62itb0u7jno32bh8m4.jpg\" title=\"purtex_360x180\" alt=\"purtex_360x180\" loading=\"lazy\" \/><\/a><\/figure><div class=\"elementor-image-box-content\"><h4 class=\"elementor-image-box-title\"><a href=\"\/en\/urunler\/yalitim\/poliuretan-esasli-su-yalitim-urunleri\/\">Polyurethane Based Waterproofing Products<\/a><\/h4><p class=\"elementor-image-box-description\">Pure double-component polyurethane insulation materials, high-performance...<\/p><\/div><\/div>\t\t\t\t<\/div>\n\t\t\t\t<\/div>\n\t\t<div class=\"elementor-element elementor-element-d8eaa47 e-con-full e-flex e-con e-child\" data-id=\"d8eaa47\" data-element_type=\"container\">\n\t\t\t\t<div class=\"elementor-element elementor-element-6e6dd63 elementor-position-top elementor-widget elementor-widget-image-box\" data-id=\"6e6dd63\" data-element_type=\"widget\" data-widget_type=\"image-box.default\">\n\t\t\t\t\t<div class=\"elementor-image-box-wrapper\"><figure class=\"elementor-image-box-img\"><a href=\"\/en\/urunler\/yalitim\/bitum-emilsiyonlu-su-yalitim-urunleri\/\" tabindex=\"-1\"><img decoding=\"async\" src=\"https:\/\/geomas.com\/wp-content\/uploads\/elementor\/thumbs\/flexibit-360x180-1-rc8j9gw8ammg05jnh9kph8ka62itb0u7jno32bh8m4.jpg\" title=\"flexibit-360\u00d7180\" alt=\"flexibit-360x180\" loading=\"lazy\" \/><\/a><\/figure><div class=\"elementor-image-box-content\"><h4 class=\"elementor-image-box-title\"><a href=\"\/en\/urunler\/yalitim\/bitum-emilsiyonlu-su-yalitim-urunleri\/\">Bitumen Waterproofing Products Emilsiyonlu<\/a><\/h4><p class=\"elementor-image-box-description\">Two-component bitumen emulsion riding insulation materials, waterproofing...<\/p><\/div><\/div>\t\t\t\t<\/div>\n\t\t\t\t<\/div>\n\t\t<div class=\"elementor-element elementor-element-dc3032d e-con-full e-flex e-con e-child\" data-id=\"dc3032d\" data-element_type=\"container\">\n\t\t\t\t<div class=\"elementor-element elementor-element-2b35c93 elementor-position-top elementor-widget elementor-widget-image-box\" data-id=\"2b35c93\" data-element_type=\"widget\" data-widget_type=\"image-box.default\">\n\t\t\t\t\t<div class=\"elementor-image-box-wrapper\"><figure class=\"elementor-image-box-img\"><a href=\"\/en\/urunler\/yalitim\/su-tutucu-bantlar\/\" tabindex=\"-1\"><img decoding=\"async\" src=\"https:\/\/geomas.com\/wp-content\/uploads\/elementor\/thumbs\/water-stop-_360x180-rc8j9gw8ammg05jnh9kph8ka62itb0u7jno32bh8m4.jpg\" title=\"water-stop _360x180\" alt=\"water-stop-_360x180\" loading=\"lazy\" \/><\/a><\/figure><div class=\"elementor-image-box-content\"><h4 class=\"elementor-image-box-title\"><a href=\"\/en\/urunler\/yalitim\/su-tutucu-bantlar\/\">Waterbars<\/a><\/h4><p class=\"elementor-image-box-description\">Waterbars, waterproofing and insulation materials are specially designed for...<\/p><\/div><\/div>\t\t\t\t<\/div>\n\t\t\t\t<\/div>\n\t\t\t\t<\/div>\n\t\t\t\t<\/div>\n\t\t\t\t\t<\/div>\n\t\t<\/div>\n\t\t\t\t\t\t<\/div>\n\t\t\t\t\t<\/div>\n\t\t\t\t<\/div>\n\t\t\t\t<\/div>","protected":false},"excerpt":{"rendered":"<p>\u00dcr\u00fcnler Geomas Geokompozit olarak, in\u015faat projeleriniz i\u00e7in en \u00fcst d\u00fczey geosentetik \u00fcr\u00fcnleri sunmaktan gurur duyuyoruz. Geosentetik \u00e7\u00f6z\u00fcmlerimiz, projelerinizi ekonomik, h\u0131zl\u0131 ve s\u00fcrd\u00fcr\u00fclebilir [&hellip;]<\/p>","protected":false},"author":1,"featured_media":0,"parent":0,"menu_order":0,"comment_status":"closed","ping_status":"closed","template":"","meta":{"footnotes":""},"class_list":["post-55","page","type-page","status-publish","hentry"],"_links":{"self":[{"href":"https:\/\/geomas.com\/en\/wp-json\/wp\/v2\/pages\/55","targetHints":{"allow":["GET"]}}],"collection":[{"href":"https:\/\/geomas.com\/en\/wp-json\/wp\/v2\/pages"}],"about":[{"href":"https:\/\/geomas.com\/en\/wp-json\/wp\/v2\/types\/page"}],"author":[{"embeddable":true,"href":"https:\/\/geomas.com\/en\/wp-json\/wp\/v2\/users\/1"}],"replies":[{"embeddable":true,"href":"https:\/\/geomas.com\/en\/wp-json\/wp\/v2\/comments?post=55"}],"version-history":[{"count":10,"href":"https:\/\/geomas.com\/en\/wp-json\/wp\/v2\/pages\/55\/revisions"}],"predecessor-version":[{"id":2920,"href":"https:\/\/geomas.com\/en\/wp-json\/wp\/v2\/pages\/55\/revisions\/2920"}],"wp:attachment":[{"href":"https:\/\/geomas.com\/en\/wp-json\/wp\/v2\/media?parent=55"}],"curies":[{"name":"wp","href":"https:\/\/api.w.org\/{rel}","templated":true}]}}