{"id":42,"date":"2025-09-10T15:16:14","date_gmt":"2025-09-10T15:16:14","guid":{"rendered":"https:\/\/geomas.com\/?page_id=42"},"modified":"2026-02-17T14:52:59","modified_gmt":"2026-02-17T14:52:59","slug":"satis-ortaklari","status":"publish","type":"page","link":"https:\/\/geomas.com\/en\/satis-ortaklari\/","title":{"rendered":"Sales Partners"},"content":{"rendered":"<div data-elementor-type=\"wp-page\" data-elementor-id=\"42\" class=\"elementor elementor-42\" data-elementor-settings=\"{&quot;element_pack_global_tooltip_width&quot;:{&quot;unit&quot;:&quot;px&quot;,&quot;size&quot;:&quot;&quot;,&quot;sizes&quot;:[]},&quot;element_pack_global_tooltip_width_tablet&quot;:{&quot;unit&quot;:&quot;px&quot;,&quot;size&quot;:&quot;&quot;,&quot;sizes&quot;:[]},&quot;element_pack_global_tooltip_width_mobile&quot;:{&quot;unit&quot;:&quot;px&quot;,&quot;size&quot;:&quot;&quot;,&quot;sizes&quot;:[]},&quot;element_pack_global_tooltip_padding&quot;:{&quot;unit&quot;:&quot;px&quot;,&quot;top&quot;:&quot;&quot;,&quot;right&quot;:&quot;&quot;,&quot;bottom&quot;:&quot;&quot;,&quot;left&quot;:&quot;&quot;,&quot;isLinked&quot;:true},&quot;element_pack_global_tooltip_padding_tablet&quot;:{&quot;unit&quot;:&quot;px&quot;,&quot;top&quot;:&quot;&quot;,&quot;right&quot;:&quot;&quot;,&quot;bottom&quot;:&quot;&quot;,&quot;left&quot;:&quot;&quot;,&quot;isLinked&quot;:true},&quot;element_pack_global_tooltip_padding_mobile&quot;:{&quot;unit&quot;:&quot;px&quot;,&quot;top&quot;:&quot;&quot;,&quot;right&quot;:&quot;&quot;,&quot;bottom&quot;:&quot;&quot;,&quot;left&quot;:&quot;&quot;,&quot;isLinked&quot;:true},&quot;element_pack_global_tooltip_border_radius&quot;:{&quot;unit&quot;:&quot;px&quot;,&quot;top&quot;:&quot;&quot;,&quot;right&quot;:&quot;&quot;,&quot;bottom&quot;:&quot;&quot;,&quot;left&quot;:&quot;&quot;,&quot;isLinked&quot;:true},&quot;element_pack_global_tooltip_border_radius_tablet&quot;:{&quot;unit&quot;:&quot;px&quot;,&quot;top&quot;:&quot;&quot;,&quot;right&quot;:&quot;&quot;,&quot;bottom&quot;:&quot;&quot;,&quot;left&quot;:&quot;&quot;,&quot;isLinked&quot;:true},&quot;element_pack_global_tooltip_border_radius_mobile&quot;:{&quot;unit&quot;:&quot;px&quot;,&quot;top&quot;:&quot;&quot;,&quot;right&quot;:&quot;&quot;,&quot;bottom&quot;:&quot;&quot;,&quot;left&quot;:&quot;&quot;,&quot;isLinked&quot;:true}}\" data-elementor-post-type=\"page\">\n\t\t\t\t<div class=\"elementor-element elementor-element-dc7248f e-flex e-con-boxed e-con e-parent\" data-id=\"dc7248f\" data-element_type=\"container\" data-settings=\"{&quot;background_background&quot;:&quot;classic&quot;}\">\n\t\t\t\t\t<div class=\"e-con-inner\">\n\t\t<div class=\"elementor-element elementor-element-1369f32 e-con-full e-flex e-con e-child\" data-id=\"1369f32\" data-element_type=\"container\">\n\t\t<div class=\"elementor-element elementor-element-e734a05 e-con-full e-flex e-con e-child\" data-id=\"e734a05\" data-element_type=\"container\">\n\t\t\t\t<div class=\"elementor-element elementor-element-8f7c60f  ui-split-animate ui-splitby-chars elementor-widget elementor-widget-heading\" data-id=\"8f7c60f\" data-element_type=\"widget\" data-settings=\"{&quot;ui_animate_split&quot;:&quot;ui-split-animate&quot;,&quot;ui_animate_split_style&quot;:&quot;fadeIn&quot;,&quot;ui_animate_split_by&quot;:&quot;chars&quot;}\" data-widget_type=\"heading.default\">\n\t\t\t\t\t<h1 class=\"elementor-heading-title elementor-size-default\">GEOMAS<\/h1>\t\t\t\t<\/div>\n\t\t\t\t<div class=\"elementor-element elementor-element-cf8da54  ui-split-animate ui-splitby-chars elementor-widget elementor-widget-heading\" data-id=\"cf8da54\" data-element_type=\"widget\" data-settings=\"{&quot;ui_animate_split&quot;:&quot;ui-split-animate&quot;,&quot;ui_animate_split_style&quot;:&quot;fadeIn&quot;,&quot;ui_animate_split_by&quot;:&quot;chars&quot;}\" data-widget_type=\"heading.default\">\n\t\t\t\t\t<h2 class=\"elementor-heading-title elementor-size-default\">+ Our Sales Partners\n<\/h2>\t\t\t\t<\/div>\n\t\t\t\t<\/div>\n\t\t<div class=\"elementor-element elementor-element-8ecab59 e-con-full e-flex e-con e-child\" data-id=\"8ecab59\" data-element_type=\"container\">\n\t\t\t\t<div class=\"elementor-element elementor-element-8bf5b39  ui-split-animate ui-splitby-chars elementor-widget elementor-widget-text-editor\" data-id=\"8bf5b39\" data-element_type=\"widget\" data-settings=\"{&quot;ui_animate_split&quot;:&quot;ui-split-animate&quot;,&quot;ui_animate_split_style&quot;:&quot;fadeIn&quot;,&quot;ui_animate_split_by&quot;:&quot;chars&quot;}\" data-widget_type=\"text-editor.default\">\n\t\t\t\t\t\t\t\t\t<p>At Geomas, we firmly believe in the transformative power of strong partnerships in the business world. We recognize that establishing strategic sales partnerships is vital to providing our customers with the highest quality products and maintaining unparalleled levels of customer satisfaction. If you would like to learn more about our products, services, and partnership opportunities, we warmly invite you to contact us. Our dedicated team would be delighted to discuss how we can come together to achieve our shared goals. At Geomas, we are committed to fostering strong sales partnerships that drive growth, innovation, and ultimate customer satisfaction. We are excited about the possibility of collaborating with you and sailing together toward new areas of success.<\/p>\t\t\t\t\t\t\t\t<\/div>\n\t\t\t\t<\/div>\n\t\t\t\t<\/div>\n\t\t\t\t<div class=\"elementor-element elementor-element-3fc34c7 bdt-navigation-type-arrows elementor-widget elementor-widget-bdt-logo-carousel\" data-id=\"3fc34c7\" data-element_type=\"widget\" data-widget_type=\"bdt-logo-carousel.default\">\n\t\t\t\t\t\t\t<div class=\"bdt-arrows-align-center\" data-bdt-slider=\"{&quot;autoplay&quot;:true,&quot;autoplay-interval&quot;:7000,&quot;pause-on-hover&quot;:true}\">\n\t\t\t<div id=\"bdt-logo-carousel-3fc34c7\" class=\"bdt-logo-carousel-wrapper bdt-grid bdt-grid-small bdt-slider-items bdt-child-width-1-1 bdt-child-width-1-3@s bdt-child-width-1-1@m\" data-bdt-grid=\"\">\n\t\t\t\t\n\t\t\t\t\t<div class=\"bdt-logo-carousel-item\">\n\t\t\t\t<figure class=\"bdt-logo-carousel-figure\">\n\t\t\t\t\t<img decoding=\"async\" width=\"595\" height=\"264\" src=\"https:\/\/geomas.com\/wp-content\/uploads\/2025\/10\/izomas.png\" class=\"bdt-logo-carousel-img elementor-animation-\" alt=\"Brand Name : Brand Short Description Type Here.\" srcset=\"https:\/\/geomas.com\/wp-content\/uploads\/2025\/10\/izomas.png 595w, https:\/\/geomas.com\/wp-content\/uploads\/2025\/10\/izomas-300x133.png 300w, https:\/\/geomas.com\/wp-content\/uploads\/2025\/10\/izomas-18x8.png 18w\" sizes=\"(max-width: 595px) 100vw, 595px\" \/>\n\t\t\t\t<\/figure>\n\n\t\t\t\t\n\t\t\t<\/div>\n\t\t\n\t\t\t\t\t<\/div>\n\t\t\t\t\t\t\t\t\t<div\n\t\t\tclass=\"bdt-position-z-index bdt-position-center\">\n\t\t\t<div class=\"bdt-arrows-container bdt-slidenav-container\">\n\t\t\t\t<a href=\"\" class=\"bdt-navigation-prev bdt-slidenav-previous bdt-icon bdt-slidenav\" data-bdt-slider-item=\"previous\">\n\t\t\t\t\t<i class=\"ep-icon-arrow-left-5\" aria-hidden=\"true\"><\/i>\n\t\t\t\t<\/a>\n\t\t\t\t<a href=\"\" class=\"bdt-navigation-next bdt-slidenav-next bdt-icon bdt-slidenav\" data-bdt-slider-item=\"next\">\n\t\t\t\t\t<i class=\"ep-icon-arrow-right-5\" aria-hidden=\"true\"><\/i>\n\t\t\t\t<\/a>\n\t\t\t<\/div>\n\t\t<\/div>\n\t\t\t\t\t\t\t<\/div>\n\t\t\t\t\t\t<\/div>\n\t\t\t\t\t<\/div>\n\t\t\t\t<\/div>\n\t\t<div class=\"elementor-element elementor-element-a61be12 e-flex e-con-boxed e-con e-parent\" data-id=\"a61be12\" data-element_type=\"container\">\n\t\t\t\t\t<div class=\"e-con-inner\">\n\t\t\t\t<div class=\"elementor-element elementor-element-d2ab99b elementor-widget elementor-widget-heading\" data-id=\"d2ab99b\" data-element_type=\"widget\" data-widget_type=\"heading.default\">\n\t\t\t\t\t<h1 class=\"elementor-heading-title elementor-size-default\">Would you like to become our sales partner?\n<\/h1>\t\t\t\t<\/div>\n\t\t\t\t<div class=\"elementor-element elementor-element-091ca0f elementor-widget__width-initial elementor-widget-mobile__width-inherit elementor-widget elementor-widget-text-editor\" data-id=\"091ca0f\" data-element_type=\"widget\" data-widget_type=\"text-editor.default\">\n\t\t\t\t\t\t\t\t\t<div class=\"uk-grid uk-grid-medium uk-flex-center uk-text-center uk-margin-large uk-grid-stack\"><div class=\"uk-width-1-2@m uk-first-column\"><div class=\"uk-grid uk-grid-medium uk-flex-center uk-text-center uk-margin-large uk-grid-stack\"><div class=\"uk-width-1-2@m uk-first-column\"><div class=\"uk-grid uk-grid-medium uk-flex-center uk-text-center uk-margin-large uk-grid-stack\"><div class=\"uk-width-1-2@m uk-first-column\"><div class=\"uk-container\"><div class=\"uk-grid uk-grid-medium uk-flex-center uk-text-center uk-margin-large uk-grid-stack\"><div class=\"uk-width-1-2@m uk-first-column\"><p>Please Contact Us: To learn more, explore collaboration opportunities, or ask questions, please feel free to contact us. We will respond as soon as possible and would be delighted to meet with you to explore our potential for collaboration.<\/p><\/div><\/div><\/div><\/div><\/div><\/div><\/div><\/div><\/div>\t\t\t\t\t\t\t\t<\/div>\n\t\t\t\t<div class=\"elementor-element elementor-element-8313dab elementor-position-left elementor-mobile-position-left elementor-view-default elementor-widget elementor-widget-icon-box\" data-id=\"8313dab\" data-element_type=\"widget\" data-widget_type=\"icon-box.default\">\n\t\t\t\t\t\t\t<div class=\"elementor-icon-box-wrapper\">\n\n\t\t\t\t\t\t<div class=\"elementor-icon-box-icon\">\n\t\t\t\t<span  class=\"elementor-icon\">\n\t\t\t\t<svg aria-hidden=\"true\" class=\"e-font-icon-svg e-far-envelope\" viewbox=\"0 0 512 512\" xmlns=\"http:\/\/www.w3.org\/2000\/svg\"><path d=\"M464 64H48C21.49 64 0 85.49 0 112v288c0 26.51 21.49 48 48 48h416c26.51 0 48-21.49 48-48V112c0-26.51-21.49-48-48-48zm0 48v40.805c-22.422 18.259-58.168 46.651-134.587 106.49-16.841 13.247-50.201 45.072-73.413 44.701-23.208.375-56.579-31.459-73.413-44.701C106.18 199.465 70.425 171.067 48 152.805V112h416zM48 400V214.398c22.914 18.251 55.409 43.862 104.938 82.646 21.857 17.205 60.134 55.186 103.062 54.955 42.717.231 80.509-37.199 103.053-54.947 49.528-38.783 82.032-64.401 104.947-82.653V400H48z\"><\/path><\/svg>\t\t\t\t<\/span>\n\t\t\t<\/div>\n\t\t\t\n\t\t\t\t\t\t<div class=\"elementor-icon-box-content\">\n\n\t\t\t\t\t\t\t\t\t<h3 class=\"elementor-icon-box-title\">\n\t\t\t\t\t\t<span  >\n\t\t\t\t\t\t\tinfo@geomas.com.tr\t\t\t\t\t\t<\/span>\n\t\t\t\t\t<\/h3>\n\t\t\t\t\n\t\t\t\t\n\t\t\t<\/div>\n\t\t\t\n\t\t<\/div>\n\t\t\t\t\t\t<\/div>\n\t\t\t\t<div class=\"elementor-element elementor-element-6247854 elementor-widget elementor-widget-spacer\" data-id=\"6247854\" data-element_type=\"widget\" data-widget_type=\"spacer.default\">\n\t\t\t\t\t\t\t<div class=\"elementor-spacer\">\n\t\t\t<div class=\"elementor-spacer-inner\"><\/div>\n\t\t<\/div>\n\t\t\t\t\t\t<\/div>\n\t\t\t\t\t<\/div>\n\t\t\t\t<\/div>\n\t\t\t\t<\/div>","protected":false},"excerpt":{"rendered":"<p>GEOMAS + Sat\u0131\u015f Ortaklar\u0131m\u0131z Geomas olarak, i\u015f d\u00fcnyas\u0131nda g\u00fc\u00e7l\u00fc i\u015f birliklerinin d\u00f6n\u00fc\u015ft\u00fcr\u00fcc\u00fc g\u00fcc\u00fcne s\u0131k\u0131 s\u0131k\u0131ya inan\u0131yoruz. M\u00fc\u015fterilerimize en y\u00fcksek kalitede \u00fcr\u00fcnler sunabilmek [&hellip;]<\/p>","protected":false},"author":1,"featured_media":0,"parent":0,"menu_order":0,"comment_status":"closed","ping_status":"closed","template":"","meta":{"footnotes":""},"class_list":["post-42","page","type-page","status-publish","hentry"],"_links":{"self":[{"href":"https:\/\/geomas.com\/en\/wp-json\/wp\/v2\/pages\/42","targetHints":{"allow":["GET"]}}],"collection":[{"href":"https:\/\/geomas.com\/en\/wp-json\/wp\/v2\/pages"}],"about":[{"href":"https:\/\/geomas.com\/en\/wp-json\/wp\/v2\/types\/page"}],"author":[{"embeddable":true,"href":"https:\/\/geomas.com\/en\/wp-json\/wp\/v2\/users\/1"}],"replies":[{"embeddable":true,"href":"https:\/\/geomas.com\/en\/wp-json\/wp\/v2\/comments?post=42"}],"version-history":[{"count":16,"href":"https:\/\/geomas.com\/en\/wp-json\/wp\/v2\/pages\/42\/revisions"}],"predecessor-version":[{"id":2059,"href":"https:\/\/geomas.com\/en\/wp-json\/wp\/v2\/pages\/42\/revisions\/2059"}],"wp:attachment":[{"href":"https:\/\/geomas.com\/en\/wp-json\/wp\/v2\/media?parent=42"}],"curies":[{"name":"wp","href":"https:\/\/api.w.org\/{rel}","templated":true}]}}