{"id":40,"date":"2025-09-10T15:16:04","date_gmt":"2025-09-10T15:16:04","guid":{"rendered":"https:\/\/geomas.com\/?page_id=40"},"modified":"2026-02-17T14:52:44","modified_gmt":"2026-02-17T14:52:44","slug":"is-ortaklarimiz","status":"publish","type":"page","link":"https:\/\/geomas.com\/en\/is-ortaklarimiz\/","title":{"rendered":"Our Business Partners"},"content":{"rendered":"<div data-elementor-type=\"wp-page\" data-elementor-id=\"40\" class=\"elementor elementor-40\" data-elementor-settings=\"{&quot;element_pack_global_tooltip_width&quot;:{&quot;unit&quot;:&quot;px&quot;,&quot;size&quot;:&quot;&quot;,&quot;sizes&quot;:[]},&quot;element_pack_global_tooltip_width_tablet&quot;:{&quot;unit&quot;:&quot;px&quot;,&quot;size&quot;:&quot;&quot;,&quot;sizes&quot;:[]},&quot;element_pack_global_tooltip_width_mobile&quot;:{&quot;unit&quot;:&quot;px&quot;,&quot;size&quot;:&quot;&quot;,&quot;sizes&quot;:[]},&quot;element_pack_global_tooltip_padding&quot;:{&quot;unit&quot;:&quot;px&quot;,&quot;top&quot;:&quot;&quot;,&quot;right&quot;:&quot;&quot;,&quot;bottom&quot;:&quot;&quot;,&quot;left&quot;:&quot;&quot;,&quot;isLinked&quot;:true},&quot;element_pack_global_tooltip_padding_tablet&quot;:{&quot;unit&quot;:&quot;px&quot;,&quot;top&quot;:&quot;&quot;,&quot;right&quot;:&quot;&quot;,&quot;bottom&quot;:&quot;&quot;,&quot;left&quot;:&quot;&quot;,&quot;isLinked&quot;:true},&quot;element_pack_global_tooltip_padding_mobile&quot;:{&quot;unit&quot;:&quot;px&quot;,&quot;top&quot;:&quot;&quot;,&quot;right&quot;:&quot;&quot;,&quot;bottom&quot;:&quot;&quot;,&quot;left&quot;:&quot;&quot;,&quot;isLinked&quot;:true},&quot;element_pack_global_tooltip_border_radius&quot;:{&quot;unit&quot;:&quot;px&quot;,&quot;top&quot;:&quot;&quot;,&quot;right&quot;:&quot;&quot;,&quot;bottom&quot;:&quot;&quot;,&quot;left&quot;:&quot;&quot;,&quot;isLinked&quot;:true},&quot;element_pack_global_tooltip_border_radius_tablet&quot;:{&quot;unit&quot;:&quot;px&quot;,&quot;top&quot;:&quot;&quot;,&quot;right&quot;:&quot;&quot;,&quot;bottom&quot;:&quot;&quot;,&quot;left&quot;:&quot;&quot;,&quot;isLinked&quot;:true},&quot;element_pack_global_tooltip_border_radius_mobile&quot;:{&quot;unit&quot;:&quot;px&quot;,&quot;top&quot;:&quot;&quot;,&quot;right&quot;:&quot;&quot;,&quot;bottom&quot;:&quot;&quot;,&quot;left&quot;:&quot;&quot;,&quot;isLinked&quot;:true}}\" data-elementor-post-type=\"page\">\n\t\t\t\t<div class=\"elementor-element elementor-element-df05e0c e-flex e-con-boxed e-con e-parent\" data-id=\"df05e0c\" data-element_type=\"container\" data-settings=\"{&quot;background_background&quot;:&quot;classic&quot;}\">\n\t\t\t\t\t<div class=\"e-con-inner\">\n\t\t<div class=\"elementor-element elementor-element-24866ae e-con-full e-flex e-con e-child\" data-id=\"24866ae\" data-element_type=\"container\">\n\t\t<div class=\"elementor-element elementor-element-c2d0207 e-con-full e-flex e-con e-child\" data-id=\"c2d0207\" data-element_type=\"container\">\n\t\t\t\t<div class=\"elementor-element elementor-element-e469220  ui-split-animate ui-splitby-chars elementor-widget elementor-widget-heading\" data-id=\"e469220\" data-element_type=\"widget\" data-settings=\"{&quot;ui_animate_split&quot;:&quot;ui-split-animate&quot;,&quot;ui_animate_split_style&quot;:&quot;fadeIn&quot;,&quot;ui_animate_split_by&quot;:&quot;chars&quot;}\" data-widget_type=\"heading.default\">\n\t\t\t\t\t<h1 class=\"elementor-heading-title elementor-size-default\">GEOMAS<\/h1>\t\t\t\t<\/div>\n\t\t\t\t<div class=\"elementor-element elementor-element-f29d1a2  ui-split-animate ui-splitby-chars elementor-widget elementor-widget-heading\" data-id=\"f29d1a2\" data-element_type=\"widget\" data-settings=\"{&quot;ui_animate_split&quot;:&quot;ui-split-animate&quot;,&quot;ui_animate_split_style&quot;:&quot;fadeIn&quot;,&quot;ui_animate_split_by&quot;:&quot;chars&quot;}\" data-widget_type=\"heading.default\">\n\t\t\t\t\t<h2 class=\"elementor-heading-title elementor-size-default\">+ Our Business Partners\n<\/h2>\t\t\t\t<\/div>\n\t\t\t\t<\/div>\n\t\t<div class=\"elementor-element elementor-element-7ef6c56 e-con-full e-flex e-con e-child\" data-id=\"7ef6c56\" data-element_type=\"container\">\n\t\t\t\t<div class=\"elementor-element elementor-element-668a91d  ui-split-animate ui-splitby-chars elementor-widget elementor-widget-text-editor\" data-id=\"668a91d\" data-element_type=\"widget\" data-settings=\"{&quot;ui_animate_split&quot;:&quot;ui-split-animate&quot;,&quot;ui_animate_split_style&quot;:&quot;fadeIn&quot;,&quot;ui_animate_split_by&quot;:&quot;chars&quot;}\" data-widget_type=\"text-editor.default\">\n\t\t\t\t\t\t\t\t\t<p>Geomas Geocomposite provides high-quality, practical, economical, and sustainable solutions to all its customers and users, primarily government agencies, contractors, and project companies.<\/p>\t\t\t\t\t\t\t\t<\/div>\n\t\t\t\t<\/div>\n\t\t\t\t<\/div>\n\t\t\t\t<div class=\"elementor-element elementor-element-8081c88 bdt-navigation-type-arrows elementor-widget elementor-widget-bdt-logo-carousel\" data-id=\"8081c88\" data-element_type=\"widget\" data-widget_type=\"bdt-logo-carousel.default\">\n\t\t\t\t\t\t\t<div class=\"bdt-arrows-align-center\" data-bdt-slider=\"{&quot;autoplay&quot;:true,&quot;autoplay-interval&quot;:7000,&quot;pause-on-hover&quot;:true}\">\n\t\t\t<div id=\"bdt-logo-carousel-8081c88\" class=\"bdt-logo-carousel-wrapper bdt-grid bdt-grid-small bdt-slider-items bdt-child-width-1-2 bdt-child-width-1-3@s bdt-child-width-1-2@m\" data-bdt-grid=\"\">\n\t\t\t\t\n\t\t\t\t\t<div class=\"bdt-logo-carousel-item\">\n\t\t\t\t<figure class=\"bdt-logo-carousel-figure\">\n\t\t\t\t\t<img decoding=\"async\" width=\"1022\" height=\"1025\" src=\"https:\/\/geomas.com\/wp-content\/uploads\/2025\/10\/KGM_logo.svg.png\" class=\"bdt-logo-carousel-img elementor-animation-\" alt=\"Brand Name : Brand Short Description Type Here.\" srcset=\"https:\/\/geomas.com\/wp-content\/uploads\/2025\/10\/KGM_logo.svg.png 1022w, https:\/\/geomas.com\/wp-content\/uploads\/2025\/10\/KGM_logo.svg-300x300.png 300w, https:\/\/geomas.com\/wp-content\/uploads\/2025\/10\/KGM_logo.svg-150x150.png 150w, https:\/\/geomas.com\/wp-content\/uploads\/2025\/10\/KGM_logo.svg-768x770.png 768w, https:\/\/geomas.com\/wp-content\/uploads\/2025\/10\/KGM_logo.svg-12x12.png 12w, https:\/\/geomas.com\/wp-content\/uploads\/2025\/10\/KGM_logo.svg-648x650.png 648w\" sizes=\"(max-width: 1022px) 100vw, 1022px\" \/>\n\t\t\t\t<\/figure>\n\n\t\t\t\t\n\t\t\t<\/div>\n\t\t\t\t\t<div class=\"bdt-logo-carousel-item\">\n\t\t\t\t<figure class=\"bdt-logo-carousel-figure bdt-logo-carousel-figure\">\n\t\t\t\t\t<img decoding=\"async\" width=\"1200\" height=\"902\" src=\"https:\/\/geomas.com\/wp-content\/uploads\/2025\/10\/Logo_-_Turkisches_Amt_fur_Wasserwirtschaft.svg.webp\" class=\"bdt-logo-carousel-img elementor-animation-\" alt=\"Brand Name : Brand Short Description Type Here.\" srcset=\"https:\/\/geomas.com\/wp-content\/uploads\/2025\/10\/Logo_-_Turkisches_Amt_fur_Wasserwirtschaft.svg.webp 1200w, https:\/\/geomas.com\/wp-content\/uploads\/2025\/10\/Logo_-_Turkisches_Amt_fur_Wasserwirtschaft.svg-300x226.webp 300w, https:\/\/geomas.com\/wp-content\/uploads\/2025\/10\/Logo_-_Turkisches_Amt_fur_Wasserwirtschaft.svg-1024x770.webp 1024w, https:\/\/geomas.com\/wp-content\/uploads\/2025\/10\/Logo_-_Turkisches_Amt_fur_Wasserwirtschaft.svg-768x577.webp 768w, https:\/\/geomas.com\/wp-content\/uploads\/2025\/10\/Logo_-_Turkisches_Amt_fur_Wasserwirtschaft.svg-16x12.webp 16w, https:\/\/geomas.com\/wp-content\/uploads\/2025\/10\/Logo_-_Turkisches_Amt_fur_Wasserwirtschaft.svg-650x489.webp 650w\" sizes=\"(max-width: 1200px) 100vw, 1200px\" \/>\n\t\t\t\t<\/figure>\n\n\t\t\t\t\n\t\t\t<\/div>\n\t\t\n\t\t\t\t\t<\/div>\n\t\t\t\t\t\t\t\t\t<div\n\t\t\tclass=\"bdt-position-z-index bdt-position-center\">\n\t\t\t<div class=\"bdt-arrows-container bdt-slidenav-container\">\n\t\t\t\t<a href=\"\" class=\"bdt-navigation-prev bdt-slidenav-previous bdt-icon bdt-slidenav\" data-bdt-slider-item=\"previous\">\n\t\t\t\t\t<i class=\"ep-icon-arrow-left-5\" aria-hidden=\"true\"><\/i>\n\t\t\t\t<\/a>\n\t\t\t\t<a href=\"\" class=\"bdt-navigation-next bdt-slidenav-next bdt-icon bdt-slidenav\" data-bdt-slider-item=\"next\">\n\t\t\t\t\t<i class=\"ep-icon-arrow-right-5\" aria-hidden=\"true\"><\/i>\n\t\t\t\t<\/a>\n\t\t\t<\/div>\n\t\t<\/div>\n\t\t\t\t\t\t\t<\/div>\n\t\t\t\t\t\t<\/div>\n\t\t<div class=\"elementor-element elementor-element-72018ad e-con-full e-flex e-con e-child\" data-id=\"72018ad\" data-element_type=\"container\">\n\t\t\t\t<div class=\"elementor-element elementor-element-de5e1d8 elementor-arrows-position-inside elementor-pagination-position-outside elementor-widget elementor-widget-image-carousel\" data-id=\"de5e1d8\" data-element_type=\"widget\" data-settings=\"{&quot;slides_to_show&quot;:&quot;1&quot;,&quot;navigation&quot;:&quot;both&quot;,&quot;autoplay&quot;:&quot;yes&quot;,&quot;pause_on_hover&quot;:&quot;yes&quot;,&quot;pause_on_interaction&quot;:&quot;yes&quot;,&quot;autoplay_speed&quot;:5000,&quot;infinite&quot;:&quot;yes&quot;,&quot;effect&quot;:&quot;slide&quot;,&quot;speed&quot;:500}\" data-widget_type=\"image-carousel.default\">\n\t\t\t\t\t\t\t<div class=\"elementor-image-carousel-wrapper swiper\" role=\"region\" aria-roledescription=\"carousel\" aria-label=\"Image Cycle\" dir=\"ltr\">\n\t\t\t<div class=\"elementor-image-carousel swiper-wrapper\" aria-live=\"off\">\n\t\t\t\t\t\t\t\t<div class=\"swiper-slide\" role=\"group\" aria-roledescription=\"slide\" aria-label=\"1 of 2\"><figure class=\"swiper-slide-inner\"><img decoding=\"async\" class=\"swiper-slide-image\" src=\"https:\/\/geomas.com\/wp-content\/uploads\/2025\/09\/81-1.jpg\" alt=\"81-1\" \/><\/figure><\/div><div class=\"swiper-slide\" role=\"group\" aria-roledescription=\"slide\" aria-label=\"2 of 2\"><figure class=\"swiper-slide-inner\"><img decoding=\"async\" class=\"swiper-slide-image\" src=\"https:\/\/geomas.com\/wp-content\/uploads\/2025\/09\/81-1-1.jpg\" alt=\"81-1\" \/><\/figure><\/div>\t\t\t<\/div>\n\t\t\t\t\t\t\t\t\t\t\t\t<div class=\"elementor-swiper-button elementor-swiper-button-prev\" role=\"button\" tabindex=\"0\">\n\t\t\t\t\t\t<svg aria-hidden=\"true\" class=\"e-font-icon-svg e-eicon-chevron-left\" viewbox=\"0 0 1000 1000\" xmlns=\"http:\/\/www.w3.org\/2000\/svg\"><path d=\"M646 125C629 125 613 133 604 142L308 442C296 454 292 471 292 487 292 504 296 521 308 533L604 854C617 867 629 875 646 875 663 875 679 871 692 858 704 846 713 829 713 812 713 796 708 779 692 767L438 487 692 225C700 217 708 204 708 187 708 171 704 154 692 142 675 129 663 125 646 125Z\"><\/path><\/svg>\t\t\t\t\t<\/div>\n\t\t\t\t\t<div class=\"elementor-swiper-button elementor-swiper-button-next\" role=\"button\" tabindex=\"0\">\n\t\t\t\t\t\t<svg aria-hidden=\"true\" class=\"e-font-icon-svg e-eicon-chevron-right\" viewbox=\"0 0 1000 1000\" xmlns=\"http:\/\/www.w3.org\/2000\/svg\"><path d=\"M696 533C708 521 713 504 713 487 713 471 708 454 696 446L400 146C388 133 375 125 354 125 338 125 325 129 313 142 300 154 292 171 292 187 292 204 296 221 308 233L563 492 304 771C292 783 288 800 288 817 288 833 296 850 308 863 321 871 338 875 354 875 371 875 388 867 400 854L696 533Z\"><\/path><\/svg>\t\t\t\t\t<\/div>\n\t\t\t\t\n\t\t\t\t\t\t\t\t\t<div class=\"swiper-pagination\"><\/div>\n\t\t\t\t\t\t\t\t\t<\/div>\n\t\t\t\t\t\t<\/div>\n\t\t\t\t<\/div>\n\t\t\t\t\t<\/div>\n\t\t\t\t<\/div>\n\t\t<div class=\"elementor-element elementor-element-dc3b4e7 e-flex e-con-boxed e-con e-parent\" data-id=\"dc3b4e7\" data-element_type=\"container\">\n\t\t\t\t\t<div class=\"e-con-inner\">\n\t\t\t\t<div class=\"elementor-element elementor-element-90ddfbd elementor-widget elementor-widget-heading\" data-id=\"90ddfbd\" data-element_type=\"widget\" data-widget_type=\"heading.default\">\n\t\t\t\t\t<h1 class=\"elementor-heading-title elementor-size-default\">Would you like to become our sales partner?\n<\/h1>\t\t\t\t<\/div>\n\t\t\t\t<div class=\"elementor-element elementor-element-c60f6b1 elementor-widget__width-initial elementor-widget-mobile__width-inherit elementor-widget elementor-widget-text-editor\" data-id=\"c60f6b1\" data-element_type=\"widget\" data-widget_type=\"text-editor.default\">\n\t\t\t\t\t\t\t\t\t<div class=\"uk-grid uk-grid-medium uk-flex-center uk-text-center uk-margin-large uk-grid-stack\"><div class=\"uk-width-1-2@m uk-first-column\"><div class=\"uk-grid uk-grid-medium uk-flex-center uk-text-center uk-margin-large uk-grid-stack\"><div class=\"uk-width-1-2@m uk-first-column\"><div class=\"uk-grid uk-grid-medium uk-flex-center uk-text-center uk-margin-large uk-grid-stack\"><div class=\"uk-width-1-2@m uk-first-column\"><div class=\"uk-container\"><div class=\"uk-grid uk-grid-medium uk-flex-center uk-text-center uk-margin-large uk-grid-stack\"><div class=\"uk-width-1-2@m uk-first-column\"><p>Please Contact Us: To learn more, explore collaboration opportunities, or ask questions, please feel free to contact us. We will respond as soon as possible and would be delighted to meet with you to explore our potential for collaboration.<\/p><\/div><\/div><\/div><\/div><\/div><\/div><\/div><\/div><\/div>\t\t\t\t\t\t\t\t<\/div>\n\t\t\t\t<div class=\"elementor-element elementor-element-1cf4595 elementor-position-left elementor-mobile-position-left elementor-view-default elementor-widget elementor-widget-icon-box\" data-id=\"1cf4595\" data-element_type=\"widget\" data-widget_type=\"icon-box.default\">\n\t\t\t\t\t\t\t<div class=\"elementor-icon-box-wrapper\">\n\n\t\t\t\t\t\t<div class=\"elementor-icon-box-icon\">\n\t\t\t\t<span  class=\"elementor-icon\">\n\t\t\t\t<svg aria-hidden=\"true\" class=\"e-font-icon-svg e-far-envelope\" viewbox=\"0 0 512 512\" xmlns=\"http:\/\/www.w3.org\/2000\/svg\"><path d=\"M464 64H48C21.49 64 0 85.49 0 112v288c0 26.51 21.49 48 48 48h416c26.51 0 48-21.49 48-48V112c0-26.51-21.49-48-48-48zm0 48v40.805c-22.422 18.259-58.168 46.651-134.587 106.49-16.841 13.247-50.201 45.072-73.413 44.701-23.208.375-56.579-31.459-73.413-44.701C106.18 199.465 70.425 171.067 48 152.805V112h416zM48 400V214.398c22.914 18.251 55.409 43.862 104.938 82.646 21.857 17.205 60.134 55.186 103.062 54.955 42.717.231 80.509-37.199 103.053-54.947 49.528-38.783 82.032-64.401 104.947-82.653V400H48z\"><\/path><\/svg>\t\t\t\t<\/span>\n\t\t\t<\/div>\n\t\t\t\n\t\t\t\t\t\t<div class=\"elementor-icon-box-content\">\n\n\t\t\t\t\t\t\t\t\t<h3 class=\"elementor-icon-box-title\">\n\t\t\t\t\t\t<span  >\n\t\t\t\t\t\t\tinfo@geomas.com.tr\t\t\t\t\t\t<\/span>\n\t\t\t\t\t<\/h3>\n\t\t\t\t\n\t\t\t\t\n\t\t\t<\/div>\n\t\t\t\n\t\t<\/div>\n\t\t\t\t\t\t<\/div>\n\t\t\t\t\t<\/div>\n\t\t\t\t<\/div>\n\t\t\t\t<\/div>","protected":false},"excerpt":{"rendered":"<p>GEOMAS + \u0130\u015f Ortaklar\u0131m\u0131z Geomas Geokompozit ba\u015fta idareler, m\u00fcteahhitler ve proje firmalar\u0131 olmak \u00fczere b\u00fct\u00fcn m\u00fc\u015fterilerine ve kullan\u0131c\u0131lara kaliteli, pratik, ekonomik ve [&hellip;]<\/p>","protected":false},"author":1,"featured_media":0,"parent":0,"menu_order":0,"comment_status":"closed","ping_status":"closed","template":"","meta":{"footnotes":""},"class_list":["post-40","page","type-page","status-publish","hentry"],"_links":{"self":[{"href":"https:\/\/geomas.com\/en\/wp-json\/wp\/v2\/pages\/40","targetHints":{"allow":["GET"]}}],"collection":[{"href":"https:\/\/geomas.com\/en\/wp-json\/wp\/v2\/pages"}],"about":[{"href":"https:\/\/geomas.com\/en\/wp-json\/wp\/v2\/types\/page"}],"author":[{"embeddable":true,"href":"https:\/\/geomas.com\/en\/wp-json\/wp\/v2\/users\/1"}],"replies":[{"embeddable":true,"href":"https:\/\/geomas.com\/en\/wp-json\/wp\/v2\/comments?post=40"}],"version-history":[{"count":28,"href":"https:\/\/geomas.com\/en\/wp-json\/wp\/v2\/pages\/40\/revisions"}],"predecessor-version":[{"id":2055,"href":"https:\/\/geomas.com\/en\/wp-json\/wp\/v2\/pages\/40\/revisions\/2055"}],"wp:attachment":[{"href":"https:\/\/geomas.com\/en\/wp-json\/wp\/v2\/media?parent=40"}],"curies":[{"name":"wp","href":"https:\/\/api.w.org\/{rel}","templated":true}]}}