{"id":36,"date":"2025-09-10T15:15:38","date_gmt":"2025-09-10T15:15:38","guid":{"rendered":"https:\/\/geomas.com\/?page_id=36"},"modified":"2026-02-17T14:52:13","modified_gmt":"2026-02-17T14:52:13","slug":"hakkimizda","status":"publish","type":"page","link":"https:\/\/geomas.com\/en\/hakkimizda\/","title":{"rendered":"About us"},"content":{"rendered":"<div data-elementor-type=\"wp-page\" data-elementor-id=\"36\" class=\"elementor elementor-36\" data-elementor-settings=\"{&quot;element_pack_global_tooltip_width&quot;:{&quot;unit&quot;:&quot;px&quot;,&quot;size&quot;:&quot;&quot;,&quot;sizes&quot;:[]},&quot;element_pack_global_tooltip_width_tablet&quot;:{&quot;unit&quot;:&quot;px&quot;,&quot;size&quot;:&quot;&quot;,&quot;sizes&quot;:[]},&quot;element_pack_global_tooltip_width_mobile&quot;:{&quot;unit&quot;:&quot;px&quot;,&quot;size&quot;:&quot;&quot;,&quot;sizes&quot;:[]},&quot;element_pack_global_tooltip_padding&quot;:{&quot;unit&quot;:&quot;px&quot;,&quot;top&quot;:&quot;&quot;,&quot;right&quot;:&quot;&quot;,&quot;bottom&quot;:&quot;&quot;,&quot;left&quot;:&quot;&quot;,&quot;isLinked&quot;:true},&quot;element_pack_global_tooltip_padding_tablet&quot;:{&quot;unit&quot;:&quot;px&quot;,&quot;top&quot;:&quot;&quot;,&quot;right&quot;:&quot;&quot;,&quot;bottom&quot;:&quot;&quot;,&quot;left&quot;:&quot;&quot;,&quot;isLinked&quot;:true},&quot;element_pack_global_tooltip_padding_mobile&quot;:{&quot;unit&quot;:&quot;px&quot;,&quot;top&quot;:&quot;&quot;,&quot;right&quot;:&quot;&quot;,&quot;bottom&quot;:&quot;&quot;,&quot;left&quot;:&quot;&quot;,&quot;isLinked&quot;:true},&quot;element_pack_global_tooltip_border_radius&quot;:{&quot;unit&quot;:&quot;px&quot;,&quot;top&quot;:&quot;&quot;,&quot;right&quot;:&quot;&quot;,&quot;bottom&quot;:&quot;&quot;,&quot;left&quot;:&quot;&quot;,&quot;isLinked&quot;:true},&quot;element_pack_global_tooltip_border_radius_tablet&quot;:{&quot;unit&quot;:&quot;px&quot;,&quot;top&quot;:&quot;&quot;,&quot;right&quot;:&quot;&quot;,&quot;bottom&quot;:&quot;&quot;,&quot;left&quot;:&quot;&quot;,&quot;isLinked&quot;:true},&quot;element_pack_global_tooltip_border_radius_mobile&quot;:{&quot;unit&quot;:&quot;px&quot;,&quot;top&quot;:&quot;&quot;,&quot;right&quot;:&quot;&quot;,&quot;bottom&quot;:&quot;&quot;,&quot;left&quot;:&quot;&quot;,&quot;isLinked&quot;:true}}\" data-elementor-post-type=\"page\">\n\t\t\t\t<div class=\"elementor-element elementor-element-4e86969 e-flex e-con-boxed elementor-invisible e-con e-parent\" data-id=\"4e86969\" data-element_type=\"container\" data-settings=\"{&quot;background_background&quot;:&quot;gradient&quot;,&quot;animation_delay&quot;:300,&quot;animation&quot;:&quot;zoomOutUp&quot;}\">\n\t\t\t\t\t<div class=\"e-con-inner\">\n\t\t<div class=\"elementor-element elementor-element-ad799e3 e-con-full e-flex e-con e-child\" data-id=\"ad799e3\" data-element_type=\"container\">\n\t\t<div class=\"elementor-element elementor-element-3d945bb e-con-full e-flex e-con e-child\" data-id=\"3d945bb\" data-element_type=\"container\">\n\t\t<div class=\"elementor-element elementor-element-472e57a e-con-full e-flex e-con e-child\" data-id=\"472e57a\" data-element_type=\"container\">\n\t\t\t\t<div class=\"elementor-element elementor-element-165e94d  ui-split-animate ui-splitby-chars elementor-widget elementor-widget-heading\" data-id=\"165e94d\" data-element_type=\"widget\" data-settings=\"{&quot;ui_animate_split&quot;:&quot;ui-split-animate&quot;,&quot;ui_animate_split_style&quot;:&quot;fadeInRight&quot;,&quot;ui_animate_split_by&quot;:&quot;chars&quot;}\" data-widget_type=\"heading.default\">\n\t\t\t\t\t<h4 class=\"elementor-heading-title elementor-size-default\">Since 2009<\/h4>\t\t\t\t<\/div>\n\t\t\t\t<div class=\"elementor-element elementor-element-6791346  ui-split-animate ui-splitby-chars elementor-widget elementor-widget-heading\" data-id=\"6791346\" data-element_type=\"widget\" data-settings=\"{&quot;ui_animate_split&quot;:&quot;ui-split-animate&quot;,&quot;ui_animate_split_style&quot;:&quot;fadeInRight&quot;,&quot;ui_animate_split_by&quot;:&quot;chars&quot;}\" data-widget_type=\"heading.default\">\n\t\t\t\t\t<h2 class=\"elementor-heading-title elementor-size-default\">About us<\/h2>\t\t\t\t<\/div>\n\t\t\t\t<div class=\"elementor-element elementor-element-4643166 elementor-widget__width-inherit elementor-widget elementor-widget-text-editor\" data-id=\"4643166\" data-element_type=\"widget\" data-widget_type=\"text-editor.default\">\n\t\t\t\t\t\t\t\t\t<div class=\"uk-grid uk-grid-medium uk-flex-center uk-text-center uk-grid-stack\">\n<div class=\"uk-width-1-2@m uk-first-column\">\n<p>Izomas depending on the group company, established in 2009, offering innovative solutions for a wide variety of applications Geomas Composite, geosynthetic is a leading company in the industry. Our company, construction, transportation, mining, and environmental protection with high quality products and services to customers in sectors we are a solution partner.<\/p>\n<\/div>\n<\/div>\n<div class=\"uk-grid uk-grid-large uk-flex-top\">\u00a0<\/div>\t\t\t\t\t\t\t\t<\/div>\n\t\t\t\t<\/div>\n\t\t<div class=\"elementor-element elementor-element-b1c33f2 e-con-full e-flex e-con e-child\" data-id=\"b1c33f2\" data-element_type=\"container\">\n\t\t\t\t<div class=\"elementor-element elementor-element-c7c55e6 elementor-widget__width-inherit elementor-widget elementor-widget-text-editor\" data-id=\"c7c55e6\" data-element_type=\"widget\" data-widget_type=\"text-editor.default\">\n\t\t\t\t\t\t\t\t\t<p>R &amp; D and value to the country's economy geomas Composite textile companies in 2003 and in 2009 as a result of Ozar by establishing numerous geotechnical engineering geosynthetic construction products in accordance with international standards to give direction to and started working. The group of companies also Izomas\u2019 s manufactured by partner companies throughout the world, geogrid, geomembrane, geosynthetic polymer fiber such as products design, sales and marketing activities continue to be.<\/p>\t\t\t\t\t\t\t\t<\/div>\n\t\t\t\t<div class=\"elementor-element elementor-element-6b75ac3 elementor-widget elementor-widget-button\" data-id=\"6b75ac3\" data-element_type=\"widget\" data-settings=\"{&quot;_animation&quot;:&quot;none&quot;,&quot;_animation_delay&quot;:850}\" data-widget_type=\"button.default\">\n\t\t\t\t\t\t\t\t\t\t<a class=\"elementor-button elementor-button-link elementor-size-sm\" href=\"\/en\/hakkimizda\/\">\n\t\t\t\t\t\t<span class=\"elementor-button-content-wrapper\">\n\t\t\t\t\t\t\t\t\t<span class=\"elementor-button-text\">About us<\/span>\n\t\t\t\t\t<\/span>\n\t\t\t\t\t<\/a>\n\t\t\t\t\t\t\t\t<\/div>\n\t\t\t\t<\/div>\n\t\t\t\t<\/div>\n\t\t\t\t<\/div>\n\t\t\t\t\t<\/div>\n\t\t\t\t<\/div>\n\t\t<div class=\"elementor-element elementor-element-5cd5e33 e-flex e-con-boxed e-con e-parent\" data-id=\"5cd5e33\" data-element_type=\"container\" data-settings=\"{&quot;background_background&quot;:&quot;classic&quot;}\">\n\t\t\t\t\t<div class=\"e-con-inner\">\n\t\t<div class=\"elementor-element elementor-element-6a596db6 e-con-full e-flex e-con e-child\" data-id=\"6a596db6\" data-element_type=\"container\">\n\t\t\t\t<div class=\"elementor-element elementor-element-5b274846 elementor-widget elementor-widget-heading\" data-id=\"5b274846\" data-element_type=\"widget\" data-settings=\"{&quot;_animation_delay&quot;:&quot;200&quot;}\" data-widget_type=\"heading.default\">\n\t\t\t\t\t<h6 class=\"elementor-heading-title elementor-size-default\">About us<\/h6>\t\t\t\t<\/div>\n\t\t\t\t<div class=\"elementor-element elementor-element-65613951  ui-split-animate ui-splitby-chars elementor-widget elementor-widget-heading\" data-id=\"65613951\" data-element_type=\"widget\" data-settings=\"{&quot;ui_animate_split&quot;:&quot;ui-split-animate&quot;,&quot;ui_animate_split_style&quot;:&quot;fadeIn&quot;,&quot;ui_animate_split_by&quot;:&quot;chars&quot;}\" data-widget_type=\"heading.default\">\n\t\t\t\t\t<h2 class=\"elementor-heading-title elementor-size-default\">Our Story<\/h2>\t\t\t\t<\/div>\n\t\t\t\t<div class=\"elementor-element elementor-element-6424f925 elementor-widget elementor-widget-text-editor\" data-id=\"6424f925\" data-element_type=\"widget\" data-widget_type=\"text-editor.default\">\n\t\t\t\t\t\t\t\t\t<div class=\"uk-width-2-5@m uk-flex-last uk-flex-first@m uk-first-column\">Since its establishment in 1974, Izomas Group Companies has continued its engineering activities by providing technological, economical, environmentally friendly, and long-lasting products and systems for infrastructure and superstructure projects. Guided by the principle of engineering solutions tailored to the problem, the company not only supplies products but also offers versatile, cost-effective, and environmentally friendly solutions. We work as a solution partner with our customers on various projects. The continuous growth of Izomas Group Companies is based on decades of experience, expert staff, commercial synergy, excellent service, and respect for the environment, and our company has become one of the world's leading companies with its solutions for the construction engineering and construction sector. Izomas Group Companies research, design, produce, and deliver solutions to problems with a customer-focused and environmentally friendly working strategy. As a pioneer in the sector, it provides high-quality, fast, economical, technological, and long-lasting turnkey solutions to all customers and users, especially contractors, administrations, and project companies.<\/div>\t\t\t\t\t\t\t\t<\/div>\n\t\t\t\t<\/div>\n\t\t<div class=\"elementor-element elementor-element-271c7a5a e-con-full e-flex e-con e-child\" data-id=\"271c7a5a\" data-element_type=\"container\" data-settings=\"{&quot;background_background&quot;:&quot;classic&quot;}\">\n\t\t\t\t<div class=\"elementor-element elementor-element-a707d78 elementor-widget elementor-widget-heading\" data-id=\"a707d78\" data-element_type=\"widget\" data-widget_type=\"heading.default\">\n\t\t\t\t\t<h6 class=\"elementor-heading-title elementor-size-default\">Years of Experience<\/h6>\t\t\t\t<\/div>\n\t\t<div class=\"elementor-element elementor-element-504afe7d e-con-full e-flex e-con e-child\" data-id=\"504afe7d\" data-element_type=\"container\">\n\t\t\t\t<div class=\"elementor-element elementor-element-26ef77bc ui-e-align-left elementor-widget__width-initial ui-e-counter-odometer elementor-widget elementor-widget-uicore-counter\" data-id=\"26ef77bc\" data-element_type=\"widget\" data-settings=\"{&quot;count_start&quot;:1,&quot;count_end&quot;:15,&quot;decimal_symbol&quot;:&quot;.&quot;,&quot;counter_suffix&quot;:&quot;+&quot;,&quot;counter_animation&quot;:&quot;odometer&quot;,&quot;animate_suffix&quot;:&quot;true&quot;,&quot;duration&quot;:2.5}\" data-widget_type=\"uicore-counter.default\">\n\t\t\t\t<div class=\"elementor-widget-container\">\n\t\t\t\t\t <div class=\"ui-e-wrp\"> <h2 class=\"ui-e-num\"><span class=\"ui-e-prefix\"><\/span><span class=\"value\"> 0 <\/span><\/h2><p class=\"ui-e-title\">Annual Experience<\/p> <\/div> \t\t\t\t<\/div>\n\t\t\t\t<\/div>\n\t\t\t\t<div class=\"elementor-element elementor-element-1dd7aa94 ui-e-align-left elementor-widget__width-initial ui-e-counter-odometer elementor-widget elementor-widget-uicore-counter\" data-id=\"1dd7aa94\" data-element_type=\"widget\" data-settings=\"{&quot;count_start&quot;:0,&quot;counter_separator&quot;:&quot;,&quot;,&quot;decimal_symbol&quot;:&quot;.&quot;,&quot;counter_suffix&quot;:&quot;+&quot;,&quot;counter_animation&quot;:&quot;odometer&quot;,&quot;animate_suffix&quot;:&quot;true&quot;,&quot;count_end&quot;:120,&quot;use_grouping&quot;:&quot;true&quot;,&quot;duration&quot;:2.5}\" data-widget_type=\"uicore-counter.default\">\n\t\t\t\t<div class=\"elementor-widget-container\">\n\t\t\t\t\t <div class=\"ui-e-wrp\"> <h2 class=\"ui-e-num\"><span class=\"ui-e-prefix\"><\/span><span class=\"value\"> 0 <\/span><\/h2><p class=\"ui-e-title\">Project<\/p> <\/div> \t\t\t\t<\/div>\n\t\t\t\t<\/div>\n\t\t\t\t<div class=\"elementor-element elementor-element-6fd97ce ui-e-align-left elementor-widget__width-initial ui-e-counter-odometer elementor-widget elementor-widget-uicore-counter\" data-id=\"6fd97ce\" data-element_type=\"widget\" data-settings=\"{&quot;count_start&quot;:0,&quot;counter_separator&quot;:&quot;,&quot;,&quot;decimal_symbol&quot;:&quot;.&quot;,&quot;counter_suffix&quot;:&quot;+&quot;,&quot;counter_animation&quot;:&quot;odometer&quot;,&quot;animate_suffix&quot;:&quot;true&quot;,&quot;count_end&quot;:120,&quot;use_grouping&quot;:&quot;true&quot;,&quot;duration&quot;:2.5}\" data-widget_type=\"uicore-counter.default\">\n\t\t\t\t<div class=\"elementor-widget-container\">\n\t\t\t\t\t <div class=\"ui-e-wrp\"> <h2 class=\"ui-e-num\"><span class=\"ui-e-prefix\"><\/span><span class=\"value\"> 0 <\/span><\/h2><p class=\"ui-e-title\">Happy Customer<\/p> <\/div> \t\t\t\t<\/div>\n\t\t\t\t<\/div>\n\t\t\t\t<div class=\"elementor-element elementor-element-2eb2eb6a ui-e-align-left elementor-widget__width-initial ui-e-counter-odometer elementor-widget elementor-widget-uicore-counter\" data-id=\"2eb2eb6a\" data-element_type=\"widget\" data-settings=\"{&quot;count_end&quot;:50,&quot;decimal_symbol&quot;:&quot;.&quot;,&quot;counter_suffix&quot;:&quot;+&quot;,&quot;counter_animation&quot;:&quot;odometer&quot;,&quot;count_start&quot;:0,&quot;animate_suffix&quot;:&quot;true&quot;,&quot;duration&quot;:2.5}\" data-widget_type=\"uicore-counter.default\">\n\t\t\t\t<div class=\"elementor-widget-container\">\n\t\t\t\t\t <div class=\"ui-e-wrp\"> <h2 class=\"ui-e-num\"><span class=\"ui-e-prefix\"><\/span><span class=\"value\"> 0 <\/span><\/h2><p class=\"ui-e-title\">Employee<\/p> <\/div> \t\t\t\t<\/div>\n\t\t\t\t<\/div>\n\t\t\t\t<\/div>\n\t\t\t\t<\/div>\n\t\t\t\t\t<\/div>\n\t\t\t\t<\/div>\n\t\t\t\t<\/div>","protected":false},"excerpt":{"rendered":"<p>2009&#8217;dan beri Hakk\u0131m\u0131zda \u0130zomas \u015eirketler Grubu\u2019na ba\u011fl\u0131 olarak 2009 y\u0131l\u0131nda kurulan Geomas Geokompozit \u00e7ok \u00e7e\u015fitli uygulamalar i\u00e7in yenilik\u00e7i \u00e7\u00f6z\u00fcmler sunan, geosentetik end\u00fcstrisinde [&hellip;]<\/p>","protected":false},"author":1,"featured_media":0,"parent":0,"menu_order":0,"comment_status":"closed","ping_status":"closed","template":"","meta":{"footnotes":""},"class_list":["post-36","page","type-page","status-publish","hentry"],"_links":{"self":[{"href":"https:\/\/geomas.com\/en\/wp-json\/wp\/v2\/pages\/36","targetHints":{"allow":["GET"]}}],"collection":[{"href":"https:\/\/geomas.com\/en\/wp-json\/wp\/v2\/pages"}],"about":[{"href":"https:\/\/geomas.com\/en\/wp-json\/wp\/v2\/types\/page"}],"author":[{"embeddable":true,"href":"https:\/\/geomas.com\/en\/wp-json\/wp\/v2\/users\/1"}],"replies":[{"embeddable":true,"href":"https:\/\/geomas.com\/en\/wp-json\/wp\/v2\/comments?post=36"}],"version-history":[{"count":19,"href":"https:\/\/geomas.com\/en\/wp-json\/wp\/v2\/pages\/36\/revisions"}],"predecessor-version":[{"id":2996,"href":"https:\/\/geomas.com\/en\/wp-json\/wp\/v2\/pages\/36\/revisions\/2996"}],"wp:attachment":[{"href":"https:\/\/geomas.com\/en\/wp-json\/wp\/v2\/media?parent=36"}],"curies":[{"name":"wp","href":"https:\/\/api.w.org\/{rel}","templated":true}]}}