{"id":3160,"date":"2025-12-05T09:12:29","date_gmt":"2025-12-05T09:12:29","guid":{"rendered":"https:\/\/geomas.com\/?page_id=3160"},"modified":"2026-02-17T14:53:05","modified_gmt":"2026-02-17T14:53:05","slug":"atik-susuzlastirma","status":"publish","type":"page","link":"https:\/\/geomas.com\/en\/uygulamalar\/geosentetikler\/atik-susuzlastirma\/","title":{"rendered":"At\u0131k Susuzla\u015ft\u0131rma ve Geot\u00fcp \u00c7\u00f6z\u00fcm\u00fc"},"content":{"rendered":"<div data-elementor-type=\"wp-page\" data-elementor-id=\"3160\" class=\"elementor elementor-3160\" data-elementor-settings=\"{&quot;element_pack_global_tooltip_width&quot;:{&quot;unit&quot;:&quot;px&quot;,&quot;size&quot;:&quot;&quot;,&quot;sizes&quot;:[]},&quot;element_pack_global_tooltip_width_tablet&quot;:{&quot;unit&quot;:&quot;px&quot;,&quot;size&quot;:&quot;&quot;,&quot;sizes&quot;:[]},&quot;element_pack_global_tooltip_width_mobile&quot;:{&quot;unit&quot;:&quot;px&quot;,&quot;size&quot;:&quot;&quot;,&quot;sizes&quot;:[]},&quot;element_pack_global_tooltip_padding&quot;:{&quot;unit&quot;:&quot;px&quot;,&quot;top&quot;:&quot;&quot;,&quot;right&quot;:&quot;&quot;,&quot;bottom&quot;:&quot;&quot;,&quot;left&quot;:&quot;&quot;,&quot;isLinked&quot;:true},&quot;element_pack_global_tooltip_padding_tablet&quot;:{&quot;unit&quot;:&quot;px&quot;,&quot;top&quot;:&quot;&quot;,&quot;right&quot;:&quot;&quot;,&quot;bottom&quot;:&quot;&quot;,&quot;left&quot;:&quot;&quot;,&quot;isLinked&quot;:true},&quot;element_pack_global_tooltip_padding_mobile&quot;:{&quot;unit&quot;:&quot;px&quot;,&quot;top&quot;:&quot;&quot;,&quot;right&quot;:&quot;&quot;,&quot;bottom&quot;:&quot;&quot;,&quot;left&quot;:&quot;&quot;,&quot;isLinked&quot;:true},&quot;element_pack_global_tooltip_border_radius&quot;:{&quot;unit&quot;:&quot;px&quot;,&quot;top&quot;:&quot;&quot;,&quot;right&quot;:&quot;&quot;,&quot;bottom&quot;:&quot;&quot;,&quot;left&quot;:&quot;&quot;,&quot;isLinked&quot;:true},&quot;element_pack_global_tooltip_border_radius_tablet&quot;:{&quot;unit&quot;:&quot;px&quot;,&quot;top&quot;:&quot;&quot;,&quot;right&quot;:&quot;&quot;,&quot;bottom&quot;:&quot;&quot;,&quot;left&quot;:&quot;&quot;,&quot;isLinked&quot;:true},&quot;element_pack_global_tooltip_border_radius_mobile&quot;:{&quot;unit&quot;:&quot;px&quot;,&quot;top&quot;:&quot;&quot;,&quot;right&quot;:&quot;&quot;,&quot;bottom&quot;:&quot;&quot;,&quot;left&quot;:&quot;&quot;,&quot;isLinked&quot;:true}}\" data-elementor-post-type=\"page\">\n\t\t\t\t<div class=\"elementor-element elementor-element-7422fea7 e-flex e-con-boxed e-con e-parent\" data-id=\"7422fea7\" data-element_type=\"container\">\n\t\t\t\t\t<div class=\"e-con-inner\">\n\t\t\t\t<div class=\"elementor-element elementor-element-453c0fb elementor-widget elementor-widget-breadcrumbs\" data-id=\"453c0fb\" data-element_type=\"widget\" data-widget_type=\"breadcrumbs.default\">\n\t\t\t\t<div class=\"elementor-widget-container\">\n\t\t\t\t\t<nav aria-label=\"breadcrumbs\" class=\"rank-math-breadcrumb\"><p><span class=\"last\">Homepage<\/span><\/p><\/nav>\t\t\t\t<\/div>\n\t\t\t\t<\/div>\n\t\t\t\t\t<\/div>\n\t\t\t\t<\/div>\n\t\t<div class=\"elementor-element elementor-element-38661cfa e-flex e-con-boxed e-con e-parent\" data-id=\"38661cfa\" data-element_type=\"container\">\n\t\t\t\t\t<div class=\"e-con-inner\">\n\t\t\t\t<div class=\"elementor-element elementor-element-6a813ba4 elementor-widget elementor-widget-heading\" data-id=\"6a813ba4\" data-element_type=\"widget\" data-widget_type=\"heading.default\">\n\t\t\t\t\t<h1 class=\"elementor-heading-title elementor-size-default\">At\u0131k Susuzla\u015ft\u0131rma ve Geot\u00fcp \u00c7\u00f6z\u00fcm\u00fc<\/h1>\t\t\t\t<\/div>\n\t\t\t\t\t<\/div>\n\t\t\t\t<\/div>\n\t\t<div class=\"elementor-element elementor-element-3b4c8b5e e-flex e-con-boxed e-con e-parent\" data-id=\"3b4c8b5e\" data-element_type=\"container\">\n\t\t\t\t\t<div class=\"e-con-inner\">\n\t\t<div class=\"elementor-element elementor-element-3958be2 e-con-full e-flex e-con e-child\" data-id=\"3958be2\" data-element_type=\"container\">\n\t\t\t\t<div class=\"elementor-element elementor-element-668a765 elementor-widget elementor-widget-image\" data-id=\"668a765\" data-element_type=\"widget\" data-widget_type=\"image.default\">\n\t\t\t\t\t\t\t\t\t\t\t\t\t\t\t<img decoding=\"async\" width=\"1260\" height=\"420\" src=\"https:\/\/geomas.com\/wp-content\/uploads\/2025\/12\/tup-kara1_revizyon-p-3.jpg\" class=\"attachment-full size-full wp-image-3285\" alt=\"\" srcset=\"https:\/\/geomas.com\/wp-content\/uploads\/2025\/12\/tup-kara1_revizyon-p-3.jpg 1260w, https:\/\/geomas.com\/wp-content\/uploads\/2025\/12\/tup-kara1_revizyon-p-3-300x100.jpg 300w, https:\/\/geomas.com\/wp-content\/uploads\/2025\/12\/tup-kara1_revizyon-p-3-1024x341.jpg 1024w, https:\/\/geomas.com\/wp-content\/uploads\/2025\/12\/tup-kara1_revizyon-p-3-768x256.jpg 768w, https:\/\/geomas.com\/wp-content\/uploads\/2025\/12\/tup-kara1_revizyon-p-3-18x6.jpg 18w, https:\/\/geomas.com\/wp-content\/uploads\/2025\/12\/tup-kara1_revizyon-p-3-650x217.jpg 650w\" sizes=\"(max-width: 1260px) 100vw, 1260px\" \/>\t\t\t\t\t\t\t\t\t\t\t\t\t\t\t<\/div>\n\t\t\t\t<div class=\"elementor-element elementor-element-6b99917 elementor-widget elementor-widget-gallery\" data-id=\"6b99917\" data-element_type=\"widget\" data-settings=\"{&quot;columns_mobile&quot;:2,&quot;lazyload&quot;:&quot;yes&quot;,&quot;gallery_layout&quot;:&quot;grid&quot;,&quot;columns&quot;:4,&quot;columns_tablet&quot;:2,&quot;gap&quot;:{&quot;unit&quot;:&quot;px&quot;,&quot;size&quot;:10,&quot;sizes&quot;:[]},&quot;gap_tablet&quot;:{&quot;unit&quot;:&quot;px&quot;,&quot;size&quot;:10,&quot;sizes&quot;:[]},&quot;gap_mobile&quot;:{&quot;unit&quot;:&quot;px&quot;,&quot;size&quot;:10,&quot;sizes&quot;:[]},&quot;link_to&quot;:&quot;file&quot;,&quot;aspect_ratio&quot;:&quot;3:2&quot;,&quot;content_hover_animation&quot;:&quot;fade-in&quot;}\" data-widget_type=\"gallery.default\">\n\t\t\t\t\t\t\t<div class=\"elementor-gallery__container\">\n\t\t\t\t\t\t\t<a class=\"e-gallery-item elementor-gallery-item elementor-animated-content\" href=\"https:\/\/geomas.com\/wp-content\/uploads\/2025\/12\/tup-kara1-beyaz_revizyon-p.jpg\" data-elementor-open-lightbox=\"yes\" data-elementor-lightbox-slideshow=\"6b99917\" data-elementor-lightbox-title=\"Geot\u00fcp ile at\u0131\u011f\u0131n susuzla\u015ft\u0131r\u0131lmas\u0131\" data-e-action-hash=\"#elementor-action%3Aaction%3Dlightbox%26settings%3DeyJpZCI6MzI4NiwidXJsIjoiaHR0cHM6XC9cL2dlb21hcy5jb21cL3dwLWNvbnRlbnRcL3VwbG9hZHNcLzIwMjVcLzEyXC90dXAta2FyYTEtYmV5YXpfcmV2aXp5b24tcC5qcGciLCJzbGlkZXNob3ciOiI2Yjk5OTE3In0%3D\">\n\t\t\t\t\t<div class=\"e-gallery-image elementor-gallery-item__image\" data-thumbnail=\"https:\/\/geomas.com\/wp-content\/uploads\/2025\/12\/tup-kara1-beyaz_revizyon-p.jpg\" data-width=\"490\" data-height=\"280\" aria-label=\"\" role=\"img\" ><\/div>\n\t\t\t\t\t\t\t\t\t\t\t\t\t\t<\/a>\n\t\t\t\t\t<\/div>\n\t\t\t\t\t<\/div>\n\t\t\t\t<div class=\"elementor-element elementor-element-467b5730 elementor-widget__width-initial elementor-widget-tablet__width-inherit elementor-widget-mobile__width-inherit elementor-widget elementor-widget-text-editor\" data-id=\"467b5730\" data-element_type=\"widget\" data-widget_type=\"text-editor.default\">\n\t\t\t\t\t\t\t\t\t<section id=\"description\" class=\"section-description\"><div class=\"uk-container\"><div class=\"uk-grid uk-grid-large uk-flex-middle\"><div class=\"uk-width-2-5@m\"><div class=\"uk-width-2-5@m uk-light uk-first-column\"><div class=\"uk-margin-remove-last-child\"><div class=\"uk-width-2-5@m uk-light uk-first-column\"><div class=\"uk-margin-remove-last-child\"><div class=\"uk-grid uk-grid-medium uk-flex-center uk-text-center uk-margin-large uk-grid-stack\"><div class=\"uk-width-1-2@m uk-first-column\"><div class=\"uk-grid uk-grid-medium uk-flex-center uk-text-center uk-margin-large uk-grid-stack\"><div class=\"uk-width-1-2@m uk-first-column\"><p>At\u0131k alanlar\u0131ndaki en b\u00fcy\u00fck problemlerin ba\u015f\u0131nda at\u0131\u011f\u0131n muhteviyat\u0131n\u0131n sulu olmas\u0131 ve bir yerden ba\u015fka bir yere depolanmas\u0131 i\u00e7in ta\u015f\u0131nmas\u0131n\u0131n g\u00fc\u00e7le\u015fmesidir. \u00c7\u00f6kertme havuzlar\u0131 i\u00e7in yeterli yerin olmamas\u0131, at\u0131\u011f\u0131n bu alanlara ta\u015f\u0131nmas\u0131ndaki ilave maliyetler gibi nedenlerle klasik y\u00f6ntemler toplam maliyetlerde \u00e7ok da ekonomik olmamaktad\u0131r. Geosentetik \u00fcr\u00fcn gam\u0131nda \u00f6nemli yer tutan geosentetik t\u00fcp malzemeler ile at\u0131\u011f\u0131n susuzla\u015ft\u0131r\u0131lmas\u0131 kolayl\u0131kla sa\u011flanarak pratik bir \u015fekilde ta\u015f\u0131nabilir hale gelmektedir. Bertaraf alan\u0131na depolanmalar\u0131 da d\u00fczg\u00fcn yap\u0131labildi\u011fi i\u00e7in alandan da tasarruf sa\u011flanarak daha fazla at\u0131\u011f\u0131n bertaraf alanlar\u0131nda depolanmas\u0131 sa\u011flanabilmektedir.<\/p><\/div><\/div><\/div><\/div><\/div><\/div><\/div><\/div><\/div><\/div><\/div><\/section>\t\t\t\t\t\t\t\t<\/div>\n\t\t<div class=\"elementor-element elementor-element-58f3a0a0 e-con-full e-flex e-con e-child\" data-id=\"58f3a0a0\" data-element_type=\"container\" data-settings=\"{&quot;background_background&quot;:&quot;classic&quot;}\">\n\t\t\t\t<div class=\"elementor-element elementor-element-29a8d238 elementor-icon-list--layout-traditional elementor-list-item-link-full_width elementor-widget elementor-widget-icon-list\" data-id=\"29a8d238\" data-element_type=\"widget\" data-widget_type=\"icon-list.default\">\n\t\t\t\t\t\t\t<ul class=\"elementor-icon-list-items\">\n\t\t\t\t\t\t\t<li class=\"elementor-icon-list-item\">\n\t\t\t\t\t\t\t\t\t\t\t<span class=\"elementor-icon-list-icon\">\n\t\t\t\t\t\t\t<i aria-hidden=\"true\" class=\"ri ri-checkbox-circle-fill\"><\/i>\t\t\t\t\t\t<\/span>\n\t\t\t\t\t\t\t\t\t\t<span class=\"elementor-icon-list-text\">S\u0131v\u0131 muhteviyat\u0131 fazla olan at\u0131\u011f\u0131n h\u0131zl\u0131ca ta\u015f\u0131nabilir olmas\u0131 sa\u011flanmaktad\u0131r<\/span>\n\t\t\t\t\t\t\t\t\t<\/li>\n\t\t\t\t\t\t\t\t<li class=\"elementor-icon-list-item\">\n\t\t\t\t\t\t\t\t\t\t\t<span class=\"elementor-icon-list-icon\">\n\t\t\t\t\t\t\t<i aria-hidden=\"true\" class=\"ri ri-checkbox-circle-fill\"><\/i>\t\t\t\t\t\t<\/span>\n\t\t\t\t\t\t\t\t\t\t<span class=\"elementor-icon-list-text\">Bertaraf alanlar\u0131nda d\u00fczg\u00fcn istifleme yap\u0131labildi\u011fi i\u00e7in daha fazla at\u0131\u011f\u0131n depolanabilmesi sa\u011flanmaktad\u0131r<\/span>\n\t\t\t\t\t\t\t\t\t<\/li>\n\t\t\t\t\t\t\t\t<li class=\"elementor-icon-list-item\">\n\t\t\t\t\t\t\t\t\t\t\t<span class=\"elementor-icon-list-icon\">\n\t\t\t\t\t\t\t<i aria-hidden=\"true\" class=\"ri ri-checkbox-circle-fill\"><\/i>\t\t\t\t\t\t<\/span>\n\t\t\t\t\t\t\t\t\t\t<span class=\"elementor-icon-list-text\">Geosentetik t\u00fcp malzemeler ile daha \u00e7evreci bir \u00e7\u00f6z\u00fcm geli\u015ftirilmi\u015f olup; at\u0131k depolama alan\u0131nda daha g\u00fcvenli bir depolama yap\u0131labilmektedir<\/span>\n\t\t\t\t\t\t\t\t\t<\/li>\n\t\t\t\t\t\t\t\t<li class=\"elementor-icon-list-item\">\n\t\t\t\t\t\t\t\t\t\t\t<span class=\"elementor-icon-list-icon\">\n\t\t\t\t\t\t\t<i aria-hidden=\"true\" class=\"ri ri-checkbox-circle-fill\"><\/i>\t\t\t\t\t\t<\/span>\n\t\t\t\t\t\t\t\t\t\t<span class=\"elementor-icon-list-text\">H\u0131zl\u0131 ve ekonomik bir \u015fekilde at\u0131\u011f\u0131n bertaraf\u0131 sa\u011flanabilmektedir<\/span>\n\t\t\t\t\t\t\t\t\t<\/li>\n\t\t\t\t\t\t<\/ul>\n\t\t\t\t\t\t<\/div>\n\t\t\t\t<\/div>\n\t\t\t\t<\/div>\n\t\t\t\t\t<\/div>\n\t\t\t\t<\/div>\n\t\t<div class=\"elementor-element elementor-element-79bdaa0 e-con-full e-flex e-con e-parent\" data-id=\"79bdaa0\" data-element_type=\"container\">\n\t\t\t\t<div class=\"elementor-element elementor-element-da89056 elementor-widget elementor-widget-shortcode\" data-id=\"da89056\" data-element_type=\"widget\" data-widget_type=\"shortcode.default\">\n\t\t\t\t\t\t\t<div class=\"elementor-shortcode\">\t\t<div data-elementor-type=\"container\" data-elementor-id=\"3473\" class=\"elementor elementor-3473\" data-elementor-post-type=\"elementor_library\">\n\t\t\t\t<div class=\"elementor-element elementor-element-6e9d45e2 e-flex e-con-boxed e-con e-parent\" data-id=\"6e9d45e2\" data-element_type=\"container\" id=\"datasheet\" data-settings=\"{&quot;background_background&quot;:&quot;classic&quot;}\">\n\t\t\t\t\t<div class=\"e-con-inner\">\n\t\t<div class=\"elementor-element elementor-element-59e42980 e-con-full e-flex e-con e-child\" data-id=\"59e42980\" data-element_type=\"container\">\n\t\t<div class=\"elementor-element elementor-element-45267dd4 e-con-full e-flex e-con e-child\" data-id=\"45267dd4\" data-element_type=\"container\">\n\t\t<div class=\"elementor-element elementor-element-1c2bd239 e-con-full e-flex e-con e-child\" data-id=\"1c2bd239\" data-element_type=\"container\">\n\t\t\t\t<div class=\"elementor-element elementor-element-64eb4f74  ui-split-animate ui-splitby-chars elementor-widget elementor-widget-heading\" data-id=\"64eb4f74\" data-element_type=\"widget\" data-settings=\"{&quot;ui_animate_split&quot;:&quot;ui-split-animate&quot;,&quot;ui_animate_split_style&quot;:&quot;fadeInRight&quot;,&quot;ui_animate_split_by&quot;:&quot;chars&quot;}\" data-widget_type=\"heading.default\">\n\t\t\t\t\t<h2 class=\"elementor-heading-title elementor-size-default\">At\u0131k Susuzla\u015ft\u0131rma ve Geot\u00fcp \u00c7\u00f6z\u00fcm\u00fc<\/h2>\t\t\t\t<\/div>\n\t\t\t\t<\/div>\n\t\t<div class=\"elementor-element elementor-element-8b94b58 e-con-full e-flex e-con e-child\" data-id=\"8b94b58\" data-element_type=\"container\" data-settings=\"{&quot;background_background&quot;:&quot;classic&quot;}\">\n\t\t\t\t<div class=\"elementor-element elementor-element-312d4b9b elementor-widget elementor-widget-text-editor\" data-id=\"312d4b9b\" data-element_type=\"widget\" data-widget_type=\"text-editor.default\">\n\t\t\t\t\t\t\t\t\tThe file will be sent to your email address.\n\t\t\t\t\t\t\t\t<\/div>\n\t\t\t\t<div class=\"elementor-element elementor-element-3c79d46d ui-e-submit-align--stretch elementor-widget elementor-widget-uicore-contact-form\" data-id=\"3c79d46d\" data-element_type=\"widget\" data-widget_type=\"uicore-contact-form.default\">\n\t\t\t\t\t\n        <form class=\"ui-e-form\" method=\"post\" name=\"Datasheet formu\" action=\"\">\n\n            <input type=\"hidden\" name=\"post_id\" value=\"3160\" \/>\n            <input type=\"hidden\" name=\"widget_type\" value=\"contact-form\">\n\n            <input type=\"hidden\" name=\"required_fields_message\" value=\"G\u00f6nderiminiz bir hata nedeniyle ba\u015far\u0131s\u0131z oldu.\">\n\n            <div class=\"ui-e-fields-wrp\">\n\n                \n                    <div class=\"ui-e-field-type-email ui-e-field-group elementor-column ui-e-field-group-email elementor-col-100  ui-e-required\">\n                                                    <label for=\"form-field-email\" class=\"ui-e-label\">\n                                Email                            <\/label>\n                                                            <input size=\"1\" type=\"email\" name=\"form_fields[email]\" id=\"form-field-email\" class=\"ui-e-field  ui-e-field-textual\" placeholder=\"Email\" required=\"required\" aria-required=\"true\">\n                                            <\/div>\n\n                \n                <div class=\"ui-e-field-group elementor-column ui-e-field-type-submit elementor-col-100 e-form__buttons\">\n                    <button type=\"submit\" class=\"elementor-button\">\n                        <span >\n                                                            <span class=\"\">\n                                                                                                        <\/span>\n                                                                                        <span class=\"ui-e-text\">Send<\/span>\n                                                    <\/span>\n                    <\/button>\n                <\/div>\n\n            <\/div>\n\n            <div class=\"ui-e-message\">\n                            <\/div>\n        <input type=\"hidden\" name=\"trp-form-language\" value=\"en\"\/><\/form>\n                <script>\n            window.ui_e_form_validation_messages = {\"required_fields\":\"G\\u00f6nderiminiz bir hata nedeniyle ba\\u015far\\u0131s\\u0131z oldu.\"};\n        <\/script>\n\t\t\t\t<\/div>\n\t\t\t\t<\/div>\n\t\t\t\t<\/div>\n\t\t\t\t<\/div>\n\t\t\t\t\t<\/div>\n\t\t\t\t<\/div>\n\t\t\t\t<\/div>\n\t\t<\/div>\n\t\t\t\t\t\t<\/div>\n\t\t\t\t<\/div>\n\t\t\t\t<\/div>","protected":false},"excerpt":{"rendered":"<p>At\u0131k alanlar\u0131ndaki en b\u00fcy\u00fck problemlerin ba\u015f\u0131nda at\u0131\u011f\u0131n muhteviyat\u0131n\u0131n sulu olmas\u0131 ve bir yerden ba\u015fka bir yere depolanmas\u0131 i\u00e7in ta\u015f\u0131nmas\u0131n\u0131n g\u00fc\u00e7le\u015fmesidir. \u00c7\u00f6kertme havuzlar\u0131 [&hellip;]<\/p>","protected":false},"author":1,"featured_media":0,"parent":48,"menu_order":0,"comment_status":"closed","ping_status":"closed","template":"","meta":{"footnotes":""},"class_list":["post-3160","page","type-page","status-publish","hentry"],"_links":{"self":[{"href":"https:\/\/geomas.com\/en\/wp-json\/wp\/v2\/pages\/3160","targetHints":{"allow":["GET"]}}],"collection":[{"href":"https:\/\/geomas.com\/en\/wp-json\/wp\/v2\/pages"}],"about":[{"href":"https:\/\/geomas.com\/en\/wp-json\/wp\/v2\/types\/page"}],"author":[{"embeddable":true,"href":"https:\/\/geomas.com\/en\/wp-json\/wp\/v2\/users\/1"}],"replies":[{"embeddable":true,"href":"https:\/\/geomas.com\/en\/wp-json\/wp\/v2\/comments?post=3160"}],"version-history":[{"count":11,"href":"https:\/\/geomas.com\/en\/wp-json\/wp\/v2\/pages\/3160\/revisions"}],"predecessor-version":[{"id":3722,"href":"https:\/\/geomas.com\/en\/wp-json\/wp\/v2\/pages\/3160\/revisions\/3722"}],"up":[{"embeddable":true,"href":"https:\/\/geomas.com\/en\/wp-json\/wp\/v2\/pages\/48"}],"wp:attachment":[{"href":"https:\/\/geomas.com\/en\/wp-json\/wp\/v2\/media?parent=3160"}],"curies":[{"name":"wp","href":"https:\/\/api.w.org\/{rel}","templated":true}]}}