{"id":3150,"date":"2025-12-05T09:09:10","date_gmt":"2025-12-05T09:09:10","guid":{"rendered":"https:\/\/geomas.com\/?page_id=3150"},"modified":"2026-02-17T14:57:05","modified_gmt":"2026-02-17T14:57:05","slug":"kiyi-ve-liman-koruma","status":"publish","type":"page","link":"https:\/\/geomas.com\/en\/uygulamalar\/geosentetikler\/kiyi-ve-liman-koruma\/","title":{"rendered":"Coastal and Port Protection"},"content":{"rendered":"<div data-elementor-type=\"wp-page\" data-elementor-id=\"3150\" class=\"elementor elementor-3150\" data-elementor-settings=\"{&quot;element_pack_global_tooltip_width&quot;:{&quot;unit&quot;:&quot;px&quot;,&quot;size&quot;:&quot;&quot;,&quot;sizes&quot;:[]},&quot;element_pack_global_tooltip_width_tablet&quot;:{&quot;unit&quot;:&quot;px&quot;,&quot;size&quot;:&quot;&quot;,&quot;sizes&quot;:[]},&quot;element_pack_global_tooltip_width_mobile&quot;:{&quot;unit&quot;:&quot;px&quot;,&quot;size&quot;:&quot;&quot;,&quot;sizes&quot;:[]},&quot;element_pack_global_tooltip_padding&quot;:{&quot;unit&quot;:&quot;px&quot;,&quot;top&quot;:&quot;&quot;,&quot;right&quot;:&quot;&quot;,&quot;bottom&quot;:&quot;&quot;,&quot;left&quot;:&quot;&quot;,&quot;isLinked&quot;:true},&quot;element_pack_global_tooltip_padding_tablet&quot;:{&quot;unit&quot;:&quot;px&quot;,&quot;top&quot;:&quot;&quot;,&quot;right&quot;:&quot;&quot;,&quot;bottom&quot;:&quot;&quot;,&quot;left&quot;:&quot;&quot;,&quot;isLinked&quot;:true},&quot;element_pack_global_tooltip_padding_mobile&quot;:{&quot;unit&quot;:&quot;px&quot;,&quot;top&quot;:&quot;&quot;,&quot;right&quot;:&quot;&quot;,&quot;bottom&quot;:&quot;&quot;,&quot;left&quot;:&quot;&quot;,&quot;isLinked&quot;:true},&quot;element_pack_global_tooltip_border_radius&quot;:{&quot;unit&quot;:&quot;px&quot;,&quot;top&quot;:&quot;&quot;,&quot;right&quot;:&quot;&quot;,&quot;bottom&quot;:&quot;&quot;,&quot;left&quot;:&quot;&quot;,&quot;isLinked&quot;:true},&quot;element_pack_global_tooltip_border_radius_tablet&quot;:{&quot;unit&quot;:&quot;px&quot;,&quot;top&quot;:&quot;&quot;,&quot;right&quot;:&quot;&quot;,&quot;bottom&quot;:&quot;&quot;,&quot;left&quot;:&quot;&quot;,&quot;isLinked&quot;:true},&quot;element_pack_global_tooltip_border_radius_mobile&quot;:{&quot;unit&quot;:&quot;px&quot;,&quot;top&quot;:&quot;&quot;,&quot;right&quot;:&quot;&quot;,&quot;bottom&quot;:&quot;&quot;,&quot;left&quot;:&quot;&quot;,&quot;isLinked&quot;:true}}\" data-elementor-post-type=\"page\">\n\t\t\t\t<div class=\"elementor-element elementor-element-7422fea7 e-flex e-con-boxed e-con e-parent\" data-id=\"7422fea7\" data-element_type=\"container\">\n\t\t\t\t\t<div class=\"e-con-inner\">\n\t\t\t\t<div class=\"elementor-element elementor-element-453c0fb elementor-widget elementor-widget-breadcrumbs\" data-id=\"453c0fb\" data-element_type=\"widget\" data-widget_type=\"breadcrumbs.default\">\n\t\t\t\t<div class=\"elementor-widget-container\">\n\t\t\t\t\t<nav aria-label=\"breadcrumbs\" class=\"rank-math-breadcrumb\"><p><span class=\"last\">Homepage<\/span><\/p><\/nav>\t\t\t\t<\/div>\n\t\t\t\t<\/div>\n\t\t\t\t\t<\/div>\n\t\t\t\t<\/div>\n\t\t<div class=\"elementor-element elementor-element-38661cfa e-flex e-con-boxed e-con e-parent\" data-id=\"38661cfa\" data-element_type=\"container\">\n\t\t\t\t\t<div class=\"e-con-inner\">\n\t\t\t\t<div class=\"elementor-element elementor-element-6a813ba4 elementor-widget elementor-widget-heading\" data-id=\"6a813ba4\" data-element_type=\"widget\" data-widget_type=\"heading.default\">\n\t\t\t\t\t<h1 class=\"elementor-heading-title elementor-size-default\">Coastal and Port Protection<\/h1>\t\t\t\t<\/div>\n\t\t\t\t\t<\/div>\n\t\t\t\t<\/div>\n\t\t<div class=\"elementor-element elementor-element-3b4c8b5e e-flex e-con-boxed e-con e-parent\" data-id=\"3b4c8b5e\" data-element_type=\"container\">\n\t\t\t\t\t<div class=\"e-con-inner\">\n\t\t<div class=\"elementor-element elementor-element-3958be2 e-con-full e-flex e-con e-child\" data-id=\"3958be2\" data-element_type=\"container\">\n\t\t\t\t<div class=\"elementor-element elementor-element-668a765 elementor-widget elementor-widget-image\" data-id=\"668a765\" data-element_type=\"widget\" data-widget_type=\"image.default\">\n\t\t\t\t\t\t\t\t\t\t\t\t\t\t\t<img decoding=\"async\" width=\"1260\" height=\"420\" src=\"https:\/\/geomas.com\/wp-content\/uploads\/2025\/12\/tup-deniz1a-revizyon_p-4.jpg\" class=\"attachment-full size-full wp-image-3203\" alt=\"\" srcset=\"https:\/\/geomas.com\/wp-content\/uploads\/2025\/12\/tup-deniz1a-revizyon_p-4.jpg 1260w, https:\/\/geomas.com\/wp-content\/uploads\/2025\/12\/tup-deniz1a-revizyon_p-4-300x100.jpg 300w, https:\/\/geomas.com\/wp-content\/uploads\/2025\/12\/tup-deniz1a-revizyon_p-4-1024x341.jpg 1024w, https:\/\/geomas.com\/wp-content\/uploads\/2025\/12\/tup-deniz1a-revizyon_p-4-768x256.jpg 768w, https:\/\/geomas.com\/wp-content\/uploads\/2025\/12\/tup-deniz1a-revizyon_p-4-18x6.jpg 18w, https:\/\/geomas.com\/wp-content\/uploads\/2025\/12\/tup-deniz1a-revizyon_p-4-650x217.jpg 650w\" sizes=\"(max-width: 1260px) 100vw, 1260px\" \/>\t\t\t\t\t\t\t\t\t\t\t\t\t\t\t<\/div>\n\t\t\t\t<div class=\"elementor-element elementor-element-6b99917 elementor-widget elementor-widget-gallery\" data-id=\"6b99917\" data-element_type=\"widget\" data-settings=\"{&quot;columns_mobile&quot;:2,&quot;lazyload&quot;:&quot;yes&quot;,&quot;gallery_layout&quot;:&quot;grid&quot;,&quot;columns&quot;:4,&quot;columns_tablet&quot;:2,&quot;gap&quot;:{&quot;unit&quot;:&quot;px&quot;,&quot;size&quot;:10,&quot;sizes&quot;:[]},&quot;gap_tablet&quot;:{&quot;unit&quot;:&quot;px&quot;,&quot;size&quot;:10,&quot;sizes&quot;:[]},&quot;gap_mobile&quot;:{&quot;unit&quot;:&quot;px&quot;,&quot;size&quot;:10,&quot;sizes&quot;:[]},&quot;link_to&quot;:&quot;file&quot;,&quot;aspect_ratio&quot;:&quot;3:2&quot;,&quot;content_hover_animation&quot;:&quot;fade-in&quot;}\" data-widget_type=\"gallery.default\">\n\t\t\t\t\t\t\t<div class=\"elementor-gallery__container\">\n\t\t\t\t\t\t\t<a class=\"e-gallery-item elementor-gallery-item elementor-animated-content\" href=\"https:\/\/geomas.com\/wp-content\/uploads\/2025\/12\/resim22.png\" data-elementor-open-lightbox=\"yes\" data-elementor-lightbox-slideshow=\"6b99917\" data-elementor-lightbox-title=\"Geot\u00fcp \u015filteler ile esnek sistem k\u0131y\u0131 koruma uygulamalar\u0131\" data-e-action-hash=\"#elementor-action%3Aaction%3Dlightbox%26settings%3DeyJpZCI6MzIwNCwidXJsIjoiaHR0cHM6XC9cL2dlb21hcy5jb21cL3dwLWNvbnRlbnRcL3VwbG9hZHNcLzIwMjVcLzEyXC9yZXNpbTIyLnBuZyIsInNsaWRlc2hvdyI6IjZiOTk5MTcifQ%3D%3D\">\n\t\t\t\t\t<div class=\"e-gallery-image elementor-gallery-item__image\" data-thumbnail=\"https:\/\/geomas.com\/wp-content\/uploads\/2025\/12\/resim22.png\" data-width=\"490\" data-height=\"280\" aria-label=\"\" role=\"img\" ><\/div>\n\t\t\t\t\t\t\t\t\t\t\t\t\t\t<\/a>\n\t\t\t\t\t<\/div>\n\t\t\t\t\t<\/div>\n\t\t\t\t<div class=\"elementor-element elementor-element-467b5730 elementor-widget__width-initial elementor-widget-tablet__width-inherit elementor-widget-mobile__width-inherit elementor-widget elementor-widget-text-editor\" data-id=\"467b5730\" data-element_type=\"widget\" data-widget_type=\"text-editor.default\">\n\t\t\t\t\t\t\t\t\t<section id=\"description\" class=\"section-description\"><div class=\"uk-container\"><div class=\"uk-grid uk-grid-large uk-flex-middle\"><div class=\"uk-width-2-5@m\"><div class=\"uk-width-2-5@m uk-light uk-first-column\"><div class=\"uk-margin-remove-last-child\"><div class=\"uk-width-2-5@m uk-light uk-first-column\"><div class=\"uk-margin-remove-last-child\"><div class=\"uk-grid uk-grid-medium uk-flex-center uk-text-center uk-margin-large uk-grid-stack\"><div class=\"uk-width-1-2@m uk-first-column\"><div class=\"uk-grid uk-grid-medium uk-flex-center uk-text-center uk-margin-large uk-grid-stack\"><div class=\"uk-width-1-2@m uk-first-column\"><p>K\u0131y\u0131 b\u00f6lgelerindeki en b\u00fcy\u00fck problem suyun hareketi ile birlikte (dalga, gel-git) sahil hatt\u0131nda bulunan kara par\u00e7alar\u0131n\u0131n su taraf\u0131ndan yenilmesi ve toprak kay\u0131plar\u0131n\u0131n ya\u015fanmas\u0131d\u0131r. K\u0131y\u0131 b\u00f6lgelerindeki m\u00fchendislik yap\u0131lar\u0131n\u0131n (liman, iskele, mendirek, dalgak\u0131ran) \u00f6m\u00fcrleri de suyun bu hareketinden do\u011frudan etkilenmektedir. K\u0131y\u0131 b\u00f6lgelerinin korunmas\u0131 ve liman yap\u0131lar\u0131n\u0131n g\u00fcvenli\u011fini sa\u011flamak amac\u0131yla geosentetik k\u0131y\u0131 koruma elemanlar\u0131 ile kal\u0131c\u0131 ve ekonomik \u00e7\u00f6z\u00fcmler \u00fcretilebilmektedir.<\/p><\/div><\/div><\/div><\/div><\/div><\/div><\/div><\/div><\/div><\/div><\/div><\/section>\t\t\t\t\t\t\t\t<\/div>\n\t\t<div class=\"elementor-element elementor-element-58f3a0a0 e-con-full e-flex e-con e-child\" data-id=\"58f3a0a0\" data-element_type=\"container\" data-settings=\"{&quot;background_background&quot;:&quot;classic&quot;}\">\n\t\t\t\t<div class=\"elementor-element elementor-element-29a8d238 elementor-icon-list--layout-traditional elementor-list-item-link-full_width elementor-widget elementor-widget-icon-list\" data-id=\"29a8d238\" data-element_type=\"widget\" data-widget_type=\"icon-list.default\">\n\t\t\t\t\t\t\t<ul class=\"elementor-icon-list-items\">\n\t\t\t\t\t\t\t<li class=\"elementor-icon-list-item\">\n\t\t\t\t\t\t\t\t\t\t\t<span class=\"elementor-icon-list-icon\">\n\t\t\t\t\t\t\t<i aria-hidden=\"true\" class=\"ri ri-checkbox-circle-fill\"><\/i>\t\t\t\t\t\t<\/span>\n\t\t\t\t\t\t\t\t\t\t<span class=\"elementor-icon-list-text\">Elastik \u00f6zellikleri sayesinde kal\u0131c\u0131 \u00e7\u00f6z\u00fcmler \u00fcretilebilmektedir<\/span>\n\t\t\t\t\t\t\t\t\t<\/li>\n\t\t\t\t\t\t\t\t<li class=\"elementor-icon-list-item\">\n\t\t\t\t\t\t\t\t\t\t\t<span class=\"elementor-icon-list-icon\">\n\t\t\t\t\t\t\t<i aria-hidden=\"true\" class=\"ri ri-checkbox-circle-fill\"><\/i>\t\t\t\t\t\t<\/span>\n\t\t\t\t\t\t\t\t\t\t<span class=\"elementor-icon-list-text\">Rijit sistemlerde suyun hareketinden kaynakl\u0131 ya\u015fanan problemler bertaraf edilebilmektedir<\/span>\n\t\t\t\t\t\t\t\t\t<\/li>\n\t\t\t\t\t\t\t\t<li class=\"elementor-icon-list-item\">\n\t\t\t\t\t\t\t\t\t\t\t<span class=\"elementor-icon-list-icon\">\n\t\t\t\t\t\t\t<i aria-hidden=\"true\" class=\"ri ri-checkbox-circle-fill\"><\/i>\t\t\t\t\t\t<\/span>\n\t\t\t\t\t\t\t\t\t\t<span class=\"elementor-icon-list-text\">En b\u00fcy\u00fck problem olan suyun hareketinden kaynakl\u0131 olu\u015fan oturma problemlerine kar\u015f\u0131 diren\u00e7leri kuvvetli sistemlerdir<\/span>\n\t\t\t\t\t\t\t\t\t<\/li>\n\t\t\t\t\t\t\t\t<li class=\"elementor-icon-list-item\">\n\t\t\t\t\t\t\t\t\t\t\t<span class=\"elementor-icon-list-icon\">\n\t\t\t\t\t\t\t<i aria-hidden=\"true\" class=\"ri ri-checkbox-circle-fill\"><\/i>\t\t\t\t\t\t<\/span>\n\t\t\t\t\t\t\t\t\t\t<span class=\"elementor-icon-list-text\">Beraberinde yap\u0131lacak yap\u0131larla uyum sa\u011flayabilen \u00e7evre dostu elemanlard\u0131r<\/span>\n\t\t\t\t\t\t\t\t\t<\/li>\n\t\t\t\t\t\t<\/ul>\n\t\t\t\t\t\t<\/div>\n\t\t\t\t<\/div>\n\t\t\t\t<\/div>\n\t\t\t\t\t<\/div>\n\t\t\t\t<\/div>\n\t\t\t\t<div class=\"elementor-section elementor-top-section elementor-element elementor-element-8ce24da elementor-section-boxed elementor-section-height-default elementor-section-height-default\" data-id=\"8ce24da\" data-element_type=\"section\">\n\t\t\t\t\t\t<div class=\"elementor-container elementor-column-gap-default\">\n\t\t\t\t\t<div class=\"elementor-column elementor-col-100 elementor-top-column elementor-element elementor-element-532292e\" data-id=\"532292e\" data-element_type=\"column\">\n\t\t\t<div class=\"elementor-widget-wrap elementor-element-populated\">\n\t\t\t\t\t\t<div class=\"elementor-element elementor-element-52f5711  ui-split-animate ui-splitby-chars elementor-widget elementor-widget-heading\" data-id=\"52f5711\" data-element_type=\"widget\" data-settings=\"{&quot;ui_animate_split&quot;:&quot;ui-split-animate&quot;,&quot;ui_animate_split_by&quot;:&quot;chars&quot;,&quot;ui_animate_split_style&quot;:&quot;fadeInUp&quot;}\" data-widget_type=\"heading.default\">\n\t\t\t\t\t<h2 class=\"elementor-heading-title elementor-size-default\">Products<\/h2>\t\t\t\t<\/div>\n\t\t\t\t<section class=\"elementor-section elementor-inner-section elementor-element elementor-element-36d20c6 elementor-section-full_width elementor-section-height-default elementor-section-height-default\" data-id=\"36d20c6\" data-element_type=\"section\">\n\t\t\t\t\t\t<div class=\"elementor-container elementor-column-gap-default\">\n\t\t\t\t\t<div class=\"elementor-column elementor-col-33 elementor-inner-column elementor-element elementor-element-3d3cfab\" data-id=\"3d3cfab\" data-element_type=\"column\" data-settings=\"{&quot;animation&quot;:&quot;none&quot;,&quot;animation_delay&quot;:0}\">\n\t\t\t<div class=\"elementor-widget-wrap elementor-element-populated\">\n\t\t\t\t\t\t<div class=\"elementor-element elementor-element-e9703fc elementor-widget elementor-widget-bdt-interactive-card\" data-id=\"e9703fc\" data-element_type=\"widget\" data-widget_type=\"bdt-interactive-card.default\">\n\t\t\t\t\t        <div class=\"bdt-interactive-card bdt-interactive-card-default\">\n\n            <div class=\"bdt-grid bdt-grid-collapse bdt-card-effect-top\">\n\n                <div class=\"bdt-width-1-1\">\n                            <div class=\"bdt-position-relative\">\n                                        <div class=\"bdt-image-hover-effect bdt-interactive-card-image\">\n                <div class=\"bdt-position-relative\">\n                    <img decoding=\"async\" width=\"1600\" height=\"1067\" src=\"https:\/\/geomas.com\/wp-content\/uploads\/2025\/12\/TechTex_11zon-scaled-1.webp\" class=\"attachment-full size-full\" alt=\"TechTex C, y\u00fcksek mukavvemetli %100 saf polipropilen liflerin i\u011fnelenmesi ile meydana gelen \u0131s\u0131l i\u015flem g\u00f6rm\u00fc\u015f siyah renkte \u00f6rg\u00fcs\u00fcz geotekstil malzemelerdir. Proje ihtiyac\u0131na g\u00f6re istenilen teknik \u00f6zelliklerde \u00fcretilerek t\u00fcm arazi ve iklim ko\u015fullar\u0131na uyum sa\u011flar.\" srcset=\"https:\/\/geomas.com\/wp-content\/uploads\/2025\/12\/TechTex_11zon-scaled-1.webp 1600w, https:\/\/geomas.com\/wp-content\/uploads\/2025\/12\/TechTex_11zon-scaled-1-300x200.webp 300w, https:\/\/geomas.com\/wp-content\/uploads\/2025\/12\/TechTex_11zon-scaled-1-1024x683.webp 1024w, https:\/\/geomas.com\/wp-content\/uploads\/2025\/12\/TechTex_11zon-scaled-1-768x512.webp 768w, https:\/\/geomas.com\/wp-content\/uploads\/2025\/12\/TechTex_11zon-scaled-1-1536x1024.webp 1536w, https:\/\/geomas.com\/wp-content\/uploads\/2025\/12\/TechTex_11zon-scaled-1-18x12.webp 18w, https:\/\/geomas.com\/wp-content\/uploads\/2025\/12\/TechTex_11zon-scaled-1-650x433.webp 650w\" sizes=\"(max-width: 1600px) 100vw, 1600px\" \/>                <\/div>\n            <\/div>\n                    <\/div>\n                        <\/div>\n\n                <div class=\"bdt-width-1-1\">\n                    <div class=\"bdt-interactive-card-content\">\n                                            <div class=\"bdt-interactive-card-sub-title\">\n                TechTex C            <\/div>\n        \n                    <h3 class=\"bdt-interactive-card-title\">\n            <span >\n                TechTex C, y\u00fcksek mukavvemetli %100 saf polipropilen liflerin i\u011fnelenmesi ile meydana gelen \u0131s\u0131l i\u015flem g\u00f6rm\u00fc\u015f siyah renkte \u00f6rg\u00fcs\u00fcz geotekstil malzemelerdir. Proje ihtiyac\u0131na g\u00f6re istenilen teknik \u00f6zelliklerde \u00fcretilerek t\u00fcm arazi ve iklim ko\u015fullar\u0131na uyum sa\u011flar.            <\/span>\n            <\/h3>\n        \n        \n                    <div class=\"bdt-interactive-card-button\">\n                <a class=\"bdt-interactive-card-readmore bdt-flex bdt-flex-middle\" href=\"\/en\/urunler\/geosentetik\/orgusuz-geotekstil\/techtex-c\/\">\n                    <span class=\"ep-icon-long-arrow-right\"><\/span>\n                    <span class=\"bdt-ic-readme-text bdt-position-relative\">\n\t\t\t\t\t\tGo to Product\t\t\t\t\t<\/span>\n                <\/a>\n            <\/div>\n                                    <\/div>\n                <\/div>\n\n            <\/div>\n\n        <\/div>\n\n        \t\t\t\t<\/div>\n\t\t\t\t\t<\/div>\n\t\t<\/div>\n\t\t\t\t<div class=\"elementor-column elementor-col-33 elementor-inner-column elementor-element elementor-element-610f0b6\" data-id=\"610f0b6\" data-element_type=\"column\" data-settings=\"{&quot;animation&quot;:&quot;none&quot;,&quot;animation_delay&quot;:0}\">\n\t\t\t<div class=\"elementor-widget-wrap elementor-element-populated\">\n\t\t\t\t\t\t<div class=\"elementor-element elementor-element-02859b1 elementor-widget elementor-widget-bdt-interactive-card\" data-id=\"02859b1\" data-element_type=\"widget\" data-widget_type=\"bdt-interactive-card.default\">\n\t\t\t\t\t        <div class=\"bdt-interactive-card bdt-interactive-card-default\">\n\n            <div class=\"bdt-grid bdt-grid-collapse bdt-card-effect-top\">\n\n                <div class=\"bdt-width-1-1\">\n                            <div class=\"bdt-position-relative\">\n                                        <div class=\"bdt-image-hover-effect bdt-interactive-card-image\">\n                <div class=\"bdt-position-relative\">\n                    <img decoding=\"async\" width=\"1600\" height=\"1067\" src=\"https:\/\/geomas.com\/wp-content\/uploads\/2025\/12\/TechTex_11zon-scaled-1.webp\" class=\"attachment-full size-full\" alt=\"Geotex C, y\u00fcksek mukavvemetli %100 saf polipropilen liflerin i\u011fnelenmesi ile meydana gelen \u0131s\u0131l i\u015flem g\u00f6rm\u00fc\u015f siyah renkte \u00f6rg\u00fcs\u00fcz geotekstil malzemelerdir. Proje ihtiyac\u0131na g\u00f6re istenilen teknik \u00f6zelliklerde \u00fcretilerek t\u00fcm arazi ve iklim ko\u015fullar\u0131na uyum sa\u011flar.\" srcset=\"https:\/\/geomas.com\/wp-content\/uploads\/2025\/12\/TechTex_11zon-scaled-1.webp 1600w, https:\/\/geomas.com\/wp-content\/uploads\/2025\/12\/TechTex_11zon-scaled-1-300x200.webp 300w, https:\/\/geomas.com\/wp-content\/uploads\/2025\/12\/TechTex_11zon-scaled-1-1024x683.webp 1024w, https:\/\/geomas.com\/wp-content\/uploads\/2025\/12\/TechTex_11zon-scaled-1-768x512.webp 768w, https:\/\/geomas.com\/wp-content\/uploads\/2025\/12\/TechTex_11zon-scaled-1-1536x1024.webp 1536w, https:\/\/geomas.com\/wp-content\/uploads\/2025\/12\/TechTex_11zon-scaled-1-18x12.webp 18w, https:\/\/geomas.com\/wp-content\/uploads\/2025\/12\/TechTex_11zon-scaled-1-650x433.webp 650w\" sizes=\"(max-width: 1600px) 100vw, 1600px\" \/>                <\/div>\n            <\/div>\n                    <\/div>\n                        <\/div>\n\n                <div class=\"bdt-width-1-1\">\n                    <div class=\"bdt-interactive-card-content\">\n                                            <div class=\"bdt-interactive-card-sub-title\">\n                Geotex C            <\/div>\n        \n                    <h3 class=\"bdt-interactive-card-title\">\n            <span >\n                Geotex C, y\u00fcksek mukavvemetli %100 saf polipropilen liflerin i\u011fnelenmesi ile meydana gelen \u0131s\u0131l i\u015flem g\u00f6rm\u00fc\u015f siyah renkte \u00f6rg\u00fcs\u00fcz geotekstil malzemelerdir. Proje ihtiyac\u0131na g\u00f6re istenilen teknik \u00f6zelliklerde \u00fcretilerek t\u00fcm arazi ve iklim ko\u015fullar\u0131na uyum sa\u011flar.            <\/span>\n            <\/h3>\n        \n        \n                    <div class=\"bdt-interactive-card-button\">\n                <a class=\"bdt-interactive-card-readmore bdt-flex bdt-flex-middle\" href=\"\/en\/urunler\/geosentetik\/orgusuz-geotekstil\/geotex-c-techtex\/\">\n                    <span class=\"ep-icon-long-arrow-right\"><\/span>\n                    <span class=\"bdt-ic-readme-text bdt-position-relative\">\n\t\t\t\t\t\tGo to Product\t\t\t\t\t<\/span>\n                <\/a>\n            <\/div>\n                                    <\/div>\n                <\/div>\n\n            <\/div>\n\n        <\/div>\n\n        \t\t\t\t<\/div>\n\t\t\t\t\t<\/div>\n\t\t<\/div>\n\t\t\t\t<div class=\"elementor-column elementor-col-33 elementor-inner-column elementor-element elementor-element-91e9b3e\" data-id=\"91e9b3e\" data-element_type=\"column\" data-settings=\"{&quot;animation&quot;:&quot;none&quot;,&quot;animation_delay&quot;:0}\">\n\t\t\t<div class=\"elementor-widget-wrap\">\n\t\t\t\t\t\t\t<\/div>\n\t\t<\/div>\n\t\t\t\t\t<\/div>\n\t\t<\/section>\n\t\t\t\t\t<\/div>\n\t\t<\/div>\n\t\t\t\t\t<\/div>\n\t\t<\/div>\n\t\t<div class=\"elementor-element elementor-element-f6315e1 e-con-full e-flex e-con e-parent\" data-id=\"f6315e1\" data-element_type=\"container\">\n\t\t\t\t<div class=\"elementor-element elementor-element-a44253b elementor-widget elementor-widget-shortcode\" data-id=\"a44253b\" data-element_type=\"widget\" data-widget_type=\"shortcode.default\">\n\t\t\t\t\t\t\t<div class=\"elementor-shortcode\">\t\t<div data-elementor-type=\"container\" data-elementor-id=\"3473\" class=\"elementor elementor-3473\" data-elementor-post-type=\"elementor_library\">\n\t\t\t\t<div class=\"elementor-element elementor-element-6e9d45e2 e-flex e-con-boxed e-con e-parent\" data-id=\"6e9d45e2\" data-element_type=\"container\" id=\"datasheet\" data-settings=\"{&quot;background_background&quot;:&quot;classic&quot;}\">\n\t\t\t\t\t<div class=\"e-con-inner\">\n\t\t<div class=\"elementor-element elementor-element-59e42980 e-con-full e-flex e-con e-child\" data-id=\"59e42980\" data-element_type=\"container\">\n\t\t<div class=\"elementor-element elementor-element-45267dd4 e-con-full e-flex e-con e-child\" data-id=\"45267dd4\" data-element_type=\"container\">\n\t\t<div class=\"elementor-element elementor-element-1c2bd239 e-con-full e-flex e-con e-child\" data-id=\"1c2bd239\" data-element_type=\"container\">\n\t\t\t\t<div class=\"elementor-element elementor-element-64eb4f74  ui-split-animate ui-splitby-chars elementor-widget elementor-widget-heading\" data-id=\"64eb4f74\" data-element_type=\"widget\" data-settings=\"{&quot;ui_animate_split&quot;:&quot;ui-split-animate&quot;,&quot;ui_animate_split_style&quot;:&quot;fadeInRight&quot;,&quot;ui_animate_split_by&quot;:&quot;chars&quot;}\" data-widget_type=\"heading.default\">\n\t\t\t\t\t<h2 class=\"elementor-heading-title elementor-size-default\">Coastal and Port Protection<\/h2>\t\t\t\t<\/div>\n\t\t\t\t<\/div>\n\t\t<div class=\"elementor-element elementor-element-8b94b58 e-con-full e-flex e-con e-child\" data-id=\"8b94b58\" data-element_type=\"container\" data-settings=\"{&quot;background_background&quot;:&quot;classic&quot;}\">\n\t\t\t\t<div class=\"elementor-element elementor-element-312d4b9b elementor-widget elementor-widget-text-editor\" data-id=\"312d4b9b\" data-element_type=\"widget\" data-widget_type=\"text-editor.default\">\n\t\t\t\t\t\t\t\t\tThe file will be sent to your email address.\n\t\t\t\t\t\t\t\t<\/div>\n\t\t\t\t<div class=\"elementor-element elementor-element-3c79d46d ui-e-submit-align--stretch elementor-widget elementor-widget-uicore-contact-form\" data-id=\"3c79d46d\" data-element_type=\"widget\" data-widget_type=\"uicore-contact-form.default\">\n\t\t\t\t\t\n        <form class=\"ui-e-form\" method=\"post\" name=\"Datasheet formu\" action=\"\">\n\n            <input type=\"hidden\" name=\"post_id\" value=\"3150\" \/>\n            <input type=\"hidden\" name=\"widget_type\" value=\"contact-form\">\n\n            <input type=\"hidden\" name=\"required_fields_message\" value=\"G\u00f6nderiminiz bir hata nedeniyle ba\u015far\u0131s\u0131z oldu.\">\n\n            <div class=\"ui-e-fields-wrp\">\n\n                \n                    <div class=\"ui-e-field-type-email ui-e-field-group elementor-column ui-e-field-group-email elementor-col-100  ui-e-required\">\n                                                    <label for=\"form-field-email\" class=\"ui-e-label\">\n                                Email                            <\/label>\n                                                            <input size=\"1\" type=\"email\" name=\"form_fields[email]\" id=\"form-field-email\" class=\"ui-e-field  ui-e-field-textual\" placeholder=\"Email\" required=\"required\" aria-required=\"true\">\n                                            <\/div>\n\n                \n                <div class=\"ui-e-field-group elementor-column ui-e-field-type-submit elementor-col-100 e-form__buttons\">\n                    <button type=\"submit\" class=\"elementor-button\">\n                        <span >\n                                                            <span class=\"\">\n                                                                                                        <\/span>\n                                                                                        <span class=\"ui-e-text\">Send<\/span>\n                                                    <\/span>\n                    <\/button>\n                <\/div>\n\n            <\/div>\n\n            <div class=\"ui-e-message\">\n                            <\/div>\n        <input type=\"hidden\" name=\"trp-form-language\" value=\"en\"\/><\/form>\n                <script>\n            window.ui_e_form_validation_messages = {\"required_fields\":\"G\\u00f6nderiminiz bir hata nedeniyle ba\\u015far\\u0131s\\u0131z oldu.\"};\n        <\/script>\n\t\t\t\t<\/div>\n\t\t\t\t<\/div>\n\t\t\t\t<\/div>\n\t\t\t\t<\/div>\n\t\t\t\t\t<\/div>\n\t\t\t\t<\/div>\n\t\t\t\t<\/div>\n\t\t<\/div>\n\t\t\t\t\t\t<\/div>\n\t\t\t\t<\/div>\n\t\t\t\t<\/div>","protected":false},"excerpt":{"rendered":"<p>K\u0131y\u0131 b\u00f6lgelerindeki en b\u00fcy\u00fck problem suyun hareketi ile birlikte (dalga, gel-git) sahil hatt\u0131nda bulunan kara par\u00e7alar\u0131n\u0131n su taraf\u0131ndan yenilmesi ve toprak kay\u0131plar\u0131n\u0131n [&hellip;]<\/p>","protected":false},"author":1,"featured_media":0,"parent":48,"menu_order":0,"comment_status":"closed","ping_status":"closed","template":"","meta":{"footnotes":""},"class_list":["post-3150","page","type-page","status-publish","hentry"],"_links":{"self":[{"href":"https:\/\/geomas.com\/en\/wp-json\/wp\/v2\/pages\/3150","targetHints":{"allow":["GET"]}}],"collection":[{"href":"https:\/\/geomas.com\/en\/wp-json\/wp\/v2\/pages"}],"about":[{"href":"https:\/\/geomas.com\/en\/wp-json\/wp\/v2\/types\/page"}],"author":[{"embeddable":true,"href":"https:\/\/geomas.com\/en\/wp-json\/wp\/v2\/users\/1"}],"replies":[{"embeddable":true,"href":"https:\/\/geomas.com\/en\/wp-json\/wp\/v2\/comments?post=3150"}],"version-history":[{"count":13,"href":"https:\/\/geomas.com\/en\/wp-json\/wp\/v2\/pages\/3150\/revisions"}],"predecessor-version":[{"id":3486,"href":"https:\/\/geomas.com\/en\/wp-json\/wp\/v2\/pages\/3150\/revisions\/3486"}],"up":[{"embeddable":true,"href":"https:\/\/geomas.com\/en\/wp-json\/wp\/v2\/pages\/48"}],"wp:attachment":[{"href":"https:\/\/geomas.com\/en\/wp-json\/wp\/v2\/media?parent=3150"}],"curies":[{"name":"wp","href":"https:\/\/api.w.org\/{rel}","templated":true}]}}