{"id":155,"date":"2025-09-10T15:45:43","date_gmt":"2025-09-10T15:45:43","guid":{"rendered":"https:\/\/geomas.com\/?page_id=155"},"modified":"2025-12-03T13:18:37","modified_gmt":"2025-12-03T13:18:37","slug":"su-tutucu-bantlar","status":"publish","type":"page","link":"https:\/\/geomas.com\/en\/urunler\/yalitim\/su-tutucu-bantlar\/","title":{"rendered":"Waterbars"},"content":{"rendered":"<div data-elementor-type=\"wp-page\" data-elementor-id=\"155\" class=\"elementor elementor-155\" data-elementor-settings=\"{&quot;element_pack_global_tooltip_width&quot;:{&quot;unit&quot;:&quot;px&quot;,&quot;size&quot;:&quot;&quot;,&quot;sizes&quot;:[]},&quot;element_pack_global_tooltip_width_tablet&quot;:{&quot;unit&quot;:&quot;px&quot;,&quot;size&quot;:&quot;&quot;,&quot;sizes&quot;:[]},&quot;element_pack_global_tooltip_width_mobile&quot;:{&quot;unit&quot;:&quot;px&quot;,&quot;size&quot;:&quot;&quot;,&quot;sizes&quot;:[]},&quot;element_pack_global_tooltip_padding&quot;:{&quot;unit&quot;:&quot;px&quot;,&quot;top&quot;:&quot;&quot;,&quot;right&quot;:&quot;&quot;,&quot;bottom&quot;:&quot;&quot;,&quot;left&quot;:&quot;&quot;,&quot;isLinked&quot;:true},&quot;element_pack_global_tooltip_padding_tablet&quot;:{&quot;unit&quot;:&quot;px&quot;,&quot;top&quot;:&quot;&quot;,&quot;right&quot;:&quot;&quot;,&quot;bottom&quot;:&quot;&quot;,&quot;left&quot;:&quot;&quot;,&quot;isLinked&quot;:true},&quot;element_pack_global_tooltip_padding_mobile&quot;:{&quot;unit&quot;:&quot;px&quot;,&quot;top&quot;:&quot;&quot;,&quot;right&quot;:&quot;&quot;,&quot;bottom&quot;:&quot;&quot;,&quot;left&quot;:&quot;&quot;,&quot;isLinked&quot;:true},&quot;element_pack_global_tooltip_border_radius&quot;:{&quot;unit&quot;:&quot;px&quot;,&quot;top&quot;:&quot;&quot;,&quot;right&quot;:&quot;&quot;,&quot;bottom&quot;:&quot;&quot;,&quot;left&quot;:&quot;&quot;,&quot;isLinked&quot;:true},&quot;element_pack_global_tooltip_border_radius_tablet&quot;:{&quot;unit&quot;:&quot;px&quot;,&quot;top&quot;:&quot;&quot;,&quot;right&quot;:&quot;&quot;,&quot;bottom&quot;:&quot;&quot;,&quot;left&quot;:&quot;&quot;,&quot;isLinked&quot;:true},&quot;element_pack_global_tooltip_border_radius_mobile&quot;:{&quot;unit&quot;:&quot;px&quot;,&quot;top&quot;:&quot;&quot;,&quot;right&quot;:&quot;&quot;,&quot;bottom&quot;:&quot;&quot;,&quot;left&quot;:&quot;&quot;,&quot;isLinked&quot;:true}}\" data-elementor-post-type=\"page\">\n\t\t\t\t<div class=\"elementor-element elementor-element-38c9af78 e-flex e-con-boxed e-con e-parent\" data-id=\"38c9af78\" data-element_type=\"container\">\n\t\t\t\t\t<div class=\"e-con-inner\">\n\t\t\t\t<div class=\"elementor-element elementor-element-6a97e382 elementor-widget elementor-widget-breadcrumbs\" data-id=\"6a97e382\" data-element_type=\"widget\" data-widget_type=\"breadcrumbs.default\">\n\t\t\t\t<div class=\"elementor-widget-container\">\n\t\t\t\t\t<nav aria-label=\"breadcrumbs\" class=\"rank-math-breadcrumb\"><p><span class=\"last\">Homepage<\/span><\/p><\/nav>\t\t\t\t<\/div>\n\t\t\t\t<\/div>\n\t\t\t\t\t<\/div>\n\t\t\t\t<\/div>\n\t\t<div class=\"elementor-element elementor-element-26dd6bbc e-flex e-con-boxed e-con e-parent\" data-id=\"26dd6bbc\" data-element_type=\"container\">\n\t\t\t\t\t<div class=\"e-con-inner\">\n\t\t\t\t<div class=\"elementor-element elementor-element-26978ad2 elementor-widget elementor-widget-image\" data-id=\"26978ad2\" data-element_type=\"widget\" data-widget_type=\"image.default\">\n\t\t\t\t\t\t\t\t\t\t\t\t\t\t\t<img decoding=\"async\" width=\"870\" height=\"460\" src=\"https:\/\/geomas.com\/wp-content\/uploads\/2025\/09\/waterstopbs_870x460.jpg\" class=\"attachment-full size-full wp-image-1275\" alt=\"\" srcset=\"https:\/\/geomas.com\/wp-content\/uploads\/2025\/09\/waterstopbs_870x460.jpg 870w, https:\/\/geomas.com\/wp-content\/uploads\/2025\/09\/waterstopbs_870x460-300x159.jpg 300w, https:\/\/geomas.com\/wp-content\/uploads\/2025\/09\/waterstopbs_870x460-768x406.jpg 768w, https:\/\/geomas.com\/wp-content\/uploads\/2025\/09\/waterstopbs_870x460-18x10.jpg 18w, https:\/\/geomas.com\/wp-content\/uploads\/2025\/09\/waterstopbs_870x460-650x344.jpg 650w\" sizes=\"(max-width: 870px) 100vw, 870px\" \/>\t\t\t\t\t\t\t\t\t\t\t\t\t\t\t<\/div>\n\t\t\t\t\t<\/div>\n\t\t\t\t<\/div>\n\t\t<div class=\"elementor-element elementor-element-17b2655d e-flex e-con-boxed e-con e-parent\" data-id=\"17b2655d\" data-element_type=\"container\">\n\t\t\t\t\t<div class=\"e-con-inner\">\n\t\t<div class=\"elementor-element elementor-element-773e5b27 e-con-full e-flex e-con e-child\" data-id=\"773e5b27\" data-element_type=\"container\" data-settings=\"{&quot;background_background&quot;:&quot;classic&quot;}\">\n\t\t\t\t<div class=\"elementor-element elementor-element-239393c3 elementor-widget elementor-widget-heading\" data-id=\"239393c3\" data-element_type=\"widget\" data-widget_type=\"heading.default\">\n\t\t\t\t\t<h1 class=\"elementor-heading-title elementor-size-default\">Waterbars\n<\/h1>\t\t\t\t<\/div>\n\t\t\t\t<div class=\"elementor-element elementor-element-28c61505 elementor-widget elementor-widget-text-editor\" data-id=\"28c61505\" data-element_type=\"widget\" data-widget_type=\"text-editor.default\">\n\t\t\t\t\t\t\t\t\t<div class=\"uk-width-1-2@m uk-margin-auto uk-text-center category-text\"><div class=\"uk-margin-remove-last-child\"><div class=\"uk-width-1-2@m uk-margin-auto uk-text-center category-text\"><div><div class=\"uk-margin-remove-last-child\"><p>Waterproofing tapes are materials specially designed for waterproofing and insulation. These tapes ensure the watertightness of structures and provide long-term protection. Thanks to their high adhesive properties, they are easy to apply and adapt perfectly to different surfaces. They also increase energy efficiency and support the durability of structures. Waterproofing tapes protect your structures by preventing water damage and meet your waterproofing and insulation needs.<\/p><\/div><\/div><\/div><\/div><\/div>\t\t\t\t\t\t\t\t<\/div>\n\t\t\t\t<\/div>\n\t\t\t\t\t<\/div>\n\t\t\t\t<\/div>\n\t\t<div class=\"elementor-element elementor-element-d7d4c72 e-con-full e-flex e-con e-child\" data-id=\"d7d4c72\" data-element_type=\"container\">\n\t\t<div class=\"elementor-element elementor-element-631a4a14 e-con-full e-flex e-con e-child\" data-id=\"631a4a14\" data-element_type=\"container\">\n\t\t\t\t<div class=\"elementor-element elementor-element-30b5b0df elementor-position-top elementor-widget elementor-widget-image-box\" data-id=\"30b5b0df\" data-element_type=\"widget\" data-widget_type=\"image-box.default\">\n\t\t\t\t\t<div class=\"elementor-image-box-wrapper\"><figure class=\"elementor-image-box-img\"><a href=\"\/en\/urunler\/geosentetik\/geosentetik-kil-ortu\/bentoshield\/\" tabindex=\"-1\"><img decoding=\"async\" width=\"360\" height=\"180\" src=\"https:\/\/geomas.com\/wp-content\/uploads\/2025\/09\/enka_103-1.jpg\" class=\"attachment-full size-full wp-image-746\" alt=\"\" srcset=\"https:\/\/geomas.com\/wp-content\/uploads\/2025\/09\/enka_103-1.jpg 360w, https:\/\/geomas.com\/wp-content\/uploads\/2025\/09\/enka_103-1-300x150.jpg 300w, https:\/\/geomas.com\/wp-content\/uploads\/2025\/09\/enka_103-1-18x9.jpg 18w\" sizes=\"(max-width: 360px) 100vw, 360px\" \/><\/a><\/figure><div class=\"elementor-image-box-content\"><h3 class=\"elementor-image-box-title\"><a href=\"\/en\/urunler\/geosentetik\/geosentetik-kil-ortu\/bentoshield\/\">BS water stop<\/a><\/h3><p class=\"elementor-image-box-description\">With advancing technology, different product groups have come to the fore in the field of building materials, minimizing technical or application errors encountered in alternatives...<\/p><\/div><\/div>\t\t\t\t<\/div>\n\t\t\t\t<\/div>\n\t\t\t\t<\/div>\n\t\t\t\t<\/div>","protected":false},"excerpt":{"rendered":"<p>Su Tutucu Bantlar Su tutucu bantlar, su yal\u0131t\u0131m\u0131 ve izolasyon i\u00e7in \u00f6zel olarak tasarlanm\u0131\u015f malzemelerdir. Bu bantlar, yap\u0131lar\u0131n su s\u0131zd\u0131rmazl\u0131\u011f\u0131n\u0131 sa\u011flar ve [&hellip;]<\/p>","protected":false},"author":1,"featured_media":0,"parent":127,"menu_order":0,"comment_status":"closed","ping_status":"closed","template":"","meta":{"footnotes":""},"class_list":["post-155","page","type-page","status-publish","hentry"],"_links":{"self":[{"href":"https:\/\/geomas.com\/en\/wp-json\/wp\/v2\/pages\/155","targetHints":{"allow":["GET"]}}],"collection":[{"href":"https:\/\/geomas.com\/en\/wp-json\/wp\/v2\/pages"}],"about":[{"href":"https:\/\/geomas.com\/en\/wp-json\/wp\/v2\/types\/page"}],"author":[{"embeddable":true,"href":"https:\/\/geomas.com\/en\/wp-json\/wp\/v2\/users\/1"}],"replies":[{"embeddable":true,"href":"https:\/\/geomas.com\/en\/wp-json\/wp\/v2\/comments?post=155"}],"version-history":[{"count":7,"href":"https:\/\/geomas.com\/en\/wp-json\/wp\/v2\/pages\/155\/revisions"}],"predecessor-version":[{"id":3059,"href":"https:\/\/geomas.com\/en\/wp-json\/wp\/v2\/pages\/155\/revisions\/3059"}],"up":[{"embeddable":true,"href":"https:\/\/geomas.com\/en\/wp-json\/wp\/v2\/pages\/127"}],"wp:attachment":[{"href":"https:\/\/geomas.com\/en\/wp-json\/wp\/v2\/media?parent=155"}],"curies":[{"name":"wp","href":"https:\/\/api.w.org\/{rel}","templated":true}]}}