{"id":151,"date":"2025-09-10T15:45:07","date_gmt":"2025-09-10T15:45:07","guid":{"rendered":"https:\/\/geomas.com\/?page_id=151"},"modified":"2025-12-17T08:33:06","modified_gmt":"2025-12-17T08:33:06","slug":"bitum-emilsiyonlu-su-yalitim-urunleri","status":"publish","type":"page","link":"https:\/\/geomas.com\/en\/urunler\/yalitim\/bitum-emilsiyonlu-su-yalitim-urunleri\/","title":{"rendered":"Bitumen Waterproofing Products Emilsiyonlu"},"content":{"rendered":"<div data-elementor-type=\"wp-page\" data-elementor-id=\"151\" class=\"elementor elementor-151\" data-elementor-settings=\"{&quot;element_pack_global_tooltip_width&quot;:{&quot;unit&quot;:&quot;px&quot;,&quot;size&quot;:&quot;&quot;,&quot;sizes&quot;:[]},&quot;element_pack_global_tooltip_width_tablet&quot;:{&quot;unit&quot;:&quot;px&quot;,&quot;size&quot;:&quot;&quot;,&quot;sizes&quot;:[]},&quot;element_pack_global_tooltip_width_mobile&quot;:{&quot;unit&quot;:&quot;px&quot;,&quot;size&quot;:&quot;&quot;,&quot;sizes&quot;:[]},&quot;element_pack_global_tooltip_padding&quot;:{&quot;unit&quot;:&quot;px&quot;,&quot;top&quot;:&quot;&quot;,&quot;right&quot;:&quot;&quot;,&quot;bottom&quot;:&quot;&quot;,&quot;left&quot;:&quot;&quot;,&quot;isLinked&quot;:true},&quot;element_pack_global_tooltip_padding_tablet&quot;:{&quot;unit&quot;:&quot;px&quot;,&quot;top&quot;:&quot;&quot;,&quot;right&quot;:&quot;&quot;,&quot;bottom&quot;:&quot;&quot;,&quot;left&quot;:&quot;&quot;,&quot;isLinked&quot;:true},&quot;element_pack_global_tooltip_padding_mobile&quot;:{&quot;unit&quot;:&quot;px&quot;,&quot;top&quot;:&quot;&quot;,&quot;right&quot;:&quot;&quot;,&quot;bottom&quot;:&quot;&quot;,&quot;left&quot;:&quot;&quot;,&quot;isLinked&quot;:true},&quot;element_pack_global_tooltip_border_radius&quot;:{&quot;unit&quot;:&quot;px&quot;,&quot;top&quot;:&quot;&quot;,&quot;right&quot;:&quot;&quot;,&quot;bottom&quot;:&quot;&quot;,&quot;left&quot;:&quot;&quot;,&quot;isLinked&quot;:true},&quot;element_pack_global_tooltip_border_radius_tablet&quot;:{&quot;unit&quot;:&quot;px&quot;,&quot;top&quot;:&quot;&quot;,&quot;right&quot;:&quot;&quot;,&quot;bottom&quot;:&quot;&quot;,&quot;left&quot;:&quot;&quot;,&quot;isLinked&quot;:true},&quot;element_pack_global_tooltip_border_radius_mobile&quot;:{&quot;unit&quot;:&quot;px&quot;,&quot;top&quot;:&quot;&quot;,&quot;right&quot;:&quot;&quot;,&quot;bottom&quot;:&quot;&quot;,&quot;left&quot;:&quot;&quot;,&quot;isLinked&quot;:true}}\" data-elementor-post-type=\"page\">\n\t\t\t\t<div class=\"elementor-element elementor-element-36352f13 e-flex e-con-boxed e-con e-parent\" data-id=\"36352f13\" data-element_type=\"container\">\n\t\t\t\t\t<div class=\"e-con-inner\">\n\t\t\t\t<div class=\"elementor-element elementor-element-104a0451 elementor-widget elementor-widget-breadcrumbs\" data-id=\"104a0451\" data-element_type=\"widget\" data-widget_type=\"breadcrumbs.default\">\n\t\t\t\t<div class=\"elementor-widget-container\">\n\t\t\t\t\t<nav aria-label=\"breadcrumbs\" class=\"rank-math-breadcrumb\"><p><span class=\"last\">Homepage<\/span><\/p><\/nav>\t\t\t\t<\/div>\n\t\t\t\t<\/div>\n\t\t\t\t\t<\/div>\n\t\t\t\t<\/div>\n\t\t<div class=\"elementor-element elementor-element-17bca323 e-flex e-con-boxed e-con e-parent\" data-id=\"17bca323\" data-element_type=\"container\">\n\t\t\t\t\t<div class=\"e-con-inner\">\n\t\t\t\t<div class=\"elementor-element elementor-element-2d1c79ad elementor-widget elementor-widget-image\" data-id=\"2d1c79ad\" data-element_type=\"widget\" data-widget_type=\"image.default\">\n\t\t\t\t\t\t\t\t\t\t\t\t\t\t\t<img decoding=\"async\" width=\"745\" height=\"450\" src=\"https:\/\/geomas.com\/wp-content\/uploads\/2025\/09\/vandexflexibit_745x450.jpg\" class=\"attachment-full size-full wp-image-1267\" alt=\"\" srcset=\"https:\/\/geomas.com\/wp-content\/uploads\/2025\/09\/vandexflexibit_745x450.jpg 745w, https:\/\/geomas.com\/wp-content\/uploads\/2025\/09\/vandexflexibit_745x450-300x181.jpg 300w, https:\/\/geomas.com\/wp-content\/uploads\/2025\/09\/vandexflexibit_745x450-18x12.jpg 18w, https:\/\/geomas.com\/wp-content\/uploads\/2025\/09\/vandexflexibit_745x450-650x393.jpg 650w\" sizes=\"(max-width: 745px) 100vw, 745px\" \/>\t\t\t\t\t\t\t\t\t\t\t\t\t\t\t<\/div>\n\t\t\t\t\t<\/div>\n\t\t\t\t<\/div>\n\t\t<div class=\"elementor-element elementor-element-3f798829 e-flex e-con-boxed e-con e-parent\" data-id=\"3f798829\" data-element_type=\"container\">\n\t\t\t\t\t<div class=\"e-con-inner\">\n\t\t<div class=\"elementor-element elementor-element-58fe5c42 e-con-full e-flex e-con e-child\" data-id=\"58fe5c42\" data-element_type=\"container\" data-settings=\"{&quot;background_background&quot;:&quot;classic&quot;}\">\n\t\t\t\t<div class=\"elementor-element elementor-element-4583846e elementor-widget elementor-widget-heading\" data-id=\"4583846e\" data-element_type=\"widget\" data-widget_type=\"heading.default\">\n\t\t\t\t\t<h1 class=\"elementor-heading-title elementor-size-default\">Bitumen Waterproofing Products Emilsiyonlu\n<\/h1>\t\t\t\t<\/div>\n\t\t\t\t<div class=\"elementor-element elementor-element-6280a41d elementor-widget elementor-widget-text-editor\" data-id=\"6280a41d\" data-element_type=\"widget\" data-widget_type=\"text-editor.default\">\n\t\t\t\t\t\t\t\t\t<div class=\"uk-width-1-2@m uk-margin-auto uk-text-center category-text\"><div class=\"uk-margin-remove-last-child\"><div class=\"uk-width-1-2@m uk-margin-auto uk-text-center category-text\"><div><div class=\"uk-margin-remove-last-child\"><p>Two-component bitumen emulsion-based coating insulation materials are a specialized material used to provide waterproofing and insulation. These materials consist of bitumen emulsion and additives. When the two components are mixed, a homogeneous mixture is obtained, and when applied to the surface, it forms a bituminous coating. This coating prevents water from seeping into the structure and protects the structure from moisture. Thanks to its two-component structure, the material can be applied quickly and provides an even coating on the surface. Bitumen emulsion-based coating insulation materials are commonly used in areas such as roofs, terraces, foundations, and exterior walls. These materials provide long-lasting protection and shield the structure from various weather conditions. Additionally, they are a preferred insulation solution due to their ease of application and cost-effectiveness.<\/p><\/div><\/div><\/div><\/div><\/div>\t\t\t\t\t\t\t\t<\/div>\n\t\t\t\t<\/div>\n\t\t\t\t\t<\/div>\n\t\t\t\t<\/div>\n\t\t<div class=\"elementor-element elementor-element-69a4c51c e-con-full e-flex e-con e-child\" data-id=\"69a4c51c\" data-element_type=\"container\">\n\t\t<div class=\"elementor-element elementor-element-55e1f696 e-con-full e-flex e-con e-child\" data-id=\"55e1f696\" data-element_type=\"container\">\n\t\t\t\t<div class=\"elementor-element elementor-element-41023a34 elementor-position-top elementor-widget elementor-widget-image-box\" data-id=\"41023a34\" data-element_type=\"widget\" data-widget_type=\"image-box.default\">\n\t\t\t\t\t<div class=\"elementor-image-box-wrapper\"><figure class=\"elementor-image-box-img\"><a href=\"\/en\/urunler\/yalitim\/bitum-emilsiyonlu-su-yalitim-urunleri\/inoflexibit-2k\/\" tabindex=\"-1\"><img decoding=\"async\" width=\"360\" height=\"180\" src=\"https:\/\/geomas.com\/wp-content\/uploads\/2025\/09\/flexibit-360x180-1-1.jpg\" class=\"attachment-full size-full wp-image-814\" alt=\"\" srcset=\"https:\/\/geomas.com\/wp-content\/uploads\/2025\/09\/flexibit-360x180-1-1.jpg 360w, https:\/\/geomas.com\/wp-content\/uploads\/2025\/09\/flexibit-360x180-1-1-300x150.jpg 300w, https:\/\/geomas.com\/wp-content\/uploads\/2025\/09\/flexibit-360x180-1-1-18x9.jpg 18w\" sizes=\"(max-width: 360px) 100vw, 360px\" \/><\/a><\/figure><div class=\"elementor-image-box-content\"><h3 class=\"elementor-image-box-title\"><a href=\"\/en\/urunler\/yalitim\/bitum-emilsiyonlu-su-yalitim-urunleri\/inoflexibit-2k\/\">2k Inoflexibit<\/a><\/h3><p class=\"elementor-image-box-description\">Two-component, polymer-modified, fiber-reinforced, solvent-free thixotropic bitumen-based...<\/p><\/div><\/div>\t\t\t\t<\/div>\n\t\t\t\t<\/div>\n\t\t\t\t<\/div>\n\t\t\t\t<\/div>","protected":false},"excerpt":{"rendered":"<p>Bit\u00fcm Emilsiyonlu Su Yal\u0131t\u0131m \u00dcr\u00fcnleri \u00c7ift komponentli bit\u00fcm em\u00fclsiyonlu s\u00fcrme yal\u0131t\u0131m malzemeleri, su ge\u00e7irmezlik ve yal\u0131t\u0131m sa\u011flamak i\u00e7in kullan\u0131lan \u00f6zel bir malzemedir. [&hellip;]<\/p>","protected":false},"author":1,"featured_media":0,"parent":127,"menu_order":0,"comment_status":"closed","ping_status":"closed","template":"","meta":{"footnotes":""},"class_list":["post-151","page","type-page","status-publish","hentry"],"_links":{"self":[{"href":"https:\/\/geomas.com\/en\/wp-json\/wp\/v2\/pages\/151","targetHints":{"allow":["GET"]}}],"collection":[{"href":"https:\/\/geomas.com\/en\/wp-json\/wp\/v2\/pages"}],"about":[{"href":"https:\/\/geomas.com\/en\/wp-json\/wp\/v2\/types\/page"}],"author":[{"embeddable":true,"href":"https:\/\/geomas.com\/en\/wp-json\/wp\/v2\/users\/1"}],"replies":[{"embeddable":true,"href":"https:\/\/geomas.com\/en\/wp-json\/wp\/v2\/comments?post=151"}],"version-history":[{"count":10,"href":"https:\/\/geomas.com\/en\/wp-json\/wp\/v2\/pages\/151\/revisions"}],"predecessor-version":[{"id":3561,"href":"https:\/\/geomas.com\/en\/wp-json\/wp\/v2\/pages\/151\/revisions\/3561"}],"up":[{"embeddable":true,"href":"https:\/\/geomas.com\/en\/wp-json\/wp\/v2\/pages\/127"}],"wp:attachment":[{"href":"https:\/\/geomas.com\/en\/wp-json\/wp\/v2\/media?parent=151"}],"curies":[{"name":"wp","href":"https:\/\/api.w.org\/{rel}","templated":true}]}}