{"id":145,"date":"2025-09-10T15:44:27","date_gmt":"2025-09-10T15:44:27","guid":{"rendered":"https:\/\/geomas.com\/?page_id=145"},"modified":"2025-12-17T08:32:51","modified_gmt":"2025-12-17T08:32:51","slug":"poliuretan-esasli-su-yalitim-urunleri","status":"publish","type":"page","link":"https:\/\/geomas.com\/en\/urunler\/yalitim\/poliuretan-esasli-su-yalitim-urunleri\/","title":{"rendered":"Polyurethane Based Waterproofing Products"},"content":{"rendered":"<div data-elementor-type=\"wp-page\" data-elementor-id=\"145\" class=\"elementor elementor-145\" data-elementor-settings=\"{&quot;element_pack_global_tooltip_width&quot;:{&quot;unit&quot;:&quot;px&quot;,&quot;size&quot;:&quot;&quot;,&quot;sizes&quot;:[]},&quot;element_pack_global_tooltip_width_tablet&quot;:{&quot;unit&quot;:&quot;px&quot;,&quot;size&quot;:&quot;&quot;,&quot;sizes&quot;:[]},&quot;element_pack_global_tooltip_width_mobile&quot;:{&quot;unit&quot;:&quot;px&quot;,&quot;size&quot;:&quot;&quot;,&quot;sizes&quot;:[]},&quot;element_pack_global_tooltip_padding&quot;:{&quot;unit&quot;:&quot;px&quot;,&quot;top&quot;:&quot;&quot;,&quot;right&quot;:&quot;&quot;,&quot;bottom&quot;:&quot;&quot;,&quot;left&quot;:&quot;&quot;,&quot;isLinked&quot;:true},&quot;element_pack_global_tooltip_padding_tablet&quot;:{&quot;unit&quot;:&quot;px&quot;,&quot;top&quot;:&quot;&quot;,&quot;right&quot;:&quot;&quot;,&quot;bottom&quot;:&quot;&quot;,&quot;left&quot;:&quot;&quot;,&quot;isLinked&quot;:true},&quot;element_pack_global_tooltip_padding_mobile&quot;:{&quot;unit&quot;:&quot;px&quot;,&quot;top&quot;:&quot;&quot;,&quot;right&quot;:&quot;&quot;,&quot;bottom&quot;:&quot;&quot;,&quot;left&quot;:&quot;&quot;,&quot;isLinked&quot;:true},&quot;element_pack_global_tooltip_border_radius&quot;:{&quot;unit&quot;:&quot;px&quot;,&quot;top&quot;:&quot;&quot;,&quot;right&quot;:&quot;&quot;,&quot;bottom&quot;:&quot;&quot;,&quot;left&quot;:&quot;&quot;,&quot;isLinked&quot;:true},&quot;element_pack_global_tooltip_border_radius_tablet&quot;:{&quot;unit&quot;:&quot;px&quot;,&quot;top&quot;:&quot;&quot;,&quot;right&quot;:&quot;&quot;,&quot;bottom&quot;:&quot;&quot;,&quot;left&quot;:&quot;&quot;,&quot;isLinked&quot;:true},&quot;element_pack_global_tooltip_border_radius_mobile&quot;:{&quot;unit&quot;:&quot;px&quot;,&quot;top&quot;:&quot;&quot;,&quot;right&quot;:&quot;&quot;,&quot;bottom&quot;:&quot;&quot;,&quot;left&quot;:&quot;&quot;,&quot;isLinked&quot;:true}}\" data-elementor-post-type=\"page\">\n\t\t\t\t<div class=\"elementor-element elementor-element-7fe604a3 e-flex e-con-boxed e-con e-parent\" data-id=\"7fe604a3\" data-element_type=\"container\">\n\t\t\t\t\t<div class=\"e-con-inner\">\n\t\t\t\t<div class=\"elementor-element elementor-element-4515c9e elementor-widget elementor-widget-breadcrumbs\" data-id=\"4515c9e\" data-element_type=\"widget\" data-widget_type=\"breadcrumbs.default\">\n\t\t\t\t<div class=\"elementor-widget-container\">\n\t\t\t\t\t<nav aria-label=\"breadcrumbs\" class=\"rank-math-breadcrumb\"><p><span class=\"last\">Homepage<\/span><\/p><\/nav>\t\t\t\t<\/div>\n\t\t\t\t<\/div>\n\t\t\t\t\t<\/div>\n\t\t\t\t<\/div>\n\t\t<div class=\"elementor-element elementor-element-1a9f7b5d e-flex e-con-boxed e-con e-parent\" data-id=\"1a9f7b5d\" data-element_type=\"container\">\n\t\t\t\t\t<div class=\"e-con-inner\">\n\t\t\t\t<div class=\"elementor-element elementor-element-3d6cab74 elementor-widget elementor-widget-image\" data-id=\"3d6cab74\" data-element_type=\"widget\" data-widget_type=\"image.default\">\n\t\t\t\t\t\t\t\t\t\t\t\t\t\t\t<img decoding=\"async\" width=\"870\" height=\"460\" src=\"https:\/\/geomas.com\/wp-content\/uploads\/2025\/09\/purtex4kg1_870x460-1.jpg\" class=\"attachment-full size-full wp-image-1261\" alt=\"\" srcset=\"https:\/\/geomas.com\/wp-content\/uploads\/2025\/09\/purtex4kg1_870x460-1.jpg 870w, https:\/\/geomas.com\/wp-content\/uploads\/2025\/09\/purtex4kg1_870x460-1-300x159.jpg 300w, https:\/\/geomas.com\/wp-content\/uploads\/2025\/09\/purtex4kg1_870x460-1-768x406.jpg 768w, https:\/\/geomas.com\/wp-content\/uploads\/2025\/09\/purtex4kg1_870x460-1-18x10.jpg 18w, https:\/\/geomas.com\/wp-content\/uploads\/2025\/09\/purtex4kg1_870x460-1-650x344.jpg 650w\" sizes=\"(max-width: 870px) 100vw, 870px\" \/>\t\t\t\t\t\t\t\t\t\t\t\t\t\t\t<\/div>\n\t\t\t\t\t<\/div>\n\t\t\t\t<\/div>\n\t\t<div class=\"elementor-element elementor-element-45afb665 e-flex e-con-boxed e-con e-parent\" data-id=\"45afb665\" data-element_type=\"container\">\n\t\t\t\t\t<div class=\"e-con-inner\">\n\t\t<div class=\"elementor-element elementor-element-4fe5d874 e-con-full e-flex e-con e-child\" data-id=\"4fe5d874\" data-element_type=\"container\" data-settings=\"{&quot;background_background&quot;:&quot;classic&quot;}\">\n\t\t\t\t<div class=\"elementor-element elementor-element-45bdc090 elementor-widget elementor-widget-heading\" data-id=\"45bdc090\" data-element_type=\"widget\" data-widget_type=\"heading.default\">\n\t\t\t\t\t<h1 class=\"elementor-heading-title elementor-size-default\">Polyurethane Based Waterproofing Products\n<\/h1>\t\t\t\t<\/div>\n\t\t\t\t<div class=\"elementor-element elementor-element-137cd9a9 elementor-widget elementor-widget-text-editor\" data-id=\"137cd9a9\" data-element_type=\"widget\" data-widget_type=\"text-editor.default\">\n\t\t\t\t\t\t\t\t\t<div class=\"uk-width-1-2@m uk-margin-auto uk-text-center category-text\"><div class=\"uk-margin-remove-last-child\"><div class=\"uk-width-1-2@m uk-margin-auto uk-text-center category-text\"><div><div class=\"uk-margin-remove-last-child\"><p>Two-component pure polyurethane insulation materials are a specialized material offering a high-performance insulation solution. These materials are formed by mixing two components and rapidly expand on the applied surface, creating a complementary coating. Pure polyurethane insulation materials possess excellent insulation properties and enhance energy efficiency by preventing thermal transfer. They also protect the structure from moisture by creating a water and vapor barrier. Thanks to their two-component structure, the material is quick and easy to apply, providing a smooth coating on surfaces. Pure polyurethane insulation materials are used in various construction projects, such as roofs, walls, and floors, and provide long-term durability with their high performance.<\/p><\/div><\/div><\/div><\/div><\/div>\t\t\t\t\t\t\t\t<\/div>\n\t\t\t\t<\/div>\n\t\t\t\t\t<\/div>\n\t\t\t\t<\/div>\n\t\t<div class=\"elementor-element elementor-element-72bf052c e-con-full e-flex e-con e-child\" data-id=\"72bf052c\" data-element_type=\"container\">\n\t\t<div class=\"elementor-element elementor-element-cd97e6b e-con-full e-flex e-con e-child\" data-id=\"cd97e6b\" data-element_type=\"container\">\n\t\t\t\t<div class=\"elementor-element elementor-element-4a30752f elementor-position-top elementor-widget elementor-widget-image-box\" data-id=\"4a30752f\" data-element_type=\"widget\" data-widget_type=\"image-box.default\">\n\t\t\t\t\t<div class=\"elementor-image-box-wrapper\"><figure class=\"elementor-image-box-img\"><a href=\"\/en\/urunler\/yalitim\/poliuretan-esasli-su-yalitim-urunleri\/purtex\/\" tabindex=\"-1\"><img decoding=\"async\" width=\"360\" height=\"180\" src=\"https:\/\/geomas.com\/wp-content\/uploads\/2025\/09\/purtex_1_360x180.jpg\" class=\"attachment-full size-full wp-image-800\" alt=\"\" srcset=\"https:\/\/geomas.com\/wp-content\/uploads\/2025\/09\/purtex_1_360x180.jpg 360w, https:\/\/geomas.com\/wp-content\/uploads\/2025\/09\/purtex_1_360x180-300x150.jpg 300w, https:\/\/geomas.com\/wp-content\/uploads\/2025\/09\/purtex_1_360x180-18x9.jpg 18w\" sizes=\"(max-width: 360px) 100vw, 360px\" \/><\/a><\/figure><div class=\"elementor-image-box-content\"><h3 class=\"elementor-image-box-title\"><a href=\"\/en\/urunler\/yalitim\/poliuretan-esasli-su-yalitim-urunleri\/purtex\/\">Purtex<\/a><\/h3><p class=\"elementor-image-box-description\">With the advancement of technology, various product groups are emerging in the building materials sector, along with alternatives...<\/p><\/div><\/div>\t\t\t\t<\/div>\n\t\t\t\t<\/div>\n\t\t<div class=\"elementor-element elementor-element-5ee95dc7 e-con-full e-flex e-con e-child\" data-id=\"5ee95dc7\" data-element_type=\"container\">\n\t\t\t\t<div class=\"elementor-element elementor-element-5f583428 elementor-position-top elementor-widget elementor-widget-image-box\" data-id=\"5f583428\" data-element_type=\"widget\" data-widget_type=\"image-box.default\">\n\t\t\t\t\t<div class=\"elementor-image-box-wrapper\"><figure class=\"elementor-image-box-img\"><a href=\"\/en\/urunler\/yalitim\/poliuretan-esasli-su-yalitim-urunleri\/cortex\/\" tabindex=\"-1\"><img decoding=\"async\" width=\"360\" height=\"180\" src=\"https:\/\/geomas.com\/wp-content\/uploads\/2025\/09\/yalitim-1.jpg\" class=\"attachment-full size-full wp-image-801\" alt=\"\" srcset=\"https:\/\/geomas.com\/wp-content\/uploads\/2025\/09\/yalitim-1.jpg 360w, https:\/\/geomas.com\/wp-content\/uploads\/2025\/09\/yalitim-1-300x150.jpg 300w, https:\/\/geomas.com\/wp-content\/uploads\/2025\/09\/yalitim-1-18x9.jpg 18w\" sizes=\"(max-width: 360px) 100vw, 360px\" \/><\/a><\/figure><div class=\"elementor-image-box-content\"><h3 class=\"elementor-image-box-title\"><a href=\"\/en\/urunler\/yalitim\/poliuretan-esasli-su-yalitim-urunleri\/cortex\/\">Cortex<\/a><\/h3><p class=\"elementor-image-box-description\">With the advancement of technology, new products emerge in the building materials sector and application errors decrease....<\/p><\/div><\/div>\t\t\t\t<\/div>\n\t\t\t\t<\/div>\n\t\t\t\t<\/div>\n\t\t\t\t<\/div>","protected":false},"excerpt":{"rendered":"<p>Poli\u00fcretan Esasl\u0131 Su Yal\u0131t\u0131m \u00dcr\u00fcnleri \u00c7ift komponentli saf poli\u00fcretan yal\u0131t\u0131m malzemeleri, y\u00fcksek performansl\u0131 bir yal\u0131t\u0131m \u00e7\u00f6z\u00fcm\u00fc sunan \u00f6zel bir malzemedir. Bu malzemeler, [&hellip;]<\/p>","protected":false},"author":1,"featured_media":0,"parent":127,"menu_order":0,"comment_status":"closed","ping_status":"closed","template":"","meta":{"footnotes":""},"class_list":["post-145","page","type-page","status-publish","hentry"],"_links":{"self":[{"href":"https:\/\/geomas.com\/en\/wp-json\/wp\/v2\/pages\/145","targetHints":{"allow":["GET"]}}],"collection":[{"href":"https:\/\/geomas.com\/en\/wp-json\/wp\/v2\/pages"}],"about":[{"href":"https:\/\/geomas.com\/en\/wp-json\/wp\/v2\/types\/page"}],"author":[{"embeddable":true,"href":"https:\/\/geomas.com\/en\/wp-json\/wp\/v2\/users\/1"}],"replies":[{"embeddable":true,"href":"https:\/\/geomas.com\/en\/wp-json\/wp\/v2\/comments?post=145"}],"version-history":[{"count":13,"href":"https:\/\/geomas.com\/en\/wp-json\/wp\/v2\/pages\/145\/revisions"}],"predecessor-version":[{"id":3558,"href":"https:\/\/geomas.com\/en\/wp-json\/wp\/v2\/pages\/145\/revisions\/3558"}],"up":[{"embeddable":true,"href":"https:\/\/geomas.com\/en\/wp-json\/wp\/v2\/pages\/127"}],"wp:attachment":[{"href":"https:\/\/geomas.com\/en\/wp-json\/wp\/v2\/media?parent=145"}],"curies":[{"name":"wp","href":"https:\/\/api.w.org\/{rel}","templated":true}]}}