{"id":131,"date":"2025-09-10T15:42:58","date_gmt":"2025-09-10T15:42:58","guid":{"rendered":"https:\/\/geomas.com\/?page_id=131"},"modified":"2025-12-17T08:36:30","modified_gmt":"2025-12-17T08:36:30","slug":"bentoshield-max-serisi","status":"publish","type":"page","link":"https:\/\/geomas.com\/en\/urunler\/yalitim\/bentoshield-max-serisi\/","title":{"rendered":"Bentoshield Max Series"},"content":{"rendered":"<div data-elementor-type=\"wp-page\" data-elementor-id=\"131\" class=\"elementor elementor-131\" data-elementor-settings=\"{&quot;element_pack_global_tooltip_width&quot;:{&quot;unit&quot;:&quot;px&quot;,&quot;size&quot;:&quot;&quot;,&quot;sizes&quot;:[]},&quot;element_pack_global_tooltip_width_tablet&quot;:{&quot;unit&quot;:&quot;px&quot;,&quot;size&quot;:&quot;&quot;,&quot;sizes&quot;:[]},&quot;element_pack_global_tooltip_width_mobile&quot;:{&quot;unit&quot;:&quot;px&quot;,&quot;size&quot;:&quot;&quot;,&quot;sizes&quot;:[]},&quot;element_pack_global_tooltip_padding&quot;:{&quot;unit&quot;:&quot;px&quot;,&quot;top&quot;:&quot;&quot;,&quot;right&quot;:&quot;&quot;,&quot;bottom&quot;:&quot;&quot;,&quot;left&quot;:&quot;&quot;,&quot;isLinked&quot;:true},&quot;element_pack_global_tooltip_padding_tablet&quot;:{&quot;unit&quot;:&quot;px&quot;,&quot;top&quot;:&quot;&quot;,&quot;right&quot;:&quot;&quot;,&quot;bottom&quot;:&quot;&quot;,&quot;left&quot;:&quot;&quot;,&quot;isLinked&quot;:true},&quot;element_pack_global_tooltip_padding_mobile&quot;:{&quot;unit&quot;:&quot;px&quot;,&quot;top&quot;:&quot;&quot;,&quot;right&quot;:&quot;&quot;,&quot;bottom&quot;:&quot;&quot;,&quot;left&quot;:&quot;&quot;,&quot;isLinked&quot;:true},&quot;element_pack_global_tooltip_border_radius&quot;:{&quot;unit&quot;:&quot;px&quot;,&quot;top&quot;:&quot;&quot;,&quot;right&quot;:&quot;&quot;,&quot;bottom&quot;:&quot;&quot;,&quot;left&quot;:&quot;&quot;,&quot;isLinked&quot;:true},&quot;element_pack_global_tooltip_border_radius_tablet&quot;:{&quot;unit&quot;:&quot;px&quot;,&quot;top&quot;:&quot;&quot;,&quot;right&quot;:&quot;&quot;,&quot;bottom&quot;:&quot;&quot;,&quot;left&quot;:&quot;&quot;,&quot;isLinked&quot;:true},&quot;element_pack_global_tooltip_border_radius_mobile&quot;:{&quot;unit&quot;:&quot;px&quot;,&quot;top&quot;:&quot;&quot;,&quot;right&quot;:&quot;&quot;,&quot;bottom&quot;:&quot;&quot;,&quot;left&quot;:&quot;&quot;,&quot;isLinked&quot;:true}}\" data-elementor-post-type=\"page\">\n\t\t\t\t<div class=\"elementor-element elementor-element-7924c7d1 e-flex e-con-boxed e-con e-parent\" data-id=\"7924c7d1\" data-element_type=\"container\">\n\t\t\t\t\t<div class=\"e-con-inner\">\n\t\t\t\t<div class=\"elementor-element elementor-element-6463f0c7 elementor-widget elementor-widget-breadcrumbs\" data-id=\"6463f0c7\" data-element_type=\"widget\" data-widget_type=\"breadcrumbs.default\">\n\t\t\t\t<div class=\"elementor-widget-container\">\n\t\t\t\t\t<nav aria-label=\"breadcrumbs\" class=\"rank-math-breadcrumb\"><p><span class=\"last\">Homepage<\/span><\/p><\/nav>\t\t\t\t<\/div>\n\t\t\t\t<\/div>\n\t\t\t\t\t<\/div>\n\t\t\t\t<\/div>\n\t\t<div class=\"elementor-element elementor-element-702a3488 e-flex e-con-boxed e-con e-parent\" data-id=\"702a3488\" data-element_type=\"container\">\n\t\t\t\t\t<div class=\"e-con-inner\">\n\t\t\t\t<div class=\"elementor-element elementor-element-115f3002 elementor-widget elementor-widget-image\" data-id=\"115f3002\" data-element_type=\"widget\" data-widget_type=\"image.default\">\n\t\t\t\t\t\t\t\t\t\t\t\t\t\t\t<img decoding=\"async\" width=\"1600\" height=\"660\" src=\"https:\/\/geomas.com\/wp-content\/uploads\/2025\/12\/Bentoshield-3_11zon-scaled-1-e1764766833952.webp\" class=\"attachment-full size-full wp-image-3042\" alt=\"\" srcset=\"https:\/\/geomas.com\/wp-content\/uploads\/2025\/12\/Bentoshield-3_11zon-scaled-1-e1764766833952.webp 1600w, https:\/\/geomas.com\/wp-content\/uploads\/2025\/12\/Bentoshield-3_11zon-scaled-1-e1764766833952-300x124.webp 300w, https:\/\/geomas.com\/wp-content\/uploads\/2025\/12\/Bentoshield-3_11zon-scaled-1-e1764766833952-1024x422.webp 1024w, https:\/\/geomas.com\/wp-content\/uploads\/2025\/12\/Bentoshield-3_11zon-scaled-1-e1764766833952-768x317.webp 768w, https:\/\/geomas.com\/wp-content\/uploads\/2025\/12\/Bentoshield-3_11zon-scaled-1-e1764766833952-1536x634.webp 1536w, https:\/\/geomas.com\/wp-content\/uploads\/2025\/12\/Bentoshield-3_11zon-scaled-1-e1764766833952-18x7.webp 18w, https:\/\/geomas.com\/wp-content\/uploads\/2025\/12\/Bentoshield-3_11zon-scaled-1-e1764766833952-650x268.webp 650w\" sizes=\"(max-width: 1600px) 100vw, 1600px\" \/>\t\t\t\t\t\t\t\t\t\t\t\t\t\t\t<\/div>\n\t\t\t\t\t<\/div>\n\t\t\t\t<\/div>\n\t\t<div class=\"elementor-element elementor-element-d34f992 e-flex e-con-boxed e-con e-parent\" data-id=\"d34f992\" data-element_type=\"container\">\n\t\t\t\t\t<div class=\"e-con-inner\">\n\t\t<div class=\"elementor-element elementor-element-27ffd3bd e-con-full e-flex e-con e-child\" data-id=\"27ffd3bd\" data-element_type=\"container\" data-settings=\"{&quot;background_background&quot;:&quot;classic&quot;}\">\n\t\t\t\t<div class=\"elementor-element elementor-element-6e9150e3 elementor-widget elementor-widget-heading\" data-id=\"6e9150e3\" data-element_type=\"widget\" data-widget_type=\"heading.default\">\n\t\t\t\t\t<h1 class=\"elementor-heading-title elementor-size-default\">Bentoshield Max Series\n<\/h1>\t\t\t\t<\/div>\n\t\t\t\t<div class=\"elementor-element elementor-element-130cb0b5 elementor-widget elementor-widget-text-editor\" data-id=\"130cb0b5\" data-element_type=\"widget\" data-widget_type=\"text-editor.default\">\n\t\t\t\t\t\t\t\t\t<div class=\"uk-width-1-2@m uk-margin-auto uk-text-center category-text\"><div class=\"uk-margin-remove-last-child\"><div class=\"uk-width-1-2@m uk-margin-auto uk-text-center category-text\"><div><div class=\"uk-margin-remove-last-child\"><p>The Bentoshield Max series is a polymer-modified geocomposite insulation material specifically developed for foundation and curtain wall insulation. This series stands out for its unique water retention capacity. Bentoshield Max provides an effective solution for protecting structures that require waterproofing. Thanks to polymer modification, the material prevents water penetration and increases the durability of structures. In addition, its geocomposite structure provides excellent mechanical properties, ensuring the stability of foundations and walls. The Bentoshield Max series is a reliable choice for construction projects, offering high performance and longevity in waterproofing.<\/p><\/div><\/div><\/div><\/div><\/div>\t\t\t\t\t\t\t\t<\/div>\n\t\t\t\t<\/div>\n\t\t\t\t\t<\/div>\n\t\t\t\t<\/div>\n\t\t<div class=\"elementor-element elementor-element-1e3273b0 e-con-full e-flex e-con e-child\" data-id=\"1e3273b0\" data-element_type=\"container\">\n\t\t<div class=\"elementor-element elementor-element-3b93499d e-con-full e-flex e-con e-child\" data-id=\"3b93499d\" data-element_type=\"container\">\n\t\t\t\t<div class=\"elementor-element elementor-element-5eb654ff elementor-position-top elementor-widget elementor-widget-image-box\" data-id=\"5eb654ff\" data-element_type=\"widget\" data-widget_type=\"image-box.default\">\n\t\t\t\t\t<div class=\"elementor-image-box-wrapper\"><figure class=\"elementor-image-box-img\"><a href=\"\/en\/urunler\/yalitim\/bentoshield-max-serisi\/bentoshield-max\/\" tabindex=\"-1\"><img decoding=\"async\" width=\"360\" height=\"180\" src=\"https:\/\/geomas.com\/wp-content\/uploads\/2025\/09\/enka_102.jpg\" class=\"attachment-full size-full wp-image-789\" alt=\"\" srcset=\"https:\/\/geomas.com\/wp-content\/uploads\/2025\/09\/enka_102.jpg 360w, https:\/\/geomas.com\/wp-content\/uploads\/2025\/09\/enka_102-300x150.jpg 300w, https:\/\/geomas.com\/wp-content\/uploads\/2025\/09\/enka_102-18x9.jpg 18w\" sizes=\"(max-width: 360px) 100vw, 360px\" \/><\/a><\/figure><div class=\"elementor-image-box-content\"><h3 class=\"elementor-image-box-title\"><a href=\"\/en\/urunler\/yalitim\/bentoshield-max-serisi\/bentoshield-max\/\">Bentoshield Max<\/a><\/h3><p class=\"elementor-image-box-description\">BentoShield MAX, a polymer-modified sodium bentonite specially developed for underground waterproofing...<\/p><\/div><\/div>\t\t\t\t<\/div>\n\t\t\t\t<\/div>\n\t\t<div class=\"elementor-element elementor-element-59436e7e e-con-full e-flex e-con e-child\" data-id=\"59436e7e\" data-element_type=\"container\">\n\t\t\t\t<div class=\"elementor-element elementor-element-37095713 elementor-position-top elementor-widget elementor-widget-image-box\" data-id=\"37095713\" data-element_type=\"widget\" data-widget_type=\"image-box.default\">\n\t\t\t\t\t<div class=\"elementor-image-box-wrapper\"><figure class=\"elementor-image-box-img\"><a href=\"\/en\/urunler\/yalitim\/bentoshield-max-serisi\/bentoshield-max-pe\/\" tabindex=\"-1\"><img decoding=\"async\" width=\"360\" height=\"180\" src=\"https:\/\/geomas.com\/wp-content\/uploads\/2025\/09\/0n3a3704-2.jpg\" class=\"attachment-full size-full wp-image-790\" alt=\"\" srcset=\"https:\/\/geomas.com\/wp-content\/uploads\/2025\/09\/0n3a3704-2.jpg 360w, https:\/\/geomas.com\/wp-content\/uploads\/2025\/09\/0n3a3704-2-300x150.jpg 300w, https:\/\/geomas.com\/wp-content\/uploads\/2025\/09\/0n3a3704-2-18x9.jpg 18w\" sizes=\"(max-width: 360px) 100vw, 360px\" \/><\/a><\/figure><div class=\"elementor-image-box-content\"><h3 class=\"elementor-image-box-title\"><a href=\"\/en\/urunler\/yalitim\/bentoshield-max-serisi\/bentoshield-max-pe\/\">Bentoshield Max th<\/a><\/h3><p class=\"elementor-image-box-description\">BentoShield MAX PE, aggressive environments with high acid and salt concentrations...<\/p><\/div><\/div>\t\t\t\t<\/div>\n\t\t\t\t<\/div>\n\t\t<div class=\"elementor-element elementor-element-659dd339 e-con-full e-flex e-con e-child\" data-id=\"659dd339\" data-element_type=\"container\">\n\t\t\t\t<div class=\"elementor-element elementor-element-64fc3706 elementor-position-top elementor-widget elementor-widget-image-box\" data-id=\"64fc3706\" data-element_type=\"widget\" data-widget_type=\"image-box.default\">\n\t\t\t\t\t<div class=\"elementor-image-box-wrapper\"><figure class=\"elementor-image-box-img\"><a href=\"\/en\/urunler\/yalitim\/bentoshield-max-serisi\/bentoshield-max-protex\/\" tabindex=\"-1\"><img decoding=\"async\" width=\"360\" height=\"180\" src=\"https:\/\/geomas.com\/wp-content\/uploads\/2025\/09\/protex_360x180-1.jpg\" class=\"attachment-full size-full wp-image-791\" alt=\"\" srcset=\"https:\/\/geomas.com\/wp-content\/uploads\/2025\/09\/protex_360x180-1.jpg 360w, https:\/\/geomas.com\/wp-content\/uploads\/2025\/09\/protex_360x180-1-300x150.jpg 300w, https:\/\/geomas.com\/wp-content\/uploads\/2025\/09\/protex_360x180-1-18x9.jpg 18w\" sizes=\"(max-width: 360px) 100vw, 360px\" \/><\/a><\/figure><div class=\"elementor-image-box-content\"><h3 class=\"elementor-image-box-title\"><a href=\"\/en\/urunler\/yalitim\/bentoshield-max-serisi\/bentoshield-max-protex\/\">Protex Bentoshield Max<\/a><\/h3><p class=\"elementor-image-box-description\">BentoShield MAX PROTEX, aggressive environments with high acid and salt concentrations.<\/p><\/div><\/div>\t\t\t\t<\/div>\n\t\t\t\t<\/div>\n\t\t<div class=\"elementor-element elementor-element-7259d42 e-con-full e-flex e-con e-child\" data-id=\"7259d42\" data-element_type=\"container\">\n\t\t\t\t<div class=\"elementor-element elementor-element-e4cfecb elementor-position-top elementor-widget elementor-widget-image-box\" data-id=\"e4cfecb\" data-element_type=\"widget\" data-widget_type=\"image-box.default\">\n\t\t\t\t\t<div class=\"elementor-image-box-wrapper\"><figure class=\"elementor-image-box-img\"><a href=\"\/en\/urunler\/yalitim\/bentoshield-max-serisi\/bentoshield-max-5\/\" tabindex=\"-1\"><img decoding=\"async\" width=\"360\" height=\"180\" src=\"https:\/\/geomas.com\/wp-content\/uploads\/2025\/09\/bentoshield-max-_360x180-1.jpg\" class=\"attachment-full size-full wp-image-792\" alt=\"\" srcset=\"https:\/\/geomas.com\/wp-content\/uploads\/2025\/09\/bentoshield-max-_360x180-1.jpg 360w, https:\/\/geomas.com\/wp-content\/uploads\/2025\/09\/bentoshield-max-_360x180-1-300x150.jpg 300w, https:\/\/geomas.com\/wp-content\/uploads\/2025\/09\/bentoshield-max-_360x180-1-18x9.jpg 18w\" sizes=\"(max-width: 360px) 100vw, 360px\" \/><\/a><\/figure><div class=\"elementor-image-box-content\"><h3 class=\"elementor-image-box-title\"><a href=\"\/en\/urunler\/yalitim\/bentoshield-max-serisi\/bentoshield-max-5\/\">Bentoshield Max 5<\/a><\/h3><p class=\"elementor-image-box-description\">BentoShield MAX5 consists of two polypropylene geotextile layers joined together using a needle-punching method.<\/p><\/div><\/div>\t\t\t\t<\/div>\n\t\t\t\t<\/div>\n\t\t\t\t<\/div>\n\t\t<div class=\"elementor-element elementor-element-b2987bd e-con-full e-flex e-con e-child\" data-id=\"b2987bd\" data-element_type=\"container\">\n\t\t<div class=\"elementor-element elementor-element-1df886f e-con-full e-flex e-con e-child\" data-id=\"1df886f\" data-element_type=\"container\">\n\t\t\t\t<div class=\"elementor-element elementor-element-8323625 elementor-position-top elementor-widget elementor-widget-image-box\" data-id=\"8323625\" data-element_type=\"widget\" data-widget_type=\"image-box.default\">\n\t\t\t\t\t<div class=\"elementor-image-box-wrapper\"><figure class=\"elementor-image-box-img\"><a href=\"\/en\/urunler\/yalitim\/bentoshield-max-serisi\/bentoshield-max-7\/\" tabindex=\"-1\"><img decoding=\"async\" width=\"360\" height=\"180\" src=\"https:\/\/geomas.com\/wp-content\/uploads\/2025\/09\/0n3a3704-3.jpg\" class=\"attachment-full size-full wp-image-793\" alt=\"\" srcset=\"https:\/\/geomas.com\/wp-content\/uploads\/2025\/09\/0n3a3704-3.jpg 360w, https:\/\/geomas.com\/wp-content\/uploads\/2025\/09\/0n3a3704-3-300x150.jpg 300w, https:\/\/geomas.com\/wp-content\/uploads\/2025\/09\/0n3a3704-3-18x9.jpg 18w\" sizes=\"(max-width: 360px) 100vw, 360px\" \/><\/a><\/figure><div class=\"elementor-image-box-content\"><h3 class=\"elementor-image-box-title\"><a href=\"\/en\/urunler\/yalitim\/bentoshield-max-serisi\/bentoshield-max-7\/\">Bentoshield MAX 7<\/a><\/h3><p class=\"elementor-image-box-description\">BentoShield MAX, a polymer-modified sodium bentonite specially developed for underground waterproofing...<\/p><\/div><\/div>\t\t\t\t<\/div>\n\t\t\t\t<\/div>\n\t\t<div class=\"elementor-element elementor-element-2d7ead6 e-con-full e-flex e-con e-child\" data-id=\"2d7ead6\" data-element_type=\"container\">\n\t\t\t\t<div class=\"elementor-element elementor-element-1a1a456 elementor-position-top elementor-widget elementor-widget-image-box\" data-id=\"1a1a456\" data-element_type=\"widget\" data-widget_type=\"image-box.default\">\n\t\t\t\t\t<div class=\"elementor-image-box-wrapper\"><figure class=\"elementor-image-box-img\"><a href=\"\/en\/urunler\/yalitim\/bentoshield-max-serisi\/bentoshield-max-lm\/\" tabindex=\"-1\"><img decoding=\"async\" width=\"360\" height=\"180\" src=\"https:\/\/geomas.com\/wp-content\/uploads\/2025\/09\/bentoshield-max-lm_360x180.jpg\" class=\"attachment-full size-full wp-image-794\" alt=\"\" srcset=\"https:\/\/geomas.com\/wp-content\/uploads\/2025\/09\/bentoshield-max-lm_360x180.jpg 360w, https:\/\/geomas.com\/wp-content\/uploads\/2025\/09\/bentoshield-max-lm_360x180-300x150.jpg 300w, https:\/\/geomas.com\/wp-content\/uploads\/2025\/09\/bentoshield-max-lm_360x180-18x9.jpg 18w\" sizes=\"(max-width: 360px) 100vw, 360px\" \/><\/a><\/figure><div class=\"elementor-image-box-content\"><h3 class=\"elementor-image-box-title\"><a href=\"\/en\/urunler\/yalitim\/bentoshield-max-serisi\/bentoshield-max-lm\/\">Bentoshield Max LM<\/a><\/h3><p class=\"elementor-image-box-description\">BentoShield MAX LM is a polymer-modified sodium bentonite specially developed for underground waterproofing...<\/p><\/div><\/div>\t\t\t\t<\/div>\n\t\t\t\t<\/div>\n\t\t\t\t<\/div>\n\t\t\t\t<\/div>","protected":false},"excerpt":{"rendered":"<p>Bentoshield Max Serisi Bentoshield Max serisi, temel ve perde yal\u0131t\u0131mlar\u0131 i\u00e7in \u00f6zel olarak geli\u015ftirilmi\u015f bir polimer modifiyeli geokompozit yal\u0131t\u0131m malzemesidir. Bu seri, [&hellip;]<\/p>","protected":false},"author":1,"featured_media":0,"parent":127,"menu_order":0,"comment_status":"closed","ping_status":"closed","template":"","meta":{"footnotes":""},"class_list":["post-131","page","type-page","status-publish","hentry"],"_links":{"self":[{"href":"https:\/\/geomas.com\/en\/wp-json\/wp\/v2\/pages\/131","targetHints":{"allow":["GET"]}}],"collection":[{"href":"https:\/\/geomas.com\/en\/wp-json\/wp\/v2\/pages"}],"about":[{"href":"https:\/\/geomas.com\/en\/wp-json\/wp\/v2\/types\/page"}],"author":[{"embeddable":true,"href":"https:\/\/geomas.com\/en\/wp-json\/wp\/v2\/users\/1"}],"replies":[{"embeddable":true,"href":"https:\/\/geomas.com\/en\/wp-json\/wp\/v2\/comments?post=131"}],"version-history":[{"count":13,"href":"https:\/\/geomas.com\/en\/wp-json\/wp\/v2\/pages\/131\/revisions"}],"predecessor-version":[{"id":3567,"href":"https:\/\/geomas.com\/en\/wp-json\/wp\/v2\/pages\/131\/revisions\/3567"}],"up":[{"embeddable":true,"href":"https:\/\/geomas.com\/en\/wp-json\/wp\/v2\/pages\/127"}],"wp:attachment":[{"href":"https:\/\/geomas.com\/en\/wp-json\/wp\/v2\/media?parent=131"}],"curies":[{"name":"wp","href":"https:\/\/api.w.org\/{rel}","templated":true}]}}