{"id":127,"date":"2025-09-10T15:42:28","date_gmt":"2025-09-10T15:42:28","guid":{"rendered":"https:\/\/geomas.com\/?page_id=127"},"modified":"2025-12-17T08:35:40","modified_gmt":"2025-12-17T08:35:40","slug":"yalitim","status":"publish","type":"page","link":"https:\/\/geomas.com\/en\/urunler\/yalitim\/","title":{"rendered":"Waterproofing"},"content":{"rendered":"<div data-elementor-type=\"wp-page\" data-elementor-id=\"127\" class=\"elementor elementor-127\" data-elementor-settings=\"{&quot;element_pack_global_tooltip_width&quot;:{&quot;unit&quot;:&quot;px&quot;,&quot;size&quot;:&quot;&quot;,&quot;sizes&quot;:[]},&quot;element_pack_global_tooltip_width_tablet&quot;:{&quot;unit&quot;:&quot;px&quot;,&quot;size&quot;:&quot;&quot;,&quot;sizes&quot;:[]},&quot;element_pack_global_tooltip_width_mobile&quot;:{&quot;unit&quot;:&quot;px&quot;,&quot;size&quot;:&quot;&quot;,&quot;sizes&quot;:[]},&quot;element_pack_global_tooltip_padding&quot;:{&quot;unit&quot;:&quot;px&quot;,&quot;top&quot;:&quot;&quot;,&quot;right&quot;:&quot;&quot;,&quot;bottom&quot;:&quot;&quot;,&quot;left&quot;:&quot;&quot;,&quot;isLinked&quot;:true},&quot;element_pack_global_tooltip_padding_tablet&quot;:{&quot;unit&quot;:&quot;px&quot;,&quot;top&quot;:&quot;&quot;,&quot;right&quot;:&quot;&quot;,&quot;bottom&quot;:&quot;&quot;,&quot;left&quot;:&quot;&quot;,&quot;isLinked&quot;:true},&quot;element_pack_global_tooltip_padding_mobile&quot;:{&quot;unit&quot;:&quot;px&quot;,&quot;top&quot;:&quot;&quot;,&quot;right&quot;:&quot;&quot;,&quot;bottom&quot;:&quot;&quot;,&quot;left&quot;:&quot;&quot;,&quot;isLinked&quot;:true},&quot;element_pack_global_tooltip_border_radius&quot;:{&quot;unit&quot;:&quot;px&quot;,&quot;top&quot;:&quot;&quot;,&quot;right&quot;:&quot;&quot;,&quot;bottom&quot;:&quot;&quot;,&quot;left&quot;:&quot;&quot;,&quot;isLinked&quot;:true},&quot;element_pack_global_tooltip_border_radius_tablet&quot;:{&quot;unit&quot;:&quot;px&quot;,&quot;top&quot;:&quot;&quot;,&quot;right&quot;:&quot;&quot;,&quot;bottom&quot;:&quot;&quot;,&quot;left&quot;:&quot;&quot;,&quot;isLinked&quot;:true},&quot;element_pack_global_tooltip_border_radius_mobile&quot;:{&quot;unit&quot;:&quot;px&quot;,&quot;top&quot;:&quot;&quot;,&quot;right&quot;:&quot;&quot;,&quot;bottom&quot;:&quot;&quot;,&quot;left&quot;:&quot;&quot;,&quot;isLinked&quot;:true}}\" data-elementor-post-type=\"page\">\n\t\t\t\t<div class=\"elementor-element elementor-element-5a508c18 e-flex e-con-boxed e-con e-parent\" data-id=\"5a508c18\" data-element_type=\"container\">\n\t\t\t\t\t<div class=\"e-con-inner\">\n\t\t\t\t<div class=\"elementor-element elementor-element-82fb0a5 elementor-widget elementor-widget-breadcrumbs\" data-id=\"82fb0a5\" data-element_type=\"widget\" data-widget_type=\"breadcrumbs.default\">\n\t\t\t\t<div class=\"elementor-widget-container\">\n\t\t\t\t\t<nav aria-label=\"breadcrumbs\" class=\"rank-math-breadcrumb\"><p><span class=\"last\">Homepage<\/span><\/p><\/nav>\t\t\t\t<\/div>\n\t\t\t\t<\/div>\n\t\t\t\t\t<\/div>\n\t\t\t\t<\/div>\n\t\t<div class=\"elementor-element elementor-element-4eea1b18 e-flex e-con-boxed e-con e-parent\" data-id=\"4eea1b18\" data-element_type=\"container\">\n\t\t\t\t\t<div class=\"e-con-inner\">\n\t\t\t\t<div class=\"elementor-element elementor-element-778cbcb elementor-widget elementor-widget-image\" data-id=\"778cbcb\" data-element_type=\"widget\" data-widget_type=\"image.default\">\n\t\t\t\t\t\t\t\t\t\t\t\t\t\t\t<img decoding=\"async\" width=\"1600\" height=\"660\" src=\"https:\/\/geomas.com\/wp-content\/uploads\/2025\/12\/Bentoshield-3_11zon-scaled-1-e1764766833952.webp\" class=\"attachment-full size-full wp-image-3042\" alt=\"\" srcset=\"https:\/\/geomas.com\/wp-content\/uploads\/2025\/12\/Bentoshield-3_11zon-scaled-1-e1764766833952.webp 1600w, https:\/\/geomas.com\/wp-content\/uploads\/2025\/12\/Bentoshield-3_11zon-scaled-1-e1764766833952-300x124.webp 300w, https:\/\/geomas.com\/wp-content\/uploads\/2025\/12\/Bentoshield-3_11zon-scaled-1-e1764766833952-1024x422.webp 1024w, https:\/\/geomas.com\/wp-content\/uploads\/2025\/12\/Bentoshield-3_11zon-scaled-1-e1764766833952-768x317.webp 768w, https:\/\/geomas.com\/wp-content\/uploads\/2025\/12\/Bentoshield-3_11zon-scaled-1-e1764766833952-1536x634.webp 1536w, https:\/\/geomas.com\/wp-content\/uploads\/2025\/12\/Bentoshield-3_11zon-scaled-1-e1764766833952-18x7.webp 18w, https:\/\/geomas.com\/wp-content\/uploads\/2025\/12\/Bentoshield-3_11zon-scaled-1-e1764766833952-650x268.webp 650w\" sizes=\"(max-width: 1600px) 100vw, 1600px\" \/>\t\t\t\t\t\t\t\t\t\t\t\t\t\t\t<\/div>\n\t\t\t\t\t<\/div>\n\t\t\t\t<\/div>\n\t\t<div class=\"elementor-element elementor-element-670fbab2 e-flex e-con-boxed e-con e-parent\" data-id=\"670fbab2\" data-element_type=\"container\">\n\t\t\t\t\t<div class=\"e-con-inner\">\n\t\t<div class=\"elementor-element elementor-element-171d0eac e-con-full e-flex e-con e-child\" data-id=\"171d0eac\" data-element_type=\"container\" data-settings=\"{&quot;background_background&quot;:&quot;classic&quot;}\">\n\t\t\t\t<div class=\"elementor-element elementor-element-3a231d7 elementor-widget elementor-widget-heading\" data-id=\"3a231d7\" data-element_type=\"widget\" data-widget_type=\"heading.default\">\n\t\t\t\t\t<h1 class=\"elementor-heading-title elementor-size-default\">Waterproofing<\/h1>\t\t\t\t<\/div>\n\t\t\t\t<div class=\"elementor-element elementor-element-190318d8 elementor-widget elementor-widget-text-editor\" data-id=\"190318d8\" data-element_type=\"widget\" data-widget_type=\"text-editor.default\">\n\t\t\t\t\t\t\t\t\t<div class=\"uk-width-1-2@m uk-margin-auto uk-text-center category-text\"><div class=\"uk-margin-remove-last-child\"><div class=\"uk-width-1-2@m uk-margin-auto uk-text-center category-text\"><div><div class=\"uk-margin-remove-last-child\"><p>Waterproofing is a process or protective measure that makes the foundation and wall areas of structures resistant to water and prevents the unwanted passage of liquids under hydrostatic pressure and other external factors. The application of the Bentoshield series creates a seamless waterproofing system, and living systems are preferred in the construction and design industries to prevent environmental fluids from seeping into systems. Waterproofing preserves the durability and strength of a building's concrete surfaces.<\/p><\/div><\/div><\/div><\/div><\/div>\t\t\t\t\t\t\t\t<\/div>\n\t\t\t\t<\/div>\n\t\t\t\t\t<\/div>\n\t\t\t\t<\/div>\n\t\t<div class=\"elementor-element elementor-element-23a0232 e-con-full e-flex e-con e-child\" data-id=\"23a0232\" data-element_type=\"container\">\n\t\t<div class=\"elementor-element elementor-element-86a1699 e-con-full e-flex e-con e-child\" data-id=\"86a1699\" data-element_type=\"container\">\n\t\t\t\t<div class=\"elementor-element elementor-element-a5ae340 elementor-position-top elementor-widget elementor-widget-image-box\" data-id=\"a5ae340\" data-element_type=\"widget\" data-widget_type=\"image-box.default\">\n\t\t\t\t\t<div class=\"elementor-image-box-wrapper\"><figure class=\"elementor-image-box-img\"><a href=\"\/en\/urunler\/yalitim\/bentoshield-max-serisi\/\" tabindex=\"-1\"><img decoding=\"async\" width=\"360\" height=\"180\" src=\"https:\/\/geomas.com\/wp-content\/uploads\/2025\/09\/bentoshield-max-5_360x180.jpg\" class=\"attachment-full size-full wp-image-445\" alt=\"\" srcset=\"https:\/\/geomas.com\/wp-content\/uploads\/2025\/09\/bentoshield-max-5_360x180.jpg 360w, https:\/\/geomas.com\/wp-content\/uploads\/2025\/09\/elementor\/thumbs\/bentoshield-max-5_360x180-rc8j9gw8ammg05jnh9kph8ka62itb0u7jno32bh8m4.jpg 300w, https:\/\/geomas.com\/wp-content\/uploads\/2025\/09\/bentoshield-max-5_360x180-18x9.jpg 18w, https:\/\/geomas.com\/wp-content\/uploads\/2025\/09\/elementor\/thumbs\/bentoshield-max-5_360x180-rc8j9gw72ruamg228e1rmpmxbnjaa7m2ylttxe9i3s.jpg 200w\" sizes=\"(max-width: 360px) 100vw, 360px\" \/><\/a><\/figure><div class=\"elementor-image-box-content\"><h3 class=\"elementor-image-box-title\"><a href=\"\/en\/urunler\/yalitim\/bentoshield-max-serisi\/\">Bentoshield Max Series<\/a><\/h3><p class=\"elementor-image-box-description\">Bentoshield Max series, specifically for foundation and wall insulation...<\/p><\/div><\/div>\t\t\t\t<\/div>\n\t\t\t\t<\/div>\n\t\t<div class=\"elementor-element elementor-element-721dcaa e-con-full e-flex e-con e-child\" data-id=\"721dcaa\" data-element_type=\"container\">\n\t\t\t\t<div class=\"elementor-element elementor-element-48fcdf3 elementor-position-top elementor-widget elementor-widget-image-box\" data-id=\"48fcdf3\" data-element_type=\"widget\" data-widget_type=\"image-box.default\">\n\t\t\t\t\t<div class=\"elementor-image-box-wrapper\"><figure class=\"elementor-image-box-img\"><a href=\"\/en\/urunler\/yalitim\/poliuretan-esasli-su-yalitim-urunleri\/\" tabindex=\"-1\"><img decoding=\"async\" width=\"360\" height=\"180\" src=\"https:\/\/geomas.com\/wp-content\/uploads\/2025\/09\/purtex_360x180.jpg\" class=\"attachment-full size-full wp-image-444\" alt=\"\" srcset=\"https:\/\/geomas.com\/wp-content\/uploads\/2025\/09\/purtex_360x180.jpg 360w, https:\/\/geomas.com\/wp-content\/uploads\/2025\/09\/elementor\/thumbs\/purtex_360x180-rc8j9gw8ammg05jnh9kph8ka62itb0u7jno32bh8m4.jpg 300w, https:\/\/geomas.com\/wp-content\/uploads\/2025\/09\/purtex_360x180-18x9.jpg 18w\" sizes=\"(max-width: 360px) 100vw, 360px\" \/><\/a><\/figure><div class=\"elementor-image-box-content\"><h3 class=\"elementor-image-box-title\"><a href=\"\/en\/urunler\/yalitim\/poliuretan-esasli-su-yalitim-urunleri\/\">Polyurethane Based Waterproofing Products<\/a><\/h3><p class=\"elementor-image-box-description\">Pure double-component polyurethane insulation materials, high-performance...<\/p><\/div><\/div>\t\t\t\t<\/div>\n\t\t\t\t<\/div>\n\t\t<div class=\"elementor-element elementor-element-1369a05 e-con-full e-flex e-con e-child\" data-id=\"1369a05\" data-element_type=\"container\">\n\t\t\t\t<div class=\"elementor-element elementor-element-0a196ca elementor-position-top elementor-widget elementor-widget-image-box\" data-id=\"0a196ca\" data-element_type=\"widget\" data-widget_type=\"image-box.default\">\n\t\t\t\t\t<div class=\"elementor-image-box-wrapper\"><figure class=\"elementor-image-box-img\"><a href=\"\/en\/urunler\/yalitim\/bitum-emilsiyonlu-su-yalitim-urunleri\/\" tabindex=\"-1\"><img decoding=\"async\" width=\"360\" height=\"180\" src=\"https:\/\/geomas.com\/wp-content\/uploads\/2025\/09\/flexibit-360x180-1.jpg\" class=\"attachment-full size-full wp-image-443\" alt=\"\" srcset=\"https:\/\/geomas.com\/wp-content\/uploads\/2025\/09\/flexibit-360x180-1.jpg 360w, https:\/\/geomas.com\/wp-content\/uploads\/2025\/09\/elementor\/thumbs\/flexibit-360x180-1-rc8j9gw8ammg05jnh9kph8ka62itb0u7jno32bh8m4.jpg 300w, https:\/\/geomas.com\/wp-content\/uploads\/2025\/09\/flexibit-360x180-1-18x9.jpg 18w\" sizes=\"(max-width: 360px) 100vw, 360px\" \/><\/a><\/figure><div class=\"elementor-image-box-content\"><h3 class=\"elementor-image-box-title\"><a href=\"\/en\/urunler\/yalitim\/bitum-emilsiyonlu-su-yalitim-urunleri\/\">Bitumen Waterproofing Products Emilsiyonlu<\/a><\/h3><p class=\"elementor-image-box-description\">Two-component bitumen emulsion riding insulation materials, waterproofing...<\/p><\/div><\/div>\t\t\t\t<\/div>\n\t\t\t\t<\/div>\n\t\t<div class=\"elementor-element elementor-element-fd2629c e-con-full e-flex e-con e-child\" data-id=\"fd2629c\" data-element_type=\"container\">\n\t\t\t\t<div class=\"elementor-element elementor-element-a33f5ea elementor-position-top elementor-widget elementor-widget-image-box\" data-id=\"a33f5ea\" data-element_type=\"widget\" data-widget_type=\"image-box.default\">\n\t\t\t\t\t<div class=\"elementor-image-box-wrapper\"><figure class=\"elementor-image-box-img\"><a href=\"\/en\/urunler\/yalitim\/su-tutucu-bantlar\/\" tabindex=\"-1\"><img decoding=\"async\" width=\"360\" height=\"180\" src=\"https:\/\/geomas.com\/wp-content\/uploads\/2025\/09\/water-stop-_360x180.jpg\" class=\"attachment-full size-full wp-image-442\" alt=\"\" srcset=\"https:\/\/geomas.com\/wp-content\/uploads\/2025\/09\/water-stop-_360x180.jpg 360w, https:\/\/geomas.com\/wp-content\/uploads\/2025\/09\/elementor\/thumbs\/water-stop-_360x180-rc8j9gw8ammg05jnh9kph8ka62itb0u7jno32bh8m4.jpg 300w, https:\/\/geomas.com\/wp-content\/uploads\/2025\/09\/water-stop-_360x180-18x9.jpg 18w\" sizes=\"(max-width: 360px) 100vw, 360px\" \/><\/a><\/figure><div class=\"elementor-image-box-content\"><h3 class=\"elementor-image-box-title\"><a href=\"\/en\/urunler\/yalitim\/su-tutucu-bantlar\/\">Waterbars<\/a><\/h3><p class=\"elementor-image-box-description\">Waterbars, waterproofing and insulation materials are specially designed for...<\/p><\/div><\/div>\t\t\t\t<\/div>\n\t\t\t\t<\/div>\n\t\t\t\t<\/div>\n\t\t\t\t<\/div>","protected":false},"excerpt":{"rendered":"<p>Yal\u0131t\u0131m Su yal\u0131t\u0131m\u0131, yap\u0131lar\u0131n temel ve perde b\u00f6lgelerini suya kar\u015f\u0131 dayan\u0131kl\u0131 hale getiren ve hidrostatik bas\u0131n\u00e7 ile di\u011fer d\u0131\u015f etkenler alt\u0131ndaki s\u0131v\u0131lar\u0131n [&hellip;]<\/p>","protected":false},"author":1,"featured_media":0,"parent":55,"menu_order":0,"comment_status":"closed","ping_status":"closed","template":"","meta":{"footnotes":""},"class_list":["post-127","page","type-page","status-publish","hentry"],"_links":{"self":[{"href":"https:\/\/geomas.com\/en\/wp-json\/wp\/v2\/pages\/127","targetHints":{"allow":["GET"]}}],"collection":[{"href":"https:\/\/geomas.com\/en\/wp-json\/wp\/v2\/pages"}],"about":[{"href":"https:\/\/geomas.com\/en\/wp-json\/wp\/v2\/types\/page"}],"author":[{"embeddable":true,"href":"https:\/\/geomas.com\/en\/wp-json\/wp\/v2\/users\/1"}],"replies":[{"embeddable":true,"href":"https:\/\/geomas.com\/en\/wp-json\/wp\/v2\/comments?post=127"}],"version-history":[{"count":13,"href":"https:\/\/geomas.com\/en\/wp-json\/wp\/v2\/pages\/127\/revisions"}],"predecessor-version":[{"id":3564,"href":"https:\/\/geomas.com\/en\/wp-json\/wp\/v2\/pages\/127\/revisions\/3564"}],"up":[{"embeddable":true,"href":"https:\/\/geomas.com\/en\/wp-json\/wp\/v2\/pages\/55"}],"wp:attachment":[{"href":"https:\/\/geomas.com\/en\/wp-json\/wp\/v2\/media?parent=127"}],"curies":[{"name":"wp","href":"https:\/\/api.w.org\/{rel}","templated":true}]}}