{"id":119,"date":"2025-09-10T15:40:55","date_gmt":"2025-09-10T15:40:55","guid":{"rendered":"https:\/\/geomas.com\/?page_id=119"},"modified":"2026-02-18T13:30:05","modified_gmt":"2026-02-18T13:30:05","slug":"geosentetik-tupler","status":"publish","type":"page","link":"https:\/\/geomas.com\/en\/urunler\/geosentetik\/geosentetik-tupler\/","title":{"rendered":"Geogrid Tupler"},"content":{"rendered":"<div data-elementor-type=\"wp-page\" data-elementor-id=\"119\" class=\"elementor elementor-119\" data-elementor-settings=\"{&quot;element_pack_global_tooltip_width&quot;:{&quot;unit&quot;:&quot;px&quot;,&quot;size&quot;:&quot;&quot;,&quot;sizes&quot;:[]},&quot;element_pack_global_tooltip_width_tablet&quot;:{&quot;unit&quot;:&quot;px&quot;,&quot;size&quot;:&quot;&quot;,&quot;sizes&quot;:[]},&quot;element_pack_global_tooltip_width_mobile&quot;:{&quot;unit&quot;:&quot;px&quot;,&quot;size&quot;:&quot;&quot;,&quot;sizes&quot;:[]},&quot;element_pack_global_tooltip_padding&quot;:{&quot;unit&quot;:&quot;px&quot;,&quot;top&quot;:&quot;&quot;,&quot;right&quot;:&quot;&quot;,&quot;bottom&quot;:&quot;&quot;,&quot;left&quot;:&quot;&quot;,&quot;isLinked&quot;:true},&quot;element_pack_global_tooltip_padding_tablet&quot;:{&quot;unit&quot;:&quot;px&quot;,&quot;top&quot;:&quot;&quot;,&quot;right&quot;:&quot;&quot;,&quot;bottom&quot;:&quot;&quot;,&quot;left&quot;:&quot;&quot;,&quot;isLinked&quot;:true},&quot;element_pack_global_tooltip_padding_mobile&quot;:{&quot;unit&quot;:&quot;px&quot;,&quot;top&quot;:&quot;&quot;,&quot;right&quot;:&quot;&quot;,&quot;bottom&quot;:&quot;&quot;,&quot;left&quot;:&quot;&quot;,&quot;isLinked&quot;:true},&quot;element_pack_global_tooltip_border_radius&quot;:{&quot;unit&quot;:&quot;px&quot;,&quot;top&quot;:&quot;&quot;,&quot;right&quot;:&quot;&quot;,&quot;bottom&quot;:&quot;&quot;,&quot;left&quot;:&quot;&quot;,&quot;isLinked&quot;:true},&quot;element_pack_global_tooltip_border_radius_tablet&quot;:{&quot;unit&quot;:&quot;px&quot;,&quot;top&quot;:&quot;&quot;,&quot;right&quot;:&quot;&quot;,&quot;bottom&quot;:&quot;&quot;,&quot;left&quot;:&quot;&quot;,&quot;isLinked&quot;:true},&quot;element_pack_global_tooltip_border_radius_mobile&quot;:{&quot;unit&quot;:&quot;px&quot;,&quot;top&quot;:&quot;&quot;,&quot;right&quot;:&quot;&quot;,&quot;bottom&quot;:&quot;&quot;,&quot;left&quot;:&quot;&quot;,&quot;isLinked&quot;:true}}\" data-elementor-post-type=\"page\">\n\t\t\t\t<div class=\"elementor-element elementor-element-71c077e5 e-flex e-con-boxed e-con e-parent\" data-id=\"71c077e5\" data-element_type=\"container\">\n\t\t\t\t\t<div class=\"e-con-inner\">\n\t\t\t\t<div class=\"elementor-element elementor-element-45f29a69 elementor-widget elementor-widget-breadcrumbs\" data-id=\"45f29a69\" data-element_type=\"widget\" data-widget_type=\"breadcrumbs.default\">\n\t\t\t\t<div class=\"elementor-widget-container\">\n\t\t\t\t\t<nav aria-label=\"breadcrumbs\" class=\"rank-math-breadcrumb\"><p><span class=\"last\">Homepage<\/span><\/p><\/nav>\t\t\t\t<\/div>\n\t\t\t\t<\/div>\n\t\t\t\t\t<\/div>\n\t\t\t\t<\/div>\n\t\t<div class=\"elementor-element elementor-element-4a07a1b9 e-flex e-con-boxed e-con e-parent\" data-id=\"4a07a1b9\" data-element_type=\"container\">\n\t\t\t\t\t<div class=\"e-con-inner\">\n\t\t\t\t<div class=\"elementor-element elementor-element-1b7045f8 elementor-widget elementor-widget-image\" data-id=\"1b7045f8\" data-element_type=\"widget\" data-widget_type=\"image.default\">\n\t\t\t\t\t\t\t\t\t\t\t\t\t\t\t<img decoding=\"async\" width=\"1520\" height=\"370\" src=\"https:\/\/geomas.com\/wp-content\/uploads\/2025\/09\/tup-kara1_revizyon-p.jpg\" class=\"attachment-full size-full wp-image-868\" alt=\"\" srcset=\"https:\/\/geomas.com\/wp-content\/uploads\/2025\/09\/tup-kara1_revizyon-p.jpg 1520w, https:\/\/geomas.com\/wp-content\/uploads\/2025\/09\/tup-kara1_revizyon-p-300x73.jpg 300w, https:\/\/geomas.com\/wp-content\/uploads\/2025\/09\/tup-kara1_revizyon-p-1024x249.jpg 1024w, https:\/\/geomas.com\/wp-content\/uploads\/2025\/09\/tup-kara1_revizyon-p-768x187.jpg 768w, https:\/\/geomas.com\/wp-content\/uploads\/2025\/09\/tup-kara1_revizyon-p-18x4.jpg 18w, https:\/\/geomas.com\/wp-content\/uploads\/2025\/09\/tup-kara1_revizyon-p-650x158.jpg 650w\" sizes=\"(max-width: 1520px) 100vw, 1520px\" \/>\t\t\t\t\t\t\t\t\t\t\t\t\t\t\t<\/div>\n\t\t\t\t\t<\/div>\n\t\t\t\t<\/div>\n\t\t<div class=\"elementor-element elementor-element-13a90360 e-flex e-con-boxed e-con e-parent\" data-id=\"13a90360\" data-element_type=\"container\">\n\t\t\t\t\t<div class=\"e-con-inner\">\n\t\t<div class=\"elementor-element elementor-element-1d8fbd05 e-con-full e-flex e-con e-child\" data-id=\"1d8fbd05\" data-element_type=\"container\" data-settings=\"{&quot;background_background&quot;:&quot;classic&quot;}\">\n\t\t\t\t<div class=\"elementor-element elementor-element-3390124f elementor-widget elementor-widget-heading\" data-id=\"3390124f\" data-element_type=\"widget\" data-widget_type=\"heading.default\">\n\t\t\t\t\t<h1 class=\"elementor-heading-title elementor-size-default\">Geogrid<\/h1>\t\t\t\t<\/div>\n\t\t\t\t<div class=\"elementor-element elementor-element-585609bd elementor-widget elementor-widget-text-editor\" data-id=\"585609bd\" data-element_type=\"widget\" data-widget_type=\"text-editor.default\">\n\t\t\t\t\t\t\t\t\t<p>Geogrids are geosynthetic products manufactured with high strength and durability, used in construction and infrastructure projects. Geogrids are used in the construction of retaining walls, to increase slope stability and soil bearing capacity, for stabilization, and for reinforcement purposes. Geogrids provide long-lasting, reliable, and sustainable performance in the projects where they are used.,<strong>\u00a0uniaxial\u00a0<\/strong>and<strong>\u00a0biaxial\u00a0<\/strong>It offers solutions tailored to application needs, thereby best meeting the diverse requirements of projects.<\/p>\t\t\t\t\t\t\t\t<\/div>\n\t\t\t\t<\/div>\n\t\t\t\t\t<\/div>\n\t\t\t\t<\/div>\n\t\t<div class=\"elementor-element elementor-element-2d30c6d7 e-con-full e-flex e-con e-child\" data-id=\"2d30c6d7\" data-element_type=\"container\">\n\t\t<div class=\"elementor-element elementor-element-4f4711f9 e-con-full e-flex e-con e-child\" data-id=\"4f4711f9\" data-element_type=\"container\">\n\t\t\t\t<div class=\"elementor-element elementor-element-3bb7eb63 elementor-position-top elementor-widget elementor-widget-image-box\" data-id=\"3bb7eb63\" data-element_type=\"widget\" data-widget_type=\"image-box.default\">\n\t\t\t\t\t<div class=\"elementor-image-box-wrapper\"><figure class=\"elementor-image-box-img\"><a href=\"\/en\/urunler\/geosentetik\/geogridler\/techgrid-m\/\" tabindex=\"-1\"><img decoding=\"async\" src=\"https:\/\/geomas.com\/wp-content\/uploads\/elementor\/thumbs\/techgrid-m-1-rckm3bnkx3wytjwxpcvqlmats7mlgr8e672dvkzwzc.jpg\" title=\"techgrid-m (1)\" alt=\"techgrid-m (1)\" loading=\"lazy\" \/><\/a><\/figure><div class=\"elementor-image-box-content\"><h3 class=\"elementor-image-box-title\"><a href=\"\/en\/urunler\/geosentetik\/geogridler\/techgrid-m\/\"> TechGrid M<\/a><\/h3><p class=\"elementor-image-box-description\">TechGrid\u00a9, a proven track record in soil reinforcement, high strength and extremely flexible...<\/p><\/div><\/div>\t\t\t\t<\/div>\n\t\t\t\t<\/div>\n\t\t<div class=\"elementor-element elementor-element-3b1da1c0 e-con-full e-flex e-con e-child\" data-id=\"3b1da1c0\" data-element_type=\"container\">\n\t\t\t\t<div class=\"elementor-element elementor-element-66003383 elementor-position-top elementor-widget elementor-widget-image-box\" data-id=\"66003383\" data-element_type=\"widget\" data-widget_type=\"image-box.default\">\n\t\t\t\t\t<div class=\"elementor-image-box-wrapper\"><figure class=\"elementor-image-box-img\"><a href=\"\/en\/urunler\/geosentetik\/geogridler\/techgrid-d\/\" tabindex=\"-1\"><img decoding=\"async\" src=\"https:\/\/geomas.com\/wp-content\/uploads\/elementor\/thumbs\/techgrid-d-1-rcewqj0gxzqhpud2fs4hx5yqadry0ichr96wm2darc.jpg\" title=\"techgrid-d (1)\" alt=\"techgrid-d (1)\" loading=\"lazy\" \/><\/a><\/figure><div class=\"elementor-image-box-content\"><h3 class=\"elementor-image-box-title\"><a href=\"\/en\/urunler\/geosentetik\/geogridler\/techgrid-d\/\"> TechGrid D<\/a><\/h3><p class=\"elementor-image-box-description\">TechGrid\u00a9 D is manufactured with high-strength polyester yarns and has equal tension in both directions...\n\n<\/p><\/div><\/div>\t\t\t\t<\/div>\n\t\t\t\t<\/div>\n\t\t<div class=\"elementor-element elementor-element-4610b730 e-con-full e-flex e-con e-child\" data-id=\"4610b730\" data-element_type=\"container\">\n\t\t\t\t<div class=\"elementor-element elementor-element-4fc36cdc elementor-position-top elementor-widget elementor-widget-image-box\" data-id=\"4fc36cdc\" data-element_type=\"widget\" data-widget_type=\"image-box.default\">\n\t\t\t\t\t<div class=\"elementor-image-box-wrapper\"><figure class=\"elementor-image-box-img\"><a href=\"\/en\/urunler\/geosentetik\/geogridler\/techgrid-gfg\/\" tabindex=\"-1\"><img decoding=\"async\" width=\"1600\" height=\"813\" src=\"https:\/\/geomas.com\/wp-content\/uploads\/2025\/11\/TechGrid-GFG-1_11zon-scaled-1-e1764155576430.webp\" class=\"attachment-full size-full wp-image-2954\" alt=\"\" srcset=\"https:\/\/geomas.com\/wp-content\/uploads\/2025\/11\/TechGrid-GFG-1_11zon-scaled-1-e1764155576430.webp 1600w, https:\/\/geomas.com\/wp-content\/uploads\/2025\/11\/TechGrid-GFG-1_11zon-scaled-1-e1764155576430-300x152.webp 300w, https:\/\/geomas.com\/wp-content\/uploads\/2025\/11\/TechGrid-GFG-1_11zon-scaled-1-e1764155576430-1024x520.webp 1024w, https:\/\/geomas.com\/wp-content\/uploads\/2025\/11\/TechGrid-GFG-1_11zon-scaled-1-e1764155576430-768x390.webp 768w, https:\/\/geomas.com\/wp-content\/uploads\/2025\/11\/TechGrid-GFG-1_11zon-scaled-1-e1764155576430-1536x780.webp 1536w, https:\/\/geomas.com\/wp-content\/uploads\/2025\/11\/TechGrid-GFG-1_11zon-scaled-1-e1764155576430-18x9.webp 18w, https:\/\/geomas.com\/wp-content\/uploads\/2025\/11\/TechGrid-GFG-1_11zon-scaled-1-e1764155576430-650x330.webp 650w\" sizes=\"(max-width: 1600px) 100vw, 1600px\" \/><\/a><\/figure><div class=\"elementor-image-box-content\"><h3 class=\"elementor-image-box-title\"><a href=\"\/en\/urunler\/geosentetik\/geogridler\/techgrid-gfg\/\">TechGrid GFG<\/a><\/h3><p class=\"elementor-image-box-description\">TechGrid GFG, manufactured from reinforced glass fiber strands for the reinforcement of asphalt roads...\n<\/p><\/div><\/div>\t\t\t\t<\/div>\n\t\t\t\t<\/div>\n\t\t\t\t<\/div>\n\t\t<div class=\"elementor-element elementor-element-e6de25a e-con-full e-flex e-con e-child\" data-id=\"e6de25a\" data-element_type=\"container\">\n\t\t<div class=\"elementor-element elementor-element-f59e11b e-con-full e-flex e-con e-child\" data-id=\"f59e11b\" data-element_type=\"container\">\n\t\t\t\t<div class=\"elementor-element elementor-element-d4df678 elementor-position-top elementor-widget elementor-widget-image-box\" data-id=\"d4df678\" data-element_type=\"widget\" data-widget_type=\"image-box.default\">\n\t\t\t\t\t<div class=\"elementor-image-box-wrapper\"><figure class=\"elementor-image-box-img\"><a href=\"\/en\/urunler\/geosentetik\/geogridler\/techgrid-gf\/\" tabindex=\"-1\"><img decoding=\"async\" src=\"https:\/\/geomas.com\/wp-content\/uploads\/elementor\/thumbs\/TechGrid-GFG-3_11zon-scaled-rf4kfoumepwg8feis9oi2vyokm79ix9mun8x2mxwoo.jpg\" title=\"TechGrid GFG 3_11 Zone\" alt=\"TechGrid GFG 3_11zon\" loading=\"lazy\" \/><\/a><\/figure><div class=\"elementor-image-box-content\"><h3 class=\"elementor-image-box-title\"><a href=\"\/en\/urunler\/geosentetik\/geogridler\/techgrid-gf\/\">TechGrid GF<\/a><\/h3><p class=\"elementor-image-box-description\">Geogrid is a specialized material used to reinforce asphalt roads and increase their durability. TechGrid\u00a9 GF...<\/p><\/div><\/div>\t\t\t\t<\/div>\n\t\t\t\t<\/div>\n\t\t<div class=\"elementor-element elementor-element-acc5951 e-con-full e-flex e-con e-child\" data-id=\"acc5951\" data-element_type=\"container\">\n\t\t\t\t<div class=\"elementor-element elementor-element-e4ecb93 elementor-position-top elementor-widget elementor-widget-image-box\" data-id=\"e4ecb93\" data-element_type=\"widget\" data-widget_type=\"image-box.default\">\n\t\t\t\t\t<div class=\"elementor-image-box-wrapper\"><figure class=\"elementor-image-box-img\"><a href=\"\/en\/urunler\/geosentetik\/geogridler\/techgrid-ex\/\" tabindex=\"-1\"><img decoding=\"async\" src=\"https:\/\/geomas.com\/wp-content\/uploads\/elementor\/thumbs\/TechGrid-EX-1_11zon-scaled-rf4kj8oo86rg3e8u1sxrhzpdd0p6lrd4o7yyc9od6g.jpg\" title=\"TechGrid EX 1_11 Zone\" alt=\"TechGrid EX 1_11zon\" loading=\"lazy\" \/><\/a><\/figure><div class=\"elementor-image-box-content\"><h3 class=\"elementor-image-box-title\"><a href=\"\/en\/urunler\/geosentetik\/geogridler\/techgrid-ex\/\">TechGrid EX<\/a><\/h3><p class=\"elementor-image-box-description\">Geogrid is a specialized material used to reinforce asphalt roads and increase their durability. TechGrid EX...<\/p><\/div><\/div>\t\t\t\t<\/div>\n\t\t\t\t<\/div>\n\t\t\t\t<\/div>\n\t\t\t\t<\/div>","protected":false},"excerpt":{"rendered":"<p>Geogridler Geogridler, in\u015faat ve altyap\u0131 projelerinde kullan\u0131lan, y\u00fcksek mukavemetli ve dayan\u0131kl\u0131 yap\u0131da \u00fcretilen geosentetik \u00fcr\u00fcnlerdir. Geogridler istinat duvarlar\u0131n\u0131n imalat\u0131nda, \u015fev stabilitesini ve [&hellip;]<\/p>","protected":false},"author":1,"featured_media":0,"parent":77,"menu_order":0,"comment_status":"closed","ping_status":"closed","template":"","meta":{"footnotes":""},"class_list":["post-119","page","type-page","status-publish","hentry"],"_links":{"self":[{"href":"https:\/\/geomas.com\/en\/wp-json\/wp\/v2\/pages\/119","targetHints":{"allow":["GET"]}}],"collection":[{"href":"https:\/\/geomas.com\/en\/wp-json\/wp\/v2\/pages"}],"about":[{"href":"https:\/\/geomas.com\/en\/wp-json\/wp\/v2\/types\/page"}],"author":[{"embeddable":true,"href":"https:\/\/geomas.com\/en\/wp-json\/wp\/v2\/users\/1"}],"replies":[{"embeddable":true,"href":"https:\/\/geomas.com\/en\/wp-json\/wp\/v2\/comments?post=119"}],"version-history":[{"count":23,"href":"https:\/\/geomas.com\/en\/wp-json\/wp\/v2\/pages\/119\/revisions"}],"predecessor-version":[{"id":3730,"href":"https:\/\/geomas.com\/en\/wp-json\/wp\/v2\/pages\/119\/revisions\/3730"}],"up":[{"embeddable":true,"href":"https:\/\/geomas.com\/en\/wp-json\/wp\/v2\/pages\/77"}],"wp:attachment":[{"href":"https:\/\/geomas.com\/en\/wp-json\/wp\/v2\/media?parent=119"}],"curies":[{"name":"wp","href":"https:\/\/api.w.org\/{rel}","templated":true}]}}