{"id":113,"date":"2025-09-10T15:40:08","date_gmt":"2025-09-10T15:40:08","guid":{"rendered":"https:\/\/geomas.com\/?page_id=113"},"modified":"2025-12-17T08:40:57","modified_gmt":"2025-12-17T08:40:57","slug":"drenaj-geokompozitleri","status":"publish","type":"page","link":"https:\/\/geomas.com\/en\/urunler\/geosentetik\/drenaj-geokompozitleri\/","title":{"rendered":"The Drainage Composite"},"content":{"rendered":"<div data-elementor-type=\"wp-page\" data-elementor-id=\"113\" class=\"elementor elementor-113\" data-elementor-settings=\"{&quot;element_pack_global_tooltip_width&quot;:{&quot;unit&quot;:&quot;px&quot;,&quot;size&quot;:&quot;&quot;,&quot;sizes&quot;:[]},&quot;element_pack_global_tooltip_width_tablet&quot;:{&quot;unit&quot;:&quot;px&quot;,&quot;size&quot;:&quot;&quot;,&quot;sizes&quot;:[]},&quot;element_pack_global_tooltip_width_mobile&quot;:{&quot;unit&quot;:&quot;px&quot;,&quot;size&quot;:&quot;&quot;,&quot;sizes&quot;:[]},&quot;element_pack_global_tooltip_padding&quot;:{&quot;unit&quot;:&quot;px&quot;,&quot;top&quot;:&quot;&quot;,&quot;right&quot;:&quot;&quot;,&quot;bottom&quot;:&quot;&quot;,&quot;left&quot;:&quot;&quot;,&quot;isLinked&quot;:true},&quot;element_pack_global_tooltip_padding_tablet&quot;:{&quot;unit&quot;:&quot;px&quot;,&quot;top&quot;:&quot;&quot;,&quot;right&quot;:&quot;&quot;,&quot;bottom&quot;:&quot;&quot;,&quot;left&quot;:&quot;&quot;,&quot;isLinked&quot;:true},&quot;element_pack_global_tooltip_padding_mobile&quot;:{&quot;unit&quot;:&quot;px&quot;,&quot;top&quot;:&quot;&quot;,&quot;right&quot;:&quot;&quot;,&quot;bottom&quot;:&quot;&quot;,&quot;left&quot;:&quot;&quot;,&quot;isLinked&quot;:true},&quot;element_pack_global_tooltip_border_radius&quot;:{&quot;unit&quot;:&quot;px&quot;,&quot;top&quot;:&quot;&quot;,&quot;right&quot;:&quot;&quot;,&quot;bottom&quot;:&quot;&quot;,&quot;left&quot;:&quot;&quot;,&quot;isLinked&quot;:true},&quot;element_pack_global_tooltip_border_radius_tablet&quot;:{&quot;unit&quot;:&quot;px&quot;,&quot;top&quot;:&quot;&quot;,&quot;right&quot;:&quot;&quot;,&quot;bottom&quot;:&quot;&quot;,&quot;left&quot;:&quot;&quot;,&quot;isLinked&quot;:true},&quot;element_pack_global_tooltip_border_radius_mobile&quot;:{&quot;unit&quot;:&quot;px&quot;,&quot;top&quot;:&quot;&quot;,&quot;right&quot;:&quot;&quot;,&quot;bottom&quot;:&quot;&quot;,&quot;left&quot;:&quot;&quot;,&quot;isLinked&quot;:true}}\" data-elementor-post-type=\"page\">\n\t\t\t\t<div class=\"elementor-element elementor-element-fb36b3e e-flex e-con-boxed e-con e-parent\" data-id=\"fb36b3e\" data-element_type=\"container\">\n\t\t\t\t\t<div class=\"e-con-inner\">\n\t\t\t\t<div class=\"elementor-element elementor-element-3bda8b38 elementor-widget elementor-widget-breadcrumbs\" data-id=\"3bda8b38\" data-element_type=\"widget\" data-widget_type=\"breadcrumbs.default\">\n\t\t\t\t<div class=\"elementor-widget-container\">\n\t\t\t\t\t<nav aria-label=\"breadcrumbs\" class=\"rank-math-breadcrumb\"><p><span class=\"last\">Homepage<\/span><\/p><\/nav>\t\t\t\t<\/div>\n\t\t\t\t<\/div>\n\t\t\t\t\t<\/div>\n\t\t\t\t<\/div>\n\t\t<div class=\"elementor-element elementor-element-f91ec49 e-flex e-con-boxed e-con e-parent\" data-id=\"f91ec49\" data-element_type=\"container\">\n\t\t\t\t\t<div class=\"e-con-inner\">\n\t\t\t\t<div class=\"elementor-element elementor-element-1eefa138 elementor-widget elementor-widget-image\" data-id=\"1eefa138\" data-element_type=\"widget\" data-widget_type=\"image.default\">\n\t\t\t\t\t\t\t\t\t\t\t\t\t\t\t<img decoding=\"async\" width=\"1600\" height=\"680\" src=\"https:\/\/geomas.com\/wp-content\/uploads\/2025\/12\/GeoDrain-Net-2_11zon-scaled-1-e1764767108389.webp\" class=\"attachment-full size-full wp-image-3046\" alt=\"\" srcset=\"https:\/\/geomas.com\/wp-content\/uploads\/2025\/12\/GeoDrain-Net-2_11zon-scaled-1-e1764767108389.webp 1600w, https:\/\/geomas.com\/wp-content\/uploads\/2025\/12\/GeoDrain-Net-2_11zon-scaled-1-e1764767108389-300x128.webp 300w, https:\/\/geomas.com\/wp-content\/uploads\/2025\/12\/GeoDrain-Net-2_11zon-scaled-1-e1764767108389-1024x435.webp 1024w, https:\/\/geomas.com\/wp-content\/uploads\/2025\/12\/GeoDrain-Net-2_11zon-scaled-1-e1764767108389-768x326.webp 768w, https:\/\/geomas.com\/wp-content\/uploads\/2025\/12\/GeoDrain-Net-2_11zon-scaled-1-e1764767108389-1536x653.webp 1536w, https:\/\/geomas.com\/wp-content\/uploads\/2025\/12\/GeoDrain-Net-2_11zon-scaled-1-e1764767108389-18x8.webp 18w, https:\/\/geomas.com\/wp-content\/uploads\/2025\/12\/GeoDrain-Net-2_11zon-scaled-1-e1764767108389-650x276.webp 650w\" sizes=\"(max-width: 1600px) 100vw, 1600px\" \/>\t\t\t\t\t\t\t\t\t\t\t\t\t\t\t<\/div>\n\t\t\t\t\t<\/div>\n\t\t\t\t<\/div>\n\t\t<div class=\"elementor-element elementor-element-3e7223bf e-flex e-con-boxed e-con e-parent\" data-id=\"3e7223bf\" data-element_type=\"container\">\n\t\t\t\t\t<div class=\"e-con-inner\">\n\t\t<div class=\"elementor-element elementor-element-6c101a29 e-con-full e-flex e-con e-child\" data-id=\"6c101a29\" data-element_type=\"container\" data-settings=\"{&quot;background_background&quot;:&quot;classic&quot;}\">\n\t\t\t\t<div class=\"elementor-element elementor-element-7f0e9053 elementor-widget elementor-widget-heading\" data-id=\"7f0e9053\" data-element_type=\"widget\" data-widget_type=\"heading.default\">\n\t\t\t\t\t<h1 class=\"elementor-heading-title elementor-size-default\">The Drainage Composite\n<\/h1>\t\t\t\t<\/div>\n\t\t\t\t<div class=\"elementor-element elementor-element-4873b2a elementor-widget elementor-widget-text-editor\" data-id=\"4873b2a\" data-element_type=\"widget\" data-widget_type=\"text-editor.default\">\n\t\t\t\t\t\t\t\t\t<div class=\"uk-width-1-2@m uk-margin-auto uk-text-center category-text\"><div class=\"uk-margin-remove-last-child\"><div class=\"uk-width-1-2@m uk-margin-auto uk-text-center category-text\"><div><div class=\"uk-margin-remove-last-child\"><p>During the construction of structures, the process of directing water from one place to another by natural or artificial means is called drainage. Today, drainage operations can be carried out more quickly and economically using geosynthetics in addition to traditional methods. Drainage composites (TechDrain), which are used instead of traditional gravel drainage materials, especially for road platforms, horizontal drainage, and spike drainage, are preferred to provide effective drainage over large areas. These materials stand out for being practical and easy to apply.<\/p><\/div><\/div><\/div><\/div><\/div>\t\t\t\t\t\t\t\t<\/div>\n\t\t\t\t<\/div>\n\t\t\t\t\t<\/div>\n\t\t\t\t<\/div>\n\t\t<div class=\"elementor-element elementor-element-281e62cf e-con-full e-flex e-con e-child\" data-id=\"281e62cf\" data-element_type=\"container\">\n\t\t<div class=\"elementor-element elementor-element-62822ac5 e-con-full e-flex e-con e-child\" data-id=\"62822ac5\" data-element_type=\"container\">\n\t\t\t\t<div class=\"elementor-element elementor-element-6c3775ff elementor-position-top elementor-widget elementor-widget-image-box\" data-id=\"6c3775ff\" data-element_type=\"widget\" data-widget_type=\"image-box.default\">\n\t\t\t\t\t<div class=\"elementor-image-box-wrapper\"><figure class=\"elementor-image-box-img\"><a href=\"\/en\/urunler\/geosentetik\/drenaj-geokompozitleri\/geodrain-net-g\/\" tabindex=\"-1\"><img decoding=\"async\" width=\"2560\" height=\"1707\" src=\"https:\/\/geomas.com\/wp-content\/uploads\/2025\/11\/GeoDrain-Net-4_11zon-scaled.jpg\" class=\"attachment-full size-full wp-image-2591\" alt=\"\" srcset=\"https:\/\/geomas.com\/wp-content\/uploads\/2025\/11\/GeoDrain-Net-4_11zon-scaled.jpg 2560w, https:\/\/geomas.com\/wp-content\/uploads\/2025\/11\/GeoDrain-Net-4_11zon-300x200.jpg 300w, https:\/\/geomas.com\/wp-content\/uploads\/2025\/11\/GeoDrain-Net-4_11zon-1024x683.jpg 1024w, https:\/\/geomas.com\/wp-content\/uploads\/2025\/11\/GeoDrain-Net-4_11zon-768x512.jpg 768w, https:\/\/geomas.com\/wp-content\/uploads\/2025\/11\/GeoDrain-Net-4_11zon-1536x1024.jpg 1536w, https:\/\/geomas.com\/wp-content\/uploads\/2025\/11\/GeoDrain-Net-4_11zon-2048x1365.jpg 2048w, https:\/\/geomas.com\/wp-content\/uploads\/2025\/11\/GeoDrain-Net-4_11zon-18x12.jpg 18w, https:\/\/geomas.com\/wp-content\/uploads\/2025\/11\/GeoDrain-Net-4_11zon-650x433.jpg 650w\" sizes=\"(max-width: 2560px) 100vw, 2560px\" \/><\/a><\/figure><div class=\"elementor-image-box-content\"><h3 class=\"elementor-image-box-title\"><a href=\"\/en\/urunler\/geosentetik\/drenaj-geokompozitleri\/geodrain-net-g\/\">Net GeoDrain G<\/a><\/h3><p class=\"elementor-image-box-description\">The GeoDrain product family consists of nonwoven geotextiles that serve as protective and filtration layers on one or both sides...\n<\/p><\/div><\/div>\t\t\t\t<\/div>\n\t\t\t\t<\/div>\n\t\t<div class=\"elementor-element elementor-element-474b1ee e-con-full e-flex e-con e-child\" data-id=\"474b1ee\" data-element_type=\"container\">\n\t\t\t\t<div class=\"elementor-element elementor-element-aa44e95 elementor-position-top elementor-widget elementor-widget-image-box\" data-id=\"aa44e95\" data-element_type=\"widget\" data-widget_type=\"image-box.default\">\n\t\t\t\t\t<div class=\"elementor-image-box-wrapper\"><figure class=\"elementor-image-box-img\"><a href=\"\/en\/urunler\/geosentetik\/drenaj-geokompozitleri\/geodrain-trinet-g\/\" tabindex=\"-1\"><img decoding=\"async\" width=\"2560\" height=\"1707\" src=\"https:\/\/geomas.com\/wp-content\/uploads\/2025\/11\/GeoDrain-Net-4_11zon-scaled.jpg\" class=\"attachment-full size-full wp-image-2591\" alt=\"\" srcset=\"https:\/\/geomas.com\/wp-content\/uploads\/2025\/11\/GeoDrain-Net-4_11zon-scaled.jpg 2560w, https:\/\/geomas.com\/wp-content\/uploads\/2025\/11\/GeoDrain-Net-4_11zon-300x200.jpg 300w, https:\/\/geomas.com\/wp-content\/uploads\/2025\/11\/GeoDrain-Net-4_11zon-1024x683.jpg 1024w, https:\/\/geomas.com\/wp-content\/uploads\/2025\/11\/GeoDrain-Net-4_11zon-768x512.jpg 768w, https:\/\/geomas.com\/wp-content\/uploads\/2025\/11\/GeoDrain-Net-4_11zon-1536x1024.jpg 1536w, https:\/\/geomas.com\/wp-content\/uploads\/2025\/11\/GeoDrain-Net-4_11zon-2048x1365.jpg 2048w, https:\/\/geomas.com\/wp-content\/uploads\/2025\/11\/GeoDrain-Net-4_11zon-18x12.jpg 18w, https:\/\/geomas.com\/wp-content\/uploads\/2025\/11\/GeoDrain-Net-4_11zon-650x433.jpg 650w\" sizes=\"(max-width: 2560px) 100vw, 2560px\" \/><\/a><\/figure><div class=\"elementor-image-box-content\"><h3 class=\"elementor-image-box-title\"><a href=\"\/en\/urunler\/geosentetik\/drenaj-geokompozitleri\/geodrain-trinet-g\/\">We GeoDrain G<\/a><\/h3><p class=\"elementor-image-box-description\">The GeoDrain product family consists of nonwoven geotextiles that serve as protective and filtration layers on one or both sides...\n<\/p><\/div><\/div>\t\t\t\t<\/div>\n\t\t\t\t<\/div>\n\t\t<div class=\"elementor-element elementor-element-a1c408f e-con-full e-flex e-con e-child\" data-id=\"a1c408f\" data-element_type=\"container\">\n\t\t\t\t<div class=\"elementor-element elementor-element-8cfbf7e elementor-position-top elementor-widget elementor-widget-image-box\" data-id=\"8cfbf7e\" data-element_type=\"widget\" data-widget_type=\"image-box.default\">\n\t\t\t\t\t<div class=\"elementor-image-box-wrapper\"><figure class=\"elementor-image-box-img\"><a href=\"\/en\/urunler\/geosentetik\/drenaj-geokompozitleri\/geodrain-net-gd\/\" tabindex=\"-1\"><img decoding=\"async\" width=\"2560\" height=\"1707\" src=\"https:\/\/geomas.com\/wp-content\/uploads\/2025\/11\/GeoDrain-Net-2_11zon-scaled.jpg\" class=\"attachment-full size-full wp-image-2589\" alt=\"\" srcset=\"https:\/\/geomas.com\/wp-content\/uploads\/2025\/11\/GeoDrain-Net-2_11zon-scaled.jpg 2560w, https:\/\/geomas.com\/wp-content\/uploads\/2025\/11\/GeoDrain-Net-2_11zon-300x200.jpg 300w, https:\/\/geomas.com\/wp-content\/uploads\/2025\/11\/GeoDrain-Net-2_11zon-1024x683.jpg 1024w, https:\/\/geomas.com\/wp-content\/uploads\/2025\/11\/GeoDrain-Net-2_11zon-768x512.jpg 768w, https:\/\/geomas.com\/wp-content\/uploads\/2025\/11\/GeoDrain-Net-2_11zon-1536x1024.jpg 1536w, https:\/\/geomas.com\/wp-content\/uploads\/2025\/11\/GeoDrain-Net-2_11zon-2048x1365.jpg 2048w, https:\/\/geomas.com\/wp-content\/uploads\/2025\/11\/GeoDrain-Net-2_11zon-18x12.jpg 18w, https:\/\/geomas.com\/wp-content\/uploads\/2025\/11\/GeoDrain-Net-2_11zon-650x433.jpg 650w\" sizes=\"(max-width: 2560px) 100vw, 2560px\" \/><\/a><\/figure><div class=\"elementor-image-box-content\"><h3 class=\"elementor-image-box-title\"><a href=\"\/en\/urunler\/geosentetik\/drenaj-geokompozitleri\/geodrain-net-gd\/\">GD Net GeoDrain<\/a><\/h3><p class=\"elementor-image-box-description\">The GeoDrain product family consists of nonwoven geotextiles that serve as protective and filtration layers on one or both sides...<\/p><\/div><\/div>\t\t\t\t<\/div>\n\t\t\t\t<\/div>\n\t\t<div class=\"elementor-element elementor-element-2fed92e e-con-full e-flex e-con e-child\" data-id=\"2fed92e\" data-element_type=\"container\">\n\t\t\t\t<div class=\"elementor-element elementor-element-f118527 elementor-position-top elementor-widget elementor-widget-image-box\" data-id=\"f118527\" data-element_type=\"widget\" data-widget_type=\"image-box.default\">\n\t\t\t\t\t<div class=\"elementor-image-box-wrapper\"><figure class=\"elementor-image-box-img\"><a href=\"\/en\/urunler\/geosentetik\/drenaj-geokompozitleri\/geodrain-trinet-gd\/\" tabindex=\"-1\"><img decoding=\"async\" width=\"2560\" height=\"1707\" src=\"https:\/\/geomas.com\/wp-content\/uploads\/2025\/11\/GeoDrain-Net-4_11zon-scaled.jpg\" class=\"attachment-full size-full wp-image-2591\" alt=\"\" srcset=\"https:\/\/geomas.com\/wp-content\/uploads\/2025\/11\/GeoDrain-Net-4_11zon-scaled.jpg 2560w, https:\/\/geomas.com\/wp-content\/uploads\/2025\/11\/GeoDrain-Net-4_11zon-300x200.jpg 300w, https:\/\/geomas.com\/wp-content\/uploads\/2025\/11\/GeoDrain-Net-4_11zon-1024x683.jpg 1024w, https:\/\/geomas.com\/wp-content\/uploads\/2025\/11\/GeoDrain-Net-4_11zon-768x512.jpg 768w, https:\/\/geomas.com\/wp-content\/uploads\/2025\/11\/GeoDrain-Net-4_11zon-1536x1024.jpg 1536w, https:\/\/geomas.com\/wp-content\/uploads\/2025\/11\/GeoDrain-Net-4_11zon-2048x1365.jpg 2048w, https:\/\/geomas.com\/wp-content\/uploads\/2025\/11\/GeoDrain-Net-4_11zon-18x12.jpg 18w, https:\/\/geomas.com\/wp-content\/uploads\/2025\/11\/GeoDrain-Net-4_11zon-650x433.jpg 650w\" sizes=\"(max-width: 2560px) 100vw, 2560px\" \/><\/a><\/figure><div class=\"elementor-image-box-content\"><h3 class=\"elementor-image-box-title\"><a href=\"\/en\/urunler\/geosentetik\/drenaj-geokompozitleri\/geodrain-trinet-gd\/\">We GeoDrain GD<\/a><\/h3><p class=\"elementor-image-box-description\">The GeoDrain product family consists of nonwoven geotextiles that serve as protective and filtration layers on one or both sides...<\/p><\/div><\/div>\t\t\t\t<\/div>\n\t\t\t\t<\/div>\n\t\t\t\t<\/div>\n\t\t\t\t<\/div>","protected":false},"excerpt":{"rendered":"<p>Drenaj Geokompozitleri Yap\u0131lar\u0131n in\u015fas\u0131 s\u0131ras\u0131nda, do\u011fal veya yapay yollarla suyun bir yerden ba\u015fka bir yere y\u00f6nlendirilmesi i\u015flemi drenaj olarak adland\u0131r\u0131l\u0131r. G\u00fcn\u00fcm\u00fczde, geleneksel [&hellip;]<\/p>","protected":false},"author":1,"featured_media":0,"parent":77,"menu_order":0,"comment_status":"closed","ping_status":"closed","template":"","meta":{"footnotes":""},"class_list":["post-113","page","type-page","status-publish","hentry"],"_links":{"self":[{"href":"https:\/\/geomas.com\/en\/wp-json\/wp\/v2\/pages\/113","targetHints":{"allow":["GET"]}}],"collection":[{"href":"https:\/\/geomas.com\/en\/wp-json\/wp\/v2\/pages"}],"about":[{"href":"https:\/\/geomas.com\/en\/wp-json\/wp\/v2\/types\/page"}],"author":[{"embeddable":true,"href":"https:\/\/geomas.com\/en\/wp-json\/wp\/v2\/users\/1"}],"replies":[{"embeddable":true,"href":"https:\/\/geomas.com\/en\/wp-json\/wp\/v2\/comments?post=113"}],"version-history":[{"count":13,"href":"https:\/\/geomas.com\/en\/wp-json\/wp\/v2\/pages\/113\/revisions"}],"predecessor-version":[{"id":3594,"href":"https:\/\/geomas.com\/en\/wp-json\/wp\/v2\/pages\/113\/revisions\/3594"}],"up":[{"embeddable":true,"href":"https:\/\/geomas.com\/en\/wp-json\/wp\/v2\/pages\/77"}],"wp:attachment":[{"href":"https:\/\/geomas.com\/en\/wp-json\/wp\/v2\/media?parent=113"}],"curies":[{"name":"wp","href":"https:\/\/api.w.org\/{rel}","templated":true}]}}