{"id":103,"date":"2025-09-10T15:37:20","date_gmt":"2025-09-10T15:37:20","guid":{"rendered":"https:\/\/geomas.com\/?page_id=103"},"modified":"2025-12-17T08:40:39","modified_gmt":"2025-12-17T08:40:39","slug":"erozyon-kontrol-ortuleri","status":"publish","type":"page","link":"https:\/\/geomas.com\/en\/urunler\/geosentetik\/erozyon-kontrol-ortuleri\/","title":{"rendered":"Erosion Control Blankets"},"content":{"rendered":"<div data-elementor-type=\"wp-page\" data-elementor-id=\"103\" class=\"elementor elementor-103\" data-elementor-settings=\"{&quot;element_pack_global_tooltip_width&quot;:{&quot;unit&quot;:&quot;px&quot;,&quot;size&quot;:&quot;&quot;,&quot;sizes&quot;:[]},&quot;element_pack_global_tooltip_width_tablet&quot;:{&quot;unit&quot;:&quot;px&quot;,&quot;size&quot;:&quot;&quot;,&quot;sizes&quot;:[]},&quot;element_pack_global_tooltip_width_mobile&quot;:{&quot;unit&quot;:&quot;px&quot;,&quot;size&quot;:&quot;&quot;,&quot;sizes&quot;:[]},&quot;element_pack_global_tooltip_padding&quot;:{&quot;unit&quot;:&quot;px&quot;,&quot;top&quot;:&quot;&quot;,&quot;right&quot;:&quot;&quot;,&quot;bottom&quot;:&quot;&quot;,&quot;left&quot;:&quot;&quot;,&quot;isLinked&quot;:true},&quot;element_pack_global_tooltip_padding_tablet&quot;:{&quot;unit&quot;:&quot;px&quot;,&quot;top&quot;:&quot;&quot;,&quot;right&quot;:&quot;&quot;,&quot;bottom&quot;:&quot;&quot;,&quot;left&quot;:&quot;&quot;,&quot;isLinked&quot;:true},&quot;element_pack_global_tooltip_padding_mobile&quot;:{&quot;unit&quot;:&quot;px&quot;,&quot;top&quot;:&quot;&quot;,&quot;right&quot;:&quot;&quot;,&quot;bottom&quot;:&quot;&quot;,&quot;left&quot;:&quot;&quot;,&quot;isLinked&quot;:true},&quot;element_pack_global_tooltip_border_radius&quot;:{&quot;unit&quot;:&quot;px&quot;,&quot;top&quot;:&quot;&quot;,&quot;right&quot;:&quot;&quot;,&quot;bottom&quot;:&quot;&quot;,&quot;left&quot;:&quot;&quot;,&quot;isLinked&quot;:true},&quot;element_pack_global_tooltip_border_radius_tablet&quot;:{&quot;unit&quot;:&quot;px&quot;,&quot;top&quot;:&quot;&quot;,&quot;right&quot;:&quot;&quot;,&quot;bottom&quot;:&quot;&quot;,&quot;left&quot;:&quot;&quot;,&quot;isLinked&quot;:true},&quot;element_pack_global_tooltip_border_radius_mobile&quot;:{&quot;unit&quot;:&quot;px&quot;,&quot;top&quot;:&quot;&quot;,&quot;right&quot;:&quot;&quot;,&quot;bottom&quot;:&quot;&quot;,&quot;left&quot;:&quot;&quot;,&quot;isLinked&quot;:true}}\" data-elementor-post-type=\"page\">\n\t\t\t\t<div class=\"elementor-element elementor-element-4299cde5 e-flex e-con-boxed e-con e-parent\" data-id=\"4299cde5\" data-element_type=\"container\">\n\t\t\t\t\t<div class=\"e-con-inner\">\n\t\t\t\t<div class=\"elementor-element elementor-element-16d9174e elementor-widget elementor-widget-breadcrumbs\" data-id=\"16d9174e\" data-element_type=\"widget\" data-widget_type=\"breadcrumbs.default\">\n\t\t\t\t<div class=\"elementor-widget-container\">\n\t\t\t\t\t<nav aria-label=\"breadcrumbs\" class=\"rank-math-breadcrumb\"><p><span class=\"last\">Homepage<\/span><\/p><\/nav>\t\t\t\t<\/div>\n\t\t\t\t<\/div>\n\t\t\t\t\t<\/div>\n\t\t\t\t<\/div>\n\t\t<div class=\"elementor-element elementor-element-bd9d4d3 e-flex e-con-boxed e-con e-parent\" data-id=\"bd9d4d3\" data-element_type=\"container\">\n\t\t\t\t\t<div class=\"e-con-inner\">\n\t\t\t\t<div class=\"elementor-element elementor-element-3022583 elementor-widget elementor-widget-image\" data-id=\"3022583\" data-element_type=\"widget\" data-widget_type=\"image.default\">\n\t\t\t\t\t\t\t\t\t\t\t\t\t\t\t<img decoding=\"async\" width=\"1520\" height=\"370\" src=\"https:\/\/geomas.com\/wp-content\/uploads\/2025\/09\/geomat1.jpg\" class=\"attachment-full size-full wp-image-855\" alt=\"\" srcset=\"https:\/\/geomas.com\/wp-content\/uploads\/2025\/09\/geomat1.jpg 1520w, https:\/\/geomas.com\/wp-content\/uploads\/2025\/09\/geomat1-300x73.jpg 300w, https:\/\/geomas.com\/wp-content\/uploads\/2025\/09\/geomat1-1024x249.jpg 1024w, https:\/\/geomas.com\/wp-content\/uploads\/2025\/09\/geomat1-768x187.jpg 768w, https:\/\/geomas.com\/wp-content\/uploads\/2025\/09\/geomat1-18x4.jpg 18w, https:\/\/geomas.com\/wp-content\/uploads\/2025\/09\/geomat1-650x158.jpg 650w\" sizes=\"(max-width: 1520px) 100vw, 1520px\" \/>\t\t\t\t\t\t\t\t\t\t\t\t\t\t\t<\/div>\n\t\t\t\t\t<\/div>\n\t\t\t\t<\/div>\n\t\t<div class=\"elementor-element elementor-element-41946094 e-flex e-con-boxed e-con e-parent\" data-id=\"41946094\" data-element_type=\"container\">\n\t\t\t\t\t<div class=\"e-con-inner\">\n\t\t<div class=\"elementor-element elementor-element-46ce7b4 e-con-full e-flex e-con e-child\" data-id=\"46ce7b4\" data-element_type=\"container\" data-settings=\"{&quot;background_background&quot;:&quot;classic&quot;}\">\n\t\t\t\t<div class=\"elementor-element elementor-element-37da6633 elementor-widget elementor-widget-heading\" data-id=\"37da6633\" data-element_type=\"widget\" data-widget_type=\"heading.default\">\n\t\t\t\t\t<h1 class=\"elementor-heading-title elementor-size-default\">Erosion Control Blankets\n<\/h1>\t\t\t\t<\/div>\n\t\t\t\t<div class=\"elementor-element elementor-element-55954010 elementor-widget elementor-widget-text-editor\" data-id=\"55954010\" data-element_type=\"widget\" data-widget_type=\"text-editor.default\">\n\t\t\t\t\t\t\t\t\t<div class=\"uk-width-1-2@m uk-margin-auto uk-text-center category-text\"><div class=\"uk-margin-remove-last-child\"><div class=\"uk-width-1-2@m uk-margin-auto uk-text-center category-text\"><div><div class=\"uk-margin-remove-last-child\"><p>GeoMat products are geosynthetic products used as erosion control blankets. These products are made from polyamide or polypropylene material and have a porous structure. GeoMat products are used to prevent soil erosion, regulate water flow, and aid in the establishment of plant roots. Thanks to their high strength and water permeability, these products offer an effective solution in various landscaping projects and infrastructure applications. They are also preferred for their lightweight and easy installation. GeoMat products are an ideal choice for sustainable environmental protection and erosion control.<\/p><\/div><\/div><\/div><\/div><\/div>\t\t\t\t\t\t\t\t<\/div>\n\t\t\t\t<\/div>\n\t\t\t\t\t<\/div>\n\t\t\t\t<\/div>\n\t\t<div class=\"elementor-element elementor-element-1f466106 e-con-full e-flex e-con e-child\" data-id=\"1f466106\" data-element_type=\"container\">\n\t\t<div class=\"elementor-element elementor-element-71ee0c79 e-con-full e-flex e-con e-child\" data-id=\"71ee0c79\" data-element_type=\"container\">\n\t\t\t\t<div class=\"elementor-element elementor-element-52294c1f elementor-position-top elementor-widget elementor-widget-image-box\" data-id=\"52294c1f\" data-element_type=\"widget\" data-widget_type=\"image-box.default\">\n\t\t\t\t\t<div class=\"elementor-image-box-wrapper\"><figure class=\"elementor-image-box-img\"><a href=\"\/en\/urunler\/geosentetik\/erozyon-kontrol-ortuleri\/geomat\/\" tabindex=\"-1\"><img decoding=\"async\" width=\"2560\" height=\"1707\" src=\"https:\/\/geomas.com\/wp-content\/uploads\/2025\/11\/Geomat_11zon-scaled.jpg\" class=\"attachment-full size-full wp-image-2572\" alt=\"\" srcset=\"https:\/\/geomas.com\/wp-content\/uploads\/2025\/11\/Geomat_11zon-scaled.jpg 2560w, https:\/\/geomas.com\/wp-content\/uploads\/2025\/11\/Geomat_11zon-300x200.jpg 300w, https:\/\/geomas.com\/wp-content\/uploads\/2025\/11\/Geomat_11zon-1024x683.jpg 1024w, https:\/\/geomas.com\/wp-content\/uploads\/2025\/11\/Geomat_11zon-768x512.jpg 768w, https:\/\/geomas.com\/wp-content\/uploads\/2025\/11\/Geomat_11zon-1536x1024.jpg 1536w, https:\/\/geomas.com\/wp-content\/uploads\/2025\/11\/Geomat_11zon-2048x1365.jpg 2048w, https:\/\/geomas.com\/wp-content\/uploads\/2025\/11\/Geomat_11zon-18x12.jpg 18w, https:\/\/geomas.com\/wp-content\/uploads\/2025\/11\/Geomat_11zon-650x433.jpg 650w\" sizes=\"(max-width: 2560px) 100vw, 2560px\" \/><\/a><\/figure><div class=\"elementor-image-box-content\"><h3 class=\"elementor-image-box-title\"><a href=\"\/en\/urunler\/geosentetik\/erozyon-kontrol-ortuleri\/geomat\/\"> Geomat FP<\/a><\/h3><p class=\"elementor-image-box-description\">Geomat is produced from polyamide or polypropylene raw material in a three-dimensional open structure...<\/p><\/div><\/div>\t\t\t\t<\/div>\n\t\t\t\t<\/div>\n\t\t<div class=\"elementor-element elementor-element-401e4e56 e-con-full e-flex e-con e-child\" data-id=\"401e4e56\" data-element_type=\"container\">\n\t\t\t\t<div class=\"elementor-element elementor-element-69dc8cfb elementor-position-top elementor-widget elementor-widget-image-box\" data-id=\"69dc8cfb\" data-element_type=\"widget\" data-widget_type=\"image-box.default\">\n\t\t\t\t\t<div class=\"elementor-image-box-wrapper\"><figure class=\"elementor-image-box-img\"><a href=\"\/en\/urunler\/geosentetik\/erozyon-kontrol-ortuleri\/geomat-r\/\" tabindex=\"-1\"><img decoding=\"async\" width=\"2560\" height=\"1707\" src=\"https:\/\/geomas.com\/wp-content\/uploads\/2025\/11\/Geomat-2_11zon-scaled.jpg\" class=\"attachment-full size-full wp-image-2575\" alt=\"\" srcset=\"https:\/\/geomas.com\/wp-content\/uploads\/2025\/11\/Geomat-2_11zon-scaled.jpg 2560w, https:\/\/geomas.com\/wp-content\/uploads\/2025\/11\/Geomat-2_11zon-300x200.jpg 300w, https:\/\/geomas.com\/wp-content\/uploads\/2025\/11\/Geomat-2_11zon-1024x683.jpg 1024w, https:\/\/geomas.com\/wp-content\/uploads\/2025\/11\/Geomat-2_11zon-768x512.jpg 768w, https:\/\/geomas.com\/wp-content\/uploads\/2025\/11\/Geomat-2_11zon-1536x1024.jpg 1536w, https:\/\/geomas.com\/wp-content\/uploads\/2025\/11\/Geomat-2_11zon-2048x1365.jpg 2048w, https:\/\/geomas.com\/wp-content\/uploads\/2025\/11\/Geomat-2_11zon-18x12.jpg 18w, https:\/\/geomas.com\/wp-content\/uploads\/2025\/11\/Geomat-2_11zon-650x433.jpg 650w\" sizes=\"(max-width: 2560px) 100vw, 2560px\" \/><\/a><\/figure><div class=\"elementor-image-box-content\"><h3 class=\"elementor-image-box-title\"><a href=\"\/en\/urunler\/geosentetik\/erozyon-kontrol-ortuleri\/geomat-r\/\">GeoMat R<\/a><\/h3><p class=\"elementor-image-box-description\">GeoMat R, a three-dimensional polyamide erosion control mat with interlocking filaments containing high...<\/p><\/div><\/div>\t\t\t\t<\/div>\n\t\t\t\t<\/div>\n\t\t<div class=\"elementor-element elementor-element-5fe068c e-con-full e-flex e-con e-child\" data-id=\"5fe068c\" data-element_type=\"container\">\n\t\t\t\t<div class=\"elementor-element elementor-element-6178983 elementor-position-top elementor-widget elementor-widget-image-box\" data-id=\"6178983\" data-element_type=\"widget\" data-widget_type=\"image-box.default\">\n\t\t\t\t\t<div class=\"elementor-image-box-wrapper\"><figure class=\"elementor-image-box-img\"><a href=\"\/en\/urunler\/geosentetik\/erozyon-kontrol-ortuleri\/procell\/\" tabindex=\"-1\"><img decoding=\"async\" width=\"2560\" height=\"1707\" src=\"https:\/\/geomas.com\/wp-content\/uploads\/2025\/11\/Procell_11zon-scaled.jpg\" class=\"attachment-full size-full wp-image-2574\" alt=\"\" srcset=\"https:\/\/geomas.com\/wp-content\/uploads\/2025\/11\/Procell_11zon-scaled.jpg 2560w, https:\/\/geomas.com\/wp-content\/uploads\/2025\/11\/Procell_11zon-300x200.jpg 300w, https:\/\/geomas.com\/wp-content\/uploads\/2025\/11\/Procell_11zon-1024x683.jpg 1024w, https:\/\/geomas.com\/wp-content\/uploads\/2025\/11\/Procell_11zon-768x512.jpg 768w, https:\/\/geomas.com\/wp-content\/uploads\/2025\/11\/Procell_11zon-1536x1024.jpg 1536w, https:\/\/geomas.com\/wp-content\/uploads\/2025\/11\/Procell_11zon-2048x1365.jpg 2048w, https:\/\/geomas.com\/wp-content\/uploads\/2025\/11\/Procell_11zon-18x12.jpg 18w, https:\/\/geomas.com\/wp-content\/uploads\/2025\/11\/Procell_11zon-650x433.jpg 650w\" sizes=\"(max-width: 2560px) 100vw, 2560px\" \/><\/a><\/figure><div class=\"elementor-image-box-content\"><h3 class=\"elementor-image-box-title\"><a href=\"\/en\/urunler\/geosentetik\/erozyon-kontrol-ortuleri\/procell\/\">Cellular System<\/a><\/h3><p class=\"elementor-image-box-description\">Three-dimensional, honeycomb-like cell systems, thanks to their structure, can be filled with...<\/p><\/div><\/div>\t\t\t\t<\/div>\n\t\t\t\t<\/div>\n\t\t\t\t<\/div>\n\t\t\t\t<\/div>","protected":false},"excerpt":{"rendered":"<p>Erozyon Kontrol \u00d6rt\u00fcleri GeoMat \u00fcr\u00fcnleri, erozyon kontrol \u00f6rt\u00fcleri olarak kullan\u0131lan geosentetik \u00fcr\u00fcnlerdir. Bu \u00fcr\u00fcnler, poliamid veya polipropilen malzemeden \u00fcretilmi\u015ftir ve bo\u015fluklu bir [&hellip;]<\/p>","protected":false},"author":1,"featured_media":0,"parent":77,"menu_order":0,"comment_status":"closed","ping_status":"closed","template":"","meta":{"footnotes":""},"class_list":["post-103","page","type-page","status-publish","hentry"],"_links":{"self":[{"href":"https:\/\/geomas.com\/en\/wp-json\/wp\/v2\/pages\/103","targetHints":{"allow":["GET"]}}],"collection":[{"href":"https:\/\/geomas.com\/en\/wp-json\/wp\/v2\/pages"}],"about":[{"href":"https:\/\/geomas.com\/en\/wp-json\/wp\/v2\/types\/page"}],"author":[{"embeddable":true,"href":"https:\/\/geomas.com\/en\/wp-json\/wp\/v2\/users\/1"}],"replies":[{"embeddable":true,"href":"https:\/\/geomas.com\/en\/wp-json\/wp\/v2\/comments?post=103"}],"version-history":[{"count":13,"href":"https:\/\/geomas.com\/en\/wp-json\/wp\/v2\/pages\/103\/revisions"}],"predecessor-version":[{"id":3591,"href":"https:\/\/geomas.com\/en\/wp-json\/wp\/v2\/pages\/103\/revisions\/3591"}],"up":[{"embeddable":true,"href":"https:\/\/geomas.com\/en\/wp-json\/wp\/v2\/pages\/77"}],"wp:attachment":[{"href":"https:\/\/geomas.com\/en\/wp-json\/wp\/v2\/media?parent=103"}],"curies":[{"name":"wp","href":"https:\/\/api.w.org\/{rel}","templated":true}]}}